{"id":1118,"date":"2025-10-22T17:23:14","date_gmt":"2025-10-22T17:23:14","guid":{"rendered":"https:\/\/www.aecoimbracentro.pt\/on\/?page_id=1118"},"modified":"2026-02-11T12:38:26","modified_gmt":"2026-02-11T12:38:26","slug":"associacao-e-pais","status":"publish","type":"page","link":"https:\/\/www.aecoimbracentro.pt\/on\/?page_id=1118","title":{"rendered":"Associa\u00e7\u00e3o de Pais e Encarregados de Educa\u00e7\u00e3o"},"content":{"rendered":"<div data-colibri-id=\"1118-c1\" class=\"style-664 style-local-1118-c1 position-relative\">\n  <!---->\n  <div data-colibri-component=\"section\" data-colibri-id=\"1118-c6\" id=\"about\" class=\"h-section h-section-global-spacing d-flex align-items-lg-center align-items-md-center align-items-center style-1301 style-local-1118-c6 position-relative\">\n    <!---->\n    <!---->\n    <div class=\"h-section-grid-container h-section-boxed-container\">\n      <!---->\n      <div data-colibri-id=\"1118-c7\" class=\"h-row-container gutters-row-lg-2 gutters-row-md-2 gutters-row-2 gutters-row-v-lg-2 gutters-row-v-md-2 gutters-row-v-2 style-1302 style-local-1118-c7 position-relative\">\n        <!---->\n        <div class=\"h-row justify-content-lg-center justify-content-md-center justify-content-center align-items-lg-stretch align-items-md-stretch align-items-stretch gutters-col-lg-2 gutters-col-md-2 gutters-col-2 gutters-col-v-lg-2 gutters-col-v-md-2 gutters-col-v-2\">\n          <!---->\n          <div class=\"h-column h-column-container d-flex h-col-lg-auto h-col-md-auto h-col-auto style-1303-outer style-local-1118-c8-outer\">\n            <div data-colibri-id=\"1118-c8\" class=\"d-flex h-flex-basis h-column__inner h-px-lg-2 h-px-md-2 h-px-2 v-inner-lg-2 v-inner-md-2 v-inner-2 style-1303 style-local-1118-c8 position-relative\">\n              <!---->\n              <!---->\n              <div class=\"w-100 h-y-container h-column__content h-column__v-align flex-basis-100 align-self-lg-center align-self-md-center align-self-center\">\n                <!---->\n                <div data-colibri-id=\"1118-c9\" class=\"h-global-transition-all h-heading style-1304 style-local-1118-c9 position-relative h-element\">\n                  <!---->\n                  <div class=\"h-heading__outer style-1304 style-local-1118-c9\">\n                    <!---->\n                    <!---->\n                    <h5 class=\"\">AECC<\/h5>\n                  <\/div>\n                <\/div>\n                <div data-colibri-id=\"1118-c10\" class=\"h-global-transition-all h-heading style-1305 style-local-1118-c10 position-relative h-element\">\n                  <!---->\n                  <div class=\"h-heading__outer style-1305 style-local-1118-c10\">\n                    <!---->\n                    <!---->\n                    <h2 class=\"\">Associa\u00e7\u00e3o de <em style=\"color: rgb(247, 144, 7); font-family: &quot;Playfair Display&quot;;\">Pais e Encarregados de Educa\u00e7\u00e3o<\/em><\/h2>\n                  <\/div>\n                <\/div>\n                <div data-colibri-id=\"1118-c11\" class=\"h-text h-text-component style-1306 style-local-1118-c11 position-relative h-element\">\n                  <!---->\n                  <!---->\n                  <div class=\"\">\n                    <p>Abaixo disponibilizamos o contacto da Associa\u00e7\u00e3o de Pais e EE de cada uma das escolas que comp\u00f5em o Agrupamento de Escolas Coimbra Centro para o ano letivo 2019\/2020.<\/p>\n                    <p><strong style=\"font-weight: 700; font-size: inherit; font-family: inherit;\">Escola Secund\u00e1ria<\/strong><\/p>\n                    <ul>\n                      <li>Escola Secund\u00e1ria Jaime Cortes\u00e3o \u2013 Contacto a disponibilizar brevemente<\/li>\n                    <\/ul>\n                    <p><strong style=\"font-weight: 700; font-size: inherit; font-family: inherit;\">Escolas B\u00e1sicas N.\u00ba 2<\/strong><\/p>\n                    <ul>\n                      <li>Escola B\u00e1sica Poeta Manuel da Silva Gaio \u2013 apeesilvagaio@gmail.com<\/li>\n                      <li>Escola B\u00e1sica N.\u00ba 2 de S\u00e3o Silvestre \u2013&nbsp;apeesaosilvestre2@gmail.com<\/li>\n                    <\/ul>\n                    <p><strong style=\"font-weight: 700; font-size: inherit; font-family: inherit;\">Escolas do 1\u00ba Ciclo do Ensino B\u00e1sico (CEB)<\/strong><\/p>\n                    <ul>\n                      <li>EB&nbsp;Almedina \u2013 Contacto a disponibilizar brevemente<\/li>\n                      <li>EB&nbsp;S\u00e3o Bartolomeu \u2013 Contacto a disponibilizar brevemente<\/li>\n                      <li>EB&nbsp;Assafarge \u2013 E-mail:&nbsp;&nbsp;\n                        <a href=\"mailto:eb1assafarge@gmail.com\" style=\"color: rgb(41, 145, 214); font-size: 1em; font-weight: 400; font-family: &quot;Didact Gothic&quot;;\">eb1assafarge@gmail.com<\/a>\n                      <\/li>\n                      <li>EB&nbsp;Cernache&nbsp;\u2013 E-mail:&nbsp;&nbsp;\n                        <a href=\"mailto:ap.eb1casconha@gmail.com\" style=\"color: rgb(41, 145, 214); font-size: 1em; font-weight: 400; font-family: &quot;Didact Gothic&quot;;\">apee.ebcernache@gmail.com<\/a>\n                      <\/li>\n                      <li>EB&nbsp;Palheira \u2013 E-mail:&nbsp;&nbsp;\n                        <a href=\"mailto:apaispalheira@gmail.com\" style=\"color: rgb(41, 145, 214); font-size: 1em; font-weight: 400; font-family: &quot;Didact Gothic&quot;;\">apaispalheira@gmail.com<\/a>\n                      <\/li>\n                      <li>EB&nbsp;Antuzede \u2013&nbsp;E-mail:&nbsp;apantuzede@gmail.com<\/li>\n                      <li>EB&nbsp;S\u00e3o Jo\u00e3o do Campo \u2013 E-mail:&nbsp;&nbsp;\n                        <a href=\"mailto:associacaopaissjc@sapo.pt\" style=\"color: rgb(41, 145, 214); font-size: 1em; font-weight: 400; font-family: &quot;Didact Gothic&quot;;\">associacaopaissjc@sapo.pt<\/a>\n                      <\/li>\n                      <li>EB&nbsp;Bairro Azul \u2013 E-mail:&nbsp;&nbsp;\n                        <a href=\"mailto:apee.eb1.saosilvestre@hotmail.com\" style=\"color: rgb(41, 145, 214); font-size: 1em; font-weight: 400; font-family: &quot;Didact Gothic&quot;;\">apee.eb1.saosilvestre@hotmail.com<\/a>\n                      <\/li>\n                      <li>EB&nbsp;S\u00e3o Silvestre \u2013 E-mail:&nbsp;&nbsp;\n                        <a href=\"mailto:apee.eb1.saosilvestre@hotmail.com\" style=\"color: rgb(41, 145, 214); font-size: 1em; font-weight: 400; font-family: &quot;Didact Gothic&quot;;\">apee.eb1.saosilvestre@hotmail.com<\/a>\n                      <\/li>\n                      <li>EB&nbsp;S\u00e3o Martinho d\u2019\u00c1rvore \u2013 Contacto a disponibilizar brevemente<\/li>\n                      <li>EB&nbsp;Vila Verde \u2013 Contacto a disponibilizar brevemente<\/li>\n                      <li>EB&nbsp;Vera Cruz \u2013 Contacto a disponibilizar brevemente<\/li>\n                    <\/ul>\n                    <p><strong style=\"font-weight: 700; font-size: inherit; font-family: inherit;\">Pr\u00e9-escolar<\/strong><\/p>\n                    <ul>\n                      <li>EB&nbsp;Assafarge \u2013 E-mail:&nbsp;&nbsp;\n                        <a href=\"mailto:eb1assafarge@gmail.com\" style=\"color: rgb(41, 145, 214); font-size: 1em; font-weight: 400; font-family: &quot;Didact Gothic&quot;;\">eb1assafarge@gmail.com<\/a>\n                      <\/li>\n                      <li>JI Almedina \u2013 Contacto a disponibilizar brevemente<\/li>\n                      <li>JI Andorinha \u2013 Contacto a disponibilizar brevemente<\/li>\n                      <li>JI Antanhol \u2013 Contacto a disponibilizar brevemente<\/li>\n                      <li>JI Antuzede \u2013 Contacto a disponibilizar brevemente<\/li>\n                      <li>JI Bairro Azul \u2013 E-mail:&nbsp;&nbsp;\n                        <a href=\"mailto:apee.eb1.saosilvestre@hotmail.com\" style=\"color: rgb(41, 145, 214); font-size: 1em; font-weight: 400; font-family: &quot;Didact Gothic&quot;;\">apee.eb1.saosilvestre@hotmail.com<\/a>\n                      <\/li>\n                      <li>JI Carvalhais \u2013 E-mail:&nbsp;&nbsp;\n                        <a href=\"mailto:aspeejic.carvalhais@sapo.pt\" style=\"color: rgb(41, 145, 214); font-size: 1em; font-weight: 400; font-family: &quot;Didact Gothic&quot;;\">aspeejic.carvalhais@sapo.pt<\/a>\n                      <\/li>\n                      <li>JI S\u00e3o Jo\u00e3o do Campo \u2013 E-mail:&nbsp;&nbsp;\n                        <a href=\"mailto:associacaopaissjc@sapo.pt\" style=\"color: rgb(41, 145, 214); font-size: 1em; font-weight: 400; font-family: &quot;Didact Gothic&quot;;\">associacaopaissjc@sapo.pt<\/a>\n                      <\/li>\n                      <li>JI S\u00e3o Martinho de \u00c1rvore \u2013 Contacto a disponibilizar brevemente<\/li>\n                      <li>JI S\u00e3o Bartolomeu \u2013 Contacto a disponibilizar brevemente<\/li>\n                      <li>JI Vila Verde \u2013 Contacto a disponibilizar brevemente<\/li>\n                    <\/ul>\n                    <p>.<\/p>\n                  <\/div>\n                <\/div>\n                <div data-colibri-id=\"1118-c12\" class=\"h-x-container style-1307 style-local-1118-c12 position-relative h-element\">\n                  <!---->\n                  <div class=\"h-x-container-inner style-dynamic-1118-c12-group style-1307-spacing style-local-1118-c12-spacing\"><span class=\"h-button__outer style-1308-outer style-local-1118-c13-outer d-inline-flex h-element\"><a h-use-smooth-scroll=\"true\" href=\"https:\/\/www.aecoimbracentro.pt\/on\/?page_id=220\"  data-colibri-id=\"1118-c13\" class=\"d-flex w-100 align-items-center h-button justify-content-lg-center justify-content-md-center justify-content-center style-1308 style-local-1118-c13 position-relative\"><!----><!----> <span>Voltar&#8230;<\/span><\/a>\n                    <\/span>\n                  <\/div>\n                <\/div>\n              <\/div>\n            <\/div>\n          <\/div>\n          <div class=\"h-column h-column-container d-flex h-col-lg-auto h-col-md-auto h-col-auto style-1309-outer style-local-1118-c14-outer\">\n            <div data-colibri-id=\"1118-c14\" class=\"d-flex h-flex-basis h-column__inner h-px-lg-2 h-px-md-2 h-px-2 v-inner-lg-2 v-inner-md-2 v-inner-2 style-1309 style-local-1118-c14 position-relative\">\n              <!---->\n              <!---->\n              <div class=\"w-100 h-y-container h-column__content h-column__v-align flex-basis-100 align-self-lg-start align-self-md-start align-self-start\">\n                <!---->\n                <div data-colibri-id=\"1118-c15\" class=\"d-block style-1310 style-local-1118-c15 position-relative h-element\">\n                  <!---->\n                  <div class=\"h-image__frame-container-outer\">\n                    <div class=\"h-image__frame-container\">\n                      <!---->\n                      <!---->\n                      <img loading=\"lazy\" decoding=\"async\" width=\"700\" height=\"475\" src=\"https:\/\/www.aecoimbracentro.pt\/on\/wp-content\/uploads\/2025\/10\/man-person-people-crowd-shadow-winter-sport-46458-pxhere-com-small.jpg\" class=\"wp-image-500 style-1310-image style-local-1118-c15-image\" alt=\"\" srcset=\"https:\/\/www.aecoimbracentro.pt\/on\/wp-content\/uploads\/2025\/10\/man-person-people-crowd-shadow-winter-sport-46458-pxhere-com-small.jpg 700w, https:\/\/www.aecoimbracentro.pt\/on\/wp-content\/uploads\/2025\/10\/man-person-people-crowd-shadow-winter-sport-46458-pxhere-com-small-300x204.jpg 300w\" sizes=\"auto, (max-width: 700px) 100vw, 700px\" \/>\n                      <div class=\"h-image__frame h-hide-sm style-1310-frameImage style-local-1118-c15-frameImage\"><\/div>\n                    <\/div>\n                  <\/div>\n                <\/div>\n              <\/div>\n            <\/div>\n          <\/div>\n        <\/div>\n      <\/div>\n    <\/div>\n  <\/div>\n<\/div>","protected":false},"excerpt":{"rendered":"<p>AECC Associa\u00e7\u00e3o de Pais e Encarregados de Educa\u00e7\u00e3o Abaixo disponibilizamos o contacto da [&hellip;]<\/p>\n","protected":false},"author":21,"featured_media":0,"parent":0,"menu_order":0,"comment_status":"closed","ping_status":"closed","template":"page-templates\/full-width-page.php","meta":{"footnotes":""},"class_list":["post-1118","page","type-page","status-publish","hentry"],"_links":{"self":[{"href":"https:\/\/www.aecoimbracentro.pt\/on\/index.php?rest_route=\/wp\/v2\/pages\/1118","targetHints":{"allow":["GET"]}}],"collection":[{"href":"https:\/\/www.aecoimbracentro.pt\/on\/index.php?rest_route=\/wp\/v2\/pages"}],"about":[{"href":"https:\/\/www.aecoimbracentro.pt\/on\/index.php?rest_route=\/wp\/v2\/types\/page"}],"author":[{"embeddable":true,"href":"https:\/\/www.aecoimbracentro.pt\/on\/index.php?rest_route=\/wp\/v2\/users\/21"}],"replies":[{"embeddable":true,"href":"https:\/\/www.aecoimbracentro.pt\/on\/index.php?rest_route=%2Fwp%2Fv2%2Fcomments&post=1118"}],"version-history":[{"count":4,"href":"https:\/\/www.aecoimbracentro.pt\/on\/index.php?rest_route=\/wp\/v2\/pages\/1118\/revisions"}],"predecessor-version":[{"id":2295,"href":"https:\/\/www.aecoimbracentro.pt\/on\/index.php?rest_route=\/wp\/v2\/pages\/1118\/revisions\/2295"}],"wp:attachment":[{"href":"https:\/\/www.aecoimbracentro.pt\/on\/index.php?rest_route=%2Fwp%2Fv2%2Fmedia&parent=1118"}],"curies":[{"name":"wp","href":"https:\/\/api.w.org\/{rel}","templated":true}]}}