{"id":1225,"date":"2025-10-22T23:37:36","date_gmt":"2025-10-22T23:37:36","guid":{"rendered":"https:\/\/www.aecoimbracentro.pt\/on\/?page_id=1225"},"modified":"2026-02-11T12:40:25","modified_gmt":"2026-02-11T12:40:25","slug":"colibri-1225","status":"publish","type":"page","link":"https:\/\/www.aecoimbracentro.pt\/on\/?page_id=1225","title":{"rendered":"Eco-Escolas"},"content":{"rendered":"<div data-colibri-id=\"1225-c1\" class=\"style-738 style-local-1225-c1 position-relative\">\n  <!---->\n  <div data-colibri-component=\"section\" data-colibri-id=\"1225-c8\" id=\"about\" class=\"h-section h-section-global-spacing d-flex align-items-lg-center align-items-md-center align-items-center style-1605 style-local-1225-c8 position-relative\">\n    <!---->\n    <!---->\n    <div class=\"h-section-grid-container h-section-boxed-container\">\n      <!---->\n      <div data-colibri-id=\"1225-c9\" class=\"h-row-container gutters-row-lg-2 gutters-row-md-2 gutters-row-2 gutters-row-v-lg-2 gutters-row-v-md-2 gutters-row-v-2 style-1606 style-local-1225-c9 position-relative\">\n        <!---->\n        <div class=\"h-row justify-content-lg-center justify-content-md-center justify-content-center align-items-lg-stretch align-items-md-stretch align-items-stretch gutters-col-lg-2 gutters-col-md-2 gutters-col-2 gutters-col-v-lg-2 gutters-col-v-md-2 gutters-col-v-2\">\n          <!---->\n          <div class=\"h-column h-column-container d-flex h-col-lg-auto h-col-md-auto h-col-auto style-1607-outer style-local-1225-c10-outer\">\n            <div data-colibri-id=\"1225-c10\" class=\"d-flex h-flex-basis h-column__inner h-px-lg-2 h-px-md-2 h-px-2 v-inner-lg-2 v-inner-md-2 v-inner-2 style-1607 style-local-1225-c10 position-relative\">\n              <!---->\n              <!---->\n              <div class=\"w-100 h-y-container h-column__content h-column__v-align flex-basis-100 align-self-lg-center align-self-md-center align-self-center\">\n                <!---->\n                <div data-colibri-id=\"1225-c11\" class=\"h-global-transition-all h-heading style-1608 style-local-1225-c11 position-relative h-element\">\n                  <!---->\n                  <div class=\"h-heading__outer style-1608 style-local-1225-c11\">\n                    <!---->\n                    <!---->\n                    <h5 class=\"\">AECC<\/h5>\n                  <\/div>\n                <\/div>\n                <div data-colibri-id=\"1225-c12\" class=\"h-global-transition-all h-heading style-1609 style-local-1225-c12 position-relative h-element\">\n                  <!---->\n                  <div class=\"h-heading__outer style-1609 style-local-1225-c12\">\n                    <!---->\n                    <!---->\n                    <h2 class=\"\">Eco&nbsp;<em style=\"color: rgb(247, 144, 7); font-family: &quot;Playfair Display&quot;;\">Escolas<\/em><\/h2>\n                  <\/div>\n                <\/div>\n                <div data-colibri-id=\"1225-c13\" class=\"h-text h-text-component style-1610 style-local-1225-c13 position-relative h-element\">\n                  <!---->\n                  <!---->\n                  <div class=\"\">\n                    <p>A implementa\u00e7\u00e3o do Programa Eco-Escolas pressup\u00f5e uma metodologia de 7 passos:<\/p>\n                    <p>A sua metodologia inspirada nos princ\u00edpios da Agenda 21 local (com origem na confer\u00eancia da ONU ECO 92), \u00e9 descrita em 7 passos que visam garantir a participa\u00e7\u00e3o das crian\u00e7as e jovens na tomada de decis\u00f5es, envolvendo-os assim na constru\u00e7\u00e3o\n                      de uma escola e de uma comunidade mais sustent\u00e1veis.<\/p>\n                    <p>Os 7 passos:<\/p>\n                    <p>1.&nbsp;&nbsp;&nbsp;Formaliza\u00e7\u00e3o de um Conselho Eco-Escola (grupo de trabalho com representa\u00e7\u00e3o dos alunos em maioria, professores, funcion\u00e1rios, pais, munic\u00edpio e outros elementos da comunidade, que sugere, discute e avalia o plano\n                      de atividades);<\/p>\n                    <p>2.&nbsp;&nbsp;&nbsp;Realiza\u00e7\u00e3o de uma Auditoria Ambiental (ferramenta de diagn\u00f3stico do estado ambiental da escola e que permite uma verifica\u00e7\u00e3o da evolu\u00e7\u00e3o ao longo do tempo);<\/p>\n                    <p>3.&nbsp;&nbsp;&nbsp;Constru\u00e7\u00e3o de um Plano de A\u00e7\u00e3o (planifica\u00e7\u00e3o\/previs\u00e3o das atividades nos v\u00e1rios temas de trabalho: Res\u00edduos, \u00c1gua, Energia (fundamentais) + tema do ano (\u201cBiodiversidade \u2013 Preservar e Regenerar\u201d e\/ou \u201cEspa\u00e7os Exteriores\u201d\n                      em 2021\/22) + outros que a escola pretenda trabalhar;<\/p>\n                    <p>4.&nbsp;&nbsp;&nbsp;Monitoriza\u00e7\u00e3o e Avalia\u00e7\u00e3o (an\u00e1lise do sucesso das atividades realizadas face a metas concretas \u2013 ex: diminuir em 20% os res\u00edduos indiferenciados; cria\u00e7\u00e3o de brigadas verdes para monitoriza\u00e7\u00e3o das a\u00e7\u00f5es da comunidade\n                      escolar;<\/p>\n                    <p>5.&nbsp;&nbsp;&nbsp;Trabalho Curricular (as atividades Eco-Escolas poder\u00e3o ser integradas em v\u00e1rias disciplinas);<\/p>\n                    <p>6.&nbsp;&nbsp;&nbsp;Informa\u00e7\u00e3o e Envolvimento da Escola e da Comunidade Local (divulga\u00e7\u00e3o do Programa na escola e na comunidade; articula\u00e7\u00e3o com outras entidades; realiza\u00e7\u00e3o do Dia Eco-Escolas;<\/p>\n                    <p>7.&nbsp;&nbsp;&nbsp;Eco-C\u00f3digo (conjunto de frases, ideias, compromissos elaborados pelos alunos da escola, que traduzam o c\u00f3digo de conduta\/regulamento ambiental da escola).<\/p>\n                    <p>A candidatura ao Galard\u00e3o Eco-Escolas 2019\/2020 e 2020\/2021 da EB de Palheira foi aprovada, sendo atribu\u00edda a esta escola a Bandeira Verde, dois anos consecutivos.<\/p>\n                    <p>Agradecemos a colabora\u00e7\u00e3o de todos os que contribu\u00edram para que este objetivo fosse atingido!<\/p>\n                    <p>Este ano letivo 2021\/2022 a Escola B\u00e1sica N\u00ba2 de S\u00e3o&nbsp;Silvestre e a Escola&nbsp;B\u00e1sica Poeta Manuel da Silva Gaio&nbsp;realizaram a sua inscri\u00e7\u00e3o no projeto e j\u00e1 est\u00e3o a dinamizar atividades.<\/p>\n                    <p>Pretendemos ser um agrupamento reconhecido pelo trabalho desenvolvido em benef\u00edcio do ambiente e da sustentabilidade.<\/p>\n                    <p>Lema: \u201c<strong style=\"font-weight: 700; font-size: inherit; font-family: inherit;\">Somos Eco-Mosqueteiros, um por todos e todos pelo ambiente!<\/strong>\u201c<\/p>\n                    <p>Saiba mais sobre o projeto Eco-Escolas&nbsp;&nbsp;\n                      <a href=\"https:\/\/ecoescolas.abae.pt\" target=\"_blank\" style=\"color: rgb(41, 145, 214); font-size: 1em; font-weight: 400; font-family: &quot;Didact Gothic&quot;;\">aqui<\/a>.<\/p>\n                    <p>\n                      <br>\n                    <\/p>\n                  <\/div>\n                <\/div>\n                <div data-colibri-id=\"1225-c14\" class=\"h-x-container style-1611 style-local-1225-c14 position-relative h-element\">\n                  <!---->\n                  <div class=\"h-x-container-inner style-dynamic-1225-c14-group style-1611-spacing style-local-1225-c14-spacing\"><span class=\"h-button__outer style-1612-outer style-local-1225-c15-outer d-inline-flex h-element\"><a h-use-smooth-scroll=\"true\" href=\"https:\/\/www.aecoimbracentro.pt\/on\/?page_id=137\"  data-colibri-id=\"1225-c15\" class=\"d-flex w-100 align-items-center h-button justify-content-lg-center justify-content-md-center justify-content-center style-1612 style-local-1225-c15 position-relative\"><!----><!----> <span>voltar aos projetos e clubes<\/span><\/a>\n                    <\/span>\n                  <\/div>\n                <\/div>\n              <\/div>\n            <\/div>\n          <\/div>\n          <div class=\"h-column h-column-container d-flex h-col-lg-auto h-col-md-auto h-col-auto style-1613-outer style-local-1225-c16-outer\">\n            <div data-colibri-id=\"1225-c16\" class=\"d-flex h-flex-basis h-column__inner h-px-lg-2 h-px-md-2 h-px-2 v-inner-lg-2 v-inner-md-2 v-inner-2 style-1613 style-local-1225-c16 position-relative\">\n              <!---->\n              <!---->\n              <div class=\"w-100 h-y-container h-column__content h-column__v-align flex-basis-100 align-self-lg-start align-self-md-start align-self-start\">\n                <!---->\n                <div data-colibri-id=\"1225-c17\" class=\"d-block style-1614 style-local-1225-c17 position-relative h-element\">\n                  <!---->\n                  <div class=\"h-image__frame-container-outer\">\n                    <div class=\"h-image__frame-container\">\n                      <!---->\n                      <!---->\n                      <img loading=\"lazy\" decoding=\"async\" width=\"800\" height=\"800\" src=\"https:\/\/www.aecoimbracentro.pt\/on\/wp-content\/uploads\/2025\/10\/5_5_eco-escolas.jpg\" class=\"wp-image-1228 style-1614-image style-local-1225-c17-image\" alt=\"\" srcset=\"https:\/\/www.aecoimbracentro.pt\/on\/wp-content\/uploads\/2025\/10\/5_5_eco-escolas.jpg 800w, https:\/\/www.aecoimbracentro.pt\/on\/wp-content\/uploads\/2025\/10\/5_5_eco-escolas-300x300.jpg 300w, https:\/\/www.aecoimbracentro.pt\/on\/wp-content\/uploads\/2025\/10\/5_5_eco-escolas-150x150.jpg 150w, https:\/\/www.aecoimbracentro.pt\/on\/wp-content\/uploads\/2025\/10\/5_5_eco-escolas-768x768.jpg 768w\" sizes=\"auto, (max-width: 800px) 100vw, 800px\" \/>\n                      <div class=\"h-image__frame h-hide-sm style-1614-frameImage style-local-1225-c17-frameImage\"><\/div>\n                    <\/div>\n                  <\/div>\n                <\/div>\n              <\/div>\n            <\/div>\n          <\/div>\n        <\/div>\n      <\/div>\n    <\/div>\n  <\/div>\n<\/div>","protected":false},"excerpt":{"rendered":"<p>AECC Eco&nbsp;Escolas A implementa\u00e7\u00e3o do Programa Eco-Escolas pressup\u00f5e uma metodologia de 7 passos: [&hellip;]<\/p>\n","protected":false},"author":21,"featured_media":0,"parent":0,"menu_order":0,"comment_status":"closed","ping_status":"closed","template":"page-templates\/full-width-page.php","meta":{"footnotes":""},"class_list":["post-1225","page","type-page","status-publish","hentry"],"_links":{"self":[{"href":"https:\/\/www.aecoimbracentro.pt\/on\/index.php?rest_route=\/wp\/v2\/pages\/1225","targetHints":{"allow":["GET"]}}],"collection":[{"href":"https:\/\/www.aecoimbracentro.pt\/on\/index.php?rest_route=\/wp\/v2\/pages"}],"about":[{"href":"https:\/\/www.aecoimbracentro.pt\/on\/index.php?rest_route=\/wp\/v2\/types\/page"}],"author":[{"embeddable":true,"href":"https:\/\/www.aecoimbracentro.pt\/on\/index.php?rest_route=\/wp\/v2\/users\/21"}],"replies":[{"embeddable":true,"href":"https:\/\/www.aecoimbracentro.pt\/on\/index.php?rest_route=%2Fwp%2Fv2%2Fcomments&post=1225"}],"version-history":[{"count":4,"href":"https:\/\/www.aecoimbracentro.pt\/on\/index.php?rest_route=\/wp\/v2\/pages\/1225\/revisions"}],"predecessor-version":[{"id":2771,"href":"https:\/\/www.aecoimbracentro.pt\/on\/index.php?rest_route=\/wp\/v2\/pages\/1225\/revisions\/2771"}],"wp:attachment":[{"href":"https:\/\/www.aecoimbracentro.pt\/on\/index.php?rest_route=%2Fwp%2Fv2%2Fmedia&parent=1225"}],"curies":[{"name":"wp","href":"https:\/\/api.w.org\/{rel}","templated":true}]}}