{"id":1258,"date":"2025-10-22T23:58:51","date_gmt":"2025-10-22T23:58:51","guid":{"rendered":"https:\/\/www.aecoimbracentro.pt\/on\/?page_id=1258"},"modified":"2026-02-11T12:40:59","modified_gmt":"2026-02-11T12:40:59","slug":"colibri-1258","status":"publish","type":"page","link":"https:\/\/www.aecoimbracentro.pt\/on\/?page_id=1258","title":{"rendered":"Escola Intercultural"},"content":{"rendered":"<div data-colibri-id=\"1258-c1\" class=\"style-769 style-local-1258-c1 position-relative\">\n  <!---->\n  <div data-colibri-component=\"section\" data-colibri-id=\"1258-c8\" id=\"about\" class=\"h-section h-section-global-spacing d-flex align-items-lg-center align-items-md-center align-items-center style-1615 style-local-1258-c8 position-relative\">\n    <!---->\n    <!---->\n    <div class=\"h-section-grid-container h-section-boxed-container\">\n      <!---->\n      <div data-colibri-id=\"1258-c9\" class=\"h-row-container gutters-row-lg-2 gutters-row-md-2 gutters-row-2 gutters-row-v-lg-2 gutters-row-v-md-2 gutters-row-v-2 style-1616 style-local-1258-c9 position-relative\">\n        <!---->\n        <div class=\"h-row justify-content-lg-center justify-content-md-center justify-content-center align-items-lg-stretch align-items-md-stretch align-items-stretch gutters-col-lg-2 gutters-col-md-2 gutters-col-2 gutters-col-v-lg-2 gutters-col-v-md-2 gutters-col-v-2\">\n          <!---->\n          <div class=\"h-column h-column-container d-flex h-col-lg-auto h-col-md-auto h-col-auto style-1617-outer style-local-1258-c10-outer\">\n            <div data-colibri-id=\"1258-c10\" class=\"d-flex h-flex-basis h-column__inner h-px-lg-2 h-px-md-2 h-px-2 v-inner-lg-2 v-inner-md-2 v-inner-2 style-1617 style-local-1258-c10 position-relative\">\n              <!---->\n              <!---->\n              <div class=\"w-100 h-y-container h-column__content h-column__v-align flex-basis-100 align-self-lg-center align-self-md-center align-self-center\">\n                <!---->\n                <div data-colibri-id=\"1258-c11\" class=\"h-global-transition-all h-heading style-1618 style-local-1258-c11 position-relative h-element\">\n                  <!---->\n                  <div class=\"h-heading__outer style-1618 style-local-1258-c11\">\n                    <!---->\n                    <!---->\n                    <h5 class=\"\">AECC<\/h5>\n                  <\/div>\n                <\/div>\n                <div data-colibri-id=\"1258-c12\" class=\"h-global-transition-all h-heading style-1619 style-local-1258-c12 position-relative h-element\">\n                  <!---->\n                  <div class=\"h-heading__outer style-1619 style-local-1258-c12\">\n                    <!---->\n                    <!---->\n                    <h2 class=\"\">Escola&nbsp;<em style=\"font-family: &quot;Playfair Display&quot;; color: rgb(247, 144, 7);\">Intercultural<\/em><\/h2>\n                  <\/div>\n                <\/div>\n                <div data-colibri-id=\"1258-c13\" class=\"h-text h-text-component style-1620 style-local-1258-c13 position-relative h-element\">\n                  <!---->\n                  <!---->\n                  <div class=\"\">\n                    <p>Numa iniciativa conjunta da Dire\u00e7\u00e3o-Geral da Educa\u00e7\u00e3o (DGE) e do Alto Comissariado para a Imigra\u00e7\u00e3o e o Di\u00e1logo Intercultural (ACIDI, I.P.) foi criado, em 2012, o distintivo&nbsp;<strong style=\"font-weight: 700; font-size: inherit; font-family: inherit;\">Selo Escola Intercultural<\/strong>&nbsp;que\n                      visa distinguir as Escolas que se destacam no desenvolvimento de projetos que promovem o reconhecimento e a valoriza\u00e7\u00e3o da diversidade como uma oportunidade e fonte de aprendizagem para todos\/as.<\/p>\n                    <p>Nos dias de hoje, cada vez \u00e9 mais gritante a necessidade de promover valores, atitudes e comportamentos fomentadores do di\u00e1logo e da toler\u00e2ncia, que aproximem culturas no respeito por si e pelo outro.<\/p>\n                    <p>Mais do que saber, \u00e9 preciso fazer e agir. Porque temos, todos, consci\u00eancia de que s\u00f3 neste caminho podemos construir, pelo di\u00e1logo, uma cultura universal de Paz e Seguran\u00e7a, o Agrupamento de Escolas Coimbra Centro tem a honra e o\n                      privil\u00e9gio de vivenciar diariamente estes valores.<\/p>\n                    <p>Os nossos alunos, provenientes dos todos os continentes do Planeta, numa fam\u00edlia composta por mais de 25 diferentes nacionalidades, desde o Jardim de Inf\u00e2ncia aos cursos PFOL \u2013 Portugu\u00eas para Falantes de Outras L\u00ednguas, constroem,\n                      diariamente, este caminho.<\/p>\n                    <p>.<\/p>\n                  <\/div>\n                <\/div>\n                <div data-colibri-id=\"1258-c14\" class=\"h-x-container style-1621 style-local-1258-c14 position-relative h-element\">\n                  <!---->\n                  <div class=\"h-x-container-inner style-dynamic-1258-c14-group style-1621-spacing style-local-1258-c14-spacing\"><span class=\"h-button__outer style-1622-outer style-local-1258-c15-outer d-inline-flex h-element\"><a h-use-smooth-scroll=\"true\" href=\"https:\/\/www.aecoimbracentro.pt\/on\/?page_id=137\"  data-colibri-id=\"1258-c15\" class=\"d-flex w-100 align-items-center h-button justify-content-lg-center justify-content-md-center justify-content-center style-1622 style-local-1258-c15 position-relative\"><!----><!----> <span>voltar aos projetos e clubes&#8230;<\/span><\/a>\n                    <\/span>\n                  <\/div>\n                <\/div>\n              <\/div>\n            <\/div>\n          <\/div>\n          <div class=\"h-column h-column-container d-flex h-col-lg-auto h-col-md-auto h-col-auto style-1623-outer style-local-1258-c16-outer\">\n            <div data-colibri-id=\"1258-c16\" class=\"d-flex h-flex-basis h-column__inner h-px-lg-2 h-px-md-2 h-px-2 v-inner-lg-2 v-inner-md-2 v-inner-2 style-1623 style-local-1258-c16 position-relative\">\n              <!---->\n              <!---->\n              <div class=\"w-100 h-y-container h-column__content h-column__v-align flex-basis-100 align-self-lg-start align-self-md-start align-self-start\">\n                <!---->\n                <div data-colibri-id=\"1258-c17\" class=\"d-block style-1624 style-local-1258-c17 position-relative h-element\">\n                  <!---->\n                  <div class=\"h-image__frame-container-outer\">\n                    <div class=\"h-image__frame-container\">\n                      <!---->\n                      <!---->\n                      <img loading=\"lazy\" decoding=\"async\" width=\"800\" height=\"800\" src=\"https:\/\/www.aecoimbracentro.pt\/on\/wp-content\/uploads\/2025\/10\/3_3_escola-intercultural_.jpg\" class=\"wp-image-1261 style-1624-image style-local-1258-c17-image\" alt=\"\" srcset=\"https:\/\/www.aecoimbracentro.pt\/on\/wp-content\/uploads\/2025\/10\/3_3_escola-intercultural_.jpg 800w, https:\/\/www.aecoimbracentro.pt\/on\/wp-content\/uploads\/2025\/10\/3_3_escola-intercultural_-300x300.jpg 300w, https:\/\/www.aecoimbracentro.pt\/on\/wp-content\/uploads\/2025\/10\/3_3_escola-intercultural_-150x150.jpg 150w, https:\/\/www.aecoimbracentro.pt\/on\/wp-content\/uploads\/2025\/10\/3_3_escola-intercultural_-768x768.jpg 768w\" sizes=\"auto, (max-width: 800px) 100vw, 800px\" \/>\n                      <div class=\"h-image__frame h-hide-sm style-1624-frameImage style-local-1258-c17-frameImage\"><\/div>\n                    <\/div>\n                  <\/div>\n                <\/div>\n              <\/div>\n            <\/div>\n          <\/div>\n        <\/div>\n      <\/div>\n    <\/div>\n  <\/div>\n<\/div>","protected":false},"excerpt":{"rendered":"<p>AECC Escola&nbsp;Intercultural Numa iniciativa conjunta da Dire\u00e7\u00e3o-Geral da Educa\u00e7\u00e3o (DGE) e do Alto [&hellip;]<\/p>\n","protected":false},"author":21,"featured_media":0,"parent":0,"menu_order":0,"comment_status":"closed","ping_status":"closed","template":"page-templates\/full-width-page.php","meta":{"footnotes":""},"class_list":["post-1258","page","type-page","status-publish","hentry"],"_links":{"self":[{"href":"https:\/\/www.aecoimbracentro.pt\/on\/index.php?rest_route=\/wp\/v2\/pages\/1258","targetHints":{"allow":["GET"]}}],"collection":[{"href":"https:\/\/www.aecoimbracentro.pt\/on\/index.php?rest_route=\/wp\/v2\/pages"}],"about":[{"href":"https:\/\/www.aecoimbracentro.pt\/on\/index.php?rest_route=\/wp\/v2\/types\/page"}],"author":[{"embeddable":true,"href":"https:\/\/www.aecoimbracentro.pt\/on\/index.php?rest_route=\/wp\/v2\/users\/21"}],"replies":[{"embeddable":true,"href":"https:\/\/www.aecoimbracentro.pt\/on\/index.php?rest_route=%2Fwp%2Fv2%2Fcomments&post=1258"}],"version-history":[{"count":5,"href":"https:\/\/www.aecoimbracentro.pt\/on\/index.php?rest_route=\/wp\/v2\/pages\/1258\/revisions"}],"predecessor-version":[{"id":2785,"href":"https:\/\/www.aecoimbracentro.pt\/on\/index.php?rest_route=\/wp\/v2\/pages\/1258\/revisions\/2785"}],"wp:attachment":[{"href":"https:\/\/www.aecoimbracentro.pt\/on\/index.php?rest_route=%2Fwp%2Fv2%2Fmedia&parent=1258"}],"curies":[{"name":"wp","href":"https:\/\/api.w.org\/{rel}","templated":true}]}}