{"id":1269,"date":"2025-10-23T00:02:13","date_gmt":"2025-10-23T00:02:13","guid":{"rendered":"https:\/\/www.aecoimbracentro.pt\/on\/?page_id=1269"},"modified":"2026-02-11T12:43:15","modified_gmt":"2026-02-11T12:43:15","slug":"padde","status":"publish","type":"page","link":"https:\/\/www.aecoimbracentro.pt\/on\/?page_id=1269","title":{"rendered":"PADDE"},"content":{"rendered":"<div data-colibri-id=\"1269-c1\" class=\"style-776 style-local-1269-c1 position-relative\">\n  <!---->\n  <div data-colibri-component=\"section\" data-colibri-id=\"1269-c2\" id=\"about\" class=\"h-section h-section-global-spacing d-flex align-items-lg-center align-items-md-center align-items-center style-1645 style-local-1269-c2 position-relative\">\n    <!---->\n    <!---->\n    <div class=\"h-section-grid-container h-section-boxed-container\">\n      <!---->\n      <div data-colibri-id=\"1269-c3\" class=\"h-row-container gutters-row-lg-2 gutters-row-md-2 gutters-row-2 gutters-row-v-lg-2 gutters-row-v-md-2 gutters-row-v-2 style-1646 style-local-1269-c3 position-relative\">\n        <!---->\n        <div class=\"h-row justify-content-lg-center justify-content-md-center justify-content-center align-items-lg-stretch align-items-md-stretch align-items-stretch gutters-col-lg-2 gutters-col-md-2 gutters-col-2 gutters-col-v-lg-2 gutters-col-v-md-2 gutters-col-v-2\">\n          <!---->\n          <div class=\"h-column h-column-container d-flex h-col-lg-auto h-col-md-auto h-col-auto style-1647-outer style-local-1269-c4-outer\">\n            <div data-colibri-id=\"1269-c4\" class=\"d-flex h-flex-basis h-column__inner h-px-lg-2 h-px-md-2 h-px-2 v-inner-lg-2 v-inner-md-2 v-inner-2 style-1647 style-local-1269-c4 position-relative\">\n              <!---->\n              <!---->\n              <div class=\"w-100 h-y-container h-column__content h-column__v-align flex-basis-100 align-self-lg-center align-self-md-center align-self-center\">\n                <!---->\n                <div data-colibri-id=\"1269-c5\" class=\"h-global-transition-all h-heading style-1648 style-local-1269-c5 position-relative h-element\">\n                  <!---->\n                  <div class=\"h-heading__outer style-1648 style-local-1269-c5\">\n                    <!---->\n                    <!---->\n                    <h5 class=\"\">AECC<\/h5>\n                  <\/div>\n                <\/div>\n                <div data-colibri-id=\"1269-c6\" class=\"h-global-transition-all h-heading style-1649 style-local-1269-c6 position-relative h-element\">\n                  <!---->\n                  <div class=\"h-heading__outer style-1649 style-local-1269-c6\">\n                    <!---->\n                    <!---->\n                    <h2 class=\"\">Plano de A\u00e7\u00e3o para o Desenvolvimento <em style=\"font-family: &quot;Playfair Display&quot;; color: rgb(247, 144, 7);\">Digital da Escola<\/em><\/h2>\n                  <\/div>\n                <\/div>\n                <div data-colibri-id=\"1269-c7\" class=\"h-text h-text-component style-1650 style-local-1269-c7 position-relative h-element\">\n                  <!---->\n                  <!---->\n                  <div class=\"\">\n                    <p>O&nbsp;<strong style=\"font-family: inherit; font-size: inherit; font-weight: 700;\">Plano de A\u00e7\u00e3o para o Desenvolvimento Digital da Escola&nbsp;<\/strong>(PADDE) pretende ser um instrumento orientador e facilitador da adapta\u00e7\u00e3o e implementa\u00e7\u00e3o\n                      das tecnologias digitais nos processos de ensino e de aprendizagem. Pretende, ainda, apoiar as escolas a refletir e definir estrat\u00e9gias que permitam a explora\u00e7\u00e3o do potencial do digital integrando-o de forma hol\u00edstica na organiza\u00e7\u00e3o.\n                      (\u2026)<\/p>\n                    <p>O desenho de um PADDE numa escola \/ agrupamento concretiza-se com a descri\u00e7\u00e3o do conjunto de objetivos e a\u00e7\u00f5es a desenvolver, ao longo de um per\u00edodo de vig\u00eancia, nas \u00e1reas\/dimens\u00f5es consideradas priorit\u00e1rias: dimens\u00e3o tecnol\u00f3gica;\n                      dimens\u00e3o pedag\u00f3gica; dimens\u00e3o organizacional.\u201c<\/p>\n                    <p>Ver: Plano 2023\/2025 [Clicar Aqui]<\/p>\n                    <p>In&nbsp;Plano de A\u00e7\u00e3o para o Desenvolvimento Digital das Escolas \u2013 DOCUMENTO DE APOIO.<\/p>\n                  <\/div>\n                <\/div>\n                <div data-colibri-id=\"1269-c24\" class=\"h-x-container style-1843 style-local-1269-c24 position-relative h-element\">\n                  <!---->\n                  <div class=\"h-x-container-inner style-dynamic-1269-c24-group style-1843-spacing style-local-1269-c24-spacing\"><span class=\"h-button__outer style-1844-outer style-local-1269-c25-outer d-inline-flex h-element\"><a h-use-smooth-scroll=\"true\" href=\"https:\/\/www.aecoimbracentro.pt\/documento\/1\/536\/plano-de-acao-para-o-desenvolvimento-digital-da-escola-2023-2025\" target=\"_blank\"  data-colibri-id=\"1269-c25\" class=\"d-flex w-100 align-items-center h-button justify-content-lg-center justify-content-md-center justify-content-center style-1844 style-local-1269-c25 position-relative\"><!----><!----> <span>Ver Plano PADDe [clicar aqui]<\/span><\/a>\n                    <\/span>\n                  <\/div>\n                <\/div>\n                <div data-colibri-id=\"1269-c8\" class=\"h-x-container style-1651 style-local-1269-c8 position-relative h-element\">\n                  <!---->\n                  <div class=\"h-x-container-inner style-dynamic-1269-c8-group style-1651-spacing style-local-1269-c8-spacing\"><span class=\"h-button__outer style-1652-outer style-local-1269-c9-outer d-inline-flex h-element\"><a h-use-smooth-scroll=\"true\" href=\"https:\/\/www.aecoimbracentro.pt\/on\/?page_id=137\"  data-colibri-id=\"1269-c9\" class=\"d-flex w-100 align-items-center h-button justify-content-lg-center justify-content-md-center justify-content-center style-1652 style-local-1269-c9 position-relative\"><!----><!----> <span>voltar aos projetos e clubes&#8230;<\/span><\/a>\n                    <\/span>\n                  <\/div>\n                <\/div>\n              <\/div>\n            <\/div>\n          <\/div>\n          <div class=\"h-column h-column-container d-flex h-col-lg-auto h-col-md-auto h-col-auto style-1653-outer style-local-1269-c10-outer\">\n            <div data-colibri-id=\"1269-c10\" class=\"d-flex h-flex-basis h-column__inner h-px-lg-2 h-px-md-2 h-px-2 v-inner-lg-2 v-inner-md-2 v-inner-2 style-1653 style-local-1269-c10 position-relative\">\n              <!---->\n              <!---->\n              <div class=\"w-100 h-y-container h-column__content h-column__v-align flex-basis-100 align-self-lg-start align-self-md-start align-self-start\">\n                <!---->\n                <div data-colibri-id=\"1269-c11\" class=\"d-block style-1654 style-local-1269-c11 position-relative h-element\">\n                  <!---->\n                  <div class=\"h-image__frame-container-outer\">\n                    <div class=\"h-image__frame-container\">\n                      <!---->\n                      <!---->\n                      <img loading=\"lazy\" decoding=\"async\" width=\"381\" height=\"132\" src=\"https:\/\/www.aecoimbracentro.pt\/on\/wp-content\/uploads\/2025\/10\/16_19_padde.png\" class=\"wp-image-1272 style-1654-image style-local-1269-c11-image\" alt=\"\" srcset=\"https:\/\/www.aecoimbracentro.pt\/on\/wp-content\/uploads\/2025\/10\/16_19_padde.png 381w, https:\/\/www.aecoimbracentro.pt\/on\/wp-content\/uploads\/2025\/10\/16_19_padde-300x104.png 300w\" sizes=\"auto, (max-width: 381px) 100vw, 381px\" \/>\n                      <div class=\"h-image__frame h-hide-sm style-1654-frameImage style-local-1269-c11-frameImage\"><\/div>\n                    <\/div>\n                  <\/div>\n                <\/div>\n              <\/div>\n            <\/div>\n          <\/div>\n        <\/div>\n      <\/div>\n    <\/div>\n  <\/div>\n  <div data-colibri-component=\"section\" data-colibri-id=\"1269-c19\" id=\"custom\" class=\"h-section h-section-global-spacing d-flex align-items-lg-center align-items-md-center align-items-center style-1838 style-local-1269-c19 position-relative\">\n    <!---->\n    <!---->\n    <div class=\"h-section-grid-container h-section-boxed-container\">\n      <!---->\n      <div data-colibri-id=\"1269-c22\" class=\"h-row-container gutters-row-lg-2 gutters-row-md-2 gutters-row-0 gutters-row-v-lg-2 gutters-row-v-md-2 gutters-row-v-2 style-1841 style-local-1269-c22 position-relative\">\n        <!---->\n        <div class=\"h-row justify-content-lg-center justify-content-md-center justify-content-center align-items-lg-stretch align-items-md-stretch align-items-stretch gutters-col-lg-2 gutters-col-md-2 gutters-col-0 gutters-col-v-lg-2 gutters-col-v-md-2 gutters-col-v-2\">\n          <!---->\n          <div class=\"h-column h-column-container d-flex h-col-lg-auto h-col-md-auto h-col-auto style-1842-outer style-local-1269-c23-outer\">\n            <div data-colibri-id=\"1269-c23\" class=\"d-flex h-flex-basis h-column__inner h-ui-empty-state-container h-px-lg-2 h-px-md-2 h-px-2 v-inner-lg-2 v-inner-md-2 v-inner-2 style-1842 style-local-1269-c23 position-relative\">\n              <!---->\n              <!---->\n              <div class=\"w-100 h-y-container h-column__content h-column__v-align flex-basis-100\">\n                <!---->\n              <\/div>\n            <\/div>\n          <\/div>\n        <\/div>\n      <\/div>\n      <div data-colibri-id=\"1269-c20\" class=\"h-row-container gutters-row-lg-2 gutters-row-md-2 gutters-row-0 gutters-row-v-lg-2 gutters-row-v-md-2 gutters-row-v-2 style-1839 style-local-1269-c20 position-relative\">\n        <!---->\n        <div class=\"h-row justify-content-lg-center justify-content-md-center justify-content-center align-items-lg-stretch align-items-md-stretch align-items-stretch gutters-col-lg-2 gutters-col-md-2 gutters-col-0 gutters-col-v-lg-2 gutters-col-v-md-2 gutters-col-v-2\">\n          <!---->\n          <div class=\"h-column h-column-container d-flex h-col-lg-auto h-col-md-auto h-col-auto style-1840-outer style-local-1269-c21-outer\">\n            <div data-colibri-id=\"1269-c21\" class=\"d-flex h-flex-basis h-column__inner h-ui-empty-state-container h-px-lg-2 h-px-md-2 h-px-2 v-inner-lg-2 v-inner-md-2 v-inner-2 style-1840 style-local-1269-c21 position-relative\">\n              <!---->\n              <!---->\n              <div class=\"w-100 h-y-container h-column__content h-column__v-align flex-basis-100\">\n                <!---->\n              <\/div>\n            <\/div>\n          <\/div>\n        <\/div>\n      <\/div>\n    <\/div>\n  <\/div>\n<\/div>","protected":false},"excerpt":{"rendered":"<p>AECC Plano de A\u00e7\u00e3o para o Desenvolvimento Digital da Escola O&nbsp;Plano de A\u00e7\u00e3o [&hellip;]<\/p>\n","protected":false},"author":21,"featured_media":0,"parent":0,"menu_order":0,"comment_status":"closed","ping_status":"closed","template":"page-templates\/full-width-page.php","meta":{"footnotes":""},"class_list":["post-1269","page","type-page","status-publish","hentry"],"_links":{"self":[{"href":"https:\/\/www.aecoimbracentro.pt\/on\/index.php?rest_route=\/wp\/v2\/pages\/1269","targetHints":{"allow":["GET"]}}],"collection":[{"href":"https:\/\/www.aecoimbracentro.pt\/on\/index.php?rest_route=\/wp\/v2\/pages"}],"about":[{"href":"https:\/\/www.aecoimbracentro.pt\/on\/index.php?rest_route=\/wp\/v2\/types\/page"}],"author":[{"embeddable":true,"href":"https:\/\/www.aecoimbracentro.pt\/on\/index.php?rest_route=\/wp\/v2\/users\/21"}],"replies":[{"embeddable":true,"href":"https:\/\/www.aecoimbracentro.pt\/on\/index.php?rest_route=%2Fwp%2Fv2%2Fcomments&post=1269"}],"version-history":[{"count":5,"href":"https:\/\/www.aecoimbracentro.pt\/on\/index.php?rest_route=\/wp\/v2\/pages\/1269\/revisions"}],"predecessor-version":[{"id":3613,"href":"https:\/\/www.aecoimbracentro.pt\/on\/index.php?rest_route=\/wp\/v2\/pages\/1269\/revisions\/3613"}],"wp:attachment":[{"href":"https:\/\/www.aecoimbracentro.pt\/on\/index.php?rest_route=%2Fwp%2Fv2%2Fmedia&parent=1269"}],"curies":[{"name":"wp","href":"https:\/\/api.w.org\/{rel}","templated":true}]}}