{"id":1279,"date":"2025-10-23T00:04:14","date_gmt":"2025-10-23T00:04:14","guid":{"rendered":"https:\/\/www.aecoimbracentro.pt\/on\/?page_id=1279"},"modified":"2026-01-29T15:49:43","modified_gmt":"2026-01-29T15:49:43","slug":"plano-nacional-do-cinema","status":"publish","type":"page","link":"https:\/\/www.aecoimbracentro.pt\/on\/?page_id=1279","title":{"rendered":"Plano Nacional do Cinema"},"content":{"rendered":"<div data-colibri-id=\"1279-c1\" class=\"style-783 style-local-1279-c1 position-relative\">\n  <!---->\n  <div data-colibri-component=\"section\" data-colibri-id=\"1279-c2\" id=\"about\" class=\"h-section h-section-global-spacing d-flex align-items-lg-center align-items-md-center align-items-center style-1655 style-local-1279-c2 position-relative\">\n    <!---->\n    <!---->\n    <div class=\"h-section-grid-container h-section-boxed-container\">\n      <!---->\n      <div data-colibri-id=\"1279-c3\" class=\"h-row-container gutters-row-lg-2 gutters-row-md-2 gutters-row-2 gutters-row-v-lg-2 gutters-row-v-md-2 gutters-row-v-2 style-1656 style-local-1279-c3 position-relative\">\n        <!---->\n        <div class=\"h-row justify-content-lg-center justify-content-md-center justify-content-center align-items-lg-stretch align-items-md-stretch align-items-stretch gutters-col-lg-2 gutters-col-md-2 gutters-col-2 gutters-col-v-lg-2 gutters-col-v-md-2 gutters-col-v-2\">\n          <!---->\n          <div class=\"h-column h-column-container d-flex h-col-lg-auto h-col-md-auto h-col-auto style-1657-outer style-local-1279-c4-outer\">\n            <div data-colibri-id=\"1279-c4\" class=\"d-flex h-flex-basis h-column__inner h-px-lg-2 h-px-md-2 h-px-2 v-inner-lg-2 v-inner-md-2 v-inner-2 style-1657 style-local-1279-c4 position-relative\">\n              <!---->\n              <!---->\n              <div class=\"w-100 h-y-container h-column__content h-column__v-align flex-basis-100 align-self-lg-center align-self-md-center align-self-center\">\n                <!---->\n                <div data-colibri-id=\"1279-c5\" class=\"h-global-transition-all h-heading style-1658 style-local-1279-c5 position-relative h-element\">\n                  <!---->\n                  <div class=\"h-heading__outer style-1658 style-local-1279-c5\">\n                    <!---->\n                    <!---->\n                    <h5 class=\"\">AECC<\/h5>\n                  <\/div>\n                <\/div>\n                <div data-colibri-id=\"1279-c6\" class=\"h-global-transition-all h-heading style-1659 style-local-1279-c6 position-relative h-element\">\n                  <!---->\n                  <div class=\"h-heading__outer style-1659 style-local-1279-c6\">\n                    <!---->\n                    <!---->\n                    <h2 class=\"\">Plano Nacional de&nbsp;<em style=\"color: rgb(247, 144, 7); font-family: &quot;Playfair Display&quot;;\">Cinema<\/em><\/h2>\n                  <\/div>\n                <\/div>\n                <div data-colibri-id=\"1279-c7\" class=\"h-text h-text-component style-1660 style-local-1279-c7 position-relative h-element\">\n                  <!---->\n                  <!---->\n                  <div class=\"\">\n                    <p>A nossa escola integrou, no corrente ano letivo, o&nbsp;<strong style=\"font-family: inherit; font-size: inherit; font-weight: 700;\">Plano Nacional de Cinema (PNC)<\/strong>.<\/p>\n                    <p>\u201cEntendemos que a nossa motiva\u00e7\u00e3o e interesse em integrar o Plano Nacional de Cinema se insere na nossa din\u00e2mica de proporcionar atividades e viv\u00eancias variadas e consequentes \u00e0s nossas crian\u00e7as e jovens, partilhadas com as fam\u00edlias\n                      e com a comunidade envolvente, a fim de desenvolver a sensibilidade est\u00e9tica e art\u00edstica que esta arte, que \u00e9 o Cinema, tanto nos permite cultivar.\u201d<\/p>\n                    <p><strong style=\"font-family: inherit; font-size: inherit; font-weight: 700;\"><u>PRIORIDADES DO PNC<\/u><\/strong><\/p>\n                    <ul>\n                      <li>Divulgar o cinema portugu\u00eas;<\/li>\n                      <li>Formar professores;<\/li>\n                      <li>Dinamizar as sess\u00f5es de cinema: \u201cO cinema est\u00e1 \u00e0 tua espera\u201d e promover iniciativas cinematogr\u00e1ficas;<\/li>\n                      <li>Valorizar os processos de cria\u00e7\u00e3o cinematogr\u00e1fica e a an\u00e1lise f\u00edlmica nas aprendizagens.<\/li>\n                    <\/ul>\n                    <p><strong style=\"font-family: inherit; font-size: inherit; font-weight: 700;\"><u>OBJETIVOS GERAIS<\/u><\/strong><\/p>\n                    <ul>\n                      <li>Desenvolver a literacia f\u00edlmica;<\/li>\n                      <li>Promover a cria\u00e7\u00e3o de uma vis\u00e3o cr\u00edtica sobre um instrumento de cultura e educa\u00e7\u00e3o;<\/li>\n                      <li>Possibilitar a interdisciplinaridade e a intertextualidade;<\/li>\n                      <li>Educar para a cidadania e para o usufruto de uma forma de arte coletiva;<\/li>\n                      <li>Formar p\u00fablicos para o cinema.<\/li>\n                    <\/ul>\n                    <p><strong style=\"font-family: inherit; font-size: inherit; font-weight: 700;\"><u>EQUIPA PNC<\/u><\/strong><\/p>\n                    <ul>\n                      <li>Ana Paula Mouro, \u00c2ngela Coelho, Fernanda Palrinhas, Gra\u00e7a Lopes e Lu\u00edsa Lima.<\/li>\n                    <\/ul>\n                    <p>.<span style=\"color: rgb(0, 0, 0); font-size: 12pt; font-family: Aptos, Aptos_EmbeddedFont, Aptos_MSFontService, Calibri, Helvetica, sans-serif;\">Coordenador \u2013 Ricardo Manuel Morais da Rocha<\/span><\/p>\n                  <\/div>\n                <\/div>\n                <div data-colibri-id=\"1279-c8\" class=\"h-x-container style-1661 style-local-1279-c8 position-relative h-element\">\n                  <!---->\n                  <div class=\"h-x-container-inner style-dynamic-1279-c8-group style-1661-spacing style-local-1279-c8-spacing\"><span class=\"h-button__outer style-1662-outer style-local-1279-c9-outer d-inline-flex h-element\"><a h-use-smooth-scroll=\"true\" href=\"https:\/\/www.aecoimbracentro.pt\/on\/?page_id=137\"  data-colibri-id=\"1279-c9\" class=\"d-flex w-100 align-items-center h-button justify-content-lg-center justify-content-md-center justify-content-center style-1662 style-local-1279-c9 position-relative\"><!----><!----> <span>voltar aos projetos e clubes&#8230;<\/span><\/a>\n                    <\/span>\n                  <\/div>\n                <\/div>\n              <\/div>\n            <\/div>\n          <\/div>\n          <div class=\"h-column h-column-container d-flex h-col-lg-auto h-col-md-auto h-col-auto style-1663-outer style-local-1279-c10-outer\">\n            <div data-colibri-id=\"1279-c10\" class=\"d-flex h-flex-basis h-column__inner h-px-lg-2 h-px-md-2 h-px-2 v-inner-lg-2 v-inner-md-2 v-inner-2 style-1663 style-local-1279-c10 position-relative\">\n              <!---->\n              <!---->\n              <div class=\"w-100 h-y-container h-column__content h-column__v-align flex-basis-100 align-self-lg-start align-self-md-start align-self-start\">\n                <!---->\n                <div data-colibri-id=\"1279-c11\" class=\"d-block style-1664 style-local-1279-c11 position-relative h-element\">\n                  <!---->\n                  <div class=\"h-image__frame-container-outer\">\n                    <div class=\"h-image__frame-container\">\n                      <!---->\n                      <!---->\n                      <img loading=\"lazy\" decoding=\"async\" width=\"800\" height=\"800\" src=\"https:\/\/www.aecoimbracentro.pt\/on\/wp-content\/uploads\/2025\/10\/7_7_plano-cinema.jpg\" class=\"wp-image-1282 style-1664-image style-local-1279-c11-image\" alt=\"\" srcset=\"https:\/\/www.aecoimbracentro.pt\/on\/wp-content\/uploads\/2025\/10\/7_7_plano-cinema.jpg 800w, https:\/\/www.aecoimbracentro.pt\/on\/wp-content\/uploads\/2025\/10\/7_7_plano-cinema-300x300.jpg 300w, https:\/\/www.aecoimbracentro.pt\/on\/wp-content\/uploads\/2025\/10\/7_7_plano-cinema-150x150.jpg 150w, https:\/\/www.aecoimbracentro.pt\/on\/wp-content\/uploads\/2025\/10\/7_7_plano-cinema-768x768.jpg 768w\" sizes=\"auto, (max-width: 800px) 100vw, 800px\" \/>\n                      <div class=\"h-image__frame h-hide-sm style-1664-frameImage style-local-1279-c11-frameImage\"><\/div>\n                    <\/div>\n                  <\/div>\n                <\/div>\n              <\/div>\n            <\/div>\n          <\/div>\n        <\/div>\n      <\/div>\n    <\/div>\n  <\/div>\n<\/div>","protected":false},"excerpt":{"rendered":"<p>AECC Plano Nacional de&nbsp;Cinema A nossa escola integrou, no corrente ano letivo, o&nbsp;Plano [&hellip;]<\/p>\n","protected":false},"author":1,"featured_media":0,"parent":0,"menu_order":0,"comment_status":"closed","ping_status":"closed","template":"page-templates\/full-width-page.php","meta":{"footnotes":""},"class_list":["post-1279","page","type-page","status-publish","hentry"],"_links":{"self":[{"href":"https:\/\/www.aecoimbracentro.pt\/on\/index.php?rest_route=\/wp\/v2\/pages\/1279","targetHints":{"allow":["GET"]}}],"collection":[{"href":"https:\/\/www.aecoimbracentro.pt\/on\/index.php?rest_route=\/wp\/v2\/pages"}],"about":[{"href":"https:\/\/www.aecoimbracentro.pt\/on\/index.php?rest_route=\/wp\/v2\/types\/page"}],"author":[{"embeddable":true,"href":"https:\/\/www.aecoimbracentro.pt\/on\/index.php?rest_route=\/wp\/v2\/users\/1"}],"replies":[{"embeddable":true,"href":"https:\/\/www.aecoimbracentro.pt\/on\/index.php?rest_route=%2Fwp%2Fv2%2Fcomments&post=1279"}],"version-history":[{"count":4,"href":"https:\/\/www.aecoimbracentro.pt\/on\/index.php?rest_route=\/wp\/v2\/pages\/1279\/revisions"}],"predecessor-version":[{"id":3584,"href":"https:\/\/www.aecoimbracentro.pt\/on\/index.php?rest_route=\/wp\/v2\/pages\/1279\/revisions\/3584"}],"wp:attachment":[{"href":"https:\/\/www.aecoimbracentro.pt\/on\/index.php?rest_route=%2Fwp%2Fv2%2Fmedia&parent=1279"}],"curies":[{"name":"wp","href":"https:\/\/api.w.org\/{rel}","templated":true}]}}