{"id":1289,"date":"2025-10-23T00:06:24","date_gmt":"2025-10-23T00:06:24","guid":{"rendered":"https:\/\/www.aecoimbracentro.pt\/on\/?page_id=1289"},"modified":"2026-02-11T12:43:52","modified_gmt":"2026-02-11T12:43:52","slug":"projetos-europeus","status":"publish","type":"page","link":"https:\/\/www.aecoimbracentro.pt\/on\/?page_id=1289","title":{"rendered":"Projetos Erasmus +"},"content":{"rendered":"<div data-colibri-id=\"1289-c1\" class=\"style-790 style-local-1289-c1 position-relative\">\n  <!---->\n  <div data-colibri-component=\"section\" data-colibri-id=\"1289-c2\" id=\"about\" class=\"h-section h-section-global-spacing d-flex align-items-lg-center align-items-md-center align-items-center style-1665 style-local-1289-c2 position-relative\">\n    <!---->\n    <!---->\n    <div class=\"h-section-grid-container h-section-boxed-container\">\n      <!---->\n      <div data-colibri-id=\"1289-c3\" class=\"h-row-container gutters-row-lg-2 gutters-row-md-2 gutters-row-2 gutters-row-v-lg-2 gutters-row-v-md-2 gutters-row-v-2 style-1666 style-local-1289-c3 position-relative\">\n        <!---->\n        <div class=\"h-row justify-content-lg-center justify-content-md-center justify-content-center align-items-lg-stretch align-items-md-stretch align-items-stretch gutters-col-lg-2 gutters-col-md-2 gutters-col-2 gutters-col-v-lg-2 gutters-col-v-md-2 gutters-col-v-2\">\n          <!---->\n          <div class=\"h-column h-column-container d-flex h-col-lg-auto h-col-md-auto h-col-auto style-1667-outer style-local-1289-c4-outer\">\n            <div data-colibri-id=\"1289-c4\" class=\"d-flex h-flex-basis h-column__inner h-px-lg-2 h-px-md-2 h-px-2 v-inner-lg-2 v-inner-md-2 v-inner-2 style-1667 style-local-1289-c4 position-relative\">\n              <!---->\n              <!---->\n              <div class=\"w-100 h-y-container h-column__content h-column__v-align flex-basis-100 align-self-lg-center align-self-md-center align-self-center\">\n                <!---->\n                <div data-colibri-id=\"1289-c5\" class=\"h-global-transition-all h-heading style-1668 style-local-1289-c5 position-relative h-element\">\n                  <!---->\n                  <div class=\"h-heading__outer style-1668 style-local-1289-c5\">\n                    <!---->\n                    <!---->\n                    <h5 class=\"\">AECC<\/h5>\n                  <\/div>\n                <\/div>\n                <div data-colibri-id=\"1289-c6\" class=\"h-global-transition-all h-heading style-1669 style-local-1289-c6 position-relative h-element\">\n                  <!---->\n                  <div class=\"h-heading__outer style-1669 style-local-1289-c6\">\n                    <!---->\n                    <!---->\n                    <h2 class=\"\">Projetos&nbsp;<em style=\"color: rgb(247, 144, 7); font-family: &quot;Playfair Display&quot;;\">ERASMUS +<\/em><\/h2>\n                  <\/div>\n                <\/div>\n                <div data-colibri-id=\"1289-c7\" class=\"h-text h-text-component style-1670 style-local-1289-c7 position-relative h-element\">\n                  <!---->\n                  <!---->\n                  <div class=\"\">\n                    <p><strong style=\"font-weight: 700; font-size: inherit; font-family: inherit;\">Projeto Erasmus +<br>\u201cI.T.T. INNOVATIVE TECHNOLOGICAL TOOLS\u201d<br>Erasmus+ KA2<br>Reference No- 2018-1-R001-KA229-049123<br>01\/09\/2018 \u2013 31\/08\/2020<\/strong><\/p>\n                    <p>No dom\u00ednio da educa\u00e7\u00e3o, as compet\u00eancias digitais est\u00e3o entre os objetivos da UE para 2020, pelo que pretendemos chamar a aten\u00e7\u00e3o para esta necessidade.<\/p>\n                    <p>O nosso objetivo \u00e9 melhorar as compet\u00eancias dos educadores\/ professores no campo das TIC promovendo estrat\u00e9gias mais produtivas e eficazes para a nova gera\u00e7\u00e3o no uso da tecnologia na era da educa\u00e7\u00e3o.<\/p>\n                    <p>De acordo com esta necessidade, pretendemos levar a cabo este projeto de sensibiliza\u00e7\u00e3o e, em contraste com os m\u00e9todos de ensino tradicionais, chamamos a aten\u00e7\u00e3o para o acesso \u00e0 era digital, tornando as estrat\u00e9gias de ensino-aprendizagem\n                      mais eficazes, agrad\u00e1veis e atractivas para os alunos e professores.<\/p>\n                    <p>O grupo alvo do projeto s\u00e3o os professores das escolas secund\u00e1rias envolvidos e os alunos com idades compreendidas entre os 14 e os 18 anos.<\/p>\n                    <p><strong style=\"font-weight: 700; font-size: inherit; font-family: inherit;\"><u>PRINCIPAIS OBJETIVOS<\/u><\/strong><\/p>\n                    <ul>\n                      <li>O projeto tem como principal objetivo enriquecer as experi\u00eancias dos professores e alunos, ao mesmo tempo em que desenvolvem e melhoram as suas aprendizagens e ensino, contribuindo ainda para o seu desenvolvimento integral;<\/li>\n                      <li>O projeto proporciona um interc\u00e2mbio de conhecimentos e compet\u00eancias entre os alunos e os professores;<\/li>\n                      <li>Com o projeto, os educadores \/ professores nos pa\u00edses parceiros ir\u00e3o comparar o uso de ferramentas tecnol\u00f3gicas e os seus m\u00e9todos. Assim, com a intera\u00e7\u00e3o, iremos desenvolver e compartilhar conhecimento, novas experi\u00eancias e estrat\u00e9gias,\n                        com outras organiza\u00e7\u00f5es;<\/li>\n                      <li>O grupo-alvo do projeto ir\u00e1 enriquecer as suas compet\u00eancias e experi\u00eancias no campo das ferramentas tecnol\u00f3gicas utilizadas no ensino e atividades de aprendizagem;<\/li>\n                      <li>Compartilhar diferentes m\u00e9todos das TIC desenvolver\u00e1 novos horizontes para o sistema educacional em cada pa\u00eds participante;<\/li>\n                      <li>As atividades do projeto contribuir\u00e3o para unir os participantes dos diferentes pa\u00edses da EU, online e atrav\u00e9s das diferentes mobilidades, no sentido de partilhar novas experi\u00eancias culturais.<\/li>\n                    <\/ul>\n                    <p><strong style=\"font-weight: 700; font-size: inherit; font-family: inherit;\"><u>PA\u00cdSES\/PARCEIROS<\/u><\/strong><\/p>\n                    <ul>\n                      <li><strong style=\"font-weight: 700; font-size: inherit; font-family: inherit;\">Rom\u00e9nia&nbsp;<\/strong>| Coordenadora geral do projeto: Corina Ciobanu<\/li>\n                      <li><strong style=\"font-weight: 700; font-size: inherit; font-family: inherit;\">Gr\u00e9cia&nbsp;<\/strong>| Coordenadora geral do projeto: Eleni Alexan<\/li>\n                      <li><strong style=\"font-weight: 700; font-size: inherit; font-family: inherit;\">It\u00e1lia&nbsp;<\/strong>| Coordenadora geral do projeto: Daniella La Mattina<\/li>\n                      <li><strong style=\"font-weight: 700; font-size: inherit; font-family: inherit;\">Litu\u00e2nia&nbsp;<\/strong>| Coordenadora geral do projeto: Zivile Matukiene<\/li>\n                      <li><strong style=\"font-weight: 700; font-size: inherit; font-family: inherit;\">Portugal&nbsp;<\/strong>| Coordenadora geral do projeto: \u00c2ngela Coelho<\/li>\n                      <li><strong style=\"font-weight: 700; font-size: inherit; font-family: inherit;\">Turquia&nbsp;<\/strong>| Coordenadora geral do projeto: Pinar Girgin<\/li>\n                    <\/ul>\n                    <p><strong style=\"font-weight: 700; font-size: inherit; font-family: inherit;\"><u>EQUIPA<\/u><\/strong><\/p>\n                    <ul>\n                      <li>Concei\u00e7\u00e3o Malh\u00f3 Gomes, \u00c2ngela Coelho, Filipe Pocinho, Fernanda Palrinhas, Paulo Santos, Teresa Miraldo, Jorge Nogueira e Ana Paula Augusto<\/li>\n                    <\/ul>\n                    <p><strong style=\"font-weight: 700; font-size: inherit; font-family: inherit;\"><u>MOBILIDADES<\/u><\/strong><\/p>\n                    <ul>\n                      <li>Turquia (TM ) (Adana) | 07 a 10 de novembro,&nbsp;<strong style=\"font-weight: 700; font-size: inherit; font-family: inherit;\">Diretores\/Coordenadores<\/strong><\/li>\n                      <li>Rom\u00e9nia (Pitesti) | 28 de janeiro a 01 de fevereiro,&nbsp;<strong style=\"font-weight: 700; font-size: inherit; font-family: inherit;\">5 Alunas \/ 2 Professores<\/strong><\/li>\n                      <li>Gr\u00e9cia (Creta) | 18 a 22 de Mar\u00e7o,&nbsp;<strong style=\"font-weight: 700; font-size: inherit; font-family: inherit;\">5 Professores<\/strong><\/li>\n                      <li>Portugal | 23 a 27 de setembro,&nbsp;<strong style=\"font-weight: 700; font-size: inherit; font-family: inherit;\">5 Alunos \/ 2 Professores de cada pa\u00eds<\/strong><\/li>\n                      <li>Litu\u00e2nia (Kedainiai) | abril de 2020,&nbsp;<strong style=\"font-weight: 700; font-size: inherit; font-family: inherit;\">5 Professores<\/strong><\/li>\n                      <li>It\u00e1lia (Piazza Armerina) | maio de 2020,&nbsp;<strong style=\"font-weight: 700; font-size: inherit; font-family: inherit;\">5 Alunos \/ 2 Professores<\/strong><\/li>\n                      <li>Final Meeting,&nbsp;<strong style=\"font-weight: 700; font-size: inherit; font-family: inherit;\">Coordenadores<\/strong>.<\/li>\n                    <\/ul>\n                  <\/div>\n                <\/div>\n              <\/div>\n            <\/div>\n          <\/div>\n          <div class=\"h-column h-column-container d-flex h-col-lg-auto h-col-md-auto h-col-auto style-1673-outer style-local-1289-c10-outer\">\n            <div data-colibri-id=\"1289-c10\" class=\"d-flex h-flex-basis h-column__inner h-px-lg-2 h-px-md-2 h-px-2 v-inner-lg-2 v-inner-md-2 v-inner-2 style-1673 style-local-1289-c10 position-relative\">\n              <!---->\n              <!---->\n              <div class=\"w-100 h-y-container h-column__content h-column__v-align flex-basis-100 align-self-lg-start align-self-md-start align-self-start\">\n                <!---->\n                <div data-colibri-id=\"1289-c11\" class=\"d-block style-1674 style-local-1289-c11 position-relative h-element\">\n                  <!---->\n                  <div class=\"h-image__frame-container-outer\">\n                    <div class=\"h-image__frame-container\">\n                      <!---->\n                      <!---->\n                      <img loading=\"lazy\" decoding=\"async\" width=\"800\" height=\"800\" src=\"https:\/\/www.aecoimbracentro.pt\/on\/wp-content\/uploads\/2025\/10\/4_4_projetos-europeus.jpg\" class=\"wp-image-1292 style-1674-image style-local-1289-c11-image\" alt=\"\" srcset=\"https:\/\/www.aecoimbracentro.pt\/on\/wp-content\/uploads\/2025\/10\/4_4_projetos-europeus.jpg 800w, https:\/\/www.aecoimbracentro.pt\/on\/wp-content\/uploads\/2025\/10\/4_4_projetos-europeus-300x300.jpg 300w, https:\/\/www.aecoimbracentro.pt\/on\/wp-content\/uploads\/2025\/10\/4_4_projetos-europeus-150x150.jpg 150w, https:\/\/www.aecoimbracentro.pt\/on\/wp-content\/uploads\/2025\/10\/4_4_projetos-europeus-768x768.jpg 768w\" sizes=\"auto, (max-width: 800px) 100vw, 800px\" \/>\n                      <div class=\"h-image__frame h-hide-sm style-1674-frameImage style-local-1289-c11-frameImage\"><\/div>\n                    <\/div>\n                  <\/div>\n                <\/div>\n              <\/div>\n            <\/div>\n          <\/div>\n        <\/div>\n      <\/div>\n    <\/div>\n  <\/div>\n  <div data-colibri-component=\"section\" data-colibri-id=\"1289-c12\" id=\"custom\" class=\"h-section h-section-global-spacing d-flex align-items-lg-center align-items-md-center align-items-center style-1823 style-local-1289-c12 position-relative\">\n    <!---->\n    <!---->\n    <div class=\"h-section-grid-container h-section-boxed-container\">\n      <!---->\n      <div data-colibri-id=\"1289-c15\" class=\"h-row-container gutters-row-lg-2 gutters-row-md-2 gutters-row-0 gutters-row-v-lg-2 gutters-row-v-md-2 gutters-row-v-2 style-1826 style-local-1289-c15 position-relative\">\n        <!---->\n        <div class=\"h-row justify-content-lg-center justify-content-md-center justify-content-center align-items-lg-stretch align-items-md-stretch align-items-stretch gutters-col-lg-2 gutters-col-md-2 gutters-col-0 gutters-col-v-lg-2 gutters-col-v-md-2 gutters-col-v-2\">\n          <!---->\n          <div class=\"h-column h-column-container d-flex h-col-lg-auto h-col-md-auto h-col-auto style-1827-outer style-local-1289-c16-outer\">\n            <div data-colibri-id=\"1289-c16\" class=\"d-flex h-flex-basis h-column__inner h-px-lg-2 h-px-md-2 h-px-2 v-inner-lg-2 v-inner-md-2 v-inner-2 style-1827 style-local-1289-c16 position-relative\">\n              <!---->\n              <!---->\n              <div class=\"w-100 h-y-container h-column__content h-column__v-align flex-basis-100 align-self-lg-start align-self-md-start align-self-start\">\n                <!---->\n                <div data-colibri-id=\"1289-c17\" class=\"h-text h-text-component style-1828 style-local-1289-c17 position-relative h-element\">\n                  <!---->\n                  <!---->\n                  <div class=\"\">\n                    <p><strong>Projetos Ativos&nbsp;&nbsp;&nbsp;&nbsp;&nbsp;&nbsp;&nbsp;&nbsp;&nbsp;&nbsp;&nbsp;&nbsp;&nbsp;&nbsp;&nbsp;&nbsp;&nbsp;&nbsp;&nbsp;&nbsp;&nbsp;&nbsp;&nbsp;&nbsp;&nbsp;&nbsp;&nbsp;&nbsp;&nbsp;&nbsp;&nbsp;&nbsp;&nbsp;&nbsp;&nbsp;&nbsp;&nbsp;&nbsp;&nbsp;&nbsp;&nbsp;&nbsp;&nbsp;&nbsp;&nbsp;&nbsp;&nbsp;&nbsp;&nbsp;&nbsp;&nbsp;&nbsp;&nbsp;&nbsp;&nbsp;&nbsp;&nbsp;&nbsp;&nbsp;&nbsp;&nbsp;&nbsp;&nbsp;&nbsp;&nbsp;&nbsp;&nbsp;&nbsp;&nbsp;&nbsp;&nbsp;&nbsp;&nbsp;&nbsp;&nbsp;&nbsp;&nbsp;&nbsp;&nbsp;&nbsp;&nbsp;&nbsp;&nbsp;&nbsp;&nbsp;&nbsp;&nbsp;&nbsp;&nbsp;&nbsp;&nbsp;&nbsp;&nbsp;&nbsp;&nbsp;&nbsp;&nbsp;&nbsp;&nbsp;&nbsp;&nbsp;&nbsp;&nbsp;&nbsp;&nbsp;&nbsp;&nbsp;&nbsp;&nbsp;&nbsp;&nbsp;&nbsp;&nbsp;&nbsp;&nbsp;&nbsp;&nbsp;&nbsp;&nbsp;&nbsp;&nbsp;&nbsp;&nbsp;<\/strong><\/p>\n                    <p><strong><em><u>EcoFit; Where Fashion Meets Sport<\/u><\/em><\/strong><\/p>\n                    <p>Projeto: 2025-1-RO01-KA210-SCH-000355294<\/p>\n                    <p>Escola Coordenadora: <strong>Pite\u0219ti Children&#8217;s Palace<\/strong><\/p>\n                    <p>Coordenadora: <strong>Corina Voicil\u0103<\/strong><\/p>\n                    <p>Pa\u00edses parceiros: <strong>Rom\u00e9nia, Portugal, Litu\u00e2nia e Turquia<\/strong> <\/p>\n                    <p>\n                      <br>\n                    <\/p>\n                    <p><strong>Mobilidades: <\/strong><\/p>\n                    <p>Lan\u00e7amento do Projeto- \u201c<em>Transnational meeting<\/em>\u201d para coordenadores &#8211; final de novembro (em Pitesti (Rom\u00e9nia) \u2013 27 \u2013 30 novembro.<\/p>\n                    <p><strong>Mobilidade 1<\/strong>: abril 2026 (Litu\u00e2nia) \u2013 Participantes -2 professores e 4 alunos\/as<\/p>\n                    <p><strong>Mobilidade 2:<\/strong> &nbsp;outubro 2026 (Portugal)- Participantes de todos os pa\u00edses envolvidos<\/p>\n                    <p><strong>Mobilidade 3:<\/strong> : maio 2027 (Turquia ) &#8211; Participantes -2 professores e 4 alunos\/as<\/p>\n                    <p><strong>Principal objetivo: Promover o bem-estar e a sa\u00fade atrav\u00e9s do desporto.<\/strong><\/p>\n                    <p>Inspirado nos Jogos Ol\u00edmpicos de Paris de 2024, este projeto visa promover a sa\u00fade f\u00edsica e mental e a consci\u00eancia ambiental entre os nossos\/as alunos\/as. Ao focarmo-nos em desportos como o ciclismo, o futebol, o voleibol e a nata\u00e7\u00e3o,\n                      esperamos melhorar o bem-estar f\u00edsico e mental, enfatizando a import\u00e2ncia da inclus\u00e3o e da diversidade na educa\u00e7\u00e3o e no desporto. Ao participarem nestas atividades, os\/as alunos\/as usar\u00e3o roupas especialmente criadas para o projeto,\n                      com zero desperd\u00edcio, destacando a luta contra as altera\u00e7\u00f5es clim\u00e1ticas.<\/p>\n                    <p>\n                      <br>\n                    <\/p>\n                    <p>\n                      <br>\n                    <\/p>\n                    <p><strong><u>Candidatura Projeto Erasmus + UAARE:&nbsp;<\/u><\/strong>\n                      <u>&nbsp;<\/u>\n                    <\/p>\n                    <p>Escola Coordenadora:\u202f<strong>Agrupamento de Escolas Coimbra Centro<\/strong>&nbsp;<\/p>\n                    <p>T\u00edtulo:\u202f<strong>DUAL2EXCEL UAARE<\/strong>&nbsp;\u2013 Inova\u00e7\u00e3o Pedag\u00f3gica e Colabora\u00e7\u00e3o Escola-Desporto para a Excel\u00eancia na Carreira Dupla de Alunos-atletas de Elite (UAARE&nbsp;<\/p>\n                    <p><em>Call:<\/em>\u202f<strong>2025 Round 2<\/strong>\u202f-&nbsp;A\u00e7\u00e3o&nbsp;:<strong>&nbsp;Mobilidade de pessoal desportivo (KA182-SPO)<\/strong>&nbsp;<\/p>\n                    <p>&#8211;&nbsp;Professores Acompanhantes UAARE\/ Interlocutores desportivos e Equipa Nacional.&nbsp;&nbsp;<\/p>\n                    <p><strong>Parceiro \/&nbsp;Host&nbsp;:&nbsp;INSEP (<\/strong>INSTITUT NATIONAL DU SPORT DE L EXPERTISE ET DE LA PERFORMANCE) Paris- France&nbsp;<\/p>\n                  <\/div>\n                <\/div>\n              <\/div>\n            <\/div>\n          <\/div>\n        <\/div>\n      <\/div>\n      <div data-colibri-id=\"1289-c13\" class=\"h-row-container gutters-row-lg-2 gutters-row-md-2 gutters-row-0 gutters-row-v-lg-2 gutters-row-v-md-2 gutters-row-v-2 style-1824 style-local-1289-c13 position-relative\">\n        <!---->\n        <div class=\"h-row justify-content-lg-center justify-content-md-center justify-content-center align-items-lg-stretch align-items-md-stretch align-items-stretch gutters-col-lg-2 gutters-col-md-2 gutters-col-0 gutters-col-v-lg-2 gutters-col-v-md-2 gutters-col-v-2\">\n          <!---->\n          <div class=\"h-column h-column-container d-flex h-col-lg-auto h-col-md-auto h-col-auto style-1825-outer style-local-1289-c14-outer\">\n            <div data-colibri-id=\"1289-c14\" class=\"d-flex h-flex-basis h-column__inner h-px-lg-2 h-px-md-2 h-px-2 v-inner-lg-2 v-inner-md-2 v-inner-2 style-1825 style-local-1289-c14 position-relative\">\n              <!---->\n              <!---->\n              <div class=\"w-100 h-y-container h-column__content h-column__v-align flex-basis-100 align-self-lg-start align-self-md-start align-self-start\">\n                <!---->\n                <div data-colibri-id=\"1289-c8\" class=\"h-x-container style-1671 style-local-1289-c8 position-relative h-element\">\n                  <!---->\n                  <div class=\"h-x-container-inner style-dynamic-1289-c8-group style-1671-spacing style-local-1289-c8-spacing\"><span class=\"h-button__outer style-1672-outer style-local-1289-c9-outer d-inline-flex h-element\"><a h-use-smooth-scroll=\"true\" href=\"https:\/\/www.aecoimbracentro.pt\/on\/?page_id=137\"  data-colibri-id=\"1289-c9\" class=\"d-flex w-100 align-items-center h-button justify-content-lg-center justify-content-md-center justify-content-center style-1672 style-local-1289-c9 position-relative\"><!----><!----> <span>voltar aos projetos e clubes<\/span><\/a>\n                    <\/span>\n                  <\/div>\n                <\/div>\n              <\/div>\n            <\/div>\n          <\/div>\n        <\/div>\n      <\/div>\n    <\/div>\n  <\/div>\n<\/div>","protected":false},"excerpt":{"rendered":"<p>AECC Projetos&nbsp;ERASMUS + Projeto Erasmus +\u201cI.T.T. INNOVATIVE TECHNOLOGICAL TOOLS\u201dErasmus+ KA2Reference No- 2018-1-R001-KA229-04912301\/09\/2018 \u2013 [&hellip;]<\/p>\n","protected":false},"author":21,"featured_media":0,"parent":0,"menu_order":0,"comment_status":"closed","ping_status":"closed","template":"page-templates\/full-width-page.php","meta":{"footnotes":""},"class_list":["post-1289","page","type-page","status-publish","hentry"],"_links":{"self":[{"href":"https:\/\/www.aecoimbracentro.pt\/on\/index.php?rest_route=\/wp\/v2\/pages\/1289","targetHints":{"allow":["GET"]}}],"collection":[{"href":"https:\/\/www.aecoimbracentro.pt\/on\/index.php?rest_route=\/wp\/v2\/pages"}],"about":[{"href":"https:\/\/www.aecoimbracentro.pt\/on\/index.php?rest_route=\/wp\/v2\/types\/page"}],"author":[{"embeddable":true,"href":"https:\/\/www.aecoimbracentro.pt\/on\/index.php?rest_route=\/wp\/v2\/users\/21"}],"replies":[{"embeddable":true,"href":"https:\/\/www.aecoimbracentro.pt\/on\/index.php?rest_route=%2Fwp%2Fv2%2Fcomments&post=1289"}],"version-history":[{"count":8,"href":"https:\/\/www.aecoimbracentro.pt\/on\/index.php?rest_route=\/wp\/v2\/pages\/1289\/revisions"}],"predecessor-version":[{"id":3566,"href":"https:\/\/www.aecoimbracentro.pt\/on\/index.php?rest_route=\/wp\/v2\/pages\/1289\/revisions\/3566"}],"wp:attachment":[{"href":"https:\/\/www.aecoimbracentro.pt\/on\/index.php?rest_route=%2Fwp%2Fv2%2Fmedia&parent=1289"}],"curies":[{"name":"wp","href":"https:\/\/api.w.org\/{rel}","templated":true}]}}