{"id":1299,"date":"2025-10-23T00:08:30","date_gmt":"2025-10-23T00:08:30","guid":{"rendered":"https:\/\/www.aecoimbracentro.pt\/on\/?page_id=1299"},"modified":"2026-03-05T13:50:44","modified_gmt":"2026-03-05T13:50:44","slug":"quadro-eqavet","status":"publish","type":"page","link":"https:\/\/www.aecoimbracentro.pt\/on\/?page_id=1299","title":{"rendered":"Centro Qualifica"},"content":{"rendered":"<div data-colibri-id=\"1299-c1\" class=\"style-797 style-local-1299-c1 position-relative\">\n  <!---->\n  <div data-colibri-component=\"section\" data-colibri-id=\"1299-c2\" id=\"about\" class=\"h-section h-section-global-spacing d-flex align-items-lg-center align-items-md-center align-items-center style-1685 style-local-1299-c2 position-relative\">\n    <!---->\n    <!---->\n    <div class=\"h-section-grid-container h-section-boxed-container\">\n      <!---->\n      <div data-colibri-id=\"1299-c3\" class=\"h-row-container gutters-row-lg-2 gutters-row-md-2 gutters-row-2 gutters-row-v-lg-2 gutters-row-v-md-2 gutters-row-v-2 style-1686 style-local-1299-c3 position-relative\">\n        <!---->\n        <div class=\"h-row justify-content-lg-center justify-content-md-center justify-content-center align-items-lg-stretch align-items-md-stretch align-items-stretch gutters-col-lg-2 gutters-col-md-2 gutters-col-2 gutters-col-v-lg-2 gutters-col-v-md-2 gutters-col-v-2\">\n          <!---->\n          <div class=\"h-column h-column-container d-flex h-col-lg-auto h-col-md-auto h-col-auto style-1687-outer style-local-1299-c4-outer\">\n            <div data-colibri-id=\"1299-c4\" class=\"d-flex h-flex-basis h-column__inner h-px-lg-2 h-px-md-2 h-px-2 v-inner-lg-2 v-inner-md-2 v-inner-2 style-1687 style-local-1299-c4 position-relative\">\n              <!---->\n              <!---->\n              <div class=\"w-100 h-y-container h-column__content h-column__v-align flex-basis-100 align-self-lg-center align-self-md-center align-self-center\">\n                <!---->\n                <div data-colibri-id=\"1299-c5\" class=\"h-global-transition-all h-heading style-1688 style-local-1299-c5 position-relative h-element\">\n                  <!---->\n                  <div class=\"h-heading__outer style-1688 style-local-1299-c5\">\n                    <!---->\n                    <!---->\n                    <h5 class=\"\">AECC<\/h5>\n                  <\/div>\n                <\/div>\n                <div data-colibri-id=\"1299-c6\" class=\"h-global-transition-all h-heading style-1689 style-local-1299-c6 position-relative h-element\">\n                  <!---->\n                  <div class=\"h-heading__outer style-1689 style-local-1299-c6\">\n                    <!---->\n                    <!---->\n                    <h2 class=\"\">Centro Qualifica<\/h2>\n                  <\/div>\n                <\/div>\n                <div data-colibri-id=\"1299-c7\" class=\"h-text h-text-component style-1690 style-local-1299-c7 position-relative h-element\">\n                  <!---->\n                  <!---->\n                  <div class=\"\">\n                    <p><strong>O Centro Qualifica (CQ) do Agrupamento de Escolas Coimbra Centro<\/strong> \u00e9 um centro especializado em qualifica\u00e7\u00e3o de adultos que visa promover a aprendizagem ao longo da vida e a melhoria das qualifica\u00e7\u00f5es escolares e profissionais\n                      da popula\u00e7\u00e3o, valorizando os percursos individuais de cada pessoa. Este Centro assume um papel determinante na orienta\u00e7\u00e3o e encaminhamento dos adultos para percursos de qualifica\u00e7\u00e3o assentes na complementaridade entre reconhecimento,\n                      valida\u00e7\u00e3o e certifica\u00e7\u00e3o de compet\u00eancias e a frequ\u00eancia de forma\u00e7\u00e3o certificada, em fun\u00e7\u00e3o dos perfis e das necessidades dos indiv\u00edduos (Portaria n.\u00ba 62\/2022, de 31 de janeiro).<\/p>\n                    <p>Atrav\u00e9s do Centro Qualifica poder\u00e1 obter:<\/p>\n                    <ul>\n                      <li>uma qualifica\u00e7\u00e3o de n\u00edvel b\u00e1sico (4\u00ba, 6\u00ba ou 9\u00ba anos);<\/li>\n                      <li>a qualifica\u00e7\u00e3o de n\u00edvel secund\u00e1rio (12\u00ba ano);<\/li>\n                      <li>uma qualifica\u00e7\u00e3o profissional ap\u00f3s a conclus\u00e3o do ensino b\u00e1sico ou secund\u00e1rio.<\/li>\n                    <\/ul>\n                    <p>DESTINAT\u00c1RIOS<\/p>\n                    <p>Adultos com idade superior ou igual a 18 anos e, excecionalmente, jovens que n\u00e3o se encontrem a frequentar modalidades de educa\u00e7\u00e3o\/forma\u00e7\u00e3o e que n\u00e3o estejam inseridos no mercado de trabalho.<\/p>\n                    <p>RVCC \u2013 o processo de Reconhecimento, Valida\u00e7\u00e3o e Certifica\u00e7\u00e3o das Compet\u00eancias adquiridas ao longo da vida \u00e9 desenvolvido com o apoio da equipa do CQ do AECC para a obten\u00e7\u00e3o de uma qualifica\u00e7\u00e3o escolar de n\u00edvel b\u00e1sico ou secund\u00e1rio.<\/p>\n                    <p>OUTRAS OFERTAS DE EDUCA\u00c7\u00c3O E FORMA\u00c7\u00c3O PARA ADULTOS PROMOVIDAS PELO AECC<\/p>\n                    <ul>\n                      <li>Curso EFA escolar de n\u00edvel secund\u00e1rio &#8211; (12\u00ba ano) &#8211; percursos A, B ou C;<\/li>\n                      <li>Ensino recorrente n\u00e3o presencial (n\u00edvel secund\u00e1rio);<\/li>\n                      <li>Exames ou forma\u00e7\u00f5es modulares ao abrigo do DL 357\/07 (m\u00e1ximo de 6 disciplinas\/ano em falta) para conclus\u00e3o do ensino secund\u00e1rio;<\/li>\n                      <li>Forma\u00e7\u00f5es modulares certificadas: l\u00ednguas estrangeiras, TIC, Portugu\u00eas L\u00edngua de Acolhimento (n\u00edveis A1, A2, B1 e B2) e outras.<\/li>\n                    <\/ul>\n                    <p>HOR\u00c1RIO de acolhimento do Centro Qualifica<\/p>\n                    <p>De segunda a quinta-feira das 10h00 \u00e0s 13h00 e das 14h30 \u00e0s 17h00.<\/p>\n                    <p><strong>Nota<\/strong>: Mediante agendamento (por email ou contacto telef\u00f3nico), o acolhimento poder\u00e1 ser realizado em hor\u00e1rio p\u00f3s-laboral.<\/p>\n                    <p>\n                      <br>\n                    <\/p>\n                    <p>INSCRI\u00c7\u00c3O<\/p>\n                    <p>As inscri\u00e7\u00f5es est\u00e3o abertas durante todo o ano.<\/p>\n                    <p>Poder\u00e3o ser realizadas presencialmente ou atrav\u00e9s dos seguintes formul\u00e1rios:<\/p>\n                    <ol>\n                      <li>Formul\u00e1rio de inscri\u00e7\u00e3o no Centro Qualifica:\n                        <a href=\"https:\/\/forms.gle\/3BCPQV7kXNRPu9oR6\" class=\"customize-unpreviewable\">https:\/\/forms.gle\/3BCPQV7kXNRPu9oR6<\/a>\n                      <\/li>\n                      <li>Formul\u00e1rio de inscri\u00e7\u00e3o no Centro Qualifica em ingl\u00eas:\n                        <a href=\"https:\/\/forms.gle\/XmAdTjaKSzTeDZth8\" class=\"customize-unpreviewable\">https:\/\/forms.gle\/XmAdTjaKSzTeDZth8<\/a>\n                      <\/li>\n                      <li>Formul\u00e1rio de inscri\u00e7\u00e3o nas UFCD:\n                        <br>\n                        <a href=\"https:\/\/forms.gle\/JXvpvogGuT3iFAXa9\" class=\"customize-unpreviewable\">https:\/\/forms.gle\/JXvpvogGuT3iFAXa9<\/a>\n                      <\/li>\n                    <\/ol>\n                    <p>\n                      <br>\n                    <\/p>\n                    <p>Documenta\u00e7\u00e3o necess\u00e1ria \u00e0 inscri\u00e7\u00e3o:<\/p>\n                    <ul>\n                      <li>Documento de identifica\u00e7\u00e3o;<\/li>\n                      <li>Certificado de habilita\u00e7\u00f5es (original e atualizado).<\/li>\n                    <\/ul>\n                    <p>\n                      <br>\n                    <\/p>\n                    <p>CONTACTOS:<\/p>\n                    <p><strong>Telefone<\/strong>: 239 855 338<\/p>\n                    <p><strong>E-mail<\/strong>: centroqualifica@aecoimbracentro.pt<\/p>\n                    <p><strong>Morada<\/strong>: Rua Ol\u00edmpio Nicolau Rui Fernandes, 3000-303 Coimbra<\/p>\n                    <p><strong>Facebook<\/strong>: Centro Qualifica \u2013 Agrupamento de Escolas Coimbra Centro<\/p>\n                  <\/div>\n                <\/div>\n                <div data-colibri-id=\"1299-c8\" class=\"h-x-container style-1691 style-local-1299-c8 position-relative h-element\">\n                  <!---->\n                  <div class=\"h-x-container-inner style-dynamic-1299-c8-group style-1691-spacing style-local-1299-c8-spacing\"><span class=\"h-button__outer style-1692-outer style-local-1299-c9-outer d-inline-flex h-element\"><a h-use-smooth-scroll=\"true\" href=\"https:\/\/www.aecoimbracentro.pt\/on\/?page_id=137\"  data-colibri-id=\"1299-c9\" class=\"d-flex w-100 align-items-center h-button justify-content-lg-center justify-content-md-center justify-content-center style-1692 style-local-1299-c9 position-relative\"><!----><!----> <span>voltar aos projetos e clubes&#8230;<\/span><\/a>\n                    <\/span>\n                  <\/div>\n                <\/div>\n              <\/div>\n            <\/div>\n          <\/div>\n          <div class=\"h-column h-column-container d-flex h-col-lg-auto h-col-md-auto h-col-auto style-1693-outer style-local-1299-c10-outer\">\n            <div data-colibri-id=\"1299-c10\" class=\"d-flex h-flex-basis h-column__inner h-px-lg-2 h-px-md-2 h-px-2 v-inner-lg-2 v-inner-md-2 v-inner-2 style-1693 style-local-1299-c10 position-relative\">\n              <!---->\n              <!---->\n              <div class=\"w-100 h-y-container h-column__content h-column__v-align flex-basis-100 align-self-lg-start align-self-md-start align-self-start\">\n                <!---->\n                <div data-colibri-id=\"1299-c11\" class=\"d-block style-1694 style-local-1299-c11 position-relative h-element\">\n                  <!---->\n                  <div class=\"h-image__frame-container-outer\">\n                    <div class=\"h-image__frame-container\">\n                      <!---->\n                      <!---->\n                      <img loading=\"lazy\" decoding=\"async\" width=\"800\" height=\"800\" src=\"https:\/\/www.aecoimbracentro.pt\/on\/wp-content\/uploads\/2025\/10\/20_17_centro-qualifica.jpg\" class=\"wp-image-293 style-1694-image style-local-1299-c11-image\" alt=\"\" srcset=\"https:\/\/www.aecoimbracentro.pt\/on\/wp-content\/uploads\/2025\/10\/20_17_centro-qualifica.jpg 800w, https:\/\/www.aecoimbracentro.pt\/on\/wp-content\/uploads\/2025\/10\/20_17_centro-qualifica-300x300.jpg 300w, https:\/\/www.aecoimbracentro.pt\/on\/wp-content\/uploads\/2025\/10\/20_17_centro-qualifica-150x150.jpg 150w, https:\/\/www.aecoimbracentro.pt\/on\/wp-content\/uploads\/2025\/10\/20_17_centro-qualifica-768x768.jpg 768w\" sizes=\"auto, (max-width: 800px) 100vw, 800px\" \/>\n                      <div class=\"h-image__frame h-hide-sm style-1694-frameImage style-local-1299-c11-frameImage\"><\/div>\n                    <\/div>\n                  <\/div>\n                <\/div>\n                <div data-colibri-id=\"1299-c12\" class=\"h-text h-text-component style-1718 style-local-1299-c12 position-relative h-element\">\n                  <!---->\n                  <!---->\n                  <div class=\"\">\n                    <p>2025-2026: Ficha de opera\u00e7\u00e3o do Centro Qualifica <\/p>\n                    <p>\n                      <br>\n                    <\/p>\n                  <\/div>\n                <\/div>\n                <div data-colibri-id=\"1299-c13\" class=\"d-block style-1712 style-local-1299-c13 position-relative h-element\">\n                  <!---->\n                  <div class=\"h-image__frame-container-outer\">\n                    <div class=\"h-image__frame-container\">\n                      <!---->\n                      <!---->\n                      <img loading=\"lazy\" decoding=\"async\" width=\"633\" height=\"894\" src=\"https:\/\/www.aecoimbracentro.pt\/on\/wp-content\/uploads\/2026\/01\/Ficha_de_operacao_CQ.jpg\" class=\"wp-image-2937 style-1712-image style-local-1299-c13-image\" alt=\"\" srcset=\"https:\/\/www.aecoimbracentro.pt\/on\/wp-content\/uploads\/2026\/01\/Ficha_de_operacao_CQ.jpg 633w, https:\/\/www.aecoimbracentro.pt\/on\/wp-content\/uploads\/2026\/01\/Ficha_de_operacao_CQ-212x300.jpg 212w\" sizes=\"auto, (max-width: 633px) 100vw, 633px\" \/>\n                      <div class=\"h-image__frame h-hide-lg h-hide-md h-hide-sm style-1712-frameImage style-local-1299-c13-frameImage\"><\/div>\n                    <\/div>\n                  <\/div>\n                <\/div>\n              <\/div>\n            <\/div>\n          <\/div>\n        <\/div>\n      <\/div>\n      <div data-colibri-id=\"1299-c14\" class=\"h-row-container gutters-row-lg-2 gutters-row-md-2 gutters-row-0 gutters-row-v-lg-2 gutters-row-v-md-2 gutters-row-v-2 style-1715 style-local-1299-c14 position-relative\">\n        <!---->\n        <div class=\"h-row justify-content-lg-center justify-content-md-center justify-content-center align-items-lg-stretch align-items-md-stretch align-items-stretch gutters-col-lg-2 gutters-col-md-2 gutters-col-0 gutters-col-v-lg-2 gutters-col-v-md-2 gutters-col-v-2\">\n          <!---->\n          <div class=\"h-column h-column-container d-flex h-col-lg-auto h-col-md-auto h-col-auto style-1716-outer style-local-1299-c15-outer\">\n            <div data-colibri-id=\"1299-c15\" class=\"d-flex h-flex-basis h-column__inner h-px-lg-2 h-px-md-2 h-px-2 v-inner-lg-2 v-inner-md-2 v-inner-2 style-1716 style-local-1299-c15 position-relative\">\n              <!---->\n              <!---->\n              <div class=\"w-100 h-y-container h-column__content h-column__v-align flex-basis-100 align-self-lg-start align-self-md-start align-self-start\">\n                <!---->\n                <div data-colibri-id=\"1299-c16\" class=\"h-text h-text-component style-1717 style-local-1299-c16 position-relative h-element\">\n                  <!---->\n                  <!---->\n                  <div class=\"\">\n                    <p>Lorem ipsum dolor sit amet, at mei dolore tritani repudiandae. In his nemore temporibus consequuntur, vim ad prima vivendum consetetur. Viderer feugiat at pro, mea aperiam<\/p>\n                  <\/div>\n                <\/div>\n              <\/div>\n            <\/div>\n          <\/div>\n        <\/div>\n      <\/div>\n    <\/div>\n  <\/div>\n<\/div>","protected":false},"excerpt":{"rendered":"<p>AECC Centro Qualifica O Centro Qualifica (CQ) do Agrupamento de Escolas Coimbra Centro [&hellip;]<\/p>\n","protected":false},"author":21,"featured_media":0,"parent":0,"menu_order":0,"comment_status":"closed","ping_status":"closed","template":"page-templates\/full-width-page.php","meta":{"footnotes":""},"class_list":["post-1299","page","type-page","status-publish","hentry"],"_links":{"self":[{"href":"https:\/\/www.aecoimbracentro.pt\/on\/index.php?rest_route=\/wp\/v2\/pages\/1299","targetHints":{"allow":["GET"]}}],"collection":[{"href":"https:\/\/www.aecoimbracentro.pt\/on\/index.php?rest_route=\/wp\/v2\/pages"}],"about":[{"href":"https:\/\/www.aecoimbracentro.pt\/on\/index.php?rest_route=\/wp\/v2\/types\/page"}],"author":[{"embeddable":true,"href":"https:\/\/www.aecoimbracentro.pt\/on\/index.php?rest_route=\/wp\/v2\/users\/21"}],"replies":[{"embeddable":true,"href":"https:\/\/www.aecoimbracentro.pt\/on\/index.php?rest_route=%2Fwp%2Fv2%2Fcomments&post=1299"}],"version-history":[{"count":12,"href":"https:\/\/www.aecoimbracentro.pt\/on\/index.php?rest_route=\/wp\/v2\/pages\/1299\/revisions"}],"predecessor-version":[{"id":5238,"href":"https:\/\/www.aecoimbracentro.pt\/on\/index.php?rest_route=\/wp\/v2\/pages\/1299\/revisions\/5238"}],"wp:attachment":[{"href":"https:\/\/www.aecoimbracentro.pt\/on\/index.php?rest_route=%2Fwp%2Fv2%2Fmedia&parent=1299"}],"curies":[{"name":"wp","href":"https:\/\/api.w.org\/{rel}","templated":true}]}}