{"id":1315,"date":"2025-10-23T00:18:07","date_gmt":"2025-10-23T00:18:07","guid":{"rendered":"https:\/\/www.aecoimbracentro.pt\/on\/?page_id=1315"},"modified":"2026-02-11T12:41:04","modified_gmt":"2026-02-11T12:41:04","slug":"escola-saudavelmente","status":"publish","type":"page","link":"https:\/\/www.aecoimbracentro.pt\/on\/?page_id=1315","title":{"rendered":"Escola Saud\u00e1velMente"},"content":{"rendered":"<div data-colibri-id=\"1315-c1\" class=\"style-831 style-local-1315-c1 position-relative\">\n  <!---->\n  <div data-colibri-component=\"section\" data-colibri-id=\"1315-c2\" id=\"about\" class=\"h-section h-section-global-spacing d-flex align-items-lg-center align-items-md-center align-items-center style-1625 style-local-1315-c2 position-relative\">\n    <!---->\n    <!---->\n    <div class=\"h-section-grid-container h-section-boxed-container\">\n      <!---->\n      <div data-colibri-id=\"1315-c3\" class=\"h-row-container gutters-row-lg-2 gutters-row-md-2 gutters-row-2 gutters-row-v-lg-2 gutters-row-v-md-2 gutters-row-v-2 style-1626 style-local-1315-c3 position-relative\">\n        <!---->\n        <div class=\"h-row justify-content-lg-center justify-content-md-center justify-content-center align-items-lg-stretch align-items-md-stretch align-items-stretch gutters-col-lg-2 gutters-col-md-2 gutters-col-2 gutters-col-v-lg-2 gutters-col-v-md-2 gutters-col-v-2\">\n          <!---->\n          <div class=\"h-column h-column-container d-flex h-col-lg-auto h-col-md-auto h-col-auto style-1627-outer style-local-1315-c4-outer\">\n            <div data-colibri-id=\"1315-c4\" class=\"d-flex h-flex-basis h-column__inner h-px-lg-2 h-px-md-2 h-px-2 v-inner-lg-2 v-inner-md-2 v-inner-2 style-1627 style-local-1315-c4 position-relative\">\n              <!---->\n              <!---->\n              <div class=\"w-100 h-y-container h-column__content h-column__v-align flex-basis-100 align-self-lg-center align-self-md-center align-self-center\">\n                <!---->\n                <div data-colibri-id=\"1315-c5\" class=\"h-global-transition-all h-heading style-1628 style-local-1315-c5 position-relative h-element\">\n                  <!---->\n                  <div class=\"h-heading__outer style-1628 style-local-1315-c5\">\n                    <!---->\n                    <!---->\n                    <h5 class=\"\">AECC<\/h5>\n                  <\/div>\n                <\/div>\n                <div data-colibri-id=\"1315-c6\" class=\"h-global-transition-all h-heading style-1629 style-local-1315-c6 position-relative h-element\">\n                  <!---->\n                  <div class=\"h-heading__outer style-1629 style-local-1315-c6\">\n                    <!---->\n                    <!---->\n                    <h2 class=\"\">&#8220;Escola&nbsp;<em style=\"color: rgb(247, 144, 7); font-family: &quot;Playfair Display&quot;;\">Saud\u00e1vel Mente&#8221;<\/em><\/h2>\n                  <\/div>\n                <\/div>\n                <div data-colibri-id=\"1315-c7\" class=\"h-text h-text-component style-1630 style-local-1315-c7 position-relative h-element\">\n                  <!---->\n                  <!---->\n                  <div class=\"\">\n                    <p>Em 2017, a Ordem dos Psic\u00f3logos Portugueses lan\u00e7ou a <strong><em>Campanha Escola SaudavelMente.<\/em><\/strong><\/p>\n                    <p>\u201cUma&nbsp;<strong><em>Escola Saud\u00e1velMente<\/em><\/strong>&nbsp;tem uma pol\u00edtica de Sa\u00fade Psicol\u00f3gica Escolar integrada e coerente, uma vis\u00e3o hol\u00edstica do desenvolvimento e uma abordagem centrada na colabora\u00e7\u00e3o com a fam\u00edlia e a comunidade,\n                      na acessibilidade, qualidade e adapta\u00e7\u00e3o equitativa \u00e0s necessidades de todos.<\/p>\n                    <p>Desta forma, uma&nbsp;<strong><em>Escola Saud\u00e1velMente<\/em><\/strong>&nbsp;assegura que todos os alunos t\u00eam as mesmas oportunidades de desenvolvimento de todo o seu potencial cognitivo, social e emocional. Aposta na promo\u00e7\u00e3o da Sa\u00fade\n                      Psicol\u00f3gica, no desenvolvimento social e emocional, assim como na preven\u00e7\u00e3o e interven\u00e7\u00e3o nos problemas de Sa\u00fade Psicol\u00f3gica. <\/p>\n                    <p>Uma&nbsp;<strong><em>Escola Saud\u00e1velMente<\/em><\/strong>&nbsp;oferece um ambiente seguro para os alunos estudarem, brincarem, crescerem saud\u00e1veis e serem felizes. \u00c9 igualmente um espa\u00e7o de trabalho saud\u00e1vel para professores e auxiliares.\u201d\n                      (\n                      <a href=\"https:\/\/escolasaudavelmente.pt\" class=\"customize-unpreviewable\">https:\/\/escolasaudavelmente.pt\/<\/a>)<\/p>\n                    <p>O AECC foi distinguido com:<\/p>\n                    <p>&#8211;&nbsp;<strong>Selo <em>Escola Saud\u00e1velMente 2019-2021<\/em><\/strong>&nbsp;\u2013 Boas Pr\u00e1ticas em Sa\u00fade Psicol\u00f3gica, Sucesso Educativo e Inclus\u00e3o;<\/p>\n                    <p><strong><em>&#8211; Selo Escola Saud\u00e1velMente 2022-2024 \u2013 Boas Pr\u00e1ticas em Sa\u00fade Psicol\u00f3gica, Bem-Estar, Sucesso Educativo e Inclus\u00e3o.<\/em><\/strong> <\/p>\n                    <p>A candidatura para o <strong><em>Selo Escola SaudavelMente<\/em><\/strong> \u00e9 habitualmente realizada no m\u00eas de Junho, dois em dois anos. Em 2025 o nosso Agrupamento n\u00e3o se tinha candidatado para o bi\u00e9nio 2025\/2027.&nbsp;No entanto, continuamos\n                      a trabalhar e a demonstrar o nosso compromisso com a promo\u00e7\u00e3o da inclus\u00e3o e da sa\u00fade psicol\u00f3gica de toda a comunidade educativa para podermos apresentar a nossa candidatura para o bi\u00e9nio 2028\/2030.<\/p>\n                  <\/div>\n                <\/div>\n                <div data-colibri-id=\"1315-c8\" class=\"h-x-container style-1631 style-local-1315-c8 position-relative h-element\">\n                  <!---->\n                  <div class=\"h-x-container-inner style-dynamic-1315-c8-group style-1631-spacing style-local-1315-c8-spacing\"><span class=\"h-button__outer style-1632-outer style-local-1315-c9-outer d-inline-flex h-element\"><a h-use-smooth-scroll=\"true\" href=\"https:\/\/www.aecoimbracentro.pt\/on\/?page_id=137\"  data-colibri-id=\"1315-c9\" class=\"d-flex w-100 align-items-center h-button justify-content-lg-center justify-content-md-center justify-content-center style-1632 style-local-1315-c9 position-relative\"><!----><!----> <span>voltar aos projetos e clubes<\/span><\/a>\n                    <\/span>\n                  <\/div>\n                <\/div>\n              <\/div>\n            <\/div>\n          <\/div>\n          <div class=\"h-column h-column-container d-flex h-col-lg-auto h-col-md-auto h-col-auto style-1633-outer style-local-1315-c10-outer\">\n            <div data-colibri-id=\"1315-c10\" class=\"d-flex h-flex-basis h-column__inner h-px-lg-2 h-px-md-2 h-px-2 v-inner-lg-2 v-inner-md-2 v-inner-2 style-1633 style-local-1315-c10 position-relative\">\n              <!---->\n              <!---->\n              <div class=\"w-100 h-y-container h-column__content h-column__v-align flex-basis-100 align-self-lg-start align-self-md-start align-self-start\">\n                <!---->\n                <div data-colibri-id=\"1315-c11\" class=\"d-block style-1634 style-local-1315-c11 position-relative h-element\">\n                  <!---->\n                  <div class=\"h-image__frame-container-outer\">\n                    <div class=\"h-image__frame-container\">\n                      <!---->\n                      <!---->\n                      <img loading=\"lazy\" decoding=\"async\" width=\"383\" height=\"131\" src=\"https:\/\/www.aecoimbracentro.pt\/on\/wp-content\/uploads\/2026\/02\/SaudavelMente.png\" class=\"wp-image-3890 style-1634-image style-local-1315-c11-image\" alt=\"\" srcset=\"https:\/\/www.aecoimbracentro.pt\/on\/wp-content\/uploads\/2026\/02\/SaudavelMente.png 383w, https:\/\/www.aecoimbracentro.pt\/on\/wp-content\/uploads\/2026\/02\/SaudavelMente-300x103.png 300w\" sizes=\"auto, (max-width: 383px) 100vw, 383px\" \/>\n                      <div class=\"h-image__frame h-hide-sm style-1634-frameImage style-local-1315-c11-frameImage\"><\/div>\n                    <\/div>\n                  <\/div>\n                <\/div>\n              <\/div>\n            <\/div>\n          <\/div>\n        <\/div>\n      <\/div>\n    <\/div>\n  <\/div>\n<\/div>","protected":false},"excerpt":{"rendered":"<p>AECC &#8220;Escola&nbsp;Saud\u00e1vel Mente&#8221; Em 2017, a Ordem dos Psic\u00f3logos Portugueses lan\u00e7ou a Campanha [&hellip;]<\/p>\n","protected":false},"author":21,"featured_media":0,"parent":0,"menu_order":0,"comment_status":"closed","ping_status":"closed","template":"page-templates\/full-width-page.php","meta":{"footnotes":""},"class_list":["post-1315","page","type-page","status-publish","hentry"],"_links":{"self":[{"href":"https:\/\/www.aecoimbracentro.pt\/on\/index.php?rest_route=\/wp\/v2\/pages\/1315","targetHints":{"allow":["GET"]}}],"collection":[{"href":"https:\/\/www.aecoimbracentro.pt\/on\/index.php?rest_route=\/wp\/v2\/pages"}],"about":[{"href":"https:\/\/www.aecoimbracentro.pt\/on\/index.php?rest_route=\/wp\/v2\/types\/page"}],"author":[{"embeddable":true,"href":"https:\/\/www.aecoimbracentro.pt\/on\/index.php?rest_route=\/wp\/v2\/users\/21"}],"replies":[{"embeddable":true,"href":"https:\/\/www.aecoimbracentro.pt\/on\/index.php?rest_route=%2Fwp%2Fv2%2Fcomments&post=1315"}],"version-history":[{"count":4,"href":"https:\/\/www.aecoimbracentro.pt\/on\/index.php?rest_route=\/wp\/v2\/pages\/1315\/revisions"}],"predecessor-version":[{"id":3892,"href":"https:\/\/www.aecoimbracentro.pt\/on\/index.php?rest_route=\/wp\/v2\/pages\/1315\/revisions\/3892"}],"wp:attachment":[{"href":"https:\/\/www.aecoimbracentro.pt\/on\/index.php?rest_route=%2Fwp%2Fv2%2Fmedia&parent=1315"}],"curies":[{"name":"wp","href":"https:\/\/api.w.org\/{rel}","templated":true}]}}