{"id":1325,"date":"2025-10-23T00:21:52","date_gmt":"2025-10-23T00:21:52","guid":{"rendered":"https:\/\/www.aecoimbracentro.pt\/on\/?page_id=1325"},"modified":"2026-02-11T12:42:37","modified_gmt":"2026-02-11T12:42:37","slug":"laco-azul-prevencao-dos-maus-tratos-a-criancas-e-jovens-11-o-campanha-abril-de-2021","status":"publish","type":"page","link":"https:\/\/www.aecoimbracentro.pt\/on\/?page_id=1325","title":{"rendered":"La\u00e7o Azul \u2013 Preven\u00e7\u00e3o dos Maus Tratos a Crian\u00e7as e Jovens"},"content":{"rendered":"<div data-colibri-id=\"1325-c1\" class=\"style-838 style-local-1325-c1 position-relative\">\n  <!---->\n  <div data-colibri-component=\"section\" data-colibri-id=\"1325-c12\" id=\"custom\" class=\"h-section h-section-global-spacing d-flex align-items-lg-center align-items-md-center align-items-center style-2121 style-local-1325-c12 position-relative\">\n    <!---->\n    <!---->\n    <div class=\"h-section-grid-container h-section-boxed-container\">\n      <!---->\n      <div data-colibri-id=\"1325-c13\" class=\"h-row-container gutters-row-lg-2 gutters-row-md-2 gutters-row-0 gutters-row-v-lg-2 gutters-row-v-md-2 gutters-row-v-2 style-2122 style-local-1325-c13 position-relative\">\n        <!---->\n        <div class=\"h-row justify-content-lg-center justify-content-md-center justify-content-center align-items-lg-stretch align-items-md-stretch align-items-stretch gutters-col-lg-2 gutters-col-md-2 gutters-col-0 gutters-col-v-lg-2 gutters-col-v-md-2 gutters-col-v-2\">\n          <!---->\n          <div class=\"h-column h-column-container d-flex h-col-lg-auto h-col-md-auto h-col-auto style-2123-outer style-local-1325-c14-outer\">\n            <div data-colibri-id=\"1325-c14\" class=\"d-flex h-flex-basis h-column__inner h-px-lg-2 h-px-md-2 h-px-2 v-inner-lg-2 v-inner-md-2 v-inner-2 style-2123 style-local-1325-c14 position-relative\">\n              <!---->\n              <!---->\n              <div class=\"w-100 h-y-container h-column__content h-column__v-align flex-basis-100 align-self-lg-start align-self-md-start align-self-start\">\n                <!---->\n                <div data-colibri-id=\"1325-c15\" class=\"d-block style-2124 style-local-1325-c15 position-relative h-element\">\n                  <!---->\n                  <div class=\"h-image__frame-container-outer\">\n                    <div class=\"h-image__frame-container\">\n                      <!---->\n                      <!---->\n                      <img loading=\"lazy\" decoding=\"async\" width=\"365\" height=\"138\" src=\"https:\/\/www.aecoimbracentro.pt\/on\/wp-content\/uploads\/2026\/02\/Abril_mes_de_prevencao.jpg\" class=\"wp-image-3900 style-2124-image style-local-1325-c15-image\" alt=\"\" srcset=\"https:\/\/www.aecoimbracentro.pt\/on\/wp-content\/uploads\/2026\/02\/Abril_mes_de_prevencao.jpg 365w, https:\/\/www.aecoimbracentro.pt\/on\/wp-content\/uploads\/2026\/02\/Abril_mes_de_prevencao-300x113.jpg 300w\" sizes=\"auto, (max-width: 365px) 100vw, 365px\" \/>\n                      <div class=\"h-image__frame h-hide-lg h-hide-md h-hide-sm style-2124-frameImage style-local-1325-c15-frameImage\"><\/div>\n                    <\/div>\n                  <\/div>\n                <\/div>\n              <\/div>\n            <\/div>\n          <\/div>\n        <\/div>\n      <\/div>\n    <\/div>\n  <\/div>\n  <div data-colibri-component=\"section\" data-colibri-id=\"1325-c2\" id=\"about\" class=\"h-section h-section-global-spacing d-flex align-items-lg-center align-items-md-center align-items-center style-1635 style-local-1325-c2 position-relative\">\n    <!---->\n    <!---->\n    <div class=\"h-section-grid-container h-section-boxed-container\">\n      <!---->\n      <div data-colibri-id=\"1325-c3\" class=\"h-row-container gutters-row-lg-2 gutters-row-md-2 gutters-row-2 gutters-row-v-lg-2 gutters-row-v-md-2 gutters-row-v-2 style-1636 style-local-1325-c3 position-relative\">\n        <!---->\n        <div class=\"h-row justify-content-lg-center justify-content-md-center justify-content-center align-items-lg-stretch align-items-md-stretch align-items-stretch gutters-col-lg-2 gutters-col-md-2 gutters-col-2 gutters-col-v-lg-2 gutters-col-v-md-2 gutters-col-v-2\">\n          <!---->\n          <div class=\"h-column h-column-container d-flex h-col-lg-auto h-col-md-auto h-col-auto style-1637-outer style-local-1325-c4-outer\">\n            <div data-colibri-id=\"1325-c4\" class=\"d-flex h-flex-basis h-column__inner h-px-lg-2 h-px-md-2 h-px-2 v-inner-lg-2 v-inner-md-2 v-inner-2 style-1637 style-local-1325-c4 position-relative\">\n              <!---->\n              <!---->\n              <div class=\"w-100 h-y-container h-column__content h-column__v-align flex-basis-100 align-self-lg-center align-self-md-center align-self-center\">\n                <!---->\n                <div data-colibri-id=\"1325-c5\" class=\"h-global-transition-all h-heading style-1638 style-local-1325-c5 position-relative h-element\">\n                  <!---->\n                  <div class=\"h-heading__outer style-1638 style-local-1325-c5\">\n                    <!---->\n                    <!---->\n                    <h5 class=\"\">AECC<\/h5>\n                  <\/div>\n                <\/div>\n                <div data-colibri-id=\"1325-c6\" class=\"h-global-transition-all h-heading style-1639 style-local-1325-c6 position-relative h-element\">\n                  <!---->\n                  <div class=\"h-heading__outer style-1639 style-local-1325-c6\">\n                    <!---->\n                    <!---->\n                    <h2 class=\"\">La\u00e7o&nbsp;<em style=\"color: rgb(247, 144, 7); font-family: &quot;Playfair Display&quot;;\">Azul<\/em><\/h2>\n                  <\/div>\n                <\/div>\n                <div data-colibri-id=\"1325-c7\" class=\"h-text h-text-component style-1640 style-local-1325-c7 position-relative h-element\">\n                  <!---->\n                  <!---->\n                  <div class=\"\">\n                    <p>Em abril, celebra-se o M\u00eas da Preven\u00e7\u00e3o dos Maus-Tratos na Inf\u00e2ncia, uma iniciativa que visa alertar para os maus-tratos a que muitas crian\u00e7as e jovens est\u00e3o sujeitos.<\/p>\n                    <p>Todos os anos o AECC associa-se a esta campanha promovida pela Comiss\u00e3o Nacional de Promo\u00e7\u00e3o dos Direitos e Prote\u00e7\u00e3o das Crian\u00e7as e Jovens (CNPDPCJ) e pelas Comiss\u00f5es de Prote\u00e7\u00e3o de Crian\u00e7as e Jovens (CPCJ), realizando diversas a\u00e7\u00f5es\n                      de sensibiliza\u00e7\u00e3o e preven\u00e7\u00e3o.\u200b<\/p>\n                    <p>A origem desta campanha remonta a 1989, quando Bonnie Finney, uma av\u00f3 norte-americana, amarrou uma fita azul na antena do seu carro em homenagem ao neto, v\u00edtima mortal de maus-tratos. <\/p>\n                    <p>Bonnie escolheu a cor azul para simbolizar as les\u00f5es sofridas, servindo como uma lembran\u00e7a constante na luta pela prote\u00e7\u00e3o das crian\u00e7as contra os maus-tratos. <\/p>\n                    <p>Desde ent\u00e3o, a fita azul tornou-se um s\u00edmbolo internacional de preven\u00e7\u00e3o e mem\u00f3ria das v\u00edtimas de abuso infantil.\u200b<\/p>\n                    <p>Se tiver conhecimento de uma situa\u00e7\u00e3o abusiva ou potencialmente abusiva, n\u00e3o hesite em comunic\u00e1-la atrav\u00e9s dos contactos dispon\u00edveis:&nbsp;<strong>300 509 717<\/strong>&nbsp;ou&nbsp;<strong>300 509 738<\/strong>&nbsp;e ainda em&nbsp;\n                      <a\n                        href=\"https:\/\/www.cnpdpcj.gov.pt\/comunicar-situacao-de-perigo\" class=\"customize-unpreviewable\"><strong>https:\/\/www.cnpdpcj.gov.pt\/comunicar-situacao-de-perigo<\/strong><\/a><strong> <\/strong>.<\/p>\n                    <p> A sua ajuda pode fazer a diferen\u00e7a na vida de uma crian\u00e7a, devendo ser contactada a CPCJ da \u00e1rea de resid\u00eancia da crian\u00e7a para efeitos de sinaliza\u00e7\u00e3o.<\/p>\n                  <\/div>\n                <\/div>\n                <div data-colibri-id=\"1325-c8\" class=\"h-x-container style-1641 style-local-1325-c8 position-relative h-element\">\n                  <!---->\n                  <div class=\"h-x-container-inner style-dynamic-1325-c8-group style-1641-spacing style-local-1325-c8-spacing\"><span class=\"h-button__outer style-1642-outer style-local-1325-c9-outer d-inline-flex h-element\"><a h-use-smooth-scroll=\"true\" href=\"https:\/\/www.aecoimbracentro.pt\/on\/?page_id=137\"  data-colibri-id=\"1325-c9\" class=\"d-flex w-100 align-items-center h-button justify-content-lg-center justify-content-md-center justify-content-center style-1642 style-local-1325-c9 position-relative\"><!----><!----> <span>voltar aos projetos e clubes<\/span><\/a>\n                    <\/span>\n                  <\/div>\n                <\/div>\n              <\/div>\n            <\/div>\n          <\/div>\n          <div class=\"h-column h-column-container d-flex h-col-lg-auto h-col-md-auto h-col-auto style-1643-outer style-local-1325-c10-outer\">\n            <div data-colibri-id=\"1325-c10\" class=\"d-flex h-flex-basis h-column__inner h-px-lg-2 h-px-md-2 h-px-2 v-inner-lg-2 v-inner-md-2 v-inner-2 style-1643 style-local-1325-c10 position-relative\">\n              <!---->\n              <!---->\n              <div class=\"w-100 h-y-container h-column__content h-column__v-align flex-basis-100 align-self-lg-start align-self-md-start align-self-start\">\n                <!---->\n                <div data-colibri-id=\"1325-c11\" class=\"d-block style-1644 style-local-1325-c11 position-relative h-element\">\n                  <!---->\n                  <div class=\"h-image__frame-container-outer\">\n                    <div class=\"h-image__frame-container\">\n                      <!---->\n                      <!---->\n                      <img loading=\"lazy\" decoding=\"async\" width=\"195\" height=\"199\" src=\"https:\/\/www.aecoimbracentro.pt\/on\/wp-content\/uploads\/2026\/02\/ces-org-000009038.jpg\" class=\"wp-image-3899 style-1644-image style-local-1325-c11-image\" alt=\"\" \/>\n                      <div class=\"h-image__frame h-hide-sm style-1644-frameImage style-local-1325-c11-frameImage\"><\/div>\n                    <\/div>\n                  <\/div>\n                <\/div>\n              <\/div>\n            <\/div>\n          <\/div>\n        <\/div>\n      <\/div>\n    <\/div>\n  <\/div>\n<\/div>","protected":false},"excerpt":{"rendered":"<p>AECC La\u00e7o&nbsp;Azul Em abril, celebra-se o M\u00eas da Preven\u00e7\u00e3o dos Maus-Tratos na Inf\u00e2ncia, [&hellip;]<\/p>\n","protected":false},"author":21,"featured_media":0,"parent":0,"menu_order":0,"comment_status":"closed","ping_status":"closed","template":"page-templates\/full-width-page.php","meta":{"footnotes":""},"class_list":["post-1325","page","type-page","status-publish","hentry"],"_links":{"self":[{"href":"https:\/\/www.aecoimbracentro.pt\/on\/index.php?rest_route=\/wp\/v2\/pages\/1325","targetHints":{"allow":["GET"]}}],"collection":[{"href":"https:\/\/www.aecoimbracentro.pt\/on\/index.php?rest_route=\/wp\/v2\/pages"}],"about":[{"href":"https:\/\/www.aecoimbracentro.pt\/on\/index.php?rest_route=\/wp\/v2\/types\/page"}],"author":[{"embeddable":true,"href":"https:\/\/www.aecoimbracentro.pt\/on\/index.php?rest_route=\/wp\/v2\/users\/21"}],"replies":[{"embeddable":true,"href":"https:\/\/www.aecoimbracentro.pt\/on\/index.php?rest_route=%2Fwp%2Fv2%2Fcomments&post=1325"}],"version-history":[{"count":6,"href":"https:\/\/www.aecoimbracentro.pt\/on\/index.php?rest_route=\/wp\/v2\/pages\/1325\/revisions"}],"predecessor-version":[{"id":3909,"href":"https:\/\/www.aecoimbracentro.pt\/on\/index.php?rest_route=\/wp\/v2\/pages\/1325\/revisions\/3909"}],"wp:attachment":[{"href":"https:\/\/www.aecoimbracentro.pt\/on\/index.php?rest_route=%2Fwp%2Fv2%2Fmedia&parent=1325"}],"curies":[{"name":"wp","href":"https:\/\/api.w.org\/{rel}","templated":true}]}}