{"id":1336,"date":"2025-10-23T00:24:48","date_gmt":"2025-10-23T00:24:48","guid":{"rendered":"https:\/\/www.aecoimbracentro.pt\/on\/?page_id=1336"},"modified":"2026-02-11T12:44:07","modified_gmt":"2026-02-11T12:44:07","slug":"radio-online-aecc","status":"publish","type":"page","link":"https:\/\/www.aecoimbracentro.pt\/on\/?page_id=1336","title":{"rendered":"R\u00e1dio Online AECC"},"content":{"rendered":"<div data-colibri-id=\"1336-c1\" class=\"style-845 style-local-1336-c1 position-relative\">\n  <!---->\n  <div data-colibri-component=\"section\" data-colibri-id=\"1336-c8\" id=\"about\" class=\"h-section h-section-global-spacing d-flex align-items-lg-center align-items-md-center align-items-center style-1525 style-local-1336-c8 position-relative\">\n    <!---->\n    <!---->\n    <div class=\"h-section-grid-container h-section-boxed-container\">\n      <!---->\n      <div data-colibri-id=\"1336-c9\" class=\"h-row-container gutters-row-lg-2 gutters-row-md-2 gutters-row-2 gutters-row-v-lg-2 gutters-row-v-md-2 gutters-row-v-2 style-1526 style-local-1336-c9 position-relative\">\n        <!---->\n        <div class=\"h-row justify-content-lg-center justify-content-md-center justify-content-center align-items-lg-stretch align-items-md-stretch align-items-stretch gutters-col-lg-2 gutters-col-md-2 gutters-col-2 gutters-col-v-lg-2 gutters-col-v-md-2 gutters-col-v-2\">\n          <!---->\n          <div class=\"h-column h-column-container d-flex h-col-lg-auto h-col-md-auto h-col-auto style-1527-outer style-local-1336-c10-outer\">\n            <div data-colibri-id=\"1336-c10\" class=\"d-flex h-flex-basis h-column__inner h-px-lg-2 h-px-md-2 h-px-2 v-inner-lg-2 v-inner-md-2 v-inner-2 style-1527 style-local-1336-c10 position-relative\">\n              <!---->\n              <!---->\n              <div class=\"w-100 h-y-container h-column__content h-column__v-align flex-basis-100 align-self-lg-center align-self-md-center align-self-center\">\n                <!---->\n                <div data-colibri-id=\"1336-c11\" class=\"h-global-transition-all h-heading style-1528 style-local-1336-c11 position-relative h-element\">\n                  <!---->\n                  <div class=\"h-heading__outer style-1528 style-local-1336-c11\">\n                    <!---->\n                    <!---->\n                    <h5 class=\"\">AECC<\/h5>\n                  <\/div>\n                <\/div>\n                <div data-colibri-id=\"1336-c12\" class=\"h-global-transition-all h-heading style-1529 style-local-1336-c12 position-relative h-element\">\n                  <!---->\n                  <div class=\"h-heading__outer style-1529 style-local-1336-c12\">\n                    <!---->\n                    <!---->\n                    <h2 class=\"\">R\u00e1dio&nbsp;<em style=\"font-family: &quot;Playfair Display&quot;; color: rgb(247, 144, 7);\">online<\/em> AECC<\/h2>\n                  <\/div>\n                <\/div>\n                <div data-colibri-id=\"1336-c13\" class=\"h-text h-text-component style-1530 style-local-1336-c13 position-relative h-element\">\n                  <!---->\n                  <!---->\n                  <div class=\"\">\n                    <p>O projeto&nbsp;<strong>R\u00e1dio&nbsp;<em>Online<\/em>&nbsp;AECC<\/strong>&nbsp;pretende dar voz aos alunos e a toda a comunidade escolar do Agrupamento de Escolas Coimbra Centro, atrav\u00e9s da grava\u00e7\u00e3o \u00e1udio e divulga\u00e7\u00e3o online de not\u00edcias,\n                      artigos de opini\u00e3o, entrevistas, tend\u00eancias musicais, publicidade, e muito mais\u2026&nbsp;Se tens alguma ideia e queres ser locutor de r\u00e1dio por um dia, junta-te ao nosso projeto.<\/p>\n                    <p>Partilha as tuas ideias com os teus professores ou com os teus colegas. Prepara os conte\u00fados e grava no teu telem\u00f3vel, computador ou qualquer outra tecnologia digital. Envia ou partilha os ficheiros \u00e1udio com as tuas grava\u00e7\u00f5es com\n                      o professor ou diretor de turma. Depois de verificar a qualidade do conte\u00fado, os trabalhos ser\u00e3o enviados para a equipa da R\u00e1dio&nbsp;<em>Online<\/em>&nbsp;AECC para publica\u00e7\u00e3o na p\u00e1gina web do Agrupamento.&nbsp;&nbsp;&nbsp;<\/p>\n                    <p><strong><em>D\u00e1 asas \u00e0 tua imagina\u00e7\u00e3o e voz aos teus projetos!<\/em><\/strong><\/p>\n                    <p><em>(Coordena\u00e7\u00e3o: Jos\u00e9 Fernando Rodrigues)<\/em><\/p>\n                    <p>email:&nbsp;\n                      <a href=\"mailto:radioonlineaecc@aecoimbracentro.pt\" target=\"_blank\">radioonlineaecc@aecoimbracentro.pt<\/a>..<\/p>\n                  <\/div>\n                <\/div>\n                <div data-colibri-id=\"1336-c14\" class=\"h-x-container style-1531 style-local-1336-c14 position-relative h-element\">\n                  <!---->\n                  <div class=\"h-x-container-inner style-dynamic-1336-c14-group style-1531-spacing style-local-1336-c14-spacing\"><span class=\"h-button__outer style-1532-outer style-local-1336-c15-outer d-inline-flex h-element\"><a h-use-smooth-scroll=\"true\" href=\"https:\/\/www.aecoimbracentro.pt\/on\/?page_id=137\"  data-colibri-id=\"1336-c15\" class=\"d-flex w-100 align-items-center h-button justify-content-lg-center justify-content-md-center justify-content-center style-1532 style-local-1336-c15 position-relative\"><!----><!----> <span>Voltar aos Projetos e Clubes&#8230;<\/span><\/a>\n                    <\/span>\n                  <\/div>\n                <\/div>\n              <\/div>\n            <\/div>\n          <\/div>\n          <div class=\"h-column h-column-container d-flex h-col-lg-auto h-col-md-auto h-col-auto style-1533-outer style-local-1336-c16-outer\">\n            <div data-colibri-id=\"1336-c16\" class=\"d-flex h-flex-basis h-column__inner h-px-lg-2 h-px-md-2 h-px-2 v-inner-lg-2 v-inner-md-2 v-inner-2 style-1533 style-local-1336-c16 position-relative\">\n              <!---->\n              <!---->\n              <div class=\"w-100 h-y-container h-column__content h-column__v-align flex-basis-100 align-self-lg-center align-self-md-center align-self-center\">\n                <!---->\n                <div data-colibri-id=\"1336-c17\" class=\"d-block style-1534 style-local-1336-c17 position-relative h-element\">\n                  <!---->\n                  <div class=\"h-image__frame-container-outer\">\n                    <div class=\"h-image__frame-container\">\n                      <!---->\n                      <!---->\n                      <img loading=\"lazy\" decoding=\"async\" width=\"559\" height=\"429\" src=\"https:\/\/www.aecoimbracentro.pt\/on\/wp-content\/uploads\/2025\/12\/imagem_2025-12-21_164910096.png\" class=\"wp-image-2614 style-1534-image style-local-1336-c17-image\" alt=\"\" srcset=\"https:\/\/www.aecoimbracentro.pt\/on\/wp-content\/uploads\/2025\/12\/imagem_2025-12-21_164910096.png 559w, https:\/\/www.aecoimbracentro.pt\/on\/wp-content\/uploads\/2025\/12\/imagem_2025-12-21_164910096-300x230.png 300w\" sizes=\"auto, (max-width: 559px) 100vw, 559px\" \/>\n                      <div class=\"h-image__frame h-hide-sm style-1534-frameImage style-local-1336-c17-frameImage\"><\/div>\n                    <\/div>\n                  <\/div>\n                <\/div>\n              <\/div>\n            <\/div>\n          <\/div>\n        <\/div>\n      <\/div>\n    <\/div>\n  <\/div>\n  <div data-colibri-component=\"section\" data-colibri-id=\"1336-c18\" id=\"custom\" class=\"h-section h-section-global-spacing d-flex align-items-lg-center align-items-md-center align-items-center style-1535 style-local-1336-c18 position-relative\">\n    <!---->\n    <!---->\n    <div class=\"h-section-grid-container h-section-boxed-container\">\n      <!---->\n      <div data-colibri-id=\"1336-c19\" class=\"h-row-container gutters-row-lg-2 gutters-row-md-2 gutters-row-0 gutters-row-v-lg-2 gutters-row-v-md-2 gutters-row-v-2 style-1536 style-local-1336-c19 position-relative\">\n        <!---->\n        <div class=\"h-row justify-content-lg-center justify-content-md-center justify-content-center align-items-lg-stretch align-items-md-stretch align-items-stretch gutters-col-lg-2 gutters-col-md-2 gutters-col-0 gutters-col-v-lg-2 gutters-col-v-md-2 gutters-col-v-2\">\n          <!---->\n          <div class=\"h-column h-column-container d-flex h-col-lg-auto h-col-md-auto h-col-auto style-1537-outer style-local-1336-c20-outer\">\n            <div data-colibri-id=\"1336-c20\" class=\"d-flex h-flex-basis h-column__inner h-px-lg-2 h-px-md-2 h-px-2 v-inner-lg-2 v-inner-md-2 v-inner-2 style-1537 style-local-1336-c20 position-relative\">\n              <!---->\n              <!---->\n              <div class=\"w-100 h-y-container h-column__content h-column__v-align flex-basis-100 align-self-lg-start align-self-md-start align-self-start\">\n                <!---->\n                <div data-colibri-id=\"1336-c22\" class=\"h-x-container style-1539 style-local-1336-c22 position-relative h-element\">\n                  <!---->\n                  <div class=\"h-x-container-inner style-dynamic-1336-c22-group style-1539-spacing style-local-1336-c22-spacing\"><span class=\"h-link__outer style-1540-outer style-local-1336-c23-outer d-inline-flex h-element\"><a h-use-smooth-scroll=\"true\" href=\"https:\/\/radioonlineaecc.wixsite.com\/website\" target=\"_blank\"  data-colibri-id=\"1336-c23\" class=\"d-flex w-100 align-items-center h-link style-1540 style-local-1336-c23 position-relative\"><!----><!----> <span>R\u00e1dio Online AECC [CLICAR AQUI]<\/span><\/a>\n                    <\/span>\n                  <\/div>\n                <\/div>\n              <\/div>\n            <\/div>\n          <\/div>\n        <\/div>\n      <\/div>\n    <\/div>\n  <\/div>\n<\/div>","protected":false},"excerpt":{"rendered":"<p>AECC R\u00e1dio&nbsp;online AECC O projeto&nbsp;R\u00e1dio&nbsp;Online&nbsp;AECC&nbsp;pretende dar voz aos alunos e a toda a [&hellip;]<\/p>\n","protected":false},"author":21,"featured_media":0,"parent":0,"menu_order":0,"comment_status":"closed","ping_status":"closed","template":"page-templates\/full-width-page.php","meta":{"footnotes":""},"class_list":["post-1336","page","type-page","status-publish","hentry"],"_links":{"self":[{"href":"https:\/\/www.aecoimbracentro.pt\/on\/index.php?rest_route=\/wp\/v2\/pages\/1336","targetHints":{"allow":["GET"]}}],"collection":[{"href":"https:\/\/www.aecoimbracentro.pt\/on\/index.php?rest_route=\/wp\/v2\/pages"}],"about":[{"href":"https:\/\/www.aecoimbracentro.pt\/on\/index.php?rest_route=\/wp\/v2\/types\/page"}],"author":[{"embeddable":true,"href":"https:\/\/www.aecoimbracentro.pt\/on\/index.php?rest_route=\/wp\/v2\/users\/21"}],"replies":[{"embeddable":true,"href":"https:\/\/www.aecoimbracentro.pt\/on\/index.php?rest_route=%2Fwp%2Fv2%2Fcomments&post=1336"}],"version-history":[{"count":4,"href":"https:\/\/www.aecoimbracentro.pt\/on\/index.php?rest_route=\/wp\/v2\/pages\/1336\/revisions"}],"predecessor-version":[{"id":2616,"href":"https:\/\/www.aecoimbracentro.pt\/on\/index.php?rest_route=\/wp\/v2\/pages\/1336\/revisions\/2616"}],"wp:attachment":[{"href":"https:\/\/www.aecoimbracentro.pt\/on\/index.php?rest_route=%2Fwp%2Fv2%2Fmedia&parent=1336"}],"curies":[{"name":"wp","href":"https:\/\/api.w.org\/{rel}","templated":true}]}}