{"id":1374,"date":"2025-10-23T12:18:07","date_gmt":"2025-10-23T12:18:07","guid":{"rendered":"https:\/\/www.aecoimbracentro.pt\/on\/?page_id=1374"},"modified":"2026-03-03T15:39:01","modified_gmt":"2026-03-03T15:39:01","slug":"projecto-laboratorios-de-educacao-digital-led","status":"publish","type":"page","link":"https:\/\/www.aecoimbracentro.pt\/on\/?page_id=1374","title":{"rendered":"Laborat\u00f3rios de Educa\u00e7\u00e3o Digital (LED.3)"},"content":{"rendered":"<div data-colibri-id=\"1374-c1\" class=\"style-871 style-local-1374-c1 position-relative\">\n  <!---->\n  <div data-colibri-component=\"section\" data-colibri-id=\"1374-c2\" id=\"about\" class=\"h-section h-section-global-spacing d-flex align-items-lg-center align-items-md-center align-items-center style-1675 style-local-1374-c2 position-relative\">\n    <!---->\n    <!---->\n    <div class=\"h-section-grid-container h-section-boxed-container\">\n      <!---->\n      <div data-colibri-id=\"1374-c3\" class=\"h-row-container gutters-row-lg-2 gutters-row-md-2 gutters-row-2 gutters-row-v-lg-2 gutters-row-v-md-2 gutters-row-v-2 style-1676 style-local-1374-c3 position-relative\">\n        <!---->\n        <div class=\"h-row justify-content-lg-center justify-content-md-center justify-content-center align-items-lg-stretch align-items-md-stretch align-items-stretch gutters-col-lg-2 gutters-col-md-2 gutters-col-2 gutters-col-v-lg-2 gutters-col-v-md-2 gutters-col-v-2\">\n          <!---->\n          <div class=\"h-column h-column-container d-flex h-col-lg-auto h-col-md-auto h-col-auto style-1677-outer style-local-1374-c4-outer\">\n            <div data-colibri-id=\"1374-c4\" class=\"d-flex h-flex-basis h-column__inner h-px-lg-2 h-px-md-2 h-px-2 v-inner-lg-2 v-inner-md-2 v-inner-2 style-1677 style-local-1374-c4 position-relative\">\n              <!---->\n              <!---->\n              <div class=\"w-100 h-y-container h-column__content h-column__v-align flex-basis-100 align-self-lg-center align-self-md-center align-self-center\">\n                <!---->\n                <div data-colibri-id=\"1374-c5\" class=\"h-global-transition-all h-heading style-1678 style-local-1374-c5 position-relative h-element\">\n                  <!---->\n                  <div class=\"h-heading__outer style-1678 style-local-1374-c5\">\n                    <!---->\n                    <!---->\n                    <h5 class=\"\">AECC<\/h5>\n                  <\/div>\n                <\/div>\n                <div data-colibri-id=\"1374-c6\" class=\"h-global-transition-all h-heading style-1679 style-local-1374-c6 position-relative h-element\">\n                  <!---->\n                  <div class=\"h-heading__outer style-1679 style-local-1374-c6\">\n                    <!---->\n                    <!---->\n                    <h2 class=\"\">Laborat\u00f3rios de Educa\u00e7\u00e3o&nbsp;<em style=\"font-family: &quot;Playfair Display&quot;; color: rgb(247, 144, 7);\">Digital (LED.3)<\/em><\/h2>\n                  <\/div>\n                <\/div>\n                <div data-colibri-id=\"1374-c7\" class=\"h-text h-text-component style-1680 style-local-1374-c7 position-relative h-element\">\n                  <!---->\n                  <!---->\n                  <div class=\"\">\n                    <p>Pretende-se que os LED sejam espa\u00e7os de suporte \u00e0 aprendizagem, que proporcionem a professores e a alunos o contacto e a utiliza\u00e7\u00e3o de recursos e equipamentos tecnol\u00f3gicos, em estreita articula\u00e7\u00e3o com o desenvolvimento de atividades\n                      curriculares e\/ou extracurriculares.<\/p>\n                    <p>Com esses recursos e equipamentos, os&nbsp;<em>alunos&nbsp;<\/em>podem realizar atividades pr\u00e1ticas, pesquisar e organizar informa\u00e7\u00e3o, modelar, manipular vari\u00e1veis, realizar experi\u00eancias, analisar resultados, automatizar processos,\n                      criar artefactos e solu\u00e7\u00f5es, entre outros, potenciando a sua experi\u00eancia de aprendizagem e o desenvolvimento das suas compet\u00eancias.<\/p>\n                    <p>Coordenador LED Lu\u00eds Miguel Pancas<\/p>\n                    <p>\n                      <br>\n                    <\/p>\n                  <\/div>\n                <\/div>\n              <\/div>\n            <\/div>\n          <\/div>\n          <div class=\"h-column h-column-container d-flex h-col-lg-auto h-col-md-auto h-col-auto style-1683-outer style-local-1374-c8-outer\">\n            <div data-colibri-id=\"1374-c8\" class=\"d-flex h-flex-basis h-column__inner h-px-lg-2 h-px-md-2 h-px-2 v-inner-lg-2 v-inner-md-2 v-inner-2 style-1683 style-local-1374-c8 position-relative\">\n              <!---->\n              <!---->\n              <div class=\"w-100 h-y-container h-column__content h-column__v-align flex-basis-100 align-self-lg-center align-self-md-center align-self-center\">\n                <!---->\n                <div data-colibri-id=\"1374-c9\" class=\"d-block style-1684 style-local-1374-c9 position-relative h-element\">\n                  <!---->\n                  <div class=\"h-image__frame-container-outer\">\n                    <div class=\"h-image__frame-container\">\n                      <!---->\n                      <!---->\n                      <img loading=\"lazy\" decoding=\"async\" width=\"513\" height=\"290\" src=\"https:\/\/www.aecoimbracentro.pt\/on\/wp-content\/uploads\/2025\/12\/imagem_2025-12-24_023737965.png\" class=\"wp-image-2826 style-1684-image style-local-1374-c9-image\" alt=\"\" srcset=\"https:\/\/www.aecoimbracentro.pt\/on\/wp-content\/uploads\/2025\/12\/imagem_2025-12-24_023737965.png 513w, https:\/\/www.aecoimbracentro.pt\/on\/wp-content\/uploads\/2025\/12\/imagem_2025-12-24_023737965-300x170.png 300w\" sizes=\"auto, (max-width: 513px) 100vw, 513px\" \/>\n                      <div class=\"h-image__frame h-hide-sm style-1684-frameImage style-local-1374-c9-frameImage\"><\/div>\n                    <\/div>\n                  <\/div>\n                <\/div>\n              <\/div>\n            <\/div>\n          <\/div>\n        <\/div>\n      <\/div>\n    <\/div>\n  <\/div>\n  <div data-colibri-component=\"section\" data-colibri-id=\"1374-c10\" id=\"custom-2\" class=\"h-section h-section-global-spacing d-flex align-items-lg-center align-items-md-center align-items-center style-878 style-local-1374-c10 position-relative\">\n    <!---->\n    <!---->\n    <div class=\"h-section-grid-container h-section-boxed-container\">\n      <!---->\n      <div data-colibri-id=\"1374-c11\" class=\"h-row-container gutters-row-lg-2 gutters-row-md-2 gutters-row-0 gutters-row-v-lg-2 gutters-row-v-md-2 gutters-row-v-2 style-879 style-local-1374-c11 position-relative\">\n        <!---->\n        <div class=\"h-row justify-content-lg-center justify-content-md-center justify-content-center align-items-lg-stretch align-items-md-stretch align-items-stretch gutters-col-lg-2 gutters-col-md-2 gutters-col-0 gutters-col-v-lg-2 gutters-col-v-md-2 gutters-col-v-2\">\n          <!---->\n          <div class=\"h-column h-column-container d-flex h-col-lg-auto h-col-md-auto h-col-auto style-880-outer style-local-1374-c12-outer\">\n            <div data-colibri-id=\"1374-c12\" class=\"d-flex h-flex-basis h-column__inner h-ui-empty-state-container h-px-lg-2 h-px-md-2 h-px-2 v-inner-lg-2 v-inner-md-2 v-inner-2 style-880 style-local-1374-c12 position-relative\">\n              <!---->\n              <!---->\n              <div class=\"w-100 h-y-container h-column__content h-column__v-align flex-basis-100\">\n                <!---->\n              <\/div>\n            <\/div>\n          <\/div>\n          <div class=\"h-column h-column-container d-flex h-col-lg-auto h-col-md-auto h-col-auto style-881-outer style-local-1374-c13-outer\">\n            <div data-colibri-id=\"1374-c13\" class=\"d-flex h-flex-basis h-column__inner h-px-lg-2 h-px-md-2 h-px-2 v-inner-lg-2 v-inner-md-2 v-inner-2 style-881 style-local-1374-c13 position-relative\">\n              <!---->\n              <!---->\n              <div class=\"w-100 h-y-container h-column__content h-column__v-align flex-basis-100 align-self-lg-start align-self-md-start align-self-start\">\n                <!---->\n                <div data-colibri-id=\"1374-c14\" class=\"h-x-container style-888 style-local-1374-c14 position-relative h-element\">\n                  <!---->\n                  <div class=\"h-x-container-inner style-dynamic-1374-c14-group style-888-spacing style-local-1374-c14-spacing\"><span class=\"h-button__outer style-889-outer style-local-1374-c15-outer d-inline-flex h-element\"><a h-use-smooth-scroll=\"true\" href=\"https:\/\/agecoimbracentro-my.sharepoint.com\/:f:\/g\/personal\/webaecc_aecoimbracentro_pt\/EmStJxCUIflImi5B5pp5U_0BQTetiNrc95eEcFebwlRf6w?e=shiDUh\"  data-colibri-id=\"1374-c15\" class=\"d-flex w-100 align-items-center h-button justify-content-lg-center justify-content-md-center justify-content-center style-889 style-local-1374-c15 position-relative\"><!----><!----> <span>Ficheiros  de apoio<\/span><\/a>\n                    <\/span>\n                  <\/div>\n                <\/div>\n              <\/div>\n            <\/div>\n          <\/div>\n          <div class=\"h-column h-column-container d-flex h-col-lg-auto h-col-md-auto h-col-auto style-883-outer style-local-1374-c16-outer\">\n            <div data-colibri-id=\"1374-c16\" class=\"d-flex h-flex-basis h-column__inner h-px-lg-2 h-px-md-2 h-px-2 v-inner-lg-2 v-inner-md-2 v-inner-2 style-883 style-local-1374-c16 position-relative\">\n              <!---->\n              <!---->\n              <div class=\"w-100 h-y-container h-column__content h-column__v-align flex-basis-100 align-self-lg-start align-self-md-start align-self-start\">\n                <!---->\n                <div data-colibri-id=\"1374-c17\" class=\"h-x-container style-886 style-local-1374-c17 position-relative h-element\">\n                  <!---->\n                  <div class=\"h-x-container-inner style-dynamic-1374-c17-group style-886-spacing style-local-1374-c17-spacing\"><span class=\"h-button__outer style-887-outer style-local-1374-c18-outer d-inline-flex h-element\"><a h-use-smooth-scroll=\"true\" href=\"https:\/\/www.youtube.com\/watch?v=fUqaRNJcIoE&amp;list=PL6fNLrduRfBDoj-w4R5uo2QM-o2XS6RX-\" target=\"_blank\"  data-colibri-id=\"1374-c18\" class=\"d-flex w-100 align-items-center h-button justify-content-lg-center justify-content-md-center justify-content-center style-887 style-local-1374-c18 position-relative\"><!----><!----> <span>LED AECC Youtube<\/span><\/a>\n                    <\/span>\n                  <\/div>\n                <\/div>\n              <\/div>\n            <\/div>\n          <\/div>\n          <div class=\"h-column h-column-container d-flex h-col-lg-auto h-col-md-auto h-col-auto style-884-outer style-local-1374-c19-outer\">\n            <div data-colibri-id=\"1374-c19\" class=\"d-flex h-flex-basis h-column__inner h-px-lg-2 h-px-md-2 h-px-2 v-inner-lg-2 v-inner-md-2 v-inner-2 style-884 style-local-1374-c19 position-relative\">\n              <!---->\n              <!---->\n              <div class=\"w-100 h-y-container h-column__content h-column__v-align flex-basis-100 align-self-lg-start align-self-md-start align-self-start\">\n                <!---->\n                <div data-colibri-id=\"1374-c38\" class=\"h-x-container style-2740 style-local-1374-c38 position-relative h-element\">\n                  <!---->\n                  <div class=\"h-x-container-inner style-dynamic-1374-c38-group style-2740-spacing style-local-1374-c38-spacing\"><span class=\"h-button__outer style-2741-outer style-local-1374-c39-outer d-inline-flex h-element\"><a h-use-smooth-scroll=\"true\" href=\"https:\/\/led.dge.medu.pt\" target=\"_blank\"  data-colibri-id=\"1374-c39\" class=\"d-flex w-100 align-items-center h-button justify-content-lg-center justify-content-md-center justify-content-center style-2741 style-local-1374-c39 position-relative\"><!----><!----> <span>Site Oficial LED<\/span><\/a>\n                    <\/span>\n                  <\/div>\n                <\/div>\n              <\/div>\n            <\/div>\n          <\/div>\n          <div class=\"h-column h-column-container d-flex h-col-lg-auto h-col-md-auto h-col-auto style-885-outer style-local-1374-c20-outer\">\n            <div data-colibri-id=\"1374-c20\" class=\"d-flex h-flex-basis h-column__inner h-ui-empty-state-container h-px-lg-2 h-px-md-2 h-px-2 v-inner-lg-2 v-inner-md-2 v-inner-2 style-885 style-local-1374-c20 position-relative\">\n              <!---->\n              <!---->\n              <div class=\"w-100 h-y-container h-column__content h-column__v-align flex-basis-100\">\n                <!---->\n              <\/div>\n            <\/div>\n          <\/div>\n        <\/div>\n      <\/div>\n    <\/div>\n  <\/div>\n  <div data-colibri-component=\"section\" data-colibri-id=\"1374-c21\" id=\"custom-3\" class=\"h-section h-section-global-spacing d-flex align-items-lg-center align-items-md-center align-items-center style-890 style-local-1374-c21 position-relative\">\n    <!---->\n    <!---->\n    <div class=\"h-section-grid-container h-section-boxed-container\">\n      <!---->\n      <div data-colibri-id=\"1374-c22\" class=\"h-row-container gutters-row-lg-2 gutters-row-md-2 gutters-row-0 gutters-row-v-lg-2 gutters-row-v-md-2 gutters-row-v-2 style-891 style-local-1374-c22 position-relative\">\n        <!---->\n        <div class=\"h-row justify-content-lg-center justify-content-md-center justify-content-center align-items-lg-stretch align-items-md-stretch align-items-stretch gutters-col-lg-2 gutters-col-md-2 gutters-col-0 gutters-col-v-lg-2 gutters-col-v-md-2 gutters-col-v-2\">\n          <!---->\n          <div class=\"h-column h-column-container d-flex h-col-lg-auto h-col-md-auto h-col-auto style-892-outer style-local-1374-c23-outer\">\n            <div data-colibri-id=\"1374-c23\" class=\"d-flex h-flex-basis h-column__inner h-px-lg-2 h-px-md-2 h-px-2 v-inner-lg-2 v-inner-md-2 v-inner-2 style-892 style-local-1374-c23 position-relative\">\n              <!---->\n              <!---->\n              <div class=\"w-100 h-y-container h-column__content h-column__v-align flex-basis-100 align-self-lg-start align-self-md-start align-self-start\">\n                <!---->\n                <div data-colibri-id=\"1374-c24\" class=\"d-block style-882 style-local-1374-c24 position-relative h-element\">\n                  <!---->\n                  <div class=\"h-image__frame-container-outer\">\n                    <div class=\"h-image__frame-container\">\n                      <!---->\n                      <!---->\n                      <img loading=\"lazy\" decoding=\"async\" width=\"254\" height=\"253\" src=\"https:\/\/www.aecoimbracentro.pt\/on\/wp-content\/uploads\/2025\/10\/cropped-imagem_2025-10-23_001143067.png\" class=\"wp-image-1166 style-882-image style-local-1374-c24-image\" alt=\"\" srcset=\"https:\/\/www.aecoimbracentro.pt\/on\/wp-content\/uploads\/2025\/10\/cropped-imagem_2025-10-23_001143067.png 254w, https:\/\/www.aecoimbracentro.pt\/on\/wp-content\/uploads\/2025\/10\/cropped-imagem_2025-10-23_001143067-150x150.png 150w\" sizes=\"auto, (max-width: 254px) 100vw, 254px\" \/>\n                      <div class=\"h-image__frame h-hide-lg h-hide-md h-hide-sm style-882-frameImage style-local-1374-c24-frameImage\"><\/div>\n                    <\/div>\n                  <\/div>\n                <\/div>\n              <\/div>\n            <\/div>\n          <\/div>\n          <div class=\"h-column h-column-container d-flex h-col-lg-auto h-col-md-auto h-col-auto style-893-outer style-local-1374-c25-outer\">\n            <div data-colibri-id=\"1374-c25\" class=\"d-flex h-flex-basis h-column__inner h-px-lg-2 h-px-md-2 h-px-2 v-inner-lg-2 v-inner-md-2 v-inner-2 style-893 style-local-1374-c25 position-relative\">\n              <!---->\n              <!---->\n              <div class=\"w-100 h-y-container h-column__content h-column__v-align flex-basis-100 align-self-lg-start align-self-md-start align-self-start\">\n                <!---->\n                <div data-colibri-id=\"1374-c26\" class=\"h-text h-text-component style-894 style-local-1374-c26 position-relative h-element\">\n                  <!---->\n                  <!---->\n                  <div class=\"\">\n                    <p>\n                      <br>\n                    <\/p>\n                    <p>Forma\u00e7\u00e3o online \/ Tutoriais\n                      <br>\n                      <br>Workshop 1.&nbsp;\n                      <a href=\"https:\/\/youtu.be\/JefPkNQ5zMs?si=-v39C73zXxTlbsys\" rel=\"noopener noreferrer\" target=\"_blank\" style=\"color: rgb(60, 0, 255);\" class=\"customize-unpreviewable\">&#8220;Aprender com recurso \u00e0 impress\u00e3o 3D&#8221; &#8211; Grava\u00e7\u00e3o<\/a>\n                      <br>Workshop 2.&nbsp;\n                      <a href=\"https:\/\/youtu.be\/pAG1icTKims\" rel=\"noopener noreferrer\" target=\"_blank\" style=\"color: rgb(60, 0, 255);\" class=\"customize-unpreviewable\">&#8220;Comunicar com Artes e Multim\u00e9dia&#8221; &#8211; Grava\u00e7\u00e3o<\/a>\n                      <br>Workshop 3.&nbsp;\n                      <a href=\"https:\/\/youtu.be\/EXRv2_PLt_Q\" rel=\"noopener noreferrer\" target=\"_blank\" style=\"color: rgb(60, 0, 255);\" class=\"customize-unpreviewable\">&#8220;Investigar com o micro:bit&#8221; &#8211; Grava\u00e7\u00e3o<\/a>\n                      <br>Workshop 4.&nbsp;\n                      <a href=\"https:\/\/youtu.be\/ukfkJ49F_tw\" rel=\"noopener noreferrer\" target=\"_blank\" style=\"color: rgb(60, 0, 255);\" class=\"customize-unpreviewable\">&#8220;Explorar e programar com rob\u00f4s&#8221; &#8211; Grava\u00e7\u00e3o<\/a>\n                      <br>Workshop 5.\n                      <a href=\"https:\/\/youtu.be\/4IVfAEMxy5I\" rel=\"noopener noreferrer\" target=\"_blank\" style=\"color: rgb(60, 0, 255);\" class=\"customize-unpreviewable\">&#8220;Atividades STEM na sala de aula&#8221; &#8211; Grava\u00e7\u00e3o<\/a>\n                      <br>\n                    <\/p>\n                  <\/div>\n                <\/div>\n              <\/div>\n            <\/div>\n          <\/div>\n        <\/div>\n      <\/div>\n    <\/div>\n  <\/div>\n  <div data-colibri-component=\"section\" data-colibri-id=\"1374-c27\" id=\"custom\" class=\"h-section h-section-global-spacing d-flex align-items-lg-center align-items-md-center align-items-center style-2138 style-local-1374-c27 position-relative\">\n    <!---->\n    <!---->\n    <div class=\"h-section-grid-container h-section-boxed-container\">\n      <!---->\n      <div data-colibri-id=\"1374-c28\" class=\"h-row-container gutters-row-lg-2 gutters-row-md-2 gutters-row-0 gutters-row-v-lg-2 gutters-row-v-md-2 gutters-row-v-2 style-2139 style-local-1374-c28 position-relative\">\n        <!---->\n        <div class=\"h-row justify-content-lg-center justify-content-md-center justify-content-center align-items-lg-stretch align-items-md-stretch align-items-stretch gutters-col-lg-2 gutters-col-md-2 gutters-col-0 gutters-col-v-lg-2 gutters-col-v-md-2 gutters-col-v-2\">\n          <!---->\n          <div class=\"h-column h-column-container d-flex h-col-lg-auto h-col-md-auto h-col-auto style-2140-outer style-local-1374-c29-outer\">\n            <div data-colibri-id=\"1374-c29\" class=\"d-flex h-flex-basis h-column__inner h-px-lg-2 h-px-md-2 h-px-2 v-inner-lg-2 v-inner-md-2 v-inner-2 style-2140 style-local-1374-c29 position-relative\">\n              <!---->\n              <!---->\n              <div class=\"w-100 h-y-container h-column__content h-column__v-align flex-basis-100 align-self-lg-start align-self-md-start align-self-start\">\n                <!---->\n                <div data-colibri-id=\"1374-c30\" class=\"h-x-container style-1681 style-local-1374-c30 position-relative h-element\">\n                  <!---->\n                  <div class=\"h-x-container-inner style-dynamic-1374-c30-group style-1681-spacing style-local-1374-c30-spacing\"><span class=\"h-button__outer style-1682-outer style-local-1374-c31-outer d-inline-flex h-element\"><a h-use-smooth-scroll=\"true\" href=\"https:\/\/www.aecoimbracentro.pt\/on\/?page_id=137\"  data-colibri-id=\"1374-c31\" class=\"d-flex w-100 align-items-center h-button justify-content-lg-center justify-content-md-center justify-content-center style-1682 style-local-1374-c31 position-relative\"><!----><!----> <span>voltar aos clubes e projetos<\/span><\/a>\n                    <\/span>\n                  <\/div>\n                <\/div>\n              <\/div>\n            <\/div>\n          <\/div>\n        <\/div>\n      <\/div>\n    <\/div>\n  <\/div>\n<\/div>","protected":false},"excerpt":{"rendered":"<p>AECC Laborat\u00f3rios de Educa\u00e7\u00e3o&nbsp;Digital (LED.3) Pretende-se que os LED sejam espa\u00e7os de suporte [&hellip;]<\/p>\n","protected":false},"author":21,"featured_media":0,"parent":0,"menu_order":0,"comment_status":"closed","ping_status":"closed","template":"page-templates\/full-width-page.php","meta":{"footnotes":""},"class_list":["post-1374","page","type-page","status-publish","hentry"],"_links":{"self":[{"href":"https:\/\/www.aecoimbracentro.pt\/on\/index.php?rest_route=\/wp\/v2\/pages\/1374","targetHints":{"allow":["GET"]}}],"collection":[{"href":"https:\/\/www.aecoimbracentro.pt\/on\/index.php?rest_route=\/wp\/v2\/pages"}],"about":[{"href":"https:\/\/www.aecoimbracentro.pt\/on\/index.php?rest_route=\/wp\/v2\/types\/page"}],"author":[{"embeddable":true,"href":"https:\/\/www.aecoimbracentro.pt\/on\/index.php?rest_route=\/wp\/v2\/users\/21"}],"replies":[{"embeddable":true,"href":"https:\/\/www.aecoimbracentro.pt\/on\/index.php?rest_route=%2Fwp%2Fv2%2Fcomments&post=1374"}],"version-history":[{"count":12,"href":"https:\/\/www.aecoimbracentro.pt\/on\/index.php?rest_route=\/wp\/v2\/pages\/1374\/revisions"}],"predecessor-version":[{"id":5128,"href":"https:\/\/www.aecoimbracentro.pt\/on\/index.php?rest_route=\/wp\/v2\/pages\/1374\/revisions\/5128"}],"wp:attachment":[{"href":"https:\/\/www.aecoimbracentro.pt\/on\/index.php?rest_route=%2Fwp%2Fv2%2Fmedia&parent=1374"}],"curies":[{"name":"wp","href":"https:\/\/api.w.org\/{rel}","templated":true}]}}