{"id":1437,"date":"2025-10-25T11:21:08","date_gmt":"2025-10-25T11:21:08","guid":{"rendered":"https:\/\/www.aecoimbracentro.pt\/on\/?page_id=1437"},"modified":"2026-02-11T12:44:38","modified_gmt":"2026-02-11T12:44:38","slug":"termos-e-condicoes-e-privacidade","status":"publish","type":"page","link":"https:\/\/www.aecoimbracentro.pt\/on\/?page_id=1437","title":{"rendered":"Termos e Condi\u00e7\u00f5es e Privacidade"},"content":{"rendered":"\n<h3 class=\"wp-block-heading\">Termos de Utiliza\u00e7\u00e3o<\/h3>\n\n\n\n<p>A p\u00e1gina web com o endere\u00e7o www.aecoimbracentro.com \u00e9 propriedade do Agrupamento de Escolas Coimbra Centro, com sede localizada na Escola Secund\u00e1ria de Jaime Cortes\u00e3o, Rua Ol\u00edmpio Nicolau Rui Fernandes, 3000-303 Coimbra, Portugal. O Agrupamento de Escolas Coimbra Centro faz a gest\u00e3o deste Website com o objetivo de fornecer informa\u00e7\u00e3o acerca das Escolas que fazem parte do agrupamento, os seus servi\u00e7os, projetos, concursos e not\u00edcias.<br><br>A utiliza\u00e7\u00e3o do nosso Website pressup\u00f5e a sua concord\u00e2ncia com os nossos Termos de Utiliza\u00e7ao e Pol\u00edtica de Privacidade.<br><br>Em momento algum recolhemos e\/ou armazenamos qualquer informa\u00e7\u00e3o pessoal ao visitar o nosso site.<br><br>Na sua primeira visita ao nosso Website, surgir\u00e1 no rodap\u00e9 da p\u00e1gina uma solicita\u00e7\u00e3o para a aceita\u00e7\u00e3o dos nossos Termos de Utiliza\u00e7\u00e3o e da nossa Pol\u00edtica de Privacidade, assim como da utiliza\u00e7\u00e3o de cookies. Ao dar o seu consentimento, atrav\u00e9s do bot\u00e3o &#8220;Concordar&#8221;, o nosso Website colocar\u00e1 um cookie no seu dispositivo e o rodap\u00e9 n\u00e3o voltar\u00e1 a surgir enquanto o cookie estiver ativo. Expirada a dura\u00e7\u00e3o do cookie, ou se tiver limpo os cookies do seu browser, o rodap\u00e9 surgir\u00e1 novamente no seu pr\u00f3ximo acesso ao nosso Website e ser-lhe-\u00e1 solicitado novamente a aceita\u00e7\u00e3o dos Termos e Pol\u00edtica.<br><br>O Agrupamento de Escolas Coimbra Centro pode, a qualquer momento, alterar\/modificar\/eliminar o presente Website, no seu todo ou em partes, sem se responsabilizar do que da\u00ed possa advir.<br><br>Salvo indica\u00e7\u00e3o em contr\u00e1rio, todos os conte\u00fados, documentos e apresenta\u00e7\u00f5es publicados no nosso Website s\u00e3o propriedade do Agrupamento de Escolas Coimbra Centro. N\u00e3o \u00e9 permitida a sua utiliza\u00e7\u00e3o sem consentimento pr\u00e9vio por parte do Agrupamento de Escolas Coimbra Centro.<br><br>Todos os Utilizadores que visitem o nosso Website aceitam e reconhecem que o acesso e utiliza\u00e7\u00e3o do mesmo s\u00e3o da sua pr\u00f3pria conta e risco. Nem o Agrupamento de Escolas Coimbra Centro, nem qualquer parte envolvida na cria\u00e7\u00e3o, produ\u00e7\u00e3o ou fornecimento do Website poder\u00e3o ser responsabilizados por quaisquer danos ou preju\u00edzos, qualquer que seja a sua natureza, resultantes do acesso, ainda que a informa\u00e7\u00e3o seja omissa, deficiente ou incorreta, ou por qualquer erro ou omiss\u00e3o ocorrido na respetiva recolha, registo, processamento, armazenamento e difus\u00e3o.<\/p>\n\n\n\n<p id=\"privacidade\">&nbsp;<\/p>\n\n\n\n<h3 class=\"wp-block-heading\">Pol\u00edtica de Privacidade<\/h3>\n\n\n\n<p><strong>UTILIZA\u00c7\u00c3O DE COOKIES<\/strong><br>Utilizamos cookies no nosso Website para melhorar a experi\u00eancia do Utilizador.<br><br>Cookies s\u00e3o pequenos ficheiros de texto guardados no seu dispositivo (computador, telem\u00f3vel ou tablet) e que s\u00e3o utilizados, principalmente, para recolher informa\u00e7\u00e3o sobre os visitantes e a sua experi\u00eancia de utiliza\u00e7\u00e3o.<br><br>Os cookies n\u00e3o causar\u00e3o danos no seu computador, telem\u00f3vel, tablet ou outro dispositivo, e n\u00e3o ser\u00e3o armazenados quaisquer dados pessoais que o possam identificar individualmente em rela\u00e7\u00e3o ao uso do Website do Agrupamento de Escolas Coimbra Centro.<br><br><strong>a) Que tipo de cookies utiliza o Website do Agrupamento de Escolas Coimbra Centro?<\/strong><\/p>\n\n\n\n<ul class=\"wp-block-list\">\n<li>Cookies pr\u00f3prios: um cookie gerido por este Website.<\/li>\n\n\n\n<li>Cookies de terceiros: um cookie gerido por outro Website (por exemplo: Google).<\/li>\n\n\n\n<li>Cookies permanentes: um cookie que fica armazenado no seu dispositivo de acesso \u00e0 web (computador, telem\u00f3vel ou tablet) e \u00e9 utilizado quando o Utilizador visita novamente o nosso Website.<\/li>\n<\/ul>\n\n\n\n<p>Pode configurar o seu browser para aceitar, apagar ou recusar cookies. No entanto, a n\u00e3o aceita\u00e7\u00e3o de cookies, pode alterar a forma como interage com o nosso Website e perder acesso a algumas funcionalidades do mesmo. No entanto nenhum dos cookies apresentados acima se mostra essencial para a utiliza\u00e7\u00e3o no nosso Website, apenas os utilizamos para melhorar a sua experi\u00eancia como Utilizador do nosso Website.<br>Os cookies utilizados pelo nosso Website n\u00e3o ter\u00e3o outro objetivo se n\u00e3o os mencionados no ponto anterior.<\/p>\n\n\n\n<p><strong>b) Como desativar os cookies?<\/strong><\/p>\n\n\n\n<ul class=\"wp-block-list\">\n<li><a href=\"https:\/\/support.microsoft.com\/pt-pt\/help\/17442\/windows-internet-explorer-delete-manage-cookies\" target=\"_blank\" rel=\"noreferrer noopener\">Internet Explorer<\/a><\/li>\n\n\n\n<li><a href=\"https:\/\/support.mozilla.org\/pt-PT\/kb\/ativar-desativar-cookies-websites-utilizam-monitorizar-preferencias\" target=\"_blank\" rel=\"noreferrer noopener\">Mozilla Firefox<\/a><\/li>\n\n\n\n<li><a href=\"https:\/\/support.google.com\/chrome\/answer\/95647?hl=pt&amp;topic=14666&amp;ctx=topic\" target=\"_blank\" rel=\"noreferrer noopener\">Chrome<\/a><\/li>\n\n\n\n<li><a href=\"https:\/\/support.apple.com\/pt-pt\/guide\/safari\/sfri11471\/mac\" target=\"_blank\" rel=\"noreferrer noopener\">Safari<\/a><\/li>\n\n\n\n<li><a href=\"https:\/\/www.opera.com\/help\/tutorials\/security\/cookies\/\" target=\"_blank\" rel=\"noreferrer noopener\">Opera<\/a><\/li>\n<\/ul>\n\n\n\n<p><strong>OUTROS WEBSITES<\/strong><br>O nosso Website cont\u00e9m links para Websites de terceiros (links externos). Os nossos Termos de Utiliza\u00e7\u00e3o, assim como a nossa Pol\u00edtica de Privacidade apenas se aplica a este Website. Dever\u00e1, portanto, ler as respectivas normas de utiliza\u00e7\u00e3o dos outros Websites.<br><br><strong>ALTERA\u00c7\u00d5ES DA POL\u00cdTICA DE PRIVACIDADE<\/strong><br>O Agrupamento de Escolas Coimbra Centro pode, a qualquer momento e se ness\u00e1rio, atualizar a sua Pol\u00edtica de Privacidade. As atualiza\u00e7\u00f5es ser\u00e3o anunciadas no nosso Website. Com esse prop\u00f3sito, recomendamos que visite regularmente o nosso Website para obter a informa\u00e7\u00e3o mais atualizada acerca das nossas Pol\u00edticas.<\/p>\n\n\n\n<p><strong>ENCARREGADO DE PROTE\u00c7\u00c3O DE DADOS NAS ESCOLAS<\/strong><br>DSRC: Dion\u00edsio Jesus Vieira<br>E-mail:&nbsp;<a href=\"mailto:rgpd.dsrc@dgeste.mec.pt\">rgpd.dsrc@dgeste.mec.pt<\/a><br>Morada: Rua General Humberto Delgado, 319, 3030-327 Coimbra<br>Telefone: (+351) 239 798 800<br><br><strong>CONTACTOS<\/strong><br>Relativamente a quest\u00f5es que possam surgir acerca da prote\u00e7\u00e3o de dados, dos Termos de Utiliza\u00e7\u00e3o ou da Pol\u00edtica de Privacidade, por favor, utilize o formul\u00e1rio de contacto, o email&nbsp;<a href=\"mailto:geral@aecoimbracentro.pt\">geral@aecoimbracentro.pt<\/a>&nbsp;ou contacte-nos para a morada:<br>Agrupamento de Escolas Coimbra Centro<br>Rua Ol\u00edmpio Nicolau Rui Fernandes<br>3000-303 Coimbra<br>Portugal<\/p>\n\n\n\n<h5 class=\"wp-block-heading\">Documentos associados<\/h5>\n\n\n\n<ul class=\"wp-block-list\">\n<li><a href=\"https:\/\/www.aecoimbracentro.pt\/documento\/1\/90\/implementacao-do-regulamento-geral-de-protecao-de-dados-rgpd\" target=\"_blank\" rel=\"noreferrer noopener\">Implementa\u00e7\u00e3o do Regulamento Geral de Prote\u00e7\u00e3o de Dados (RGPD)<\/a><\/li>\n<\/ul>\n\n\n\n<p><\/p>\n","protected":false},"excerpt":{"rendered":"<p>Termos de Utiliza\u00e7\u00e3o A p\u00e1gina web com o endere\u00e7o www.aecoimbracentro.com \u00e9 propriedade do [&hellip;]<\/p>\n","protected":false},"author":21,"featured_media":0,"parent":0,"menu_order":0,"comment_status":"closed","ping_status":"closed","template":"","meta":{"footnotes":""},"class_list":["post-1437","page","type-page","status-publish","hentry"],"_links":{"self":[{"href":"https:\/\/www.aecoimbracentro.pt\/on\/index.php?rest_route=\/wp\/v2\/pages\/1437","targetHints":{"allow":["GET"]}}],"collection":[{"href":"https:\/\/www.aecoimbracentro.pt\/on\/index.php?rest_route=\/wp\/v2\/pages"}],"about":[{"href":"https:\/\/www.aecoimbracentro.pt\/on\/index.php?rest_route=\/wp\/v2\/types\/page"}],"author":[{"embeddable":true,"href":"https:\/\/www.aecoimbracentro.pt\/on\/index.php?rest_route=\/wp\/v2\/users\/21"}],"replies":[{"embeddable":true,"href":"https:\/\/www.aecoimbracentro.pt\/on\/index.php?rest_route=%2Fwp%2Fv2%2Fcomments&post=1437"}],"version-history":[{"count":1,"href":"https:\/\/www.aecoimbracentro.pt\/on\/index.php?rest_route=\/wp\/v2\/pages\/1437\/revisions"}],"predecessor-version":[{"id":1438,"href":"https:\/\/www.aecoimbracentro.pt\/on\/index.php?rest_route=\/wp\/v2\/pages\/1437\/revisions\/1438"}],"wp:attachment":[{"href":"https:\/\/www.aecoimbracentro.pt\/on\/index.php?rest_route=%2Fwp%2Fv2%2Fmedia&parent=1437"}],"curies":[{"name":"wp","href":"https:\/\/api.w.org\/{rel}","templated":true}]}}