{"id":159,"date":"2025-10-02T09:11:32","date_gmt":"2025-10-02T09:11:32","guid":{"rendered":"https:\/\/www.aecoimbracentro.pt\/on\/?page_id=159"},"modified":"2026-02-11T12:24:20","modified_gmt":"2026-02-11T12:24:20","slug":"apoio-kit-escola-digital","status":"publish","type":"page","link":"https:\/\/www.aecoimbracentro.pt\/on\/?page_id=159","title":{"rendered":"Apoio Gabinete Inform\u00e1tico"},"content":{"rendered":"<div data-colibri-id=\"159-c1\" class=\"style-1256 style-local-159-c1 position-relative\">\n  <!---->\n  <div data-colibri-component=\"section\" data-colibri-id=\"159-c2\" id=\"about\" class=\"h-section h-section-global-spacing d-flex align-items-lg-center align-items-md-center align-items-center style-1261 style-local-159-c2 position-relative\">\n    <!---->\n    <!---->\n    <div class=\"h-section-grid-container h-section-boxed-container\">\n      <!---->\n      <div data-colibri-id=\"159-c3\" class=\"h-row-container gutters-row-lg-2 gutters-row-md-2 gutters-row-2 gutters-row-v-lg-2 gutters-row-v-md-2 gutters-row-v-2 style-1262 style-local-159-c3 position-relative\">\n        <!---->\n        <div class=\"h-row justify-content-lg-center justify-content-md-center justify-content-center align-items-lg-stretch align-items-md-stretch align-items-stretch gutters-col-lg-2 gutters-col-md-2 gutters-col-2 gutters-col-v-lg-2 gutters-col-v-md-2 gutters-col-v-2\">\n          <!---->\n          <div class=\"h-column h-column-container d-flex h-col-lg-auto h-col-md-auto h-col-auto style-1263-outer style-local-159-c4-outer\">\n            <div data-colibri-id=\"159-c4\" class=\"d-flex h-flex-basis h-column__inner h-px-lg-2 h-px-md-2 h-px-2 v-inner-lg-2 v-inner-md-2 v-inner-2 style-1263 style-local-159-c4 position-relative\">\n              <!---->\n              <!---->\n              <div class=\"w-100 h-y-container h-column__content h-column__v-align flex-basis-100 align-self-lg-center align-self-md-center align-self-center\">\n                <!---->\n                <div data-colibri-id=\"159-c5\" class=\"h-global-transition-all h-heading style-1264 style-local-159-c5 position-relative h-element\">\n                  <!---->\n                  <div class=\"h-heading__outer style-1264 style-local-159-c5\">\n                    <!---->\n                    <!---->\n                    <h5 class=\"\">Web AECC<\/h5>\n                  <\/div>\n                <\/div>\n                <div data-colibri-id=\"159-c6\" class=\"h-global-transition-all h-heading style-1265 style-local-159-c6 position-relative h-element\">\n                  <!---->\n                  <div class=\"h-heading__outer style-1265 style-local-159-c6\">\n                    <!---->\n                    <!---->\n                    <h2 class=\"\">Drive com Tutoriais<\/h2>\n                  <\/div>\n                <\/div>\n                <div data-colibri-id=\"159-c7\" class=\"h-text h-text-component style-1266 style-local-159-c7 position-relative h-element\">\n                  <!---->\n                  <!---->\n                  <div class=\"\">\n                    <p><strong>Segundas: EB2 Silva Gaio<\/strong>&nbsp;\u2013 09.00 \u00e0s 13.00<\/p>\n                    <p><strong>Ter\u00e7as: Escola Secund\u00e1ria Jaime Cortes\u00e3o<\/strong>&nbsp;\u2013 09.00 \u00e0s 13.00<\/p>\n                    <p><strong>Quartas: EB2 S\u00e3o Silvestre<\/strong>&nbsp;\u2013 09.00 \u00e0s 13.00<\/p>\n                    <p>Para contacto, utilizar o email:&nbsp;<strong>apoiokitdigital@aecoimbracentro.pt<\/strong><\/p>\n                    <p>Eng. Marco Mar\u00e7al ou Eng. Paulo Sobral<\/p>\n                    <p>\n                      <br>\n                    <\/p>\n                  <\/div>\n                <\/div>\n                <div data-colibri-id=\"159-c8\" class=\"h-x-container style-1267 style-local-159-c8 position-relative h-element\">\n                  <!---->\n                  <div class=\"h-x-container-inner style-dynamic-159-c8-group style-1267-spacing style-local-159-c8-spacing\"><span class=\"h-button__outer style-1268-outer style-local-159-c9-outer d-inline-flex h-element\"><a h-use-smooth-scroll=\"true\" href=\"https:\/\/agecoimbracentro-my.sharepoint.com\/:f:\/g\/personal\/webaecc_aecoimbracentro_pt\/IgCNWSTWOKRaQrEU-Q6X37D_AYiMhtLh5R4GvOKJfEVa8ik?e=pDPp3O\" target=\"_blank\"  data-colibri-id=\"159-c9\" class=\"d-flex w-100 align-items-center h-button justify-content-lg-center justify-content-md-center justify-content-center style-1268 style-local-159-c9 position-relative\"><!----><!----> <span>Ver Tutoriais [AQUI]<\/span><\/a>\n                    <\/span>\n                  <\/div>\n                <\/div>\n              <\/div>\n            <\/div>\n          <\/div>\n          <div class=\"h-column h-column-container d-flex h-col-lg-auto h-col-md-auto h-col-auto style-1269-outer style-local-159-c10-outer\">\n            <div data-colibri-id=\"159-c10\" class=\"d-flex h-flex-basis h-column__inner h-px-lg-2 h-px-md-2 h-px-2 v-inner-lg-2 v-inner-md-2 v-inner-2 style-1269 style-local-159-c10 position-relative\">\n              <!---->\n              <!---->\n              <div class=\"w-100 h-y-container h-column__content h-column__v-align flex-basis-100 align-self-lg-center align-self-md-center align-self-center\">\n                <!---->\n                <div data-colibri-id=\"159-c11\" class=\"d-block style-1270 style-local-159-c11 position-relative h-element\">\n                  <!---->\n                  <div class=\"h-image__frame-container-outer\">\n                    <div class=\"h-image__frame-container\">\n                      <!---->\n                      <!---->\n                      <img loading=\"lazy\" decoding=\"async\" width=\"749\" height=\"492\" src=\"https:\/\/www.aecoimbracentro.pt\/on\/wp-content\/uploads\/2025\/10\/computador-1.png\" class=\"wp-image-248 style-1270-image style-local-159-c11-image\" alt=\"\" srcset=\"https:\/\/www.aecoimbracentro.pt\/on\/wp-content\/uploads\/2025\/10\/computador-1.png 749w, https:\/\/www.aecoimbracentro.pt\/on\/wp-content\/uploads\/2025\/10\/computador-1-300x197.png 300w\" sizes=\"auto, (max-width: 749px) 100vw, 749px\" \/>\n                      <div class=\"h-image__frame h-hide-sm style-1270-frameImage style-local-159-c11-frameImage\"><\/div>\n                    <\/div>\n                  <\/div>\n                <\/div>\n              <\/div>\n            <\/div>\n          <\/div>\n        <\/div>\n      <\/div>\n    <\/div>\n  <\/div>\n<\/div>","protected":false},"excerpt":{"rendered":"<p>Web AECC Drive com Tutoriais Segundas: EB2 Silva Gaio&nbsp;\u2013 09.00 \u00e0s 13.00 Ter\u00e7as: [&hellip;]<\/p>\n","protected":false},"author":1,"featured_media":0,"parent":0,"menu_order":0,"comment_status":"closed","ping_status":"closed","template":"page-templates\/full-width-page.php","meta":{"footnotes":""},"class_list":["post-159","page","type-page","status-publish","hentry"],"_links":{"self":[{"href":"https:\/\/www.aecoimbracentro.pt\/on\/index.php?rest_route=\/wp\/v2\/pages\/159","targetHints":{"allow":["GET"]}}],"collection":[{"href":"https:\/\/www.aecoimbracentro.pt\/on\/index.php?rest_route=\/wp\/v2\/pages"}],"about":[{"href":"https:\/\/www.aecoimbracentro.pt\/on\/index.php?rest_route=\/wp\/v2\/types\/page"}],"author":[{"embeddable":true,"href":"https:\/\/www.aecoimbracentro.pt\/on\/index.php?rest_route=\/wp\/v2\/users\/1"}],"replies":[{"embeddable":true,"href":"https:\/\/www.aecoimbracentro.pt\/on\/index.php?rest_route=%2Fwp%2Fv2%2Fcomments&post=159"}],"version-history":[{"count":6,"href":"https:\/\/www.aecoimbracentro.pt\/on\/index.php?rest_route=\/wp\/v2\/pages\/159\/revisions"}],"predecessor-version":[{"id":4275,"href":"https:\/\/www.aecoimbracentro.pt\/on\/index.php?rest_route=\/wp\/v2\/pages\/159\/revisions\/4275"}],"wp:attachment":[{"href":"https:\/\/www.aecoimbracentro.pt\/on\/index.php?rest_route=%2Fwp%2Fv2%2Fmedia&parent=159"}],"curies":[{"name":"wp","href":"https:\/\/api.w.org\/{rel}","templated":true}]}}