{"id":168,"date":"2025-10-02T09:26:53","date_gmt":"2025-10-02T09:26:53","guid":{"rendered":"https:\/\/www.aecoimbracentro.pt\/on\/?page_id=168"},"modified":"2026-02-11T12:44:00","modified_gmt":"2026-02-11T12:44:00","slug":"quem-somos","status":"publish","type":"page","link":"https:\/\/www.aecoimbracentro.pt\/on\/?page_id=168","title":{"rendered":"Quem Somos"},"content":{"rendered":"<div data-colibri-id=\"168-c1\" class=\"style-1271 style-local-168-c1 position-relative\">\n  <!---->\n  <div data-colibri-component=\"section\" data-colibri-id=\"168-c6\" id=\"about\" class=\"h-section h-section-global-spacing d-flex align-items-lg-center align-items-md-center align-items-center style-1276 style-local-168-c6 position-relative\">\n    <!---->\n    <!---->\n    <div class=\"h-section-grid-container h-section-boxed-container\">\n      <!---->\n      <div data-colibri-id=\"168-c7\" class=\"h-row-container gutters-row-lg-2 gutters-row-md-2 gutters-row-2 gutters-row-v-lg-2 gutters-row-v-md-2 gutters-row-v-2 style-1277 style-local-168-c7 position-relative\">\n        <!---->\n        <div class=\"h-row justify-content-lg-center justify-content-md-center justify-content-center align-items-lg-stretch align-items-md-stretch align-items-stretch gutters-col-lg-2 gutters-col-md-2 gutters-col-2 gutters-col-v-lg-2 gutters-col-v-md-2 gutters-col-v-2\">\n          <!---->\n          <div class=\"h-column h-column-container d-flex h-col-lg-auto h-col-md-auto h-col-auto style-1278-outer style-local-168-c8-outer\">\n            <div data-colibri-id=\"168-c8\" class=\"d-flex h-flex-basis h-column__inner h-px-lg-2 h-px-md-2 h-px-2 v-inner-lg-2 v-inner-md-2 v-inner-2 style-1278 style-local-168-c8 position-relative\">\n              <!---->\n              <!---->\n              <div class=\"w-100 h-y-container h-column__content h-column__v-align flex-basis-100 align-self-lg-center align-self-md-center align-self-center\">\n                <!---->\n                <div data-colibri-id=\"168-c9\" class=\"h-global-transition-all h-heading style-1279 style-local-168-c9 position-relative h-element\">\n                  <!---->\n                  <div class=\"h-heading__outer style-1279 style-local-168-c9\">\n                    <!---->\n                    <!---->\n                    <h5 class=\"\">AECC<\/h5>\n                  <\/div>\n                <\/div>\n                <div data-colibri-id=\"168-c10\" class=\"h-global-transition-all h-heading style-1280 style-local-168-c10 position-relative h-element\">\n                  <!---->\n                  <div class=\"h-heading__outer style-1280 style-local-168-c10\">\n                    <!---->\n                    <!---->\n                    <h2 class=\"\">Agrupamento&nbsp;<em style=\"color: rgb(247, 144, 7); font-family: &quot;Playfair Display&quot;;\">Coimbra Centro<\/em> <\/h2>\n                  <\/div>\n                <\/div>\n                <div data-colibri-id=\"168-c11\" class=\"h-text h-text-component style-1281 style-local-168-c11 position-relative h-element\">\n                  <!---->\n                  <!---->\n                  <div class=\"\">\n                    <p>O Agrupamento de Escolas Coimbra Centro (AECC), criado a 04 de julho de 2012 por despacho governamental, agregou a Escola Secund\u00e1ria Jaime Cortes\u00e3o, o Agrupamento de Escolas Poeta Manuel da Silva Gaio e o Agrupamento de Escolas de\n                      S. Silvestre.<\/p>\n                    <p>Com sede na Escola Secund\u00e1ria, numa organiza\u00e7\u00e3o vertical, oferece todos os ciclos de ensino, do pr\u00e9-escolar ao 12.\u00ba ano e, ainda, ao ensino noturno. \u00c9 um agrupamento muito diversificado, que se afirma como uma escola inclusiva, determinada\n                      a responder a p\u00fablicos diferentes.<\/p>\n                    <p>A&nbsp;<strong>Miss\u00e3o<\/strong>&nbsp;do AECC assenta nos seguintes princ\u00edpios:<\/p>\n                    <ul>\n                      <li>Prestar um servi\u00e7o p\u00fablico de educa\u00e7\u00e3o e forma\u00e7\u00e3o de qualidade;<\/li>\n                      <li>Incluir todos os cidad\u00e3os, valorizando as suas capacidades e melhorando as suas debilidades;<\/li>\n                      <li>Educar para a democracia, para a cidadania, solidariedade, interculturalidade e para os afetos, de modo a construir a intera\u00e7\u00e3o e o esp\u00edrito cr\u00edtico necess\u00e1rios e catalisadores da mudan\u00e7a;<\/li>\n                      <li>Educar para a inova\u00e7\u00e3o e para a arte;<\/li>\n                      <li>Formar cidad\u00e3os respons\u00e1veis e aut\u00f3nomos;<\/li>\n                      <li>Captar as sinergias da comunidade envolvente e aprender com ela;<\/li>\n                      <li>Qualificar os cidad\u00e3os com novas compet\u00eancias a fim de os preparar para o futuro, capacit\u00e1-los para a aquisi\u00e7\u00e3o de aprendizagens ao longo da vida e contribuir para o desenvolvimento do pa\u00eds.<\/li>\n                    <\/ul>\n                    <p>A&nbsp;<strong>Vis\u00e3o<\/strong>&nbsp;do AECC \u00e9 ser conhecido e reconhecido como uma organiza\u00e7\u00e3o de refer\u00eancia e de excel\u00eancia, pelo servi\u00e7o educativo prestado, pela diversidade de percursos formativos que oferece, pela inclus\u00e3o de todos\n                      os seus, pela simbiose cultural, pela articula\u00e7\u00e3o com a comunidade envolvente, pelos projetos e estrat\u00e9gias inovadoras que desenvolve, pelos valores que transmite a todos os que nele participam, pela constru\u00e7\u00e3o reflexiva do conhecimento\n                      atrav\u00e9s de&nbsp;<em>empowerment<\/em>&nbsp;e pelo clima organizacional positivo e gerador do bem-estar comum, potenciador do sucesso educativo dos seus alunos e da cria\u00e7\u00e3o de ambientes saud\u00e1veis de trabalho..<\/p>\n                  <\/div>\n                <\/div>\n                <div data-colibri-id=\"168-c12\" class=\"h-x-container style-1282 style-local-168-c12 position-relative h-element\">\n                  <!---->\n                  <div class=\"h-x-container-inner style-dynamic-168-c12-group style-1282-spacing style-local-168-c12-spacing\"><span class=\"h-button__outer style-1283-outer style-local-168-c13-outer d-inline-flex h-element\"><a h-use-smooth-scroll=\"true\" href=\"https:\/\/www.aecoimbracentro.pt\/on\/?page_id=220\"  data-colibri-id=\"168-c13\" class=\"d-flex w-100 align-items-center h-button justify-content-lg-center justify-content-md-center justify-content-center style-1283 style-local-168-c13 position-relative\"><!----><!----> <span>voltar&#8230;<\/span><\/a>\n                    <\/span>\n                  <\/div>\n                <\/div>\n              <\/div>\n            <\/div>\n          <\/div>\n          <div class=\"h-column h-column-container d-flex h-col-lg-auto h-col-md-auto h-col-auto style-1284-outer style-local-168-c14-outer\">\n            <div data-colibri-id=\"168-c14\" class=\"d-flex h-flex-basis h-column__inner h-px-lg-2 h-px-md-2 h-px-2 v-inner-lg-2 v-inner-md-2 v-inner-2 style-1284 style-local-168-c14 position-relative\">\n              <!---->\n              <!---->\n              <div class=\"w-100 h-y-container h-column__content h-column__v-align flex-basis-100 align-self-lg-center align-self-md-center align-self-center\">\n                <!---->\n                <div data-colibri-id=\"168-c15\" class=\"d-block style-1285 style-local-168-c15 position-relative h-element\">\n                  <!---->\n                  <div class=\"h-image__frame-container-outer\">\n                    <div class=\"h-image__frame-container\">\n                      <!---->\n                      <!---->\n                      <img loading=\"lazy\" decoding=\"async\" width=\"511\" height=\"510\" src=\"https:\/\/www.aecoimbracentro.pt\/on\/wp-content\/uploads\/2025\/10\/cropped-cropped-vistaSec.jpg\" class=\"wp-image-1661 style-1285-image style-local-168-c15-image\" alt=\"\" srcset=\"https:\/\/www.aecoimbracentro.pt\/on\/wp-content\/uploads\/2025\/10\/cropped-cropped-vistaSec.jpg 511w, https:\/\/www.aecoimbracentro.pt\/on\/wp-content\/uploads\/2025\/10\/cropped-cropped-vistaSec-300x300.jpg 300w, https:\/\/www.aecoimbracentro.pt\/on\/wp-content\/uploads\/2025\/10\/cropped-cropped-vistaSec-150x150.jpg 150w\" sizes=\"auto, (max-width: 511px) 100vw, 511px\" \/>\n                      <div class=\"h-image__frame h-hide-sm style-1285-frameImage style-local-168-c15-frameImage\"><\/div>\n                    <\/div>\n                  <\/div>\n                <\/div>\n              <\/div>\n            <\/div>\n          <\/div>\n        <\/div>\n      <\/div>\n    <\/div>\n  <\/div>\n<\/div>","protected":false},"excerpt":{"rendered":"<p>AECC Agrupamento&nbsp;Coimbra Centro O Agrupamento de Escolas Coimbra Centro (AECC), criado a 04 [&hellip;]<\/p>\n","protected":false},"author":21,"featured_media":169,"parent":0,"menu_order":0,"comment_status":"closed","ping_status":"closed","template":"page-templates\/full-width-page.php","meta":{"footnotes":""},"class_list":["post-168","page","type-page","status-publish","has-post-thumbnail","hentry"],"_links":{"self":[{"href":"https:\/\/www.aecoimbracentro.pt\/on\/index.php?rest_route=\/wp\/v2\/pages\/168","targetHints":{"allow":["GET"]}}],"collection":[{"href":"https:\/\/www.aecoimbracentro.pt\/on\/index.php?rest_route=\/wp\/v2\/pages"}],"about":[{"href":"https:\/\/www.aecoimbracentro.pt\/on\/index.php?rest_route=\/wp\/v2\/types\/page"}],"author":[{"embeddable":true,"href":"https:\/\/www.aecoimbracentro.pt\/on\/index.php?rest_route=\/wp\/v2\/users\/21"}],"replies":[{"embeddable":true,"href":"https:\/\/www.aecoimbracentro.pt\/on\/index.php?rest_route=%2Fwp%2Fv2%2Fcomments&post=168"}],"version-history":[{"count":2,"href":"https:\/\/www.aecoimbracentro.pt\/on\/index.php?rest_route=\/wp\/v2\/pages\/168\/revisions"}],"predecessor-version":[{"id":2267,"href":"https:\/\/www.aecoimbracentro.pt\/on\/index.php?rest_route=\/wp\/v2\/pages\/168\/revisions\/2267"}],"wp:featuredmedia":[{"embeddable":true,"href":"https:\/\/www.aecoimbracentro.pt\/on\/index.php?rest_route=\/wp\/v2\/media\/169"}],"wp:attachment":[{"href":"https:\/\/www.aecoimbracentro.pt\/on\/index.php?rest_route=%2Fwp%2Fv2%2Fmedia&parent=168"}],"curies":[{"name":"wp","href":"https:\/\/api.w.org\/{rel}","templated":true}]}}