{"id":175,"date":"2025-10-02T09:41:39","date_gmt":"2025-10-02T09:41:39","guid":{"rendered":"https:\/\/www.aecoimbracentro.pt\/on\/?page_id=175"},"modified":"2026-02-11T12:40:46","modified_gmt":"2026-02-11T12:40:46","slug":"escola-basica-n-o-2-de-sao-silvestre","status":"publish","type":"page","link":"https:\/\/www.aecoimbracentro.pt\/on\/?page_id=175","title":{"rendered":"Escola B\u00e1sica N.\u00ba 2 de S\u00e3o Silvestre"},"content":{"rendered":"\n<p>Fundada em 26 de setembro de 1993, a Escola B\u00e1sica 2\/3 de S\u00e3o Silvestre constituiu-se como Agrupamento de Escolas de S. Silvestre em 2009 e dele faziam parte as escolas do 1.\u00ba ciclo (EB1) de Antuzede, Bairro Azul, S. Jo\u00e3o do Campo, S. Martinho de \u00c1rvore, S. Silvestre, Vera Cruz e Vila Verde. Faziam ainda parte os jardins-de-inf\u00e2ncia (JI) de Andorinha, Antuzede, Bairro Azul, S. Jo\u00e3o do Campo, S. Martinho de \u00c1rvore e Vila Verde.<\/p>\n\n\n\n<p>No ano letivo de 2012\/2013 passou a integrar o AECC, com o nome de Escola B\u00e1sica N.\u00ba 2 de S\u00e3o Silvestre.<\/p>\n\n\n\n<h5 class=\"wp-block-heading\">Informa\u00e7\u00e3o geral<\/h5>\n\n\n\n<hr class=\"wp-block-separator has-alpha-channel-opacity\"\/>\n\n\n\n<p><strong>Coordenador(a) \/ Respons\u00e1vel:<\/strong>&nbsp;\u00c2ngelo Da Costa Cortes\u00e3o<\/p>\n\n\n\n<p><strong>Morada:<\/strong>&nbsp;Bairro dos Barreiros, 3025-544 S\u00e3o Silvestre<\/p>\n\n\n\n<p><strong>Contacto:<\/strong>&nbsp;239 963 450<\/p>\n\n\n\n<p><strong>Hor\u00e1rio:<\/strong>&nbsp;08h30-17h00<\/p>\n\n\n\n<p id=\"ContentBody_pObservacoes\"><strong>Observa\u00e7\u00f5es:<\/strong>&nbsp;Telem\u00f3vel: 928 116 366<\/p>\n","protected":false},"excerpt":{"rendered":"<p>Fundada em 26 de setembro de 1993, a Escola B\u00e1sica 2\/3 de S\u00e3o [&hellip;]<\/p>\n","protected":false},"author":21,"featured_media":176,"parent":0,"menu_order":0,"comment_status":"closed","ping_status":"closed","template":"","meta":{"footnotes":""},"class_list":["post-175","page","type-page","status-publish","has-post-thumbnail","hentry"],"_links":{"self":[{"href":"https:\/\/www.aecoimbracentro.pt\/on\/index.php?rest_route=\/wp\/v2\/pages\/175","targetHints":{"allow":["GET"]}}],"collection":[{"href":"https:\/\/www.aecoimbracentro.pt\/on\/index.php?rest_route=\/wp\/v2\/pages"}],"about":[{"href":"https:\/\/www.aecoimbracentro.pt\/on\/index.php?rest_route=\/wp\/v2\/types\/page"}],"author":[{"embeddable":true,"href":"https:\/\/www.aecoimbracentro.pt\/on\/index.php?rest_route=\/wp\/v2\/users\/21"}],"replies":[{"embeddable":true,"href":"https:\/\/www.aecoimbracentro.pt\/on\/index.php?rest_route=%2Fwp%2Fv2%2Fcomments&post=175"}],"version-history":[{"count":1,"href":"https:\/\/www.aecoimbracentro.pt\/on\/index.php?rest_route=\/wp\/v2\/pages\/175\/revisions"}],"predecessor-version":[{"id":177,"href":"https:\/\/www.aecoimbracentro.pt\/on\/index.php?rest_route=\/wp\/v2\/pages\/175\/revisions\/177"}],"wp:featuredmedia":[{"embeddable":true,"href":"https:\/\/www.aecoimbracentro.pt\/on\/index.php?rest_route=\/wp\/v2\/media\/176"}],"wp:attachment":[{"href":"https:\/\/www.aecoimbracentro.pt\/on\/index.php?rest_route=%2Fwp%2Fv2%2Fmedia&parent=175"}],"curies":[{"name":"wp","href":"https:\/\/api.w.org\/{rel}","templated":true}]}}