{"id":178,"date":"2025-10-02T09:45:13","date_gmt":"2025-10-02T09:45:13","guid":{"rendered":"https:\/\/www.aecoimbracentro.pt\/on\/?page_id=178"},"modified":"2025-10-02T09:45:13","modified_gmt":"2025-10-02T09:45:13","slug":"escola-basica-poeta-manuel-da-silva-gaio","status":"publish","type":"page","link":"https:\/\/www.aecoimbracentro.pt\/on\/?page_id=178","title":{"rendered":"Escola B\u00e1sica Poeta Manuel da Silva Gaio"},"content":{"rendered":"\n<p>A Escola B\u00e1sica Poeta Manuel da Silva Gaio, localizada na Avenida de Con\u00edmbriga, na margem esquerda do rio Mondego, foi criada em 1972 e deve o seu nome ao escritor Manuel da Silva Gaio, nascido em Coimbra, na segunda metade do s\u00e9culo XIX.<\/p>\n\n\n\n<p>Come\u00e7ou por funcionar em pavilh\u00f5es dentro do Est\u00e1dio Universit\u00e1rio e, em 1980, passou para as atuais instala\u00e7\u00f5es, que foram inauguradas e ampliadas em 2003. A 13 de junho desse ano, foi criado o Agrupamento de Escolas Silva Gaio que integrou as escolas do 1.\u00ba ciclo (EB1) de Almedina, Antanhol, Assafarge, Casconha, Cernache, Feteira, Palheira e S. Bartolomeu e os jardins de inf\u00e2ncia (JI) de Almedina, Antanhol, Carvalhais e S. Bartolomeu.<\/p>\n\n\n\n<p>No ano letivo de 2012\/2013 passou a integrar o AECC, com o nome de Escola B\u00e1sica Poeta Manuel da Silva Gaio.<\/p>\n\n\n\n<p>A Escola B\u00e1sica Poeta Manuel da Silva Gaio \u00e9 uma&nbsp;<strong>Escola refer\u00eancia no Dom\u00ednio da Vis\u00e3o<\/strong><sup>1<\/sup>&nbsp;e para a&nbsp;<strong>Educa\u00e7\u00e3o Bilingue &#8211; EREB<\/strong>.<\/p>\n\n\n\n<p><sup>1<\/sup>&nbsp;Constitui uma resposta educativa especializada nas seguintes \u00e1reas: literacia braille, orienta\u00e7\u00e3o e mobilidade, produtos de apoio para acesso ao curr\u00edculo e atividades da vida di\u00e1ria e compet\u00eancias sociais (<em>in Dire\u00e7\u00e3o-Geral da Educa\u00e7\u00e3o | DGE<\/em>).<\/p>\n\n\n\n<h5 class=\"wp-block-heading\">Informa\u00e7\u00e3o geral<\/h5>\n\n\n\n<hr class=\"wp-block-separator has-alpha-channel-opacity\"\/>\n\n\n\n<p><strong>Coordenador(a) \/ Respons\u00e1vel:<\/strong>&nbsp;Jo\u00e3o Jos\u00e9 Basso Tremo\u00e7o<\/p>\n\n\n\n<p><strong>Morada:<\/strong>&nbsp;Avenida de Con\u00edmbriga &#8211; Santa Clara, 3040-259 Coimbra<\/p>\n\n\n\n<p><strong>Contacto:<\/strong>&nbsp;239 801 180<\/p>\n\n\n\n<p><strong>Hor\u00e1rio:<\/strong>&nbsp;07h45-18h30<\/p>\n\n\n\n<p id=\"ContentBody_pObservacoes\"><strong>Observa\u00e7\u00f5es:<\/strong>&nbsp;Telem\u00f3vel: 928 110 298<\/p>\n","protected":false},"excerpt":{"rendered":"<p>A Escola B\u00e1sica Poeta Manuel da Silva Gaio, localizada na Avenida de Con\u00edmbriga, [&hellip;]<\/p>\n","protected":false},"author":1,"featured_media":179,"parent":0,"menu_order":0,"comment_status":"closed","ping_status":"closed","template":"","meta":{"footnotes":""},"class_list":["post-178","page","type-page","status-publish","has-post-thumbnail","hentry"],"_links":{"self":[{"href":"https:\/\/www.aecoimbracentro.pt\/on\/index.php?rest_route=\/wp\/v2\/pages\/178","targetHints":{"allow":["GET"]}}],"collection":[{"href":"https:\/\/www.aecoimbracentro.pt\/on\/index.php?rest_route=\/wp\/v2\/pages"}],"about":[{"href":"https:\/\/www.aecoimbracentro.pt\/on\/index.php?rest_route=\/wp\/v2\/types\/page"}],"author":[{"embeddable":true,"href":"https:\/\/www.aecoimbracentro.pt\/on\/index.php?rest_route=\/wp\/v2\/users\/1"}],"replies":[{"embeddable":true,"href":"https:\/\/www.aecoimbracentro.pt\/on\/index.php?rest_route=%2Fwp%2Fv2%2Fcomments&post=178"}],"version-history":[{"count":1,"href":"https:\/\/www.aecoimbracentro.pt\/on\/index.php?rest_route=\/wp\/v2\/pages\/178\/revisions"}],"predecessor-version":[{"id":180,"href":"https:\/\/www.aecoimbracentro.pt\/on\/index.php?rest_route=\/wp\/v2\/pages\/178\/revisions\/180"}],"wp:featuredmedia":[{"embeddable":true,"href":"https:\/\/www.aecoimbracentro.pt\/on\/index.php?rest_route=\/wp\/v2\/media\/179"}],"wp:attachment":[{"href":"https:\/\/www.aecoimbracentro.pt\/on\/index.php?rest_route=%2Fwp%2Fv2%2Fmedia&parent=178"}],"curies":[{"name":"wp","href":"https:\/\/api.w.org\/{rel}","templated":true}]}}