{"id":214,"date":"2025-10-02T13:11:57","date_gmt":"2025-10-02T13:11:57","guid":{"rendered":"https:\/\/www.aecoimbracentro.pt\/on\/?page_id=214"},"modified":"2026-02-11T12:43:08","modified_gmt":"2026-02-11T12:43:08","slug":"orgaos-aecc","status":"publish","type":"page","link":"https:\/\/www.aecoimbracentro.pt\/on\/?page_id=214","title":{"rendered":"Org\u00e3os AECC"},"content":{"rendered":"<div data-colibri-id=\"214-c1\" class=\"style-1286 style-local-214-c1 position-relative\">\n  <!---->\n  <div data-colibri-component=\"section\" data-colibri-id=\"214-c2\" id=\"custom\" class=\"h-section h-section-global-spacing d-flex align-items-lg-center align-items-md-center align-items-center style-1733 style-local-214-c2 position-relative\">\n    <!---->\n    <!---->\n    <div class=\"h-section-grid-container h-section-boxed-container\">\n      <!---->\n      <div data-colibri-id=\"214-c3\" class=\"h-row-container gutters-row-lg-2 gutters-row-md-2 gutters-row-0 gutters-row-v-lg-2 gutters-row-v-md-2 gutters-row-v-2 style-1734 style-local-214-c3 position-relative\">\n        <!---->\n        <div class=\"h-row justify-content-lg-center justify-content-md-center justify-content-center align-items-lg-stretch align-items-md-stretch align-items-stretch gutters-col-lg-2 gutters-col-md-2 gutters-col-0 gutters-col-v-lg-2 gutters-col-v-md-2 gutters-col-v-2\">\n          <!---->\n          <div class=\"h-column h-column-container d-flex h-col-lg-auto h-col-md-auto h-col-auto style-1735-outer style-local-214-c4-outer\">\n            <div data-colibri-id=\"214-c4\" class=\"d-flex h-flex-basis h-column__inner h-px-lg-2 h-px-md-2 h-px-2 v-inner-lg-2 v-inner-md-2 v-inner-2 style-1735 style-local-214-c4 position-relative\">\n              <!---->\n              <!---->\n              <div class=\"w-100 h-y-container h-column__content h-column__v-align flex-basis-100 align-self-lg-start align-self-md-start align-self-start\">\n                <!---->\n                <div data-colibri-id=\"214-c5\" class=\"h-text h-text-component style-1759 style-local-214-c5 position-relative h-element\">\n                  <!---->\n                  <!---->\n                  <div class=\"\">\n                    <p>No Agrupamento de Escolas Coimbra Centro acreditamos que a educa\u00e7\u00e3o transforma vidas e constr\u00f3i futuros. Somos um territ\u00f3rio educativo inclusivo e aberto, que acompanha os alunos desde a educa\u00e7\u00e3o pr\u00e9-escolar at\u00e9 ao ensino secund\u00e1rio,\n                      oferecendo tamb\u00e9m ensino profissional e respostas formativas ao longo da vida atrav\u00e9s do Centro Qualifica.<\/p>\n                    <p>Orgulhamo-nos de ser uma escola de refer\u00eancia na inclus\u00e3o, com unidades especializadas nas \u00e1reas da multidefici\u00eancia, do autismo, da baixa vis\u00e3o e da surdez, bem como com a Unidade de Apoio ao Alto Rendimento Escolar (UAARE), que apoia\n                      alunos na concilia\u00e7\u00e3o entre a escola e o desporto de alto n\u00edvel.<\/p>\n                    <p>Somos ainda Centro Nacional de Exames de Cambridge no \u00e2mbito do Projeto Nacional de Certifica\u00e7\u00e3o em L\u00edngua Inglesa. Este projeto educativo \u00e9 sustentado por um corpo docente competente e dedicado, t\u00e9cnicos especializados e assistentes\n                      operacionais comprometidos com o sucesso, o bem-estar e o desenvolvimento integral de cada aluno.<\/p>\n                    <p>Convidamos alunos, fam\u00edlias e parceiros a conhecerem o nosso Agrupamento, a participarem ativamente na sua vida e a crescerem connosco, num caminho feito de aprendizagem, inclus\u00e3o e sucesso partilhado. Um forte abra\u00e7o.<\/p>\n                    <p><em style=\"font-weight: 400; font-size: 18px; font-family: &quot;Didact Gothic&quot;; color: rgb(31, 31, 32);\">Senhor Diretor Nelson Manuel da Silva Soares<\/em><\/p>\n                    <p>\n                      <br>\n                    <\/p>\n                  <\/div>\n                <\/div>\n              <\/div>\n            <\/div>\n          <\/div>\n          <div class=\"h-column h-column-container d-flex h-col-lg-auto h-col-md-auto h-col-auto style-1760-outer style-local-214-c6-outer\">\n            <div data-colibri-id=\"214-c6\" class=\"d-flex h-flex-basis h-column__inner h-px-lg-2 h-px-md-2 h-px-2 v-inner-lg-2 v-inner-md-2 v-inner-2 style-1760 style-local-214-c6 position-relative\">\n              <!---->\n              <!---->\n              <div class=\"w-100 h-y-container h-column__content h-column__v-align flex-basis-100 align-self-lg-start align-self-md-start align-self-start\">\n                <!---->\n                <div data-colibri-id=\"214-c7\" class=\"d-block style-1761 style-local-214-c7 position-relative h-element\">\n                  <!---->\n                  <div class=\"h-image__frame-container-outer\">\n                    <div class=\"h-image__frame-container\">\n                      <!---->\n                      <!---->\n                      <img loading=\"lazy\" decoding=\"async\" width=\"594\" height=\"532\" src=\"https:\/\/www.aecoimbracentro.pt\/on\/wp-content\/uploads\/2026\/01\/cropped-20260111_DiretorMensagem.jpg\" class=\"wp-image-3286 style-1761-image style-local-214-c7-image\" alt=\"\" srcset=\"https:\/\/www.aecoimbracentro.pt\/on\/wp-content\/uploads\/2026\/01\/cropped-20260111_DiretorMensagem.jpg 594w, https:\/\/www.aecoimbracentro.pt\/on\/wp-content\/uploads\/2026\/01\/cropped-20260111_DiretorMensagem-300x269.jpg 300w\" sizes=\"auto, (max-width: 594px) 100vw, 594px\" \/>\n                      <div class=\"h-image__frame h-hide-lg h-hide-md h-hide-sm style-1761-frameImage style-local-214-c7-frameImage\"><\/div>\n                    <\/div>\n                  <\/div>\n                <\/div>\n              <\/div>\n            <\/div>\n          <\/div>\n        <\/div>\n      <\/div>\n    <\/div>\n  <\/div>\n  <div data-colibri-component=\"section\" data-colibri-id=\"214-c8\" id=\"custom-2\" class=\"h-section h-section-global-spacing d-flex align-items-lg-center align-items-md-center align-items-center style-2091 style-local-214-c8 position-relative\">\n    <!---->\n    <!---->\n    <div class=\"h-section-grid-container h-section-boxed-container\">\n      <!---->\n      <div data-colibri-id=\"214-c9\" class=\"h-row-container gutters-row-lg-2 gutters-row-md-2 gutters-row-0 gutters-row-v-lg-2 gutters-row-v-md-2 gutters-row-v-2 style-2092 style-local-214-c9 position-relative\">\n        <!---->\n        <div class=\"h-row justify-content-lg-center justify-content-md-center justify-content-center align-items-lg-stretch align-items-md-stretch align-items-stretch gutters-col-lg-2 gutters-col-md-2 gutters-col-0 gutters-col-v-lg-2 gutters-col-v-md-2 gutters-col-v-2\">\n          <!---->\n          <div class=\"h-column h-column-container d-flex h-col-lg-auto h-col-md-auto h-col-auto style-2093-outer style-local-214-c10-outer\">\n            <div data-colibri-id=\"214-c10\" class=\"d-flex h-flex-basis h-column__inner h-px-lg-2 h-px-md-2 h-px-2 v-inner-lg-2 v-inner-md-2 v-inner-2 style-2093 style-local-214-c10 position-relative\">\n              <!---->\n              <!---->\n              <div class=\"w-100 h-y-container h-column__content h-column__v-align flex-basis-100 align-self-lg-start align-self-md-start align-self-start\">\n                <!---->\n                <div data-colibri-id=\"214-c11\" class=\"d-block style-2094 style-local-214-c11 position-relative h-element\">\n                  <!---->\n                  <div class=\"h-image__frame-container-outer\">\n                    <div class=\"h-image__frame-container\">\n                      <!---->\n                      <!---->\n                      <img loading=\"lazy\" decoding=\"async\" width=\"1536\" height=\"1024\" src=\"https:\/\/www.aecoimbracentro.pt\/on\/wp-content\/uploads\/2026\/01\/AE_onogramaDirecao2026.jpeg\" class=\"wp-image-3758 style-2094-image style-local-214-c11-image\" alt=\"\" srcset=\"https:\/\/www.aecoimbracentro.pt\/on\/wp-content\/uploads\/2026\/01\/AE_onogramaDirecao2026.jpeg 1536w, https:\/\/www.aecoimbracentro.pt\/on\/wp-content\/uploads\/2026\/01\/AE_onogramaDirecao2026-300x200.jpeg 300w, https:\/\/www.aecoimbracentro.pt\/on\/wp-content\/uploads\/2026\/01\/AE_onogramaDirecao2026-1024x683.jpeg 1024w, https:\/\/www.aecoimbracentro.pt\/on\/wp-content\/uploads\/2026\/01\/AE_onogramaDirecao2026-768x512.jpeg 768w\" sizes=\"auto, (max-width: 1536px) 100vw, 1536px\" \/>\n                      <div class=\"h-image__frame h-hide-lg h-hide-md h-hide-sm style-2094-frameImage style-local-214-c11-frameImage\"><\/div>\n                    <\/div>\n                  <\/div>\n                <\/div>\n              <\/div>\n            <\/div>\n          <\/div>\n        <\/div>\n      <\/div>\n    <\/div>\n  <\/div>\n  <div data-colibri-component=\"section\" data-colibri-id=\"214-c24\" id=\"about\" class=\"h-section h-section-global-spacing d-flex align-items-lg-center align-items-md-center align-items-center style-2128 style-local-214-c24 position-relative\">\n    <!---->\n    <!---->\n    <div class=\"h-section-grid-container h-section-boxed-container\">\n      <!---->\n      <div data-colibri-id=\"214-c25\" class=\"h-row-container gutters-row-lg-2 gutters-row-md-2 gutters-row-2 gutters-row-v-lg-2 gutters-row-v-md-2 gutters-row-v-2 style-2129 style-local-214-c25 position-relative\">\n        <!---->\n        <div class=\"h-row justify-content-lg-center justify-content-md-center justify-content-center align-items-lg-stretch align-items-md-stretch align-items-stretch gutters-col-lg-2 gutters-col-md-2 gutters-col-2 gutters-col-v-lg-2 gutters-col-v-md-2 gutters-col-v-2\">\n          <!---->\n          <div class=\"h-column h-column-container d-flex h-col-lg-auto h-col-md-auto h-col-auto style-2130-outer style-local-214-c26-outer\">\n            <div data-colibri-id=\"214-c26\" class=\"d-flex h-flex-basis h-column__inner h-px-lg-2 h-px-md-2 h-px-2 v-inner-lg-2 v-inner-md-2 v-inner-2 style-2130 style-local-214-c26 position-relative\">\n              <!---->\n              <!---->\n              <div class=\"w-100 h-y-container h-column__content h-column__v-align flex-basis-100 align-self-lg-center align-self-md-center align-self-center\">\n                <!---->\n                <div data-colibri-id=\"214-c28\" class=\"h-global-transition-all h-heading style-2132 style-local-214-c28 position-relative h-element\">\n                  <!---->\n                  <div class=\"h-heading__outer style-2132 style-local-214-c28\">\n                    <!---->\n                    <!---->\n                    <h2 class=\"\">Org\u00e3os&nbsp;<em style=\"color: rgb(247, 144, 7); font-family: &quot;Playfair Display&quot;;\">AECC<\/em><\/h2>\n                  <\/div>\n                <\/div>\n                <div data-colibri-id=\"214-c29\" class=\"h-text h-text-component style-2133 style-local-214-c29 position-relative h-element\">\n                  <!---->\n                  <!---->\n                  <div class=\"\">\n                    <p><strong>Conselho Geral<\/strong>\n                      <br> <strong>Presidente<\/strong>\n                      <br> Paula de Oliveira Salvador\n                      <br>\n                      <br> <strong>Representantes do Pessoal Docente<\/strong>\n                      <br> Maria Jo\u00e3o Fernandes de Sousa\n                      <br> Jos\u00e9 Fernando da Concei\u00e7\u00e3o Lopes Rodrigues\n                      <br> Fernanda Manuela Aires Conraria\n                      <br> Celeste Isabel Almeida da Silva Sim\u00f5es\n                      <br> Jo\u00e3o Pedro de Matos Correia Marques\n                      <br> Jo\u00e3o Reinaldo Abrunhosa Mar\u00e7al\n                      <br> L\u00eddia Maria Lobo de Oliveira\n                      <br>\n                      <br> <strong>Representantes do Pessoal N\u00e3o Docente<\/strong>\n                      <br> Cl\u00e1udia Margarida Cardoso Romano\n                      <br> Zaida Batista Martins\n                      <br>\n                      <br> <strong>Representantes dos Pais e Encarregados de Educa\u00e7\u00e3o<\/strong>\n                      <br> Hugo Gon\u00e7alves\n                      <br> Suzana Francisco Martins\n                      <br> Margarida Rodrigues\n                      <br>\n                      <br> <strong>Representantes dos Alunos<\/strong>\n                      <br> Maria Luiza Francisca Vieira Ramos\n                      <br> Sofia da Concei\u00e7\u00e3o Silva\n                      <br>\n                      <br> <strong>Representantes do Munic\u00edpio<\/strong>\n                      <br> Carlos Rog\u00e9rio Antunes Pinto\n                      <br> Jaime Maria Monteiro de Carvalho e Silva\n                      <br> Teresa Maria Santos Costa Martins Gaspar\n                      <br>\n                      <br> <strong>Representantes da Comunidade Local<\/strong>\n                      <br> Ant\u00f3nio Serralheiro Salgado\n                      <br> Aurora Coelho Moreira\n                      <br> Renata Leit\u00e3o Dias da Silva\n                      <br>\n                      <br> <\/p>\n                    <p><strong>Dire\u00e7\u00e3o do Agrupamento<\/strong><\/p>\n                    <p><strong>Diretor&nbsp;<\/strong>\n                      <br> Nelson Manuel da Silva Soares\n                      <br>\n                      <br> <strong>Subdiretora<\/strong>\n                      <br> Edite Maria da Silva Fernandes\n                      <br>\n                      <br> <strong>Adjuntas<\/strong>\n                      <br> Vera Cristina Fl\u00f3rio Martinho<\/p>\n                    <p>\u00c2ngela Maria Martinho Filipe Mendes Coelho<\/p>\n                    <p>Mari L\u00facia Henriques Rodrigues\n                      <br>\n                      <br> <strong>Assessores<\/strong>\n                      <br> Jorge Manuel Gomes de Melo Nogueira\n                      <br>\n                      <br> <\/p>\n                    <p><strong>Conselho Pedag\u00f3gico<\/strong><\/p>\n                    <p>Presidente: Nelson Manuel da Silva Soares\n                      <br>\n                      <br> <\/p>\n                    <p><strong>Coordenadores de Departamento: <br> <\/strong>Pr\u00e9-Escolar: Margarida Isabel Alves dos Santos\n                      <br> 1.\u00ba CEB: Teresa Maria Ribeiro Roque\n                      <br> L\u00ednguas: Maria Odete C. P. Bernardino\n                      <br> Ci\u00eancias Experimentais: S\u00edlvia M. Q. Subtil Portugal\n                      <br> Ci\u00eancias Sociais e Humanas: Fernanda Cardoso Castro\n                      <br> Matem\u00e1tica e Inform\u00e1tica: C\u00e9lia M. Fonseca Martins\n                      <br> Express\u00f5es: Paulo Jorge Neto Jesus Francisco\n                      <br> Educa\u00e7\u00e3o Especial: Angelina M. L. Silva Camarinha\n                      <br> Coordenadoras de Diretores de Turma: Cristina Maria S. Gon\u00e7alves Neves (2.\u00ba e 3.\u00ba CEB)\n                      <br> Carla Maria Antunes Marques Pratas (Secund\u00e1rio)\n                      <br>\n                      <br> Representante dos Cursos Profissionais: Paula Cristina Martins Vieira Antunes dos Reis\n                      <br> Representante da Oferta EFA: Berta Maria Ferreira Cabete\n                      <br> Coordenadora de Projetos: Ver\u00f3nica Ernstovna Dankova\n                      <br> Coordenadora das Bibliotecas Escolares: Dulce Maria Gomes\n                      <br> Coord. Articula\u00e7\u00e3o\/Autonomia e Flexib. Curricular: Maria Margarida Cid Teles Garcia Brito\n                      <br> Representante dos SPO: Maria Am\u00e1lia Rodrigues Cordeiro Conde\n                      <br> Coordenadora da EMAEI: \u00c2ngela Maria C. Freitas Cunha.<\/p>\n                  <\/div>\n                <\/div>\n                <div data-colibri-id=\"214-c30\" class=\"h-x-container style-2134 style-local-214-c30 position-relative h-element\">\n                  <!---->\n                  <div class=\"h-x-container-inner style-dynamic-214-c30-group style-2134-spacing style-local-214-c30-spacing\"><span class=\"h-button__outer style-2135-outer style-local-214-c31-outer d-inline-flex h-element\"><a h-use-smooth-scroll=\"true\" href=\"https:\/\/www.aecoimbracentro.pt\/on\/\"  data-colibri-id=\"214-c31\" class=\"d-flex w-100 align-items-center h-button justify-content-lg-center justify-content-md-center justify-content-center style-2135 style-local-214-c31 position-relative\"><!----><!----> <span>Voltar<\/span><\/a>\n                    <\/span>\n                  <\/div>\n                <\/div>\n              <\/div>\n            <\/div>\n          <\/div>\n          <div class=\"h-column h-column-container d-flex h-col-lg-auto h-col-md-auto h-col-auto style-2136-outer style-local-214-c32-outer\">\n            <div data-colibri-id=\"214-c32\" class=\"d-flex h-flex-basis h-column__inner h-px-lg-2 h-px-md-2 h-px-2 v-inner-lg-2 v-inner-md-2 v-inner-2 style-2136 style-local-214-c32 position-relative\">\n              <!---->\n              <!---->\n              <div class=\"w-100 h-y-container h-column__content h-column__v-align flex-basis-100 align-self-lg-start align-self-md-start align-self-start\">\n                <!---->\n                <div data-colibri-id=\"214-c33\" class=\"d-block style-2137 style-local-214-c33 position-relative h-element\">\n                  <!---->\n                  <div class=\"h-image__frame-container-outer\">\n                    <div class=\"h-image__frame-container\">\n                      <!---->\n                      <!---->\n                      <img loading=\"lazy\" decoding=\"async\" width=\"1115\" height=\"807\" src=\"https:\/\/www.aecoimbracentro.pt\/on\/wp-content\/uploads\/2025\/10\/Logo-3d.png\" class=\"wp-image-434 style-2137-image style-local-214-c33-image\" alt=\"\" srcset=\"https:\/\/www.aecoimbracentro.pt\/on\/wp-content\/uploads\/2025\/10\/Logo-3d.png 1115w, https:\/\/www.aecoimbracentro.pt\/on\/wp-content\/uploads\/2025\/10\/Logo-3d-300x217.png 300w, https:\/\/www.aecoimbracentro.pt\/on\/wp-content\/uploads\/2025\/10\/Logo-3d-1024x741.png 1024w, https:\/\/www.aecoimbracentro.pt\/on\/wp-content\/uploads\/2025\/10\/Logo-3d-768x556.png 768w\" sizes=\"auto, (max-width: 1115px) 100vw, 1115px\" \/>\n                      <div class=\"h-image__frame h-hide-sm style-2137-frameImage style-local-214-c33-frameImage\"><\/div>\n                    <\/div>\n                  <\/div>\n                <\/div>\n              <\/div>\n            <\/div>\n          <\/div>\n        <\/div>\n      <\/div>\n    <\/div>\n  <\/div>\n<\/div>","protected":false},"excerpt":{"rendered":"<p>No Agrupamento de Escolas Coimbra Centro acreditamos que a educa\u00e7\u00e3o transforma vidas e [&hellip;]<\/p>\n","protected":false},"author":21,"featured_media":0,"parent":0,"menu_order":0,"comment_status":"closed","ping_status":"closed","template":"page-templates\/full-width-page.php","meta":{"footnotes":""},"class_list":["post-214","page","type-page","status-publish","hentry"],"_links":{"self":[{"href":"https:\/\/www.aecoimbracentro.pt\/on\/index.php?rest_route=\/wp\/v2\/pages\/214","targetHints":{"allow":["GET"]}}],"collection":[{"href":"https:\/\/www.aecoimbracentro.pt\/on\/index.php?rest_route=\/wp\/v2\/pages"}],"about":[{"href":"https:\/\/www.aecoimbracentro.pt\/on\/index.php?rest_route=\/wp\/v2\/types\/page"}],"author":[{"embeddable":true,"href":"https:\/\/www.aecoimbracentro.pt\/on\/index.php?rest_route=\/wp\/v2\/users\/21"}],"replies":[{"embeddable":true,"href":"https:\/\/www.aecoimbracentro.pt\/on\/index.php?rest_route=%2Fwp%2Fv2%2Fcomments&post=214"}],"version-history":[{"count":17,"href":"https:\/\/www.aecoimbracentro.pt\/on\/index.php?rest_route=\/wp\/v2\/pages\/214\/revisions"}],"predecessor-version":[{"id":3916,"href":"https:\/\/www.aecoimbracentro.pt\/on\/index.php?rest_route=\/wp\/v2\/pages\/214\/revisions\/3916"}],"wp:attachment":[{"href":"https:\/\/www.aecoimbracentro.pt\/on\/index.php?rest_route=%2Fwp%2Fv2%2Fmedia&parent=214"}],"curies":[{"name":"wp","href":"https:\/\/api.w.org\/{rel}","templated":true}]}}