{"id":239,"date":"2025-10-02T13:55:32","date_gmt":"2025-10-02T13:55:32","guid":{"rendered":"https:\/\/www.aecoimbracentro.pt\/on\/?page_id=239"},"modified":"2026-02-11T12:38:43","modified_gmt":"2026-02-11T12:38:43","slug":"calendario-escolar","status":"publish","type":"page","link":"https:\/\/www.aecoimbracentro.pt\/on\/?page_id=239","title":{"rendered":"Calend\u00e1rio Escolar"},"content":{"rendered":"\n<p class=\"has-tertiary-background-color has-background\">O Despacho n.\u00ba 5754-A\/2019, de 18 de junho estipula o calend\u00e1rio de atividades educativas e escolares e constitui um elemento indispens\u00e1vel \u00e0 organiza\u00e7\u00e3o e planifica\u00e7\u00e3o do ano escolar por cada escola que integra o sistema educativo, de forma a possibilitar o desenvolvimento dos projetos educativos e a execu\u00e7\u00e3o dos planos anuais de atividades, conciliando tamb\u00e9m o desenvolvimento do curr\u00edculo com o interesse das crian\u00e7as e dos alunos, bem como com a organiza\u00e7\u00e3o da sua vida familiar.<\/p>\n","protected":false},"excerpt":{"rendered":"<p>O Despacho n.\u00ba 5754-A\/2019, de 18 de junho estipula o calend\u00e1rio de atividades [&hellip;]<\/p>\n","protected":false},"author":21,"featured_media":0,"parent":0,"menu_order":0,"comment_status":"closed","ping_status":"closed","template":"","meta":{"footnotes":""},"class_list":["post-239","page","type-page","status-publish","hentry"],"_links":{"self":[{"href":"https:\/\/www.aecoimbracentro.pt\/on\/index.php?rest_route=\/wp\/v2\/pages\/239","targetHints":{"allow":["GET"]}}],"collection":[{"href":"https:\/\/www.aecoimbracentro.pt\/on\/index.php?rest_route=\/wp\/v2\/pages"}],"about":[{"href":"https:\/\/www.aecoimbracentro.pt\/on\/index.php?rest_route=\/wp\/v2\/types\/page"}],"author":[{"embeddable":true,"href":"https:\/\/www.aecoimbracentro.pt\/on\/index.php?rest_route=\/wp\/v2\/users\/21"}],"replies":[{"embeddable":true,"href":"https:\/\/www.aecoimbracentro.pt\/on\/index.php?rest_route=%2Fwp%2Fv2%2Fcomments&post=239"}],"version-history":[{"count":2,"href":"https:\/\/www.aecoimbracentro.pt\/on\/index.php?rest_route=\/wp\/v2\/pages\/239\/revisions"}],"predecessor-version":[{"id":247,"href":"https:\/\/www.aecoimbracentro.pt\/on\/index.php?rest_route=\/wp\/v2\/pages\/239\/revisions\/247"}],"wp:attachment":[{"href":"https:\/\/www.aecoimbracentro.pt\/on\/index.php?rest_route=%2Fwp%2Fv2%2Fmedia&parent=239"}],"curies":[{"name":"wp","href":"https:\/\/api.w.org\/{rel}","templated":true}]}}