{"id":241,"date":"2025-10-02T13:59:33","date_gmt":"2025-10-02T13:59:33","guid":{"rendered":"https:\/\/www.aecoimbracentro.pt\/on\/?page_id=241"},"modified":"2026-02-11T13:21:36","modified_gmt":"2026-02-11T13:21:36","slug":"criterios-de-avaliacao","status":"publish","type":"page","link":"https:\/\/www.aecoimbracentro.pt\/on\/?page_id=241","title":{"rendered":"Crit\u00e9rios de Avalia\u00e7\u00e3o"},"content":{"rendered":"<div data-colibri-id=\"241-c1\" class=\"style-969 style-local-241-c1 position-relative\">\n  <!---->\n  <div data-colibri-component=\"section\" data-colibri-id=\"241-c20\" id=\"about-2\" class=\"h-section h-section-global-spacing d-flex align-items-lg-center align-items-md-center align-items-center style-2359 style-local-241-c20 position-relative\">\n    <!---->\n    <!---->\n    <div class=\"h-section-grid-container h-section-boxed-container\">\n      <!---->\n      <div data-colibri-id=\"241-c21\" class=\"h-row-container gutters-row-lg-2 gutters-row-md-2 gutters-row-2 gutters-row-v-lg-2 gutters-row-v-md-2 gutters-row-v-2 style-2360 style-local-241-c21 position-relative\">\n        <!---->\n        <div class=\"h-row justify-content-lg-center justify-content-md-center justify-content-center align-items-lg-stretch align-items-md-stretch align-items-stretch gutters-col-lg-2 gutters-col-md-2 gutters-col-2 gutters-col-v-lg-2 gutters-col-v-md-2 gutters-col-v-2\">\n          <!---->\n          <div class=\"h-column h-column-container d-flex h-col-lg-auto h-col-md-auto h-col-auto style-2361-outer style-local-241-c22-outer\">\n            <div data-colibri-id=\"241-c22\" class=\"d-flex h-flex-basis h-column__inner h-px-lg-2 h-px-md-2 h-px-2 v-inner-lg-2 v-inner-md-2 v-inner-2 style-2361 style-local-241-c22 position-relative\">\n              <!---->\n              <!---->\n              <div class=\"w-100 h-y-container h-column__content h-column__v-align flex-basis-100 align-self-lg-center align-self-md-center align-self-center\">\n                <!---->\n                <div data-colibri-id=\"241-c23\" class=\"h-global-transition-all h-heading style-2362 style-local-241-c23 position-relative h-element\">\n                  <!---->\n                  <div class=\"h-heading__outer style-2362 style-local-241-c23\">\n                    <!---->\n                    <!---->\n                    <h5 class=\"\">AECC<\/h5>\n                  <\/div>\n                <\/div>\n                <div data-colibri-id=\"241-c24\" class=\"h-global-transition-all h-heading style-2363 style-local-241-c24 position-relative h-element\">\n                  <!---->\n                  <div class=\"h-heading__outer style-2363 style-local-241-c24\">\n                    <!---->\n                    <!---->\n                    <h2 class=\"\">Crit\u00e9rios de&nbsp;<em style=\"font-family: &quot;Playfair Display&quot;; color: rgb(247, 144, 7);\">Avalia\u00e7\u00e3o<\/em><\/h2>\n                  <\/div>\n                <\/div>\n                <div data-colibri-id=\"241-c26\" class=\"h-x-container style-2365 style-local-241-c26 position-relative h-element\">\n                  <!---->\n                  <div class=\"h-x-container-inner style-dynamic-241-c26-group style-2365-spacing style-local-241-c26-spacing\"><span class=\"h-button__outer style-2366-outer style-local-241-c27-outer d-inline-flex h-element\"><a h-use-smooth-scroll=\"true\" href=\"https:\/\/www.aecoimbracentro.pt\/on\/?page_id=262\"  data-colibri-id=\"241-c27\" class=\"d-flex w-100 align-items-center h-button justify-content-lg-center justify-content-md-center justify-content-center style-2366 style-local-241-c27 position-relative\"><!----><!----> <span>Voltar&#8230;<\/span><\/a>\n                    <\/span>\n                  <\/div>\n                <\/div>\n              <\/div>\n            <\/div>\n          <\/div>\n          <div class=\"h-column h-column-container d-flex h-col-lg-auto h-col-md-auto h-col-auto style-2367-outer style-local-241-c28-outer\">\n            <div data-colibri-id=\"241-c28\" class=\"d-flex h-flex-basis h-column__inner h-px-lg-2 h-px-md-2 h-px-2 v-inner-lg-2 v-inner-md-2 v-inner-2 style-2367 style-local-241-c28 position-relative\">\n              <!---->\n              <!---->\n              <div class=\"w-100 h-y-container h-column__content h-column__v-align flex-basis-100 align-self-lg-start align-self-md-start align-self-start\">\n                <!---->\n                <div data-colibri-id=\"241-c29\" class=\"d-block style-2368 style-local-241-c29 position-relative h-element\">\n                  <!---->\n                  <div class=\"h-image__frame-container-outer\">\n                    <div class=\"h-image__frame-container\">\n                      <!---->\n                      <!---->\n                      <img loading=\"lazy\" decoding=\"async\" width=\"400\" height=\"400\" src=\"https:\/\/www.aecoimbracentro.pt\/on\/wp-content\/uploads\/2025\/10\/cropped-desk-notebook-writing-work-hand-working-712313-pxhere-com-small.jpg\" class=\"wp-image-796 style-2368-image style-local-241-c29-image\" alt=\"\" srcset=\"https:\/\/www.aecoimbracentro.pt\/on\/wp-content\/uploads\/2025\/10\/cropped-desk-notebook-writing-work-hand-working-712313-pxhere-com-small.jpg 400w, https:\/\/www.aecoimbracentro.pt\/on\/wp-content\/uploads\/2025\/10\/cropped-desk-notebook-writing-work-hand-working-712313-pxhere-com-small-300x300.jpg 300w, https:\/\/www.aecoimbracentro.pt\/on\/wp-content\/uploads\/2025\/10\/cropped-desk-notebook-writing-work-hand-working-712313-pxhere-com-small-150x150.jpg 150w\" sizes=\"auto, (max-width: 400px) 100vw, 400px\" \/>\n                      <div class=\"h-image__frame h-hide-sm style-2368-frameImage style-local-241-c29-frameImage\"><\/div>\n                    <\/div>\n                  <\/div>\n                <\/div>\n              <\/div>\n            <\/div>\n          <\/div>\n        <\/div>\n      <\/div>\n    <\/div>\n  <\/div>\n  <div data-colibri-component=\"section\" data-colibri-id=\"241-c30\" id=\"custom\" class=\"h-section h-section-global-spacing d-flex align-items-lg-center align-items-md-center align-items-center style-2369 style-local-241-c30 position-relative\">\n    <!---->\n    <!---->\n    <div class=\"h-section-grid-container h-section-boxed-container\">\n      <!---->\n      <div data-colibri-id=\"241-c31\" class=\"h-row-container gutters-row-lg-2 gutters-row-md-2 gutters-row-0 gutters-row-v-lg-2 gutters-row-v-md-2 gutters-row-v-2 style-2370 style-local-241-c31 position-relative\">\n        <!---->\n        <div class=\"h-row justify-content-lg-center justify-content-md-center justify-content-center align-items-lg-stretch align-items-md-stretch align-items-stretch gutters-col-lg-2 gutters-col-md-2 gutters-col-0 gutters-col-v-lg-2 gutters-col-v-md-2 gutters-col-v-2\">\n          <!---->\n          <div class=\"h-column h-column-container d-flex h-col-lg-auto h-col-md-auto h-col-auto style-2372-outer style-local-241-c33-outer\">\n            <div data-colibri-id=\"241-c33\" class=\"d-flex h-flex-basis h-column__inner h-px-lg-2 h-px-md-2 h-px-2 v-inner-lg-2 v-inner-md-2 v-inner-2 style-2372 style-local-241-c33 position-relative\">\n              <!---->\n              <!---->\n              <div class=\"w-100 h-y-container h-column__content h-column__v-align flex-basis-100 align-self-lg-start align-self-md-start align-self-start\">\n                <!---->\n                <div data-colibri-id=\"241-c34\" class=\"h-text h-text-component style-2373 style-local-241-c34 position-relative h-element\">\n                  <!---->\n                  <!---->\n                  <div class=\"\">\n                    <p>\n                      <a href=\"https:\/\/www.aecoimbracentro.pt\/documento\/1\/549\/criterios-especificos-1-ceb\" target=\"_blank\" class=\"customize-unpreviewable\"><strong><br> Crit\u00e9rios Espec\u00edficos \u2013 1\u00ba CEB<\/strong><\/a>\n                    <\/p>\n                    <p>\n                      <br>\n                    <\/p>\n                    <p>&nbsp;\n                      <a href=\"https:\/\/www.aecoimbracentro.pt\/documento\/1\/554\/criterios-especificos-ciencias-experimentais-cursos-profissionais\" target=\"_blank\" class=\"customize-unpreviewable\"><strong>Crit\u00e9rios Espec\u00edficos \u2013 Ci\u00eancias Experimentais \u2013 Cursos Profissionais<\/strong><\/a>\n                    <\/p>\n                    <p>\n                      <br>\n                    <\/p>\n                    <p>&nbsp;\n                      <a href=\"https:\/\/www.aecoimbracentro.pt\/documento\/1\/553\/criterios-especificos-ciencias-experimentais-ensino-regular\" target=\"_blank\" class=\"customize-unpreviewable\"><strong>Crit\u00e9rios Espec\u00edficos \u2013 Ci\u00eancias Experimentais \u2013 Ensino Regular<\/strong><\/a>\n                    <\/p>\n                    <p>\n                      <br>\n                    <\/p>\n                    <p>&nbsp;\n                      <a href=\"https:\/\/www.aecoimbracentro.pt\/documento\/1\/551\/criterios-especificos-ciencias-sociais-e-humanas-cursos-profissionais\" target=\"_blank\" class=\"customize-unpreviewable\"><strong>Crit\u00e9rios Espec\u00edficos \u2013 Ci\u00eancias Sociais e Humanas \u2013 Cursos Profissionais<\/strong><\/a>\n                    <\/p>\n                    <p>\n                      <br>\n                    <\/p>\n                    <p>&nbsp;\n                      <a href=\"https:\/\/www.aecoimbracentro.pt\/documento\/1\/552\/criterios-especificos-ciencias-sociais-e-humanas-ensino-regular\" target=\"_blank\" class=\"customize-unpreviewable\"><strong>Crit\u00e9rios Espec\u00edficos \u2013 Ci\u00eancias Sociais e Humanas \u2013 Ensino Regular<\/strong><\/a>\n                    <\/p>\n                    <p>\n                      <br>\n                    <\/p>\n                    <p>&nbsp;\n                      <a href=\"https:\/\/www.aecoimbracentro.pt\/documento\/1\/567\/criterios-especificos-educacao-especial\" target=\"_blank\" class=\"customize-unpreviewable\"><strong>Crit\u00e9rios Espec\u00edficos \u2013 Educa\u00e7\u00e3o Especial<\/strong><\/a>\n                    <\/p>\n                    <p>\n                      <br>\n                    <\/p>\n                    <p>&nbsp;\n                      <a href=\"https:\/\/www.aecoimbracentro.pt\/documento\/1\/555\/criterios-especificos-expressoes-cursos-profissionais\" target=\"_blank\" class=\"customize-unpreviewable\"><strong>Crit\u00e9rios Espec\u00edficos \u2013 Express\u00f5es \u2013 Cursos Profissionais<\/strong><\/a>\n                    <\/p>\n                    <p>\n                      <br>\n                    <\/p>\n                    <p>&nbsp;\n                      <a href=\"https:\/\/www.aecoimbracentro.pt\/documento\/1\/556\/criterios-especificos-expressoes-ensino-regular\" target=\"_blank\" class=\"customize-unpreviewable\"><strong>Crit\u00e9rios Espec\u00edficos \u2013 Express\u00f5es \u2013 Ensino Regular<\/strong><\/a>\n                    <\/p>\n                    <p>\n                      <br>\n                    <\/p>\n                    <p>&nbsp;\n                      <a href=\"https:\/\/www.aecoimbracentro.pt\/documento\/1\/568\/criterios-especificos-linguas-cursos-profissionais\" target=\"_blank\" class=\"customize-unpreviewable\"><strong>Crit\u00e9rios Espec\u00edficos \u2013 L\u00ednguas \u2013 Cursos Profissionais<\/strong><\/a>\n                    <\/p>\n                    <p>\n                      <br>\n                    <\/p>\n                    <p>&nbsp;\n                      <a href=\"https:\/\/www.aecoimbracentro.pt\/documento\/1\/566\/criterios-especificos-linguas-ensino-regular\" target=\"_blank\" class=\"customize-unpreviewable\"><strong>Crit\u00e9rios Espec\u00edficos \u2013 L\u00ednguas \u2013 Ensino Regular<\/strong><\/a>\n                    <\/p>\n                    <p>\n                      <br>\n                    <\/p>\n                    <p>&nbsp;\n                      <a href=\"https:\/\/www.aecoimbracentro.pt\/documento\/1\/557\/criterios-especificos-matematica-e-informatica-cursos-profissionais\" target=\"_blank\" class=\"customize-unpreviewable\"><strong>Crit\u00e9rios Espec\u00edficos \u2013 Matem\u00e1tica e Inform\u00e1tica \u2013 Cursos Profissionais<\/strong><\/a>\n                    <\/p>\n                    <p>\n                      <br>\n                    <\/p>\n                    <p>&nbsp;\n                      <a href=\"https:\/\/www.aecoimbracentro.pt\/documento\/1\/558\/criterios-especificos-matematica-e-informatica-ensino-regular\" target=\"_blank\" class=\"customize-unpreviewable\"><strong>Crit\u00e9rios espec\u00edficos \u2013 Matem\u00e1tica e Inform\u00e1tica \u2013 Ensino Regular<\/strong><\/a>\n                    <\/p>\n                    <p>\n                      <br>\n                    <\/p>\n                    <p>&nbsp;\n                      <a href=\"https:\/\/www.aecoimbracentro.pt\/documento\/1\/547\/criterios-especificos-pre-escolar\" target=\"_blank\" class=\"customize-unpreviewable\"><strong>Crit\u00e9rios Espec\u00edficos \u2013 Pr\u00e9-Escolar<\/strong><\/a>\n                    <\/p>\n                    <p>\n                      <br>\n                    <\/p>\n                    <p>&nbsp;\n                      <a href=\"https:\/\/www.aecoimbracentro.pt\/documento\/1\/546\/criterios-gerais-de-avaliacao-2025-2026\" target=\"_blank\" class=\"customize-unpreviewable\"><strong>Crit\u00e9rios Gerais de Avalia\u00e7\u00e3o 2025-2026<\/strong><\/a>\n                    <\/p>\n                    <p>\n                      <br>\n                    <\/p>\n                  <\/div>\n                <\/div>\n              <\/div>\n            <\/div>\n          <\/div>\n        <\/div>\n      <\/div>\n    <\/div>\n  <\/div>\n<\/div>","protected":false},"excerpt":{"rendered":"<p>AECC Crit\u00e9rios de&nbsp;Avalia\u00e7\u00e3o Voltar&#8230; Crit\u00e9rios Espec\u00edficos \u2013 1\u00ba CEB &nbsp; Crit\u00e9rios Espec\u00edficos \u2013 [&hellip;]<\/p>\n","protected":false},"author":21,"featured_media":0,"parent":0,"menu_order":0,"comment_status":"closed","ping_status":"closed","template":"page-templates\/full-width-page.php","meta":{"footnotes":""},"class_list":["post-241","page","type-page","status-publish","hentry"],"_links":{"self":[{"href":"https:\/\/www.aecoimbracentro.pt\/on\/index.php?rest_route=\/wp\/v2\/pages\/241","targetHints":{"allow":["GET"]}}],"collection":[{"href":"https:\/\/www.aecoimbracentro.pt\/on\/index.php?rest_route=\/wp\/v2\/pages"}],"about":[{"href":"https:\/\/www.aecoimbracentro.pt\/on\/index.php?rest_route=\/wp\/v2\/types\/page"}],"author":[{"embeddable":true,"href":"https:\/\/www.aecoimbracentro.pt\/on\/index.php?rest_route=\/wp\/v2\/users\/21"}],"replies":[{"embeddable":true,"href":"https:\/\/www.aecoimbracentro.pt\/on\/index.php?rest_route=%2Fwp%2Fv2%2Fcomments&post=241"}],"version-history":[{"count":8,"href":"https:\/\/www.aecoimbracentro.pt\/on\/index.php?rest_route=\/wp\/v2\/pages\/241\/revisions"}],"predecessor-version":[{"id":4376,"href":"https:\/\/www.aecoimbracentro.pt\/on\/index.php?rest_route=\/wp\/v2\/pages\/241\/revisions\/4376"}],"wp:attachment":[{"href":"https:\/\/www.aecoimbracentro.pt\/on\/index.php?rest_route=%2Fwp%2Fv2%2Fmedia&parent=241"}],"curies":[{"name":"wp","href":"https:\/\/api.w.org\/{rel}","templated":true}]}}