{"id":258,"date":"2025-10-02T15:11:12","date_gmt":"2025-10-02T15:11:12","guid":{"rendered":"https:\/\/www.aecoimbracentro.pt\/on\/?page_id=258"},"modified":"2025-12-20T12:40:54","modified_gmt":"2025-12-20T12:40:54","slug":"ensino-profissional","status":"publish","type":"page","link":"https:\/\/www.aecoimbracentro.pt\/on\/?page_id=258","title":{"rendered":"Ensino Profissional"},"content":{"rendered":"<div data-colibri-id=\"258-c1\" class=\"style-1351 style-local-258-c1 position-relative\">\n  <!---->\n  <div data-colibri-component=\"section\" data-colibri-id=\"258-c6\" id=\"about\" class=\"h-section h-section-global-spacing d-flex align-items-lg-center align-items-md-center align-items-center style-1356 style-local-258-c6 position-relative\">\n    <!---->\n    <!---->\n    <div class=\"h-section-grid-container h-section-boxed-container\">\n      <!---->\n      <div data-colibri-id=\"258-c7\" class=\"h-row-container gutters-row-lg-2 gutters-row-md-2 gutters-row-2 gutters-row-v-lg-2 gutters-row-v-md-2 gutters-row-v-2 style-1357 style-local-258-c7 position-relative\">\n        <!---->\n        <div class=\"h-row justify-content-lg-center justify-content-md-center justify-content-center align-items-lg-stretch align-items-md-stretch align-items-stretch gutters-col-lg-2 gutters-col-md-2 gutters-col-2 gutters-col-v-lg-2 gutters-col-v-md-2 gutters-col-v-2\">\n          <!---->\n          <div class=\"h-column h-column-container d-flex h-col-lg-auto h-col-md-auto h-col-auto style-1358-outer style-local-258-c8-outer\">\n            <div data-colibri-id=\"258-c8\" class=\"d-flex h-flex-basis h-column__inner h-px-lg-2 h-px-md-2 h-px-2 v-inner-lg-2 v-inner-md-2 v-inner-2 style-1358 style-local-258-c8 position-relative\">\n              <!---->\n              <!---->\n              <div class=\"w-100 h-y-container h-column__content h-column__v-align flex-basis-100 align-self-lg-center align-self-md-center align-self-center\">\n                <!---->\n                <div data-colibri-id=\"258-c9\" class=\"h-global-transition-all h-heading style-1359 style-local-258-c9 position-relative h-element\">\n                  <!---->\n                  <div class=\"h-heading__outer style-1359 style-local-258-c9\">\n                    <!---->\n                    <!---->\n                    <h5 class=\"\">AECC<\/h5>\n                  <\/div>\n                <\/div>\n                <div data-colibri-id=\"258-c10\" class=\"h-global-transition-all h-heading style-1360 style-local-258-c10 position-relative h-element\">\n                  <!---->\n                  <div class=\"h-heading__outer style-1360 style-local-258-c10\">\n                    <!---->\n                    <!---->\n                    <h2 class=\"\">Ensino&nbsp;<em style=\"color: rgb(247, 144, 7); font-family: &quot;Playfair Display&quot;;\">Profissional<\/em><\/h2>\n                  <\/div>\n                <\/div>\n                <div data-colibri-id=\"258-c11\" class=\"h-text h-text-component style-1361 style-local-258-c11 position-relative h-element\">\n                  <!---->\n                  <!---->\n                  <div class=\"\">\n                    <p>Os&nbsp;<strong>Cursos Profissionais<\/strong>&nbsp;s\u00e3o um dos percursos do n\u00edvel secund\u00e1rio de educa\u00e7\u00e3o que valorizam o desenvolvimento de compet\u00eancias para o exerc\u00edcio de uma profiss\u00e3o.<\/p>\n                    <p>Estes cursos t\u00eam uma estrutura curricular organizada por m\u00f3dulos, o que permite maior flexibilidade e respeito pelos ritmos de aprendizagem dos alunos. O plano de estudos inclui tr\u00eas componentes de forma\u00e7\u00e3o:<\/p>\n                    <ul>\n                      <li>Sociocultural;<\/li>\n                      <li>Cient\u00edfica;<\/li>\n                      <li>T\u00e9cnica (inclui obrigatoriamente uma Forma\u00e7\u00e3o em Contexto de Trabalho).<\/li>\n                    <\/ul>\n                    <p>Estes cursos culminam com a apresenta\u00e7\u00e3o de um projeto, designado por Prova de Aptid\u00e3o Profissional (PAP), no qual o aluno demonstra as compet\u00eancias e saberes que desenvolveu ao longo da forma\u00e7\u00e3o.<\/p>\n                    <p>A conclus\u00e3o, com aproveitamento, de um Curso Profissional confere:<\/p>\n                    <ul>\n                      <li>um diploma de n\u00edvel secund\u00e1rio de educa\u00e7\u00e3o;<\/li>\n                      <li>um certificado de qualifica\u00e7\u00e3o profissional de n\u00edvel 3.<\/li>\n                    <\/ul>\n                    <p>A conclus\u00e3o de um Curso Profissional permite o prosseguimento de estudos\/forma\u00e7\u00e3o num Curso de Especializa\u00e7\u00e3o Tecnol\u00f3gica ou o acesso ao ensino superior, mediante o cumprimento dos requisitos previstos no regulamento de acesso ao ensino\n                      superior.<\/p>\n                    <p>Os Cursos Profissionais s\u00e3o regidos pelo Decreto-Lei n.\u00ba 55\/2018, de 6 de julho e pela Portaria n.\u00ba 235 \u2013 A\/2018, de 23 de agosto (10\u00ba e 11.\u00ba anos). O 12.\u00ba ano est\u00e1 regulado pelo Decreto-Lei n.\u00ba 139\/2012, de 5 de julho (12\u00ba ano).<\/p>\n                    <p>\n                      <br>\n                    <\/p>\n                  <\/div>\n                <\/div>\n                <div data-colibri-id=\"258-c12\" class=\"h-x-container style-1362 style-local-258-c12 position-relative h-element\">\n                  <!---->\n                  <div class=\"h-x-container-inner style-dynamic-258-c12-group style-1362-spacing style-local-258-c12-spacing\"><span class=\"h-button__outer style-1363-outer style-local-258-c13-outer d-inline-flex h-element\"><a h-use-smooth-scroll=\"true\" href=\"https:\/\/www.aecoimbracentro.pt\/on\/?page_id=253\"  data-colibri-id=\"258-c13\" class=\"d-flex w-100 align-items-center h-button justify-content-lg-center justify-content-md-center justify-content-center style-1363 style-local-258-c13 position-relative\"><!----><!----> <span>Voltar&#8230;<\/span><\/a>\n                    <\/span>\n                  <\/div>\n                <\/div>\n              <\/div>\n            <\/div>\n          <\/div>\n          <div class=\"h-column h-column-container d-flex h-col-lg-auto h-col-md-auto h-col-auto style-1364-outer style-local-258-c14-outer\">\n            <div data-colibri-id=\"258-c14\" class=\"d-flex h-flex-basis h-column__inner h-px-lg-2 h-px-md-2 h-px-2 v-inner-lg-2 v-inner-md-2 v-inner-2 style-1364 style-local-258-c14 position-relative\">\n              <!---->\n              <!---->\n              <div class=\"w-100 h-y-container h-column__content h-column__v-align flex-basis-100 align-self-lg-center align-self-md-center align-self-center\">\n                <!---->\n                <div data-colibri-id=\"258-c15\" class=\"d-block style-1365 style-local-258-c15 position-relative h-element\">\n                  <!---->\n                  <div class=\"h-image__frame-container-outer\">\n                    <div class=\"h-image__frame-container\">\n                      <!---->\n                      <!---->\n                      <img loading=\"lazy\" decoding=\"async\" width=\"799\" height=\"799\" src=\"https:\/\/www.aecoimbracentro.pt\/on\/wp-content\/uploads\/2025\/10\/cropped-8_5_oferta-formativa.jpg\" class=\"wp-image-820 style-1365-image style-local-258-c15-image\" alt=\"\" srcset=\"https:\/\/www.aecoimbracentro.pt\/on\/wp-content\/uploads\/2025\/10\/cropped-8_5_oferta-formativa.jpg 799w, https:\/\/www.aecoimbracentro.pt\/on\/wp-content\/uploads\/2025\/10\/cropped-8_5_oferta-formativa-300x300.jpg 300w, https:\/\/www.aecoimbracentro.pt\/on\/wp-content\/uploads\/2025\/10\/cropped-8_5_oferta-formativa-150x150.jpg 150w, https:\/\/www.aecoimbracentro.pt\/on\/wp-content\/uploads\/2025\/10\/cropped-8_5_oferta-formativa-768x768.jpg 768w\" sizes=\"auto, (max-width: 799px) 100vw, 799px\" \/>\n                      <div class=\"h-image__frame h-hide-sm style-1365-frameImage style-local-258-c15-frameImage\"><\/div>\n                    <\/div>\n                  <\/div>\n                <\/div>\n              <\/div>\n            <\/div>\n          <\/div>\n        <\/div>\n      <\/div>\n    <\/div>\n  <\/div>\n<\/div>","protected":false},"excerpt":{"rendered":"<p>AECC Ensino&nbsp;Profissional Os&nbsp;Cursos Profissionais&nbsp;s\u00e3o um dos percursos do n\u00edvel secund\u00e1rio de educa\u00e7\u00e3o que [&hellip;]<\/p>\n","protected":false},"author":1,"featured_media":0,"parent":0,"menu_order":0,"comment_status":"closed","ping_status":"closed","template":"page-templates\/full-width-page.php","meta":{"footnotes":""},"class_list":["post-258","page","type-page","status-publish","hentry"],"_links":{"self":[{"href":"https:\/\/www.aecoimbracentro.pt\/on\/index.php?rest_route=\/wp\/v2\/pages\/258","targetHints":{"allow":["GET"]}}],"collection":[{"href":"https:\/\/www.aecoimbracentro.pt\/on\/index.php?rest_route=\/wp\/v2\/pages"}],"about":[{"href":"https:\/\/www.aecoimbracentro.pt\/on\/index.php?rest_route=\/wp\/v2\/types\/page"}],"author":[{"embeddable":true,"href":"https:\/\/www.aecoimbracentro.pt\/on\/index.php?rest_route=\/wp\/v2\/users\/1"}],"replies":[{"embeddable":true,"href":"https:\/\/www.aecoimbracentro.pt\/on\/index.php?rest_route=%2Fwp%2Fv2%2Fcomments&post=258"}],"version-history":[{"count":2,"href":"https:\/\/www.aecoimbracentro.pt\/on\/index.php?rest_route=\/wp\/v2\/pages\/258\/revisions"}],"predecessor-version":[{"id":2366,"href":"https:\/\/www.aecoimbracentro.pt\/on\/index.php?rest_route=\/wp\/v2\/pages\/258\/revisions\/2366"}],"wp:attachment":[{"href":"https:\/\/www.aecoimbracentro.pt\/on\/index.php?rest_route=%2Fwp%2Fv2%2Fmedia&parent=258"}],"curies":[{"name":"wp","href":"https:\/\/api.w.org\/{rel}","templated":true}]}}