{"id":260,"date":"2025-10-02T15:12:01","date_gmt":"2025-10-02T15:12:01","guid":{"rendered":"https:\/\/www.aecoimbracentro.pt\/on\/?page_id=260"},"modified":"2026-02-11T13:24:39","modified_gmt":"2026-02-11T13:24:39","slug":"ensino-recorrente-nao-presencial","status":"publish","type":"page","link":"https:\/\/www.aecoimbracentro.pt\/on\/?page_id=260","title":{"rendered":"Ensino Recorrente N\u00e3o Presencial"},"content":{"rendered":"<div data-colibri-id=\"260-c1\" class=\"style-1121 style-local-260-c1 position-relative\">\n  <!---->\n  <div data-colibri-component=\"section\" data-colibri-id=\"260-c2\" id=\"about\" class=\"h-section h-section-global-spacing d-flex align-items-lg-center align-items-md-center align-items-center style-1366 style-local-260-c2 position-relative\">\n    <!---->\n    <!---->\n    <div class=\"h-section-grid-container h-section-boxed-container\">\n      <!---->\n      <div data-colibri-id=\"260-c3\" class=\"h-row-container gutters-row-lg-2 gutters-row-md-2 gutters-row-2 gutters-row-v-lg-2 gutters-row-v-md-2 gutters-row-v-2 style-1367 style-local-260-c3 position-relative\">\n        <!---->\n        <div class=\"h-row justify-content-lg-center justify-content-md-center justify-content-center align-items-lg-stretch align-items-md-stretch align-items-stretch gutters-col-lg-2 gutters-col-md-2 gutters-col-2 gutters-col-v-lg-2 gutters-col-v-md-2 gutters-col-v-2\">\n          <!---->\n          <div class=\"h-column h-column-container d-flex h-col-lg-auto h-col-md-auto h-col-auto style-1368-outer style-local-260-c4-outer\">\n            <div data-colibri-id=\"260-c4\" class=\"d-flex h-flex-basis h-column__inner h-px-lg-2 h-px-md-2 h-px-2 v-inner-lg-2 v-inner-md-2 v-inner-2 style-1368 style-local-260-c4 position-relative\">\n              <!---->\n              <!---->\n              <div class=\"w-100 h-y-container h-column__content h-column__v-align flex-basis-100 align-self-lg-center align-self-md-center align-self-center\">\n                <!---->\n                <div data-colibri-id=\"260-c5\" class=\"h-global-transition-all h-heading style-1369 style-local-260-c5 position-relative h-element\">\n                  <!---->\n                  <div class=\"h-heading__outer style-1369 style-local-260-c5\">\n                    <!---->\n                    <!---->\n                    <h5 class=\"\">AECC<\/h5>\n                  <\/div>\n                <\/div>\n                <div data-colibri-id=\"260-c6\" class=\"h-global-transition-all h-heading style-1370 style-local-260-c6 position-relative h-element\">\n                  <!---->\n                  <div class=\"h-heading__outer style-1370 style-local-260-c6\">\n                    <!---->\n                    <!---->\n                    <h2 class=\"\">Ensino&nbsp;<em style=\"font-family: &quot;Playfair Display&quot;; color: rgb(247, 144, 7);\">Recorrente<\/em>&nbsp;em Regime n\u00e3o&nbsp;<em style=\"font-family: &quot;Playfair Display&quot;; color: rgb(247, 144, 7);\">Presencial<\/em><\/h2>\n                  <\/div>\n                <\/div>\n              <\/div>\n            <\/div>\n          <\/div>\n          <div class=\"h-column h-column-container d-flex h-col-lg-auto h-col-md-auto h-col-auto style-1374-outer style-local-260-c7-outer\">\n            <div data-colibri-id=\"260-c7\" class=\"d-flex h-flex-basis h-column__inner h-px-lg-2 h-px-md-2 h-px-2 v-inner-lg-2 v-inner-md-2 v-inner-2 style-1374 style-local-260-c7 position-relative\">\n              <!---->\n              <!---->\n              <div class=\"w-100 h-y-container h-column__content h-column__v-align flex-basis-100 align-self-lg-start align-self-md-start align-self-start\">\n                <!---->\n                <div data-colibri-id=\"260-c8\" class=\"d-block style-1375 style-local-260-c8 position-relative h-element\">\n                  <!---->\n                  <div class=\"h-image__frame-container-outer\">\n                    <div class=\"h-image__frame-container\">\n                      <!---->\n                      <!---->\n                      <img loading=\"lazy\" decoding=\"async\" width=\"799\" height=\"799\" src=\"https:\/\/www.aecoimbracentro.pt\/on\/wp-content\/uploads\/2025\/10\/cropped-8_5_oferta-formativa.jpg\" class=\"wp-image-820 style-1375-image style-local-260-c8-image\" alt=\"\" srcset=\"https:\/\/www.aecoimbracentro.pt\/on\/wp-content\/uploads\/2025\/10\/cropped-8_5_oferta-formativa.jpg 799w, https:\/\/www.aecoimbracentro.pt\/on\/wp-content\/uploads\/2025\/10\/cropped-8_5_oferta-formativa-300x300.jpg 300w, https:\/\/www.aecoimbracentro.pt\/on\/wp-content\/uploads\/2025\/10\/cropped-8_5_oferta-formativa-150x150.jpg 150w, https:\/\/www.aecoimbracentro.pt\/on\/wp-content\/uploads\/2025\/10\/cropped-8_5_oferta-formativa-768x768.jpg 768w\" sizes=\"auto, (max-width: 799px) 100vw, 799px\" \/>\n                      <div class=\"h-image__frame h-hide-sm style-1375-frameImage style-local-260-c8-frameImage\"><\/div>\n                    <\/div>\n                  <\/div>\n                <\/div>\n              <\/div>\n            <\/div>\n          <\/div>\n        <\/div>\n      <\/div>\n      <div data-colibri-id=\"260-c9\" class=\"h-row-container gutters-row-lg-2 gutters-row-md-2 gutters-row-0 gutters-row-v-lg-2 gutters-row-v-md-2 gutters-row-v-2 style-1757 style-local-260-c9 position-relative\">\n        <!---->\n        <div class=\"h-row justify-content-lg-center justify-content-md-center justify-content-center align-items-lg-stretch align-items-md-stretch align-items-stretch gutters-col-lg-2 gutters-col-md-2 gutters-col-0 gutters-col-v-lg-2 gutters-col-v-md-2 gutters-col-v-2\">\n          <!---->\n          <div class=\"h-column h-column-container d-flex h-col-lg-auto h-col-md-auto h-col-auto style-1758-outer style-local-260-c10-outer\">\n            <div data-colibri-id=\"260-c10\" class=\"d-flex h-flex-basis h-column__inner h-px-lg-2 h-px-md-2 h-px-2 v-inner-lg-2 v-inner-md-2 v-inner-2 style-1758 style-local-260-c10 position-relative\">\n              <!---->\n              <!---->\n              <div class=\"w-100 h-y-container h-column__content h-column__v-align flex-basis-100 align-self-lg-start align-self-md-start align-self-start\">\n                <!---->\n                <div data-colibri-id=\"260-c11\" class=\"h-text h-text-component style-1371 style-local-260-c11 position-relative h-element\">\n                  <!---->\n                  <!---->\n                  <div class=\"\">\n                    <p>O Ensino Recorrente em Regime n\u00e3o Presencial apresenta-se como uma segunda oportunidade de educa\u00e7\u00e3o para os que dela n\u00e3o usufru\u00edram em idade pr\u00f3pria ou que n\u00e3o a completaram e para aqueles que a procuram por raz\u00f5es de promo\u00e7\u00e3o cultural\n                      e profissional.<\/p>\n                    <p><strong>Modalidades DGE<\/strong><\/p>\n                    <p>\n                      <a href=\"https:\/\/www.dge.mec.pt\/modalidade-de-ensino-recorrente-sec\" class=\"customize-unpreviewable\">https:\/\/www.dge.mec.pt\/modalidade-de-ensino-recorrente-sec<\/a>\n                    <\/p>\n                    <h3>Ensino Recorrente Noturno em Regime N\u00e3o Presencial<\/h3>\n                    <p>A avalia\u00e7\u00e3o dos alunos do Ensino Recorrente Noturno no regime de frequ\u00eancia n\u00e3o presencial decorre nos meses de janeiro, abril e junho ou julho, em data a definir pelo agrupamento de escolas. Estes alunos s\u00f3 podem realizar uma prova\n                      de avalia\u00e7\u00e3o por disciplina em cada \u00e9poca. A prova incide sobre um m\u00f3dulo ou sobre o conjunto dos tr\u00eas m\u00f3dulos correspondentes ao ano de escolaridade em que a disciplina \u00e9 ministrada.\n                      <br>\n                      <br>Nas disciplinas de Portugu\u00eas e de L\u00edngua Estrangeira \u00e9 obrigat\u00f3ria a realiza\u00e7\u00e3o de prova escrita e de prova oral.<\/p>\n                    <p>As provas t\u00eam a seguinte dura\u00e7\u00e3o:<\/p>\n                    <p>a) Cento e trinta e cinco minutos para qualquer prova escrita que envolva tr\u00eas m\u00f3dulos capitaliz\u00e1veis;<\/p>\n                    <p>b) Noventa minutos para qualquer prova escrita que envolva apenas um m\u00f3dulo capitaliz\u00e1vel;<\/p>\n                    <p>c) Quinze a vinte e cinco minutos para a prova oral.<\/p>\n                    <p>Consideram-se aprovados nas provas de avalia\u00e7\u00e3o no regime de frequ\u00eancia n\u00e3o presencial os alunos que obtenham classifica\u00e7\u00e3o igual ou superior a 10 valores.<\/p>\n                    <p>\n                      <br>\n                    <\/p>\n                    <p><strong> <\/strong><\/p>\n                  <\/div>\n                <\/div>\n              <\/div>\n            <\/div>\n          <\/div>\n        <\/div>\n      <\/div>\n      <div data-colibri-id=\"260-c12\" class=\"h-row-container gutters-row-lg-2 gutters-row-md-2 gutters-row-0 gutters-row-v-lg-2 gutters-row-v-md-2 gutters-row-v-2 style-1747 style-local-260-c12 position-relative\">\n        <!---->\n        <div class=\"h-row justify-content-lg-center justify-content-md-center justify-content-center align-items-lg-stretch align-items-md-stretch align-items-stretch gutters-col-lg-2 gutters-col-md-2 gutters-col-0 gutters-col-v-lg-2 gutters-col-v-md-2 gutters-col-v-2\">\n          <!---->\n          <div class=\"h-column h-column-container d-flex h-col-lg-auto h-col-md-auto h-col-auto style-1748-outer style-local-260-c13-outer\">\n            <div data-colibri-id=\"260-c13\" class=\"d-flex h-flex-basis h-column__inner h-px-lg-2 h-px-md-2 h-px-2 v-inner-lg-2 v-inner-md-2 v-inner-2 style-1748 style-local-260-c13 position-relative\">\n              <!---->\n              <!---->\n              <div class=\"w-100 h-y-container h-column__content h-column__v-align flex-basis-100 align-self-lg-start align-self-md-start align-self-start\">\n                <!---->\n                <div data-colibri-id=\"260-c14\" class=\"h-text h-text-component style-1746 style-local-260-c14 position-relative h-element\">\n                  <!---->\n                  <!---->\n                  <div class=\"\">\n                    <p>Disponibilizam-se<strong> aqui<\/strong> as matrizes por ano e disciplina e o <strong>calend\u00e1rio:<\/strong><\/p>\n                  <\/div>\n                <\/div>\n                <div data-colibri-id=\"260-c15\" class=\"h-x-container style-1743 style-local-260-c15 position-relative h-element\">\n                  <!---->\n                  <div class=\"h-x-container-inner style-dynamic-260-c15-group style-1743-spacing style-local-260-c15-spacing\"><span class=\"h-button__outer style-1744-outer style-local-260-c16-outer d-inline-flex h-element\"><a h-use-smooth-scroll=\"true\" href=\"https:\/\/agecoimbracentro-my.sharepoint.com\/:f:\/g\/personal\/webaecc_aecoimbracentro_pt\/IgA9ggVCHhRoSLM4O3i6AwHmAXmu7zJkLy6o5BPzd_ZTjtw?e=nti8Xk\" target=\"_blank\"  data-colibri-id=\"260-c16\" class=\"d-flex w-100 align-items-center h-button justify-content-lg-center justify-content-md-center justify-content-center style-1744 style-local-260-c16 position-relative\"><!----><!----> <span>Saber mais [Clicar]<\/span><\/a>\n                    <\/span>\n                  <\/div>\n                <\/div>\n              <\/div>\n            <\/div>\n          <\/div>\n        <\/div>\n      <\/div>\n    <\/div>\n  <\/div>\n  <div data-colibri-component=\"section\" data-colibri-id=\"260-c17\" id=\"custom\" class=\"h-section h-section-global-spacing d-flex align-items-lg-center align-items-md-center align-items-center style-1740 style-local-260-c17 position-relative\">\n    <!---->\n    <!---->\n    <div class=\"h-section-grid-container h-section-boxed-container\">\n      <!---->\n      <div data-colibri-id=\"260-c18\" class=\"h-row-container gutters-row-lg-2 gutters-row-md-2 gutters-row-0 gutters-row-v-lg-2 gutters-row-v-md-2 gutters-row-v-2 style-1741 style-local-260-c18 position-relative\">\n        <!---->\n        <div class=\"h-row justify-content-lg-center justify-content-md-center justify-content-center align-items-lg-stretch align-items-md-stretch align-items-stretch gutters-col-lg-2 gutters-col-md-2 gutters-col-0 gutters-col-v-lg-2 gutters-col-v-md-2 gutters-col-v-2\">\n          <!---->\n          <div class=\"h-column h-column-container d-flex h-col-lg-auto h-col-md-auto h-col-auto style-1742-outer style-local-260-c19-outer\">\n            <div data-colibri-id=\"260-c19\" class=\"d-flex h-flex-basis h-column__inner h-ui-empty-state-container h-px-lg-2 h-px-md-2 h-px-2 v-inner-lg-2 v-inner-md-2 v-inner-2 style-1742 style-local-260-c19 position-relative\">\n              <!---->\n              <!---->\n              <div class=\"w-100 h-y-container h-column__content h-column__v-align flex-basis-100\">\n                <!---->\n              <\/div>\n            <\/div>\n          <\/div>\n        <\/div>\n      <\/div>\n    <\/div>\n  <\/div>\n<\/div>","protected":false},"excerpt":{"rendered":"<p>AECC Ensino&nbsp;Recorrente&nbsp;em Regime n\u00e3o&nbsp;Presencial O Ensino Recorrente em Regime n\u00e3o Presencial apresenta-se como [&hellip;]<\/p>\n","protected":false},"author":1,"featured_media":0,"parent":0,"menu_order":0,"comment_status":"closed","ping_status":"closed","template":"page-templates\/full-width-page.php","meta":{"footnotes":""},"class_list":["post-260","page","type-page","status-publish","hentry"],"_links":{"self":[{"href":"https:\/\/www.aecoimbracentro.pt\/on\/index.php?rest_route=\/wp\/v2\/pages\/260","targetHints":{"allow":["GET"]}}],"collection":[{"href":"https:\/\/www.aecoimbracentro.pt\/on\/index.php?rest_route=\/wp\/v2\/pages"}],"about":[{"href":"https:\/\/www.aecoimbracentro.pt\/on\/index.php?rest_route=\/wp\/v2\/types\/page"}],"author":[{"embeddable":true,"href":"https:\/\/www.aecoimbracentro.pt\/on\/index.php?rest_route=\/wp\/v2\/users\/1"}],"replies":[{"embeddable":true,"href":"https:\/\/www.aecoimbracentro.pt\/on\/index.php?rest_route=%2Fwp%2Fv2%2Fcomments&post=260"}],"version-history":[{"count":14,"href":"https:\/\/www.aecoimbracentro.pt\/on\/index.php?rest_route=\/wp\/v2\/pages\/260\/revisions"}],"predecessor-version":[{"id":4390,"href":"https:\/\/www.aecoimbracentro.pt\/on\/index.php?rest_route=\/wp\/v2\/pages\/260\/revisions\/4390"}],"wp:attachment":[{"href":"https:\/\/www.aecoimbracentro.pt\/on\/index.php?rest_route=%2Fwp%2Fv2%2Fmedia&parent=260"}],"curies":[{"name":"wp","href":"https:\/\/api.w.org\/{rel}","templated":true}]}}