{"id":262,"date":"2025-10-02T15:21:07","date_gmt":"2025-10-02T15:21:07","guid":{"rendered":"https:\/\/www.aecoimbracentro.pt\/on\/?page_id=262"},"modified":"2026-01-24T13:01:04","modified_gmt":"2026-01-24T13:01:04","slug":"alunos","status":"publish","type":"page","link":"https:\/\/www.aecoimbracentro.pt\/on\/?page_id=262","title":{"rendered":"Alunos"},"content":{"rendered":"<div data-colibri-id=\"262-c1\" class=\"style-331 style-local-262-c1 position-relative\">\n  <!---->\n  <div data-colibri-component=\"section\" data-colibri-id=\"262-c2\" id=\"overlappable-2\" class=\"h-section h-section-global-spacing d-flex align-items-lg-center align-items-md-center align-items-center style-985 style-local-262-c2 position-relative\">\n    <!---->\n    <!---->\n    <div class=\"h-section-grid-container h-section-boxed-container\">\n      <!---->\n      <div data-colibri-id=\"262-c3\" class=\"h-row-container gutters-row-lg-2 gutters-row-md-0 gutters-row-2 gutters-row-v-lg-2 gutters-row-v-md-0 gutters-row-v-2 style-986 style-local-262-c3 position-relative\">\n        <!---->\n        <div class=\"h-row justify-content-lg-center justify-content-md-center justify-content-center align-items-lg-stretch align-items-md-stretch align-items-stretch gutters-col-lg-2 gutters-col-md-0 gutters-col-2 gutters-col-v-lg-2 gutters-col-v-md-0 gutters-col-v-2\">\n          <!---->\n          <div class=\"h-column h-column-container d-flex h-col-lg-4 h-col-md-4 h-col-12 style-987-outer style-local-262-c4-outer\">\n            <div data-colibri-id=\"262-c4\" class=\"d-flex h-flex-basis h-column__inner h-px-lg-2 h-px-md-3 h-px-2 v-inner-lg-0 v-inner-md-3 v-inner-2 style-987 style-local-262-c4 position-relative\">\n              <!---->\n              <!---->\n              <div class=\"w-100 h-y-container h-column__content h-column__v-align flex-basis-100 align-self-lg-start align-self-md-start align-self-start\">\n                <!---->\n                <div data-colibri-id=\"262-c5\" class=\"h-icon style-988 style-local-262-c5 position-relative h-element\">\n                  <!---->\n                  <a href=\"https:\/\/www.aecoimbracentro.pt\/on\/?page_id=236\" h-use-smooth-scroll=\"true\"><span class=\"h-svg-icon h-icon__icon style-988-icon style-local-262-c5-icon\"><!--Icon by Icons8 Line Awesome (https:\/\/icons8.com\/line-awesome)--><svg version=\"1.1\" xmlns=\"http:\/\/www.w3.org\/2000\/svg\" xmlns:xlink=\"http:\/\/www.w3.org\/1999\/xlink\" id=\"clone\" viewBox=\"0 0 512 545.5\"><path d=\"M80 112h272v64h-32v-32H112v208h32v32H80V112zm80 80h272v272H160V192zm32 32v208h208V224H192z\"><\/path><\/svg><\/span><\/a>\n                <\/div>\n                <div data-colibri-id=\"262-c6\" class=\"h-global-transition-all h-heading style-989 style-local-262-c6 position-relative h-element\">\n                  <!---->\n                  <div class=\"h-heading__outer style-989 style-local-262-c6\">\n                    <!---->\n                    <!---->\n                    <a href=\"https:\/\/www.aecoimbracentro.pt\/on\/?page_id=236\" h-use-smooth-scroll=\"true\">\n                      <h5 class=\"\">Oferta Formativa<\/h5>\n                    <\/a>\n                  <\/div>\n                <\/div>\n                <div data-colibri-id=\"262-c7\" class=\"h-text h-text-component style-990 style-local-262-c7 position-relative h-element\">\n                  <!---->\n                  <!---->\n                  <div class=\"\"><\/div>\n                <\/div>\n              <\/div>\n            <\/div>\n          <\/div>\n          <div class=\"h-column h-column-container d-flex h-col-lg-4 h-col-md-4 h-col-12 style-987-outer style-local-262-c8-outer\">\n            <div data-colibri-id=\"262-c8\" class=\"d-flex h-flex-basis h-column__inner h-px-lg-2 h-px-md-3 h-px-2 v-inner-lg-0 v-inner-md-3 v-inner-2 style-987 style-local-262-c8 position-relative\">\n              <!---->\n              <!---->\n              <div class=\"w-100 h-y-container h-column__content h-column__v-align flex-basis-100 align-self-lg-start align-self-md-start align-self-start\">\n                <!---->\n                <div data-colibri-id=\"262-c9\" class=\"h-icon style-988 style-local-262-c9 position-relative h-element\">\n                  <!---->\n                  <a href=\"https:\/\/www.aecoimbracentro.pt\/on\/?page_id=239\" h-use-smooth-scroll=\"true\"><span class=\"h-svg-icon h-icon__icon style-988-icon style-local-262-c9-icon\"><!--Icon by Font Awesome (https:\/\/fontawesome.com)-->\n    <svg version=\"1.1\" xmlns=\"http:\/\/www.w3.org\/2000\/svg\" xmlns:xlink=\"http:\/\/www.w3.org\/1999\/xlink\" id=\"calendar\" viewBox=\"0 0 1672.2646 1896.0833\">\n      <path d=\"M128 1664h288v-288H128v288zm352 0h320v-288H480v288zm-352-352h288V992H128v320zm352 0h320V992H480v320zM128 928h288V640H128v288zm736 736h320v-288H864v288zM480 928h320V640H480v288zm768 736h288v-288h-288v288zm-384-352h320V992H864v320zM512 448V160q0-13-9.5-22.5T480 128h-64q-13 0-22.5 9.5T384 160v288q0 13 9.5 22.5T416 480h64q13 0 22.5-9.5T512 448zm736 864h288V992h-288v320zM864 928h320V640H864v288zm384 0h288V640h-288v288zm32-480V160q0-13-9.5-22.5T1248 128h-64q-13 0-22.5 9.5T1152 160v288q0 13 9.5 22.5t22.5 9.5h64q13 0 22.5-9.5t9.5-22.5zm384-64v1280q0 52-38 90t-90 38H128q-52 0-90-38t-38-90V384q0-52 38-90t90-38h128v-96q0-66 47-113T416 0h64q66 0 113 47t47 113v96h384v-96q0-66 47-113t113-47h64q66 0 113 47t47 113v96h128q52 0 90 38t38 90z\"><\/path>\n    <\/svg><\/span><\/a>\n                <\/div>\n                <div data-colibri-id=\"262-c10\" class=\"h-global-transition-all h-heading style-989 style-local-262-c10 position-relative h-element\">\n                  <!---->\n                  <div class=\"h-heading__outer style-989 style-local-262-c10\">\n                    <!---->\n                    <!---->\n                    <a href=\"https:\/\/www.aecoimbracentro.pt\/on\/?page_id=239\" h-use-smooth-scroll=\"true\">\n                      <h5 class=\"\">calend\u00e1rio escolar<\/h5>\n                    <\/a>\n                  <\/div>\n                <\/div>\n                <div data-colibri-id=\"262-c11\" class=\"h-text h-text-component style-990 style-local-262-c11 position-relative h-element\">\n                  <!---->\n                  <!---->\n                  <div class=\"\"><\/div>\n                <\/div>\n              <\/div>\n            <\/div>\n          <\/div>\n          <div class=\"h-column h-column-container d-flex h-col-lg-4 h-col-md-4 h-col-12 style-987-outer style-local-262-c12-outer\">\n            <div data-colibri-id=\"262-c12\" class=\"d-flex h-flex-basis h-column__inner h-px-lg-2 h-px-md-3 h-px-2 v-inner-lg-0 v-inner-md-3 v-inner-2 style-987 style-local-262-c12 position-relative\">\n              <!---->\n              <!---->\n              <div class=\"w-100 h-y-container h-column__content h-column__v-align flex-basis-100 align-self-lg-start align-self-md-start align-self-start\">\n                <!---->\n                <div data-colibri-id=\"262-c13\" class=\"h-icon style-988 style-local-262-c13 position-relative h-element\">\n                  <!---->\n                  <a href=\"https:\/\/www.aecoimbracentro.pt\/on\/?page_id=241\" h-use-smooth-scroll=\"true\"><span class=\"h-svg-icon h-icon__icon style-988-icon style-local-262-c13-icon\"><!--Icon by Font Awesome (https:\/\/fontawesome.com)-->\n    <svg version=\"1.1\" xmlns=\"http:\/\/www.w3.org\/2000\/svg\" xmlns:xlink=\"http:\/\/www.w3.org\/1999\/xlink\" id=\"th-list\" viewBox=\"0 0 1792 1896.0833\">\n      <path d=\"M512 1248v192q0 40-28 68t-68 28H96q-40 0-68-28t-28-68v-192q0-40 28-68t68-28h320q40 0 68 28t28 68zm0-512v192q0 40-28 68t-68 28H96q-40 0-68-28T0 928V736q0-40 28-68t68-28h320q40 0 68 28t28 68zm1280 512v192q0 40-28 68t-68 28H736q-40 0-68-28t-28-68v-192q0-40 28-68t68-28h960q40 0 68 28t28 68zM512 224v192q0 40-28 68t-68 28H96q-40 0-68-28T0 416V224q0-40 28-68t68-28h320q40 0 68 28t28 68zm1280 512v192q0 40-28 68t-68 28H736q-40 0-68-28t-28-68V736q0-40 28-68t68-28h960q40 0 68 28t28 68zm0-512v192q0 40-28 68t-68 28H736q-40 0-68-28t-28-68V224q0-40 28-68t68-28h960q40 0 68 28t28 68z\"><\/path>\n    <\/svg><\/span><\/a>\n                <\/div>\n                <div data-colibri-id=\"262-c14\" class=\"h-global-transition-all h-heading style-989 style-local-262-c14 position-relative h-element\">\n                  <!---->\n                  <div class=\"h-heading__outer style-989 style-local-262-c14\">\n                    <!---->\n                    <!---->\n                    <a href=\"https:\/\/www.aecoimbracentro.pt\/on\/?page_id=241\" h-use-smooth-scroll=\"true\">\n                      <h5 class=\"\">Crit\u00e9rios de avalia\u00e7\u00e3o<\/h5>\n                    <\/a>\n                  <\/div>\n                <\/div>\n                <div data-colibri-id=\"262-c15\" class=\"h-text h-text-component style-990 style-local-262-c15 position-relative h-element\">\n                  <!---->\n                  <!---->\n                  <div class=\"\"><\/div>\n                <\/div>\n              <\/div>\n            <\/div>\n          <\/div>\n        <\/div>\n      <\/div>\n    <\/div>\n  <\/div>\n  <div data-colibri-component=\"section\" data-colibri-id=\"262-c16\" id=\"overlappable-3\" class=\"h-section h-section-global-spacing d-flex align-items-lg-center align-items-md-center align-items-center style-1102 style-local-262-c16 position-relative\">\n    <!---->\n    <!---->\n    <div class=\"h-section-grid-container h-section-boxed-container\">\n      <!---->\n      <div data-colibri-id=\"262-c17\" class=\"h-row-container gutters-row-lg-2 gutters-row-md-0 gutters-row-2 gutters-row-v-lg-2 gutters-row-v-md-0 gutters-row-v-2 style-1103 style-local-262-c17 position-relative\">\n        <!---->\n        <div class=\"h-row justify-content-lg-center justify-content-md-center justify-content-center align-items-lg-stretch align-items-md-stretch align-items-stretch gutters-col-lg-2 gutters-col-md-0 gutters-col-2 gutters-col-v-lg-2 gutters-col-v-md-0 gutters-col-v-2\">\n          <!---->\n          <div class=\"h-column h-column-container d-flex h-col-lg-4 h-col-md-4 h-col-12 style-1104-outer style-local-262-c18-outer\">\n            <div data-colibri-id=\"262-c18\" class=\"d-flex h-flex-basis h-column__inner h-px-lg-2 h-px-md-3 h-px-2 v-inner-lg-0 v-inner-md-3 v-inner-2 style-1104 style-local-262-c18 position-relative\">\n              <!---->\n              <!---->\n              <div class=\"w-100 h-y-container h-column__content h-column__v-align flex-basis-100 align-self-lg-start align-self-md-start align-self-start\">\n                <!---->\n                <div data-colibri-id=\"262-c19\" class=\"h-icon style-1105 style-local-262-c19 position-relative h-element\">\n                  <!---->\n                  <a href=\"https:\/\/www.aecoimbracentro.pt\/on\/?page_id=137\" h-use-smooth-scroll=\"true\"><span class=\"h-svg-icon h-icon__icon style-1105-icon style-local-262-c19-icon\"><!--Icon by Font Awesome (https:\/\/fontawesome.com)-->\n    <svg version=\"1.1\" xmlns=\"http:\/\/www.w3.org\/2000\/svg\" xmlns:xlink=\"http:\/\/www.w3.org\/1999\/xlink\" id=\"stack-overflow\" viewBox=\"0 0 1536 1896.0833\">\n      <path d=\"M1289 1632H171v-480H11v640h1438v-640h-160v480zm-942-524l33-157 783 165-33 156zm103-374l67-146 725 339-67 145zm201-356l102-123 614 513-102 123zM1048 0l477 641-128 96L920 96zM330 1471v-159h800v159H330z\"><\/path>\n    <\/svg><\/span><\/a>\n                <\/div>\n                <div data-colibri-id=\"262-c20\" class=\"h-global-transition-all h-heading style-1106 style-local-262-c20 position-relative h-element\">\n                  <!---->\n                  <div class=\"h-heading__outer style-1106 style-local-262-c20\">\n                    <!---->\n                    <!---->\n                    <a href=\"https:\/\/www.aecoimbracentro.pt\/on\/?page_id=137\" h-use-smooth-scroll=\"true\">\n                      <h5 class=\"\">projetos e clubes<\/h5>\n                    <\/a>\n                  <\/div>\n                <\/div>\n              <\/div>\n            <\/div>\n          <\/div>\n          <div class=\"h-column h-column-container d-flex h-col-lg-4 h-col-md-4 h-col-12 style-1749-outer style-local-262-c33-outer\">\n            <div data-colibri-id=\"262-c33\" class=\"d-flex h-flex-basis h-column__inner h-px-lg-2 h-px-md-2 h-px-2 v-inner-lg-2 v-inner-md-2 v-inner-2 style-1749 style-local-262-c33 position-relative\">\n              <!---->\n              <!---->\n              <div class=\"w-100 h-y-container h-column__content h-column__v-align flex-basis-100 align-self-lg-start align-self-md-start align-self-start\">\n                <!---->\n                <div data-colibri-id=\"262-c27\" class=\"h-icon style-982 style-local-262-c27 position-relative h-element\">\n                  <!---->\n                  <a href=\"https:\/\/www.aecoimbracentro.pt\/on\/?page_id=253\" h-use-smooth-scroll=\"true\"><span class=\"h-svg-icon h-icon__icon style-982-icon style-local-262-c27-icon\"><!--Icon by Icons8 Line Awesome (https:\/\/icons8.com\/line-awesome)--><svg version=\"1.1\" xmlns=\"http:\/\/www.w3.org\/2000\/svg\" xmlns:xlink=\"http:\/\/www.w3.org\/1999\/xlink\" id=\"gears\" viewBox=\"0 0 512 545.5\"><path d=\"M344 72h32v22.5c13.256 2.334 25.375 7.58 36 15l15-15 22.5 22.5-15 15c7.42 10.625 12.666 22.744 15 36H472v32h-22.5c-2.357 13.388-7.46 25.802-15 36.5L450 253l-23.5 22-15-16c-10.494 7.212-22.48 12.208-35.5 14.5V296h-32v-22.5c-13.256-2.334-25.375-7.58-36-15l-16.5 17-23-23 17-16.5c-7.42-10.625-12.666-22.744-15-36H248v-32h22.5c2.292-13.02 7.288-25.006 14.5-35.5l-16-15L291 94l16.5 15.5c10.698-7.54 23.112-12.643 36.5-15V72zm16 53c-32.885 0-59 26.115-59 59s26.115 59 59 59 59-26.115 59-59-26.115-59-59-59zm-207.5 94.5l11.5 29c8.477-2.118 17.388-3.5 26.5-3.5 9.13 0 18.015 1.362 26.5 3.5l11.5-29 29.5 12-11.5 29c15.108 9.133 27.874 21.944 37 37l29-11.5 12 29.5-29 11.5c2.118 8.458 3.5 17.388 3.5 26.5s-1.382 18.023-3.5 26.5l29 11.5-12 29.5-29-11.5c-9.107 15.23-21.88 28.264-37 37.5l11.5 28.5-29.5 12L217 459c-8.458 2.138-17.388 3.5-26.5 3.5-9.166 0-17.972-1.345-26.5-3.5l-11.5 28.5-29.5-12 11.5-28.5c-15.37-9.23-28.246-22.145-37.5-37.5L68.5 421l-12-29.5L85 380c-2.138-8.477-3.5-17.388-3.5-26.5s1.362-18.042 3.5-26.5l-28.5-11.5 12-29.5L97 297.5c9.236-15.12 22.27-27.893 37.5-37l-11.5-29zm38 57.5c-42.605 0-77 33.895-77 76.5s34.395 77 77 77 76.5-34.395 76.5-77-33.895-76.5-76.5-76.5z\"><\/path><\/svg><\/span><\/a>\n                <\/div>\n                <div data-colibri-id=\"262-c37\" class=\"h-global-transition-all h-heading style-983 style-local-262-c37 position-relative h-element\">\n                  <!---->\n                  <div class=\"h-heading__outer style-983 style-local-262-c37\">\n                    <!---->\n                    <!---->\n                    <a href=\"https:\/\/www.aecoimbracentro.pt\/on\/?page_id=253\" h-use-smooth-scroll=\"true\">\n                      <h5 class=\"\">Exames\/Provas de Recupera\u00e7\u00e3o<\/h5>\n                    <\/a>\n                  <\/div>\n                <\/div>\n              <\/div>\n            <\/div>\n          <\/div>\n          <div class=\"h-column h-column-container d-flex h-col-lg-4 h-col-md-4 h-col-12 style-1750-outer style-local-262-c34-outer\">\n            <div data-colibri-id=\"262-c34\" class=\"d-flex h-flex-basis h-column__inner h-px-lg-2 h-px-md-2 h-px-2 v-inner-lg-2 v-inner-md-2 v-inner-2 style-1750 style-local-262-c34 position-relative\">\n              <!---->\n              <!---->\n              <div class=\"w-100 h-y-container h-column__content h-column__v-align flex-basis-100 align-self-lg-start align-self-md-start align-self-start\">\n                <!---->\n                <div data-colibri-id=\"262-c24\" class=\"h-icon style-982 style-local-262-c24 position-relative h-element\">\n                  <!---->\n                  <a href=\"https:\/\/www.aecoimbracentro.pt\/on\/?page_id=245\" h-use-smooth-scroll=\"true\"><span class=\"h-svg-icon h-icon__icon style-982-icon style-local-262-c24-icon\"><!--Icon by Font Awesome (https:\/\/fontawesome.com)-->\n    <svg version=\"1.1\" xmlns=\"http:\/\/www.w3.org\/2000\/svg\" xmlns:xlink=\"http:\/\/www.w3.org\/1999\/xlink\" id=\"book\" viewBox=\"0 0 1664 1896.0833\">\n      <path d=\"M1639 478q40 57 18 129l-275 906q-19 64-76.5 107.5T1183 1664H260q-77 0-148.5-53.5T12 1479q-24-67-2-127 0-4 3-27t4-37q1-8-3-21.5t-3-19.5q2-11 8-21t16.5-23.5T52 1179q23-38 45-91.5t30-91.5q3-10 .5-30t-.5-28q3-11 17-28t17-23q21-36 42-92t25-90q1-9-2.5-32t.5-28q4-13 22-30.5t22-22.5q19-26 42.5-84.5T340 411q1-8-3-25.5t-2-26.5q2-8 9-18t18-23 17-21q8-12 16.5-30.5t15-35 16-36 19.5-32 26.5-23.5 36-11.5T556 134l-1 3q38-9 51-9h761q74 0 114 56t18 130l-274 906q-36 119-71.5 153.5T1025 1408H156q-27 0-38 15-11 16-1 43 24 70 144 70h923q29 0 56-15.5t35-41.5l300-987q7-22 5-57 38 15 59 43zm-1064 2q-4 13 2 22.5t20 9.5h608q13 0 25.5-9.5T1247 480l21-64q4-13-2-22.5t-20-9.5H638q-13 0-25.5 9.5T596 416zm-83 256q-4 13 2 22.5t20 9.5h608q13 0 25.5-9.5T1164 736l21-64q4-13-2-22.5t-20-9.5H555q-13 0-25.5 9.5T513 672z\"><\/path>\n    <\/svg><\/span><\/a>\n                <\/div>\n                <div data-colibri-id=\"262-c25\" class=\"h-global-transition-all h-heading style-983 style-local-262-c25 position-relative h-element\">\n                  <!---->\n                  <div class=\"h-heading__outer style-983 style-local-262-c25\">\n                    <!---->\n                    <!---->\n                    <a href=\"https:\/\/www.aecoimbracentro.pt\/on\/?page_id=245\" h-use-smooth-scroll=\"true\">\n                      <h5 class=\"\">Manuais escolares<\/h5>\n                    <\/a>\n                  <\/div>\n                <\/div>\n              <\/div>\n            <\/div>\n          <\/div>\n        <\/div>\n      <\/div>\n    <\/div>\n  <\/div>\n  <div data-colibri-component=\"section\" data-colibri-id=\"262-c21\" id=\"overlappable\" class=\"h-section h-section-global-spacing d-flex align-items-lg-center align-items-md-center align-items-center style-979 style-local-262-c21 position-relative\">\n    <!---->\n    <!---->\n    <div class=\"h-section-grid-container h-section-boxed-container\">\n      <!---->\n      <div data-colibri-id=\"262-c22\" class=\"h-row-container gutters-row-lg-2 gutters-row-md-0 gutters-row-2 gutters-row-v-lg-2 gutters-row-v-md-0 gutters-row-v-2 style-980 style-local-262-c22 position-relative\">\n        <!---->\n        <div class=\"h-row justify-content-lg-center justify-content-md-center justify-content-center align-items-lg-stretch align-items-md-stretch align-items-stretch gutters-col-lg-2 gutters-col-md-0 gutters-col-2 gutters-col-v-lg-2 gutters-col-v-md-0 gutters-col-v-2\">\n          <!---->\n          <div class=\"h-column h-column-container d-flex h-col-lg-4 h-col-md-4 h-col-12 style-981-outer style-local-262-c29-outer\">\n            <div data-colibri-id=\"262-c29\" class=\"d-flex h-flex-basis h-column__inner h-px-lg-2 h-px-md-3 h-px-2 v-inner-lg-0 v-inner-md-3 v-inner-2 style-981 style-local-262-c29 position-relative\">\n              <!---->\n              <!---->\n              <div class=\"w-100 h-y-container h-column__content h-column__v-align flex-basis-100 align-self-lg-start align-self-md-start align-self-start\">\n                <!---->\n                <div data-colibri-id=\"262-c30\" class=\"h-icon style-982 style-local-262-c30 position-relative h-element\">\n                  <!----><span class=\"h-svg-icon h-icon__icon style-982-icon style-local-262-c30-icon\"><!--Icon by Font Awesome (https:\/\/fontawesome.com)-->\n    <svg version=\"1.1\" xmlns=\"http:\/\/www.w3.org\/2000\/svg\" xmlns:xlink=\"http:\/\/www.w3.org\/1999\/xlink\" id=\"group\" viewBox=\"0 0 1920 1896.0833\">\n      <path d=\"M593 896q-162 5-265 128H194q-82 0-138-40.5T0 865q0-353 124-353 6 0 43.5 21t97.5 42.5T384 597q67 0 133-23-5 37-5 66 0 139 81 256zm1071 637q0 120-73 189.5t-194 69.5H523q-121 0-194-69.5T256 1533q0-53 3.5-103.5t14-109T300 1212t43-97.5 62-81 85.5-53.5T602 960q10 0 43 21.5t73 48 107 48 135 21.5 135-21.5 107-48 73-48 43-21.5q61 0 111.5 20t85.5 53.5 62 81 43 97.5 26.5 108.5 14 109 3.5 103.5zM640 256q0 106-75 181t-181 75-181-75-75-181 75-181T384 0t181 75 75 181zm704 384q0 159-112.5 271.5T960 1024 688.5 911.5 576 640t112.5-271.5T960 256t271.5 112.5T1344 640zm576 225q0 78-56 118.5t-138 40.5h-134q-103-123-265-128 81-117 81-256 0-29-5-66 66 23 133 23 59 0 119-21.5t97.5-42.5 43.5-21q124 0 124 353zm-128-609q0 106-75 181t-181 75-181-75-75-181 75-181 181-75 181 75 75 181z\"><\/path>\n    <\/svg><\/span><\/div>\n                <div data-colibri-id=\"262-c31\" class=\"h-global-transition-all h-heading style-983 style-local-262-c31 position-relative h-element\">\n                  <!---->\n                  <div class=\"h-heading__outer style-983 style-local-262-c31\">\n                    <!---->\n                    <!---->\n                    <h5 class=\"\">Associa\u00e7\u00e3o de Estudantes<\/h5>\n                  <\/div>\n                <\/div>\n                <div data-colibri-id=\"262-c32\" class=\"h-text h-text-component style-984 style-local-262-c32 position-relative h-element\">\n                  <!---->\n                  <!---->\n                  <div class=\"\">\n                    <ul>\n                      <li>em constru\u00e7\u00e3o &#8211;<\/li>\n                    <\/ul>\n                  <\/div>\n                <\/div>\n              <\/div>\n            <\/div>\n          <\/div>\n        <\/div>\n      <\/div>\n    <\/div>\n  <\/div>\n<\/div>","protected":false},"excerpt":{"rendered":"<p>Oferta Formativa calend\u00e1rio escolar Crit\u00e9rios de avalia\u00e7\u00e3o projetos e clubes Exames\/Provas de Recupera\u00e7\u00e3o [&hellip;]<\/p>\n","protected":false},"author":21,"featured_media":0,"parent":0,"menu_order":0,"comment_status":"closed","ping_status":"closed","template":"page-templates\/full-width-page.php","meta":{"footnotes":""},"class_list":["post-262","page","type-page","status-publish","hentry"],"_links":{"self":[{"href":"https:\/\/www.aecoimbracentro.pt\/on\/index.php?rest_route=\/wp\/v2\/pages\/262","targetHints":{"allow":["GET"]}}],"collection":[{"href":"https:\/\/www.aecoimbracentro.pt\/on\/index.php?rest_route=\/wp\/v2\/pages"}],"about":[{"href":"https:\/\/www.aecoimbracentro.pt\/on\/index.php?rest_route=\/wp\/v2\/types\/page"}],"author":[{"embeddable":true,"href":"https:\/\/www.aecoimbracentro.pt\/on\/index.php?rest_route=\/wp\/v2\/users\/21"}],"replies":[{"embeddable":true,"href":"https:\/\/www.aecoimbracentro.pt\/on\/index.php?rest_route=%2Fwp%2Fv2%2Fcomments&post=262"}],"version-history":[{"count":19,"href":"https:\/\/www.aecoimbracentro.pt\/on\/index.php?rest_route=\/wp\/v2\/pages\/262\/revisions"}],"predecessor-version":[{"id":3150,"href":"https:\/\/www.aecoimbracentro.pt\/on\/index.php?rest_route=\/wp\/v2\/pages\/262\/revisions\/3150"}],"wp:attachment":[{"href":"https:\/\/www.aecoimbracentro.pt\/on\/index.php?rest_route=%2Fwp%2Fv2%2Fmedia&parent=262"}],"curies":[{"name":"wp","href":"https:\/\/api.w.org\/{rel}","templated":true}]}}