{"id":2621,"date":"2025-12-21T16:55:36","date_gmt":"2025-12-21T16:55:36","guid":{"rendered":"https:\/\/www.aecoimbracentro.pt\/on\/?page_id=2621"},"modified":"2026-02-11T12:39:37","modified_gmt":"2026-02-11T12:39:37","slug":"cred-centro-de-recursos-educativos-digitais","status":"publish","type":"page","link":"https:\/\/www.aecoimbracentro.pt\/on\/?page_id=2621","title":{"rendered":"CRED &#8211; Centro de Recursos Educativos Digitais"},"content":{"rendered":"<div data-colibri-id=\"2621-c1\" class=\"style-1541 style-local-2621-c1 position-relative\">\n  <!---->\n  <div data-colibri-component=\"section\" data-colibri-id=\"2621-c2\" id=\"about\" class=\"h-section h-section-global-spacing d-flex align-items-lg-center align-items-md-center align-items-center style-1542 style-local-2621-c2 position-relative\">\n    <!---->\n    <!---->\n    <div class=\"h-section-grid-container h-section-boxed-container\">\n      <!---->\n      <div data-colibri-id=\"2621-c3\" class=\"h-row-container gutters-row-lg-2 gutters-row-md-2 gutters-row-2 gutters-row-v-lg-2 gutters-row-v-md-2 gutters-row-v-2 style-1543 style-local-2621-c3 position-relative\">\n        <!---->\n        <div class=\"h-row justify-content-lg-center justify-content-md-center justify-content-center align-items-lg-stretch align-items-md-stretch align-items-stretch gutters-col-lg-2 gutters-col-md-2 gutters-col-2 gutters-col-v-lg-2 gutters-col-v-md-2 gutters-col-v-2\">\n          <!---->\n          <div class=\"h-column h-column-container d-flex h-col-lg-auto h-col-md-auto h-col-auto style-1544-outer style-local-2621-c4-outer\">\n            <div data-colibri-id=\"2621-c4\" class=\"d-flex h-flex-basis h-column__inner h-px-lg-2 h-px-md-2 h-px-2 v-inner-lg-2 v-inner-md-2 v-inner-2 style-1544 style-local-2621-c4 position-relative\">\n              <!---->\n              <!---->\n              <div class=\"w-100 h-y-container h-column__content h-column__v-align flex-basis-100 align-self-lg-center align-self-md-center align-self-center\">\n                <!---->\n                <div data-colibri-id=\"2621-c5\" class=\"h-global-transition-all h-heading style-1545 style-local-2621-c5 position-relative h-element\">\n                  <!---->\n                  <div class=\"h-heading__outer style-1545 style-local-2621-c5\">\n                    <!---->\n                    <!---->\n                    <h5 class=\"\">AECC<\/h5>\n                  <\/div>\n                <\/div>\n                <div data-colibri-id=\"2621-c6\" class=\"h-global-transition-all h-heading style-1546 style-local-2621-c6 position-relative h-element\">\n                  <!---->\n                  <div class=\"h-heading__outer style-1546 style-local-2621-c6\">\n                    <!---->\n                    <!---->\n                    <h2 class=\"\">Centro de Recursos Educativos Digitais &#8211; <em style=\"color: rgb(247, 144, 7); font-family: &quot;Playfair Display&quot;;\">CRED<\/em><\/h2>\n                  <\/div>\n                <\/div>\n                <div data-colibri-id=\"2621-c7\" class=\"h-text h-text-component style-1547 style-local-2621-c7 position-relative h-element\">\n                  <!---->\n                  <!---->\n                  <div class=\"\">\n                    <p>O projeto&nbsp;<strong>CRED &#8211; Centro de Recursos Educativos Digitais<\/strong>&nbsp;disponibiliza conte\u00fados interativos para diversas disciplinas e ciclos de ensino, que poder\u00e3o ser utilizados por professores e alunos em contexto de\n                      sala de aula ou para apoio ao estudo em casa. As atividades apresentadas foram selecionadas de acordo com as suas caracter\u00edsticas educativas, privilegiando o aspeto l\u00fadico, por forma a motivar os alunos para o estudo regular e consequente\n                      consolida\u00e7\u00e3o de conhecimentos. O regular contributo dos docentes do Agrupamento AECC com novos conte\u00fados permite uma oferta diversificada e atualizada, de acordo com as necessidades educativas dos nossos alunos.&nbsp;<strong><em>Visite-nos!&nbsp;<\/em><\/strong><\/p>\n                    <p><em>(Coordena\u00e7\u00e3o: Margarida Grilo)<\/em><\/p>\n                    <p>email:&nbsp;&nbsp;\n                      <a href=\"mailto:webmaster.crd.aersi@gmail.com\" target=\"_blank\">webmaster.crd.aersi@gmail.com<\/a>.<\/p>\n                  <\/div>\n                <\/div>\n                <div data-colibri-id=\"2621-c8\" class=\"h-x-container style-1548 style-local-2621-c8 position-relative h-element\">\n                  <!---->\n                  <div class=\"h-x-container-inner style-dynamic-2621-c8-group style-1548-spacing style-local-2621-c8-spacing\"><span class=\"h-button__outer style-1549-outer style-local-2621-c9-outer d-inline-flex h-element\"><a h-use-smooth-scroll=\"true\" href=\"https:\/\/www.aecoimbracentro.pt\/on\/?page_id=137\"  data-colibri-id=\"2621-c9\" class=\"d-flex w-100 align-items-center h-button justify-content-lg-center justify-content-md-center justify-content-center style-1549 style-local-2621-c9 position-relative\"><!----><!----> <span>Voltar aos Projetos e Clubes&#8230;<\/span><\/a>\n                    <\/span>\n                  <\/div>\n                <\/div>\n              <\/div>\n            <\/div>\n          <\/div>\n          <div class=\"h-column h-column-container d-flex h-col-lg-auto h-col-md-auto h-col-auto style-1550-outer style-local-2621-c10-outer\">\n            <div data-colibri-id=\"2621-c10\" class=\"d-flex h-flex-basis h-column__inner h-px-lg-2 h-px-md-2 h-px-2 v-inner-lg-2 v-inner-md-2 v-inner-2 style-1550 style-local-2621-c10 position-relative\">\n              <!---->\n              <!---->\n              <div class=\"w-100 h-y-container h-column__content h-column__v-align flex-basis-100 align-self-lg-center align-self-md-center align-self-center\">\n                <!---->\n                <div data-colibri-id=\"2621-c11\" class=\"d-block style-1551 style-local-2621-c11 position-relative h-element\">\n                  <!---->\n                  <div class=\"h-image__frame-container-outer\">\n                    <div class=\"h-image__frame-container\">\n                      <!---->\n                      <!---->\n                      <img loading=\"lazy\" decoding=\"async\" width=\"569\" height=\"441\" src=\"https:\/\/www.aecoimbracentro.pt\/on\/wp-content\/uploads\/2025\/12\/Projeto_CRED.jpg\" class=\"wp-image-2630 style-1551-image style-local-2621-c11-image\" alt=\"\" srcset=\"https:\/\/www.aecoimbracentro.pt\/on\/wp-content\/uploads\/2025\/12\/Projeto_CRED.jpg 569w, https:\/\/www.aecoimbracentro.pt\/on\/wp-content\/uploads\/2025\/12\/Projeto_CRED-300x233.jpg 300w\" sizes=\"auto, (max-width: 569px) 100vw, 569px\" \/>\n                      <div class=\"h-image__frame h-hide-sm style-1551-frameImage style-local-2621-c11-frameImage\"><\/div>\n                    <\/div>\n                  <\/div>\n                <\/div>\n              <\/div>\n            <\/div>\n          <\/div>\n        <\/div>\n      <\/div>\n    <\/div>\n  <\/div>\n  <div data-colibri-component=\"section\" data-colibri-id=\"2621-c12\" id=\"custom\" class=\"h-section h-section-global-spacing d-flex align-items-lg-center align-items-md-center align-items-center style-1552 style-local-2621-c12 position-relative\">\n    <!---->\n    <!---->\n    <div class=\"h-section-grid-container h-section-boxed-container\">\n      <!---->\n      <div data-colibri-id=\"2621-c13\" class=\"h-row-container gutters-row-lg-2 gutters-row-md-2 gutters-row-0 gutters-row-v-lg-2 gutters-row-v-md-2 gutters-row-v-2 style-1553 style-local-2621-c13 position-relative\">\n        <!---->\n        <div class=\"h-row justify-content-lg-center justify-content-md-center justify-content-center align-items-lg-stretch align-items-md-stretch align-items-stretch gutters-col-lg-2 gutters-col-md-2 gutters-col-0 gutters-col-v-lg-2 gutters-col-v-md-2 gutters-col-v-2\">\n          <!---->\n          <div class=\"h-column h-column-container d-flex h-col-lg-auto h-col-md-auto h-col-auto style-1554-outer style-local-2621-c14-outer\">\n            <div data-colibri-id=\"2621-c14\" class=\"d-flex h-flex-basis h-column__inner h-px-lg-2 h-px-md-2 h-px-2 v-inner-lg-2 v-inner-md-2 v-inner-2 style-1554 style-local-2621-c14 position-relative\">\n              <!---->\n              <!---->\n              <div class=\"w-100 h-y-container h-column__content h-column__v-align flex-basis-100 align-self-lg-start align-self-md-start align-self-start\">\n                <!---->\n                <div data-colibri-id=\"2621-c15\" class=\"h-x-container style-1555 style-local-2621-c15 position-relative h-element\">\n                  <!---->\n                  <div class=\"h-x-container-inner style-dynamic-2621-c15-group style-1555-spacing style-local-2621-c15-spacing\"><span class=\"h-link__outer style-1556-outer style-local-2621-c16-outer d-inline-flex h-element\"><a h-use-smooth-scroll=\"true\" href=\"https:\/\/crdaersi.wixsite.com\/centroderecursos\" target=\"_blank\"  data-colibri-id=\"2621-c16\" class=\"d-flex w-100 align-items-center h-link style-1556 style-local-2621-c16 position-relative\"><!----><!----> <span>CRED [CLICAR AQUI]<\/span><\/a>\n                    <\/span>\n                  <\/div>\n                <\/div>\n              <\/div>\n            <\/div>\n          <\/div>\n        <\/div>\n      <\/div>\n    <\/div>\n  <\/div>\n<\/div>","protected":false},"excerpt":{"rendered":"<p>AECC Centro de Recursos Educativos Digitais &#8211; CRED O projeto&nbsp;CRED &#8211; Centro de [&hellip;]<\/p>\n","protected":false},"author":21,"featured_media":0,"parent":0,"menu_order":0,"comment_status":"closed","ping_status":"closed","template":"page-templates\/full-width-page.php","meta":{"footnotes":""},"class_list":["post-2621","page","type-page","status-publish","hentry"],"_links":{"self":[{"href":"https:\/\/www.aecoimbracentro.pt\/on\/index.php?rest_route=\/wp\/v2\/pages\/2621","targetHints":{"allow":["GET"]}}],"collection":[{"href":"https:\/\/www.aecoimbracentro.pt\/on\/index.php?rest_route=\/wp\/v2\/pages"}],"about":[{"href":"https:\/\/www.aecoimbracentro.pt\/on\/index.php?rest_route=\/wp\/v2\/types\/page"}],"author":[{"embeddable":true,"href":"https:\/\/www.aecoimbracentro.pt\/on\/index.php?rest_route=\/wp\/v2\/users\/21"}],"replies":[{"embeddable":true,"href":"https:\/\/www.aecoimbracentro.pt\/on\/index.php?rest_route=%2Fwp%2Fv2%2Fcomments&post=2621"}],"version-history":[{"count":3,"href":"https:\/\/www.aecoimbracentro.pt\/on\/index.php?rest_route=\/wp\/v2\/pages\/2621\/revisions"}],"predecessor-version":[{"id":2633,"href":"https:\/\/www.aecoimbracentro.pt\/on\/index.php?rest_route=\/wp\/v2\/pages\/2621\/revisions\/2633"}],"wp:attachment":[{"href":"https:\/\/www.aecoimbracentro.pt\/on\/index.php?rest_route=%2Fwp%2Fv2%2Fmedia&parent=2621"}],"curies":[{"name":"wp","href":"https:\/\/api.w.org\/{rel}","templated":true}]}}