{"id":286,"date":"2025-10-02T16:05:40","date_gmt":"2025-10-02T16:05:40","guid":{"rendered":"https:\/\/www.aecoimbracentro.pt\/on\/?page_id=286"},"modified":"2026-03-09T11:30:32","modified_gmt":"2026-03-09T11:30:32","slug":"dominio-da-visao","status":"publish","type":"page","link":"https:\/\/www.aecoimbracentro.pt\/on\/?page_id=286","title":{"rendered":"Dom\u00ednio da Vis\u00e3o"},"content":{"rendered":"<div data-colibri-id=\"286-c1\" class=\"style-1391 style-local-286-c1 position-relative\">\n  <!---->\n  <div data-colibri-component=\"section\" data-colibri-id=\"286-c2\" id=\"about-2\" class=\"h-section h-section-global-spacing d-flex align-items-lg-center align-items-md-center align-items-center style-2630 style-local-286-c2 position-relative\">\n    <!---->\n    <!---->\n    <div class=\"h-section-grid-container h-section-boxed-container\">\n      <!---->\n      <div data-colibri-id=\"286-c3\" class=\"h-row-container gutters-row-lg-2 gutters-row-md-2 gutters-row-2 gutters-row-v-lg-2 gutters-row-v-md-2 gutters-row-v-2 style-2631 style-local-286-c3 position-relative\">\n        <!---->\n        <div class=\"h-row justify-content-lg-center justify-content-md-center justify-content-center align-items-lg-stretch align-items-md-stretch align-items-stretch gutters-col-lg-2 gutters-col-md-2 gutters-col-2 gutters-col-v-lg-2 gutters-col-v-md-2 gutters-col-v-2\">\n          <!---->\n          <div class=\"h-column h-column-container d-flex h-col-lg-auto h-col-md-auto h-col-auto style-2632-outer style-local-286-c4-outer\">\n            <div data-colibri-id=\"286-c4\" class=\"d-flex h-flex-basis h-column__inner h-px-lg-2 h-px-md-2 h-px-2 v-inner-lg-2 v-inner-md-2 v-inner-2 style-2632 style-local-286-c4 position-relative\">\n              <!---->\n              <!---->\n              <div class=\"w-100 h-y-container h-column__content h-column__v-align flex-basis-100 align-self-lg-center align-self-md-center align-self-center\">\n                <!---->\n                <div data-colibri-id=\"286-c5\" class=\"h-global-transition-all h-heading style-2633 style-local-286-c5 position-relative h-element\">\n                  <!---->\n                  <div class=\"h-heading__outer style-2633 style-local-286-c5\">\n                    <!---->\n                    <!---->\n                    <h5 class=\"\">AECC<\/h5>\n                  <\/div>\n                <\/div>\n                <div data-colibri-id=\"286-c6\" class=\"h-global-transition-all h-heading style-2634 style-local-286-c6 position-relative h-element\">\n                  <!---->\n                  <div class=\"h-heading__outer style-2634 style-local-286-c6\">\n                    <!---->\n                    <!---->\n                    <h2 class=\"\">Escola de&nbsp;<em style=\"font-family: &quot;Playfair Display&quot;; color: rgb(247, 144, 7);\">refer\u00eancia<\/em> no&nbsp;<em style=\"font-family: &quot;Playfair Display&quot;; color: rgb(247, 144, 7);\">dom\u00ednio da vis\u00e3o<\/em><\/h2>\n                  <\/div>\n                <\/div>\n                <div data-colibri-id=\"286-c7\" class=\"h-text h-text-component style-2635 style-local-286-c7 position-relative h-element\">\n                  <!---->\n                  <!---->\n                  <div class=\"\">\n                    <p>O Decreto-Lei n.\u00ba 54, parte do princ\u00edpio em que todos os alunos, incluindo os alunos cegos e com baixa vis\u00e3o, t\u00eam direito a frequentar a escola regular, sendo a resposta educativa organizada em fun\u00e7\u00e3o das suas necessidades espec\u00edficas.\n                      Ora, uma das medidas pensadas \u00e9 a exist\u00eancia de escolas de refer\u00eancia para aqueles alunos, como recursos especializados do sistema educativo. Estas escolas, entre as quais se incluiu o nosso Agrupamento, s\u00e3o estabelecimentos de ensino\n                      da rede regular que disp\u00f5e de recursos humanos e materiais altamente especializados para assegurar uma resposta educativa adequada a alunos com defici\u00eancia visual. Integram-se plenamente no paradigma da escola inclusiva, funcionando\n                      como polo especializado que concentram compet\u00eancias t\u00e9cnicas, equipamentos e profissionais qualificados.<\/p>\n                    <p>Os principais objetivos destas escolas \u2013 e do nosso Agrupamento \u2013 s\u00e3o: garantir o acesso ao ensino, aos curr\u00edculos e \u00e0 progress\u00e3o; possibilitar a adapta\u00e7\u00e3o de materiais e conte\u00fados em formatos acess\u00edveis, entre os quais o braille,\n                      conte\u00fados digitais, amplia\u00e7\u00f5es, relevos, etc., permitindo que o aluno acompanhe as atividades letivas de forma mais normal e inclusiva poss\u00edveis. Outro objetivo \u00e9 a promo\u00e7\u00e3o da autonomia e da mobilidade por forma a que se desenvolvam\n                      compet\u00eancias espec\u00edficas, como orienta\u00e7\u00e3o e mobilidade, utiliza\u00e7\u00e3o de produtos de apoio, t\u00e9cnicas de vida di\u00e1ria e compet\u00eancias funcionais associadas \u00e0 defici\u00eancia visual.<\/p>\n                    <p>O AECC tamb\u00e9m garante o desenvolvimento de compet\u00eancias para a utiliza\u00e7\u00e3o de tecnologias de apoio acess\u00edveis, disponibilizando docentes especializados no ensino do sistema braille, na utiliza\u00e7\u00e3o de linhas braille, leitores de ecr\u00e3,\n                      ampliadores, software espec\u00edfico, aplica\u00e7\u00f5es e dispositivos m\u00f3veis e outros recursos tecnol\u00f3gicos. No caso dos alunos com baixa vis\u00e3o ainda garantimos uma avalia\u00e7\u00e3o funcional da vis\u00e3o que n\u00e3o se substitui \u00e0 oftalmologia, mas pretende\n                      verificar aquilo que um aluno consegue ver e o que consegue fazer com a sua vis\u00e3o. <\/p>\n                    <p>Naturalmente, n\u00e3o esquecemos o apoio \u00e0s fam\u00edlias dos nossos alunos cegos e com baixa vis\u00e3o, nem a colabora\u00e7\u00e3o estreita com todos os docentes, assistentes, t\u00e9cnicos e estruturas das escolas do Agrupamento. Portanto, a escola de refer\u00eancia\n                      funciona como centro de apoio t\u00e9cnico-pedag\u00f3gico, colaborando com outros estabelecimentos de ensino e promovendo forma\u00e7\u00e3o e articula\u00e7\u00e3o interinstitucional.<\/p>\n                    <p>Para tudo isto ser poss\u00edvel, o nosso Agrupamento integra professores especializados de Educa\u00e7\u00e3o Especial, com forma\u00e7\u00e3o espec\u00edfica para trabalhar e apoiar alunos cegos e com baixa vis\u00e3o, recursos humanos altamente especializados e motivados.\n                      Estes docentes est\u00e3o preparados para fazer um acompanhamento direto a estes alunos, quer dentro da sala de aula, acompanhando as atividades letivas das diferentes disciplinas, quer em apoio individualizado, ensinando-lhes compet\u00eancias\n                      no dom\u00ednio do braille, das tecnologias e produtos de apoio, da orienta\u00e7\u00e3o e mobilidade ou das atividades da vida di\u00e1ria. Contamos tamb\u00e9m com t\u00e9cnicos especializados e assistentes operacionais com muita experi\u00eancia para trabalhar\n                      com estes alunos. <\/p>\n                    <p>Com o que podem contar os pais e as fam\u00edlias ao matricular alunos cegos e com baixa vis\u00e3o no AECC? <\/p>\n                    <p>Podem contar com uma equipa altamente preparada e motivada para receber e apoiar os seus filhos, num ambiente acolhedor, acess\u00edvel e inclusivo, com recursos materiais e instala\u00e7\u00f5es adequados para poderem trabalhar com seguran\u00e7a e conforto..<\/p>\n                  <\/div>\n                <\/div>\n                <div data-colibri-id=\"286-c8\" class=\"h-x-container style-2636 style-local-286-c8 position-relative h-element\">\n                  <!---->\n                  <div class=\"h-x-container-inner style-dynamic-286-c8-group style-2636-spacing style-local-286-c8-spacing\"><span class=\"h-button__outer style-2637-outer style-local-286-c9-outer d-inline-flex h-element\"><a h-use-smooth-scroll=\"true\" href=\"https:\/\/www.aecoimbracentro.pt\/on\/?page_id=3971\"  data-colibri-id=\"286-c9\" class=\"d-flex w-100 align-items-center h-button justify-content-lg-center justify-content-md-center justify-content-center style-2637 style-local-286-c9 position-relative\"><!----><!----> <span>Voltar&#8230;<\/span><\/a>\n                    <\/span>\n                  <\/div>\n                <\/div>\n              <\/div>\n            <\/div>\n          <\/div>\n          <div class=\"h-column h-column-container d-flex h-col-lg-auto h-col-md-auto h-col-auto style-2638-outer style-local-286-c10-outer\">\n            <div data-colibri-id=\"286-c10\" class=\"d-flex h-flex-basis h-column__inner h-px-lg-2 h-px-md-2 h-px-2 v-inner-lg-2 v-inner-md-2 v-inner-2 style-2638 style-local-286-c10 position-relative\">\n              <!---->\n              <!---->\n              <div class=\"w-100 h-y-container h-column__content h-column__v-align flex-basis-100 align-self-lg-start align-self-md-start align-self-start\">\n                <!---->\n                <div data-colibri-id=\"286-c11\" class=\"d-block style-2639 style-local-286-c11 position-relative h-element\">\n                  <!---->\n                  <div class=\"h-image__frame-container-outer\">\n                    <div class=\"h-image__frame-container\">\n                      <!---->\n                      <!---->\n                      <img loading=\"lazy\" decoding=\"async\" width=\"800\" height=\"800\" src=\"https:\/\/www.aecoimbracentro.pt\/on\/wp-content\/uploads\/2025\/10\/18_15_dominio-visao.jpg\" class=\"wp-image-287 style-2639-image style-local-286-c11-image\" alt=\"\" srcset=\"https:\/\/www.aecoimbracentro.pt\/on\/wp-content\/uploads\/2025\/10\/18_15_dominio-visao.jpg 800w, https:\/\/www.aecoimbracentro.pt\/on\/wp-content\/uploads\/2025\/10\/18_15_dominio-visao-300x300.jpg 300w, https:\/\/www.aecoimbracentro.pt\/on\/wp-content\/uploads\/2025\/10\/18_15_dominio-visao-150x150.jpg 150w, https:\/\/www.aecoimbracentro.pt\/on\/wp-content\/uploads\/2025\/10\/18_15_dominio-visao-768x768.jpg 768w\" sizes=\"auto, (max-width: 800px) 100vw, 800px\" \/>\n                      <div class=\"h-image__frame h-hide-sm style-2639-frameImage style-local-286-c11-frameImage\"><\/div>\n                    <\/div>\n                  <\/div>\n                <\/div>\n              <\/div>\n            <\/div>\n          <\/div>\n        <\/div>\n      <\/div>\n    <\/div>\n  <\/div>\n<\/div>","protected":false},"excerpt":{"rendered":"<p>AECC Escola de&nbsp;refer\u00eancia no&nbsp;dom\u00ednio da vis\u00e3o O Decreto-Lei n.\u00ba 54, parte do princ\u00edpio [&hellip;]<\/p>\n","protected":false},"author":21,"featured_media":0,"parent":0,"menu_order":0,"comment_status":"closed","ping_status":"closed","template":"page-templates\/full-width-page.php","meta":{"footnotes":""},"class_list":["post-286","page","type-page","status-publish","hentry"],"_links":{"self":[{"href":"https:\/\/www.aecoimbracentro.pt\/on\/index.php?rest_route=\/wp\/v2\/pages\/286","targetHints":{"allow":["GET"]}}],"collection":[{"href":"https:\/\/www.aecoimbracentro.pt\/on\/index.php?rest_route=\/wp\/v2\/pages"}],"about":[{"href":"https:\/\/www.aecoimbracentro.pt\/on\/index.php?rest_route=\/wp\/v2\/types\/page"}],"author":[{"embeddable":true,"href":"https:\/\/www.aecoimbracentro.pt\/on\/index.php?rest_route=\/wp\/v2\/users\/21"}],"replies":[{"embeddable":true,"href":"https:\/\/www.aecoimbracentro.pt\/on\/index.php?rest_route=%2Fwp%2Fv2%2Fcomments&post=286"}],"version-history":[{"count":5,"href":"https:\/\/www.aecoimbracentro.pt\/on\/index.php?rest_route=\/wp\/v2\/pages\/286\/revisions"}],"predecessor-version":[{"id":5441,"href":"https:\/\/www.aecoimbracentro.pt\/on\/index.php?rest_route=\/wp\/v2\/pages\/286\/revisions\/5441"}],"wp:attachment":[{"href":"https:\/\/www.aecoimbracentro.pt\/on\/index.php?rest_route=%2Fwp%2Fv2%2Fmedia&parent=286"}],"curies":[{"name":"wp","href":"https:\/\/api.w.org\/{rel}","templated":true}]}}