{"id":289,"date":"2025-10-02T16:06:48","date_gmt":"2025-10-02T16:06:48","guid":{"rendered":"https:\/\/www.aecoimbracentro.pt\/on\/?page_id=289"},"modified":"2026-02-11T12:44:32","modified_gmt":"2026-02-11T12:44:32","slug":"spo-servicos-de-psicologia-e-orientacao","status":"publish","type":"page","link":"https:\/\/www.aecoimbracentro.pt\/on\/?page_id=289","title":{"rendered":"SPO &#8211; Servi\u00e7os de Psicologia e Orienta\u00e7\u00e3o"},"content":{"rendered":"<div data-colibri-id=\"289-c1\" class=\"style-1416 style-local-289-c1 position-relative\">\n  <!---->\n  <div data-colibri-component=\"section\" data-colibri-id=\"289-c6\" id=\"about\" class=\"h-section h-section-global-spacing d-flex align-items-lg-center align-items-md-center align-items-center style-1421 style-local-289-c6 position-relative\">\n    <!---->\n    <!---->\n    <div class=\"h-section-grid-container h-section-boxed-container\">\n      <!---->\n      <div data-colibri-id=\"289-c7\" class=\"h-row-container gutters-row-lg-2 gutters-row-md-2 gutters-row-2 gutters-row-v-lg-2 gutters-row-v-md-2 gutters-row-v-2 style-1422 style-local-289-c7 position-relative\">\n        <!---->\n        <div class=\"h-row justify-content-lg-center justify-content-md-center justify-content-center align-items-lg-stretch align-items-md-stretch align-items-stretch gutters-col-lg-2 gutters-col-md-2 gutters-col-2 gutters-col-v-lg-2 gutters-col-v-md-2 gutters-col-v-2\">\n          <!---->\n          <div class=\"h-column h-column-container d-flex h-col-lg-auto h-col-md-auto h-col-auto style-1423-outer style-local-289-c8-outer\">\n            <div data-colibri-id=\"289-c8\" class=\"d-flex h-flex-basis h-column__inner h-px-lg-2 h-px-md-2 h-px-2 v-inner-lg-2 v-inner-md-2 v-inner-2 style-1423 style-local-289-c8 position-relative\">\n              <!---->\n              <!---->\n              <div class=\"w-100 h-y-container h-column__content h-column__v-align flex-basis-100 align-self-lg-center align-self-md-center align-self-center\">\n                <!---->\n                <div data-colibri-id=\"289-c9\" class=\"h-global-transition-all h-heading style-1424 style-local-289-c9 position-relative h-element\">\n                  <!---->\n                  <div class=\"h-heading__outer style-1424 style-local-289-c9\">\n                    <!---->\n                    <!---->\n                    <h5 class=\"\">AECC<\/h5>\n                  <\/div>\n                <\/div>\n                <div data-colibri-id=\"289-c10\" class=\"h-global-transition-all h-heading style-1425 style-local-289-c10 position-relative h-element\">\n                  <!---->\n                  <div class=\"h-heading__outer style-1425 style-local-289-c10\">\n                    <!---->\n                    <!---->\n                    <h2 class=\"\">SPO &#8211;&nbsp;<em style=\"color: rgb(247, 144, 7); font-family: &quot;Playfair Display&quot;;\">Servi\u00e7os<\/em>&nbsp;de&nbsp;<em style=\"color: rgb(247, 144, 7); font-family: &quot;Playfair Display&quot;;\">Psicologia <\/em>e<em style=\"color: rgb(247, 144, 7); font-family: &quot;Playfair Display&quot;;\"> Orienta\u00e7\u00e3o<\/em><\/h2>\n                  <\/div>\n                <\/div>\n                <div data-colibri-id=\"289-c11\" class=\"h-text h-text-component style-1426 style-local-289-c11 position-relative h-element\">\n                  <!---->\n                  <!---->\n                  <div class=\"\">\n                    <p><strong style=\"font-family: inherit; font-size: inherit; font-weight: 700;\">O que s\u00e3o os Servi\u00e7os de Psicologia e Orienta\u00e7\u00e3o (SPO\u2019s)?<\/strong><\/p>\n                    <p>S\u00e3o unidades especializadas de apoio educativo que atuam nos estabelecimentos de educa\u00e7\u00e3o pr\u00e9-escolar e dos ensinos b\u00e1sico e secund\u00e1rio, criadas de acordo com o Decreto-Lei n\u00ba 190\/191 de 17 de Maio de 1991, que t\u00eam por objetivo contribuir\n                      para o desenvolvimento e o bem estar psicol\u00f3gicos e para a qualidade da Educa\u00e7\u00e3o.<\/p>\n                    <p>Os principais dom\u00ednios de interven\u00e7\u00e3o dos SPO\u2019s s\u00e3o:<\/p>\n                    <ul>\n                      <li>O apoio psicopedag\u00f3gico a alunos e professores;<\/li>\n                      <li>A orienta\u00e7\u00e3o escolar e profissional;<\/li>\n                      <li>O apoio ao desenvolvimento do sistema de rela\u00e7\u00f5es da comunidade educativa.<\/li>\n                    <\/ul>\n                    <p>Uma das psic\u00f3logas em exerc\u00edcio de fun\u00e7\u00f5es est\u00e1 ao abrigo de projetos financiados pelos POCH.<\/p>\n                    <p>.<\/p>\n                  <\/div>\n                <\/div>\n                <div data-colibri-id=\"289-c12\" class=\"h-x-container style-1427 style-local-289-c12 position-relative h-element\">\n                  <!---->\n                  <div class=\"h-x-container-inner style-dynamic-289-c12-group style-1427-spacing style-local-289-c12-spacing\"><span class=\"h-button__outer style-1428-outer style-local-289-c13-outer d-inline-flex h-element\"><a h-use-smooth-scroll=\"true\" href=\"https:\/\/www.aecoimbracentro.pt\/on\/?page_id=281\"  data-colibri-id=\"289-c13\" class=\"d-flex w-100 align-items-center h-button justify-content-lg-center justify-content-md-center justify-content-center style-1428 style-local-289-c13 position-relative\"><!----><!----> <span>Voltar&#8230;<\/span><\/a>\n                    <\/span>\n                  <\/div>\n                <\/div>\n              <\/div>\n            <\/div>\n          <\/div>\n          <div class=\"h-column h-column-container d-flex h-col-lg-auto h-col-md-auto h-col-auto style-1429-outer style-local-289-c14-outer\">\n            <div data-colibri-id=\"289-c14\" class=\"d-flex h-flex-basis h-column__inner h-px-lg-2 h-px-md-2 h-px-2 v-inner-lg-2 v-inner-md-2 v-inner-2 style-1429 style-local-289-c14 position-relative\">\n              <!---->\n              <!---->\n              <div class=\"w-100 h-y-container h-column__content h-column__v-align flex-basis-100 align-self-lg-center align-self-md-center align-self-center\">\n                <!---->\n                <div data-colibri-id=\"289-c15\" class=\"d-block style-1430 style-local-289-c15 position-relative h-element\">\n                  <!---->\n                  <div class=\"h-image__frame-container-outer\">\n                    <div class=\"h-image__frame-container\">\n                      <!---->\n                      <!---->\n                      <img loading=\"lazy\" decoding=\"async\" width=\"800\" height=\"800\" src=\"https:\/\/www.aecoimbracentro.pt\/on\/wp-content\/uploads\/2025\/10\/19_16_spo.jpg\" class=\"wp-image-290 style-1430-image style-local-289-c15-image\" alt=\"\" srcset=\"https:\/\/www.aecoimbracentro.pt\/on\/wp-content\/uploads\/2025\/10\/19_16_spo.jpg 800w, https:\/\/www.aecoimbracentro.pt\/on\/wp-content\/uploads\/2025\/10\/19_16_spo-300x300.jpg 300w, https:\/\/www.aecoimbracentro.pt\/on\/wp-content\/uploads\/2025\/10\/19_16_spo-150x150.jpg 150w, https:\/\/www.aecoimbracentro.pt\/on\/wp-content\/uploads\/2025\/10\/19_16_spo-768x768.jpg 768w\" sizes=\"auto, (max-width: 800px) 100vw, 800px\" \/>\n                      <div class=\"h-image__frame h-hide-sm style-1430-frameImage style-local-289-c15-frameImage\"><\/div>\n                    <\/div>\n                  <\/div>\n                <\/div>\n              <\/div>\n            <\/div>\n          <\/div>\n        <\/div>\n      <\/div>\n    <\/div>\n  <\/div>\n<\/div>","protected":false},"excerpt":{"rendered":"<p>AECC SPO &#8211;&nbsp;Servi\u00e7os&nbsp;de&nbsp;Psicologia e Orienta\u00e7\u00e3o O que s\u00e3o os Servi\u00e7os de Psicologia e [&hellip;]<\/p>\n","protected":false},"author":21,"featured_media":0,"parent":0,"menu_order":0,"comment_status":"closed","ping_status":"closed","template":"page-templates\/full-width-page.php","meta":{"footnotes":""},"class_list":["post-289","page","type-page","status-publish","hentry"],"_links":{"self":[{"href":"https:\/\/www.aecoimbracentro.pt\/on\/index.php?rest_route=\/wp\/v2\/pages\/289","targetHints":{"allow":["GET"]}}],"collection":[{"href":"https:\/\/www.aecoimbracentro.pt\/on\/index.php?rest_route=\/wp\/v2\/pages"}],"about":[{"href":"https:\/\/www.aecoimbracentro.pt\/on\/index.php?rest_route=\/wp\/v2\/types\/page"}],"author":[{"embeddable":true,"href":"https:\/\/www.aecoimbracentro.pt\/on\/index.php?rest_route=\/wp\/v2\/users\/21"}],"replies":[{"embeddable":true,"href":"https:\/\/www.aecoimbracentro.pt\/on\/index.php?rest_route=%2Fwp%2Fv2%2Fcomments&post=289"}],"version-history":[{"count":2,"href":"https:\/\/www.aecoimbracentro.pt\/on\/index.php?rest_route=\/wp\/v2\/pages\/289\/revisions"}],"predecessor-version":[{"id":2416,"href":"https:\/\/www.aecoimbracentro.pt\/on\/index.php?rest_route=\/wp\/v2\/pages\/289\/revisions\/2416"}],"wp:attachment":[{"href":"https:\/\/www.aecoimbracentro.pt\/on\/index.php?rest_route=%2Fwp%2Fv2%2Fmedia&parent=289"}],"curies":[{"name":"wp","href":"https:\/\/api.w.org\/{rel}","templated":true}]}}