{"id":295,"date":"2025-10-02T16:08:56","date_gmt":"2025-10-02T16:08:56","guid":{"rendered":"https:\/\/www.aecoimbracentro.pt\/on\/?page_id=295"},"modified":"2025-12-20T14:09:31","modified_gmt":"2025-12-20T14:09:31","slug":"bibliotecas-escolares","status":"publish","type":"page","link":"https:\/\/www.aecoimbracentro.pt\/on\/?page_id=295","title":{"rendered":"Bibliotecas Escolares"},"content":{"rendered":"<div data-colibri-id=\"295-c1\" class=\"style-1446 style-local-295-c1 position-relative\">\n  <!---->\n  <div data-colibri-component=\"section\" data-colibri-id=\"295-c6\" id=\"about\" class=\"h-section h-section-global-spacing d-flex align-items-lg-center align-items-md-center align-items-center style-1451 style-local-295-c6 position-relative\">\n    <!---->\n    <!---->\n    <div class=\"h-section-grid-container h-section-boxed-container\">\n      <!---->\n      <div data-colibri-id=\"295-c7\" class=\"h-row-container gutters-row-lg-2 gutters-row-md-2 gutters-row-2 gutters-row-v-lg-2 gutters-row-v-md-2 gutters-row-v-2 style-1452 style-local-295-c7 position-relative\">\n        <!---->\n        <div class=\"h-row justify-content-lg-center justify-content-md-center justify-content-center align-items-lg-stretch align-items-md-stretch align-items-stretch gutters-col-lg-2 gutters-col-md-2 gutters-col-2 gutters-col-v-lg-2 gutters-col-v-md-2 gutters-col-v-2\">\n          <!---->\n          <div class=\"h-column h-column-container d-flex h-col-lg-auto h-col-md-auto h-col-auto style-1453-outer style-local-295-c8-outer\">\n            <div data-colibri-id=\"295-c8\" class=\"d-flex h-flex-basis h-column__inner h-px-lg-2 h-px-md-2 h-px-2 v-inner-lg-2 v-inner-md-2 v-inner-2 style-1453 style-local-295-c8 position-relative\">\n              <!---->\n              <!---->\n              <div class=\"w-100 h-y-container h-column__content h-column__v-align flex-basis-100 align-self-lg-center align-self-md-center align-self-center\">\n                <!---->\n                <div data-colibri-id=\"295-c9\" class=\"h-global-transition-all h-heading style-1454 style-local-295-c9 position-relative h-element\">\n                  <!---->\n                  <div class=\"h-heading__outer style-1454 style-local-295-c9\">\n                    <!---->\n                    <!---->\n                    <h5 class=\"\">AECC<\/h5>\n                  <\/div>\n                <\/div>\n                <div data-colibri-id=\"295-c10\" class=\"h-global-transition-all h-heading style-1455 style-local-295-c10 position-relative h-element\">\n                  <!---->\n                  <div class=\"h-heading__outer style-1455 style-local-295-c10\">\n                    <!---->\n                    <!---->\n                    <h2 class=\"\">Bibliotecas&nbsp;<em style=\"font-family: &quot;Playfair Display&quot;; color: rgb(247, 144, 7);\">Escolares<\/em><\/h2>\n                  <\/div>\n                <\/div>\n                <div data-colibri-id=\"295-c11\" class=\"h-text h-text-component style-1456 style-local-295-c11 position-relative h-element\">\n                  <!---->\n                  <!---->\n                  <div class=\"\">\n                    <p>O Agrupamento de Escolas Coimbra Centro (AECC) possui v\u00e1rias&nbsp;Bibliotecas Escolares (BE)&nbsp;integradas nos diversos&nbsp;estabelecimentos de ensino:&nbsp;<\/p>\n                    <p>Escola Secund\u00e1ria Jaime Cortes\u00e3o \u2013 Ensino regular e profissional<\/p>\n                    <p>Escola B\u00e1sica Poeta Manuel da Silva Gaio \u2013 1,\u00ba, 2.\u00ba e 3.\u00ba Ciclos<\/p>\n                    <p>Escola B\u00e1sica n\u00ba 2 de S. Silvestre \u2013&nbsp;2.\u00ba e 3.\u00ba Ciclos<\/p>\n                    <p>Jardim de Inf\u00e2ncia e EB1 de&nbsp;S. Jo\u00e3o do Campo&nbsp;<\/p>\n                    <p>Jardim de Inf\u00e2ncia e EB1 de Almedina (Biblioteca n\u00e3o integrada na rede da RBE)<\/p>\n                    <p>Jardim de Inf\u00e2ncia e EB1 de Cernache<\/p>\n                    <p>As BE s\u00e3o locais de excel\u00eancia de acesso, uso e produ\u00e7\u00e3o da informa\u00e7\u00e3o, formal ou informalmente, dirigidas a toda a&nbsp;comunidade educativa e, de forma especial, aos alunos do Agrupamento.<\/p>\n                    <p>Bibliotecas Escolares do AE Coimbra Centro \u2013&nbsp;\n                      <a href=\"https:\/\/biblioteca-escolar21.webnode.pt\" style=\"color: rgb(3, 169, 244); font-size: 1em; font-weight: 400; font-family: &quot;Didact Gothic&quot;;\">https:\/\/biblioteca-escolar21.webnode.pt\/&nbsp;<\/a>\n                    <\/p>\n                    <p>https:\/\/www.rbe.mec.pt<\/p>\n                    <p>.<\/p>\n                  <\/div>\n                <\/div>\n                <div data-colibri-id=\"295-c12\" class=\"h-x-container style-1457 style-local-295-c12 position-relative h-element\">\n                  <!---->\n                  <div class=\"h-x-container-inner style-dynamic-295-c12-group style-1457-spacing style-local-295-c12-spacing\"><span class=\"h-button__outer style-1458-outer style-local-295-c13-outer d-inline-flex h-element\"><a h-use-smooth-scroll=\"true\" href=\"https:\/\/www.aecoimbracentro.pt\/on\/?page_id=281\"  data-colibri-id=\"295-c13\" class=\"d-flex w-100 align-items-center h-button justify-content-lg-center justify-content-md-center justify-content-center style-1458 style-local-295-c13 position-relative\"><!----><!----> <span>Voltar&#8230;<\/span><\/a>\n                    <\/span>\n                  <\/div>\n                <\/div>\n              <\/div>\n            <\/div>\n          <\/div>\n          <div class=\"h-column h-column-container d-flex h-col-lg-auto h-col-md-auto h-col-auto style-1459-outer style-local-295-c14-outer\">\n            <div data-colibri-id=\"295-c14\" class=\"d-flex h-flex-basis h-column__inner h-px-lg-2 h-px-md-2 h-px-2 v-inner-lg-2 v-inner-md-2 v-inner-2 style-1459 style-local-295-c14 position-relative\">\n              <!---->\n              <!---->\n              <div class=\"w-100 h-y-container h-column__content h-column__v-align flex-basis-100 align-self-lg-center align-self-md-center align-self-center\">\n                <!---->\n                <div data-colibri-id=\"295-c15\" class=\"d-block style-1460 style-local-295-c15 position-relative h-element\">\n                  <!---->\n                  <div class=\"h-image__frame-container-outer\">\n                    <div class=\"h-image__frame-container\">\n                      <!---->\n                      <!---->\n                      <img loading=\"lazy\" decoding=\"async\" width=\"800\" height=\"800\" src=\"https:\/\/www.aecoimbracentro.pt\/on\/wp-content\/uploads\/2025\/10\/8_5_oferta-formativa.jpg\" class=\"wp-image-263 style-1460-image style-local-295-c15-image\" alt=\"\" srcset=\"https:\/\/www.aecoimbracentro.pt\/on\/wp-content\/uploads\/2025\/10\/8_5_oferta-formativa.jpg 800w, https:\/\/www.aecoimbracentro.pt\/on\/wp-content\/uploads\/2025\/10\/8_5_oferta-formativa-300x300.jpg 300w, https:\/\/www.aecoimbracentro.pt\/on\/wp-content\/uploads\/2025\/10\/8_5_oferta-formativa-150x150.jpg 150w, https:\/\/www.aecoimbracentro.pt\/on\/wp-content\/uploads\/2025\/10\/8_5_oferta-formativa-768x768.jpg 768w\" sizes=\"auto, (max-width: 800px) 100vw, 800px\" \/>\n                      <div class=\"h-image__frame h-hide-sm style-1460-frameImage style-local-295-c15-frameImage\"><\/div>\n                    <\/div>\n                  <\/div>\n                <\/div>\n              <\/div>\n            <\/div>\n          <\/div>\n        <\/div>\n      <\/div>\n    <\/div>\n  <\/div>\n<\/div>","protected":false},"excerpt":{"rendered":"<p>AECC Bibliotecas&nbsp;Escolares O Agrupamento de Escolas Coimbra Centro (AECC) possui v\u00e1rias&nbsp;Bibliotecas Escolares (BE)&nbsp;integradas [&hellip;]<\/p>\n","protected":false},"author":1,"featured_media":0,"parent":0,"menu_order":0,"comment_status":"closed","ping_status":"closed","template":"page-templates\/full-width-page.php","meta":{"footnotes":""},"class_list":["post-295","page","type-page","status-publish","hentry"],"_links":{"self":[{"href":"https:\/\/www.aecoimbracentro.pt\/on\/index.php?rest_route=\/wp\/v2\/pages\/295","targetHints":{"allow":["GET"]}}],"collection":[{"href":"https:\/\/www.aecoimbracentro.pt\/on\/index.php?rest_route=\/wp\/v2\/pages"}],"about":[{"href":"https:\/\/www.aecoimbracentro.pt\/on\/index.php?rest_route=\/wp\/v2\/types\/page"}],"author":[{"embeddable":true,"href":"https:\/\/www.aecoimbracentro.pt\/on\/index.php?rest_route=\/wp\/v2\/users\/1"}],"replies":[{"embeddable":true,"href":"https:\/\/www.aecoimbracentro.pt\/on\/index.php?rest_route=%2Fwp%2Fv2%2Fcomments&post=295"}],"version-history":[{"count":2,"href":"https:\/\/www.aecoimbracentro.pt\/on\/index.php?rest_route=\/wp\/v2\/pages\/295\/revisions"}],"predecessor-version":[{"id":2437,"href":"https:\/\/www.aecoimbracentro.pt\/on\/index.php?rest_route=\/wp\/v2\/pages\/295\/revisions\/2437"}],"wp:attachment":[{"href":"https:\/\/www.aecoimbracentro.pt\/on\/index.php?rest_route=%2Fwp%2Fv2%2Fmedia&parent=295"}],"curies":[{"name":"wp","href":"https:\/\/api.w.org\/{rel}","templated":true}]}}