{"id":297,"date":"2025-10-02T16:10:48","date_gmt":"2025-10-02T16:10:48","guid":{"rendered":"https:\/\/www.aecoimbracentro.pt\/on\/?page_id=297"},"modified":"2026-03-10T10:19:28","modified_gmt":"2026-03-10T10:19:28","slug":"horarios-de-funcionamento","status":"publish","type":"page","link":"https:\/\/www.aecoimbracentro.pt\/on\/?page_id=297","title":{"rendered":"Hor\u00e1rios de Funcionamento_"},"content":{"rendered":"<div data-colibri-id=\"297-c1\" class=\"style-1461 style-local-297-c1 position-relative\">\n  <!---->\n  <div data-colibri-component=\"section\" data-colibri-id=\"297-c2\" id=\"about\" class=\"h-section h-section-global-spacing d-flex align-items-lg-center align-items-md-center align-items-center style-1466 style-local-297-c2 position-relative\">\n    <!---->\n    <!---->\n    <div class=\"h-section-grid-container h-section-boxed-container\">\n      <!---->\n      <div data-colibri-id=\"297-c3\" class=\"h-row-container gutters-row-lg-2 gutters-row-md-2 gutters-row-2 gutters-row-v-lg-2 gutters-row-v-md-2 gutters-row-v-2 style-1467 style-local-297-c3 position-relative\">\n        <!---->\n        <div class=\"h-row justify-content-lg-center justify-content-md-center justify-content-center align-items-lg-stretch align-items-md-stretch align-items-stretch gutters-col-lg-2 gutters-col-md-2 gutters-col-2 gutters-col-v-lg-2 gutters-col-v-md-2 gutters-col-v-2\">\n          <!---->\n          <div class=\"h-column h-column-container d-flex h-col-lg-auto h-col-md-auto h-col-auto style-1468-outer style-local-297-c4-outer\">\n            <div data-colibri-id=\"297-c4\" class=\"d-flex h-flex-basis h-column__inner h-px-lg-2 h-px-md-2 h-px-2 v-inner-lg-2 v-inner-md-2 v-inner-2 style-1468 style-local-297-c4 position-relative\">\n              <!---->\n              <!---->\n              <div class=\"w-100 h-y-container h-column__content h-column__v-align flex-basis-100 align-self-lg-center align-self-md-center align-self-center\">\n                <!---->\n                <div data-colibri-id=\"297-c5\" class=\"h-global-transition-all h-heading style-1469 style-local-297-c5 position-relative h-element\">\n                  <!---->\n                  <div class=\"h-heading__outer style-1469 style-local-297-c5\">\n                    <!---->\n                    <!---->\n                    <h5 class=\"\">AECC<\/h5>\n                  <\/div>\n                <\/div>\n                <div data-colibri-id=\"297-c6\" class=\"h-global-transition-all h-heading style-1470 style-local-297-c6 position-relative h-element\">\n                  <!---->\n                  <div class=\"h-heading__outer style-1470 style-local-297-c6\">\n                    <!---->\n                    <!---->\n                    <h2 class=\"\">Apresentamos abaixo os hor\u00e1rios de alguns dos servi\u00e7os diponibilizados a toda a comunidade.<\/h2>\n                  <\/div>\n                <\/div>\n              <\/div>\n            <\/div>\n          <\/div>\n          <div class=\"h-column h-column-container d-flex h-col-lg-auto h-col-md-auto h-col-auto style-1474-outer style-local-297-c7-outer\">\n            <div data-colibri-id=\"297-c7\" class=\"d-flex h-flex-basis h-column__inner h-px-lg-2 h-px-md-2 h-px-2 v-inner-lg-2 v-inner-md-2 v-inner-2 style-1474 style-local-297-c7 position-relative\">\n              <!---->\n              <!---->\n              <div class=\"w-100 h-y-container h-column__content h-column__v-align flex-basis-100 align-self-lg-center align-self-md-center align-self-center\">\n                <!---->\n                <div data-colibri-id=\"297-c8\" class=\"d-block style-1475 style-local-297-c8 position-relative h-element\">\n                  <!---->\n                  <div class=\"h-image__frame-container-outer\">\n                    <div class=\"h-image__frame-container\">\n                      <!---->\n                      <!---->\n                      <img loading=\"lazy\" decoding=\"async\" width=\"800\" height=\"800\" src=\"https:\/\/www.aecoimbracentro.pt\/on\/wp-content\/uploads\/2025\/10\/22_19_horarios-funcionamento.jpg\" class=\"wp-image-298 style-1475-image style-local-297-c8-image\" alt=\"\" srcset=\"https:\/\/www.aecoimbracentro.pt\/on\/wp-content\/uploads\/2025\/10\/22_19_horarios-funcionamento.jpg 800w, https:\/\/www.aecoimbracentro.pt\/on\/wp-content\/uploads\/2025\/10\/22_19_horarios-funcionamento-300x300.jpg 300w, https:\/\/www.aecoimbracentro.pt\/on\/wp-content\/uploads\/2025\/10\/22_19_horarios-funcionamento-150x150.jpg 150w, https:\/\/www.aecoimbracentro.pt\/on\/wp-content\/uploads\/2025\/10\/22_19_horarios-funcionamento-768x768.jpg 768w\" sizes=\"auto, (max-width: 800px) 100vw, 800px\" \/>\n                      <div class=\"h-image__frame h-hide-sm style-1475-frameImage style-local-297-c8-frameImage\"><\/div>\n                    <\/div>\n                  <\/div>\n                <\/div>\n              <\/div>\n            <\/div>\n          <\/div>\n        <\/div>\n      <\/div>\n    <\/div>\n  <\/div>\n  <div data-colibri-component=\"section\" data-colibri-id=\"297-c9\" id=\"custom\" class=\"h-section h-section-global-spacing d-flex align-items-lg-center align-items-md-center align-items-center style-1486 style-local-297-c9 position-relative\">\n    <!---->\n    <!---->\n    <div class=\"h-section-grid-container h-section-boxed-container\">\n      <!---->\n      <div data-colibri-id=\"297-c10\" class=\"h-row-container gutters-row-lg-2 gutters-row-md-2 gutters-row-0 gutters-row-v-lg-2 gutters-row-v-md-2 gutters-row-v-2 style-1487 style-local-297-c10 position-relative\">\n        <!---->\n        <div class=\"h-row justify-content-lg-center justify-content-md-center justify-content-center align-items-lg-stretch align-items-md-stretch align-items-stretch gutters-col-lg-2 gutters-col-md-2 gutters-col-0 gutters-col-v-lg-2 gutters-col-v-md-2 gutters-col-v-2\">\n          <!---->\n          <div class=\"h-column h-column-container d-flex h-col-lg-auto h-col-md-auto h-col-auto style-1488-outer style-local-297-c11-outer\">\n            <div data-colibri-id=\"297-c11\" class=\"d-flex h-flex-basis h-column__inner h-px-lg-2 h-px-md-2 h-px-2 v-inner-lg-2 v-inner-md-2 v-inner-2 style-1488 style-local-297-c11 position-relative\">\n              <!---->\n              <!---->\n              <div class=\"w-100 h-y-container h-column__content h-column__v-align flex-basis-100 align-self-lg-start align-self-md-start align-self-start\">\n                <!---->\n                <div data-colibri-id=\"297-c12\" class=\"h-text h-text-component style-1489 style-local-297-c12 position-relative h-element\">\n                  <!---->\n                  <!---->\n                  <div class=\"\">\n                    <p>Servi\u00e7o \/ Hor\u00e1rio \/&nbsp;<strong style=\"font-weight: 700; font-size: inherit; font-family: inherit;\">Atendimento da Dire\u00e7\u00e3o<\/strong>\n                      <br>Escola sede &#8211; Escola Secund\u00e1ria Jaime Cortes\u00e3o\n                      <br>Ter\u00e7a e quinta-feira:&nbsp;<strong style=\"font-weight: 700; font-size: inherit; font-family: inherit;\">15h00 \u00e0s 18h00<br><br>Portaria<\/strong>\n                      <br>Escola sede &#8211; Escola Secund\u00e1ria Jaime Cortes\u00e3o\n                      <br>Segunda a sexta-feira:&nbsp;<strong style=\"font-weight: 700; font-size: inherit; font-family: inherit;\">07h30 \u00e0s 23h00<br><br>Servi\u00e7os Administrativos<\/strong>\n                      <br>Escola sede &#8211; Escola Secund\u00e1ria Jaime Cortes\u00e3o\n                      <br>Segunda a sexta-feira:&nbsp;<strong style=\"font-weight: 700; font-size: inherit; font-family: inherit;\">10h00 \u00e0s 15h00<\/strong>\n                      <br>Telef\u00f3nico:&nbsp;<strong style=\"font-weight: 700; font-size: inherit; font-family: inherit;\">Segunda a sexta-feira: 10h00 \u00e0s 15h00<br><br><br><br>Reprografia e Papelaria<\/strong>\n                      <br>Escola sede &#8211; Escola Secund\u00e1ria Jaime Cortes\u00e3o\n                      <br>Segunda a sexta-feira:\n                      <br><strong style=\"font-weight: 700; font-size: inherit; font-family: inherit;\">08h00 \u00e0s 13h00 e das 14h00 \u00e0s 23h00<br><br>Bar<\/strong>\n                      <br>Escola sede &#8211; Escola Secund\u00e1ria Jaime Cortes\u00e3o\n                      <br>Segunda a sexta-feira:\n                      <br><strong style=\"font-weight: 700; font-size: inherit; font-family: inherit;\">08h00 \u00e0s 18h00 e das 18h30 \u00e0s 21h30<br><br>Refeit\u00f3rio<\/strong>\n                      <br>Escola sede &#8211; Escola Secund\u00e1ria Jaime Cortes\u00e3o\n                      <br>Segunda a sexta-feira:&nbsp;<strong style=\"font-weight: 700; font-size: inherit; font-family: inherit;\">12h10 \u00e0s 13h30<br><br>Biblioteca Escolar<\/strong>\n                      <br>Escola sede &#8211; Escola Secund\u00e1ria Jaime Cortes\u00e3o\n                      <br>Segunda a sexta-feira:&nbsp;<strong style=\"font-weight: 700; font-size: inherit; font-family: inherit;\">08h30 \u00e0s 23h00<br><br>Biblioteca Escolar<\/strong>\n                      <br>EB N.\u00ba 2 de S\u00e3o SilvestreSegunda a sexta-feira:&nbsp;<strong style=\"font-weight: 700; font-size: inherit; font-family: inherit;\">09h00 \u00e0s 17h00<br><br>Biblioteca Escolar<\/strong>\n                      <br>EB Poeta Manuel da Silva Gaio\n                      <br>Segunda a sexta-feira:&nbsp;<strong style=\"font-weight: 700; font-size: inherit; font-family: inherit;\">09h00 \u00e0s 17h00<br><br>Servi\u00e7o de Psicologia e Orienta\u00e7\u00e3o Escolar (SPO)<\/strong>\n                      <br>Segunda a sexta-feira:&nbsp;<strong style=\"font-weight: 700; font-size: inherit; font-family: inherit;\">09h00 \u00e0s 17h00<\/strong><\/p>\n                    <p>.<strong style=\"font-weight: 700; font-size: inherit; font-family: inherit;\">Hor\u00e1rios de Atendimento &#8211; Apoio Kit Digital<\/strong>\n                      <br>Escola sede &#8211; Escola Secund\u00e1ria Jaime Cortes\u00e3o\n                      <br>Segundas:&nbsp;<strong style=\"font-weight: 700; font-size: inherit; font-family: inherit;\">09h00 \u00e0s 13h00<\/strong><\/p>\n                    <p><strong style=\"font-weight: 700; font-size: inherit; font-family: inherit;\">Hor\u00e1rios de Atendimento &#8211; Apoio Kit Digital<\/strong>\n                      <br>EB Poeta Manuel da Silva GaioTer\u00e7as:<strong style=\"font-weight: 700; font-size: inherit; font-family: inherit;\">&nbsp;09h00 \u00e0s 13h00<\/strong><\/p>\n                    <p><strong style=\"font-weight: 700; font-size: inherit; font-family: inherit;\">Hor\u00e1rios de Atendimento &#8211; Apoio Kit Digital<\/strong>\n                      <br>EB N.\u00ba 2 de S\u00e3o SilvestreQuartas:&nbsp;<strong style=\"font-weight: 700; font-size: inherit; font-family: inherit;\">09h00 \u00e0s 13h00<br>apoiokitdigital@aecoimbracentro.pt<\/strong>\n                      <br>Eng. Marco Mar\u00e7al e Eng. Paulo Sobral<\/p>\n                  <\/div>\n                <\/div>\n              <\/div>\n            <\/div>\n          <\/div>\n        <\/div>\n      <\/div>\n    <\/div>\n  <\/div>\n<\/div>","protected":false},"excerpt":{"rendered":"<p>AECC Apresentamos abaixo os hor\u00e1rios de alguns dos servi\u00e7os diponibilizados a toda a [&hellip;]<\/p>\n","protected":false},"author":21,"featured_media":0,"parent":0,"menu_order":0,"comment_status":"closed","ping_status":"closed","template":"page-templates\/full-width-page.php","meta":{"footnotes":""},"class_list":["post-297","page","type-page","status-publish","hentry"],"_links":{"self":[{"href":"https:\/\/www.aecoimbracentro.pt\/on\/index.php?rest_route=\/wp\/v2\/pages\/297","targetHints":{"allow":["GET"]}}],"collection":[{"href":"https:\/\/www.aecoimbracentro.pt\/on\/index.php?rest_route=\/wp\/v2\/pages"}],"about":[{"href":"https:\/\/www.aecoimbracentro.pt\/on\/index.php?rest_route=\/wp\/v2\/types\/page"}],"author":[{"embeddable":true,"href":"https:\/\/www.aecoimbracentro.pt\/on\/index.php?rest_route=\/wp\/v2\/users\/21"}],"replies":[{"embeddable":true,"href":"https:\/\/www.aecoimbracentro.pt\/on\/index.php?rest_route=%2Fwp%2Fv2%2Fcomments&post=297"}],"version-history":[{"count":6,"href":"https:\/\/www.aecoimbracentro.pt\/on\/index.php?rest_route=\/wp\/v2\/pages\/297\/revisions"}],"predecessor-version":[{"id":5454,"href":"https:\/\/www.aecoimbracentro.pt\/on\/index.php?rest_route=\/wp\/v2\/pages\/297\/revisions\/5454"}],"wp:attachment":[{"href":"https:\/\/www.aecoimbracentro.pt\/on\/index.php?rest_route=%2Fwp%2Fv2%2Fmedia&parent=297"}],"curies":[{"name":"wp","href":"https:\/\/api.w.org\/{rel}","templated":true}]}}