{"id":310,"date":"2025-10-02T16:46:23","date_gmt":"2025-10-02T16:46:23","guid":{"rendered":"https:\/\/www.aecoimbracentro.pt\/on\/?page_id=310"},"modified":"2026-02-11T12:44:45","modified_gmt":"2026-02-11T12:44:45","slug":"uaare","status":"publish","type":"page","link":"https:\/\/www.aecoimbracentro.pt\/on\/?page_id=310","title":{"rendered":"UAARE"},"content":{"rendered":"<div data-colibri-id=\"310-c1\" class=\"style-806 style-local-310-c1 position-relative\">\n  <!---->\n  <div data-colibri-component=\"section\" data-colibri-id=\"310-c2\" id=\"about\" class=\"h-section h-section-global-spacing d-flex align-items-lg-center align-items-md-center align-items-center style-1695 style-local-310-c2 position-relative\">\n    <!---->\n    <!---->\n    <div class=\"h-section-grid-container h-section-boxed-container\">\n      <!---->\n      <div data-colibri-id=\"310-c3\" class=\"h-row-container gutters-row-lg-2 gutters-row-md-2 gutters-row-2 gutters-row-v-lg-2 gutters-row-v-md-2 gutters-row-v-2 style-1696 style-local-310-c3 position-relative\">\n        <!---->\n        <div class=\"h-row justify-content-lg-center justify-content-md-center justify-content-center align-items-lg-stretch align-items-md-stretch align-items-stretch gutters-col-lg-2 gutters-col-md-2 gutters-col-2 gutters-col-v-lg-2 gutters-col-v-md-2 gutters-col-v-2\">\n          <!---->\n          <div class=\"h-column h-column-container d-flex h-col-lg-auto h-col-md-auto h-col-auto style-1697-outer style-local-310-c4-outer\">\n            <div data-colibri-id=\"310-c4\" class=\"d-flex h-flex-basis h-column__inner h-px-lg-2 h-px-md-2 h-px-2 v-inner-lg-2 v-inner-md-2 v-inner-2 style-1697 style-local-310-c4 position-relative\">\n              <!---->\n              <!---->\n              <div class=\"w-100 h-y-container h-column__content h-column__v-align flex-basis-100 align-self-lg-center align-self-md-center align-self-center\">\n                <!---->\n                <div data-colibri-id=\"310-c5\" class=\"h-global-transition-all h-heading style-1698 style-local-310-c5 position-relative h-element\">\n                  <!---->\n                  <div class=\"h-heading__outer style-1698 style-local-310-c5\">\n                    <!---->\n                    <!---->\n                    <h5 class=\"\">AECC<\/h5>\n                  <\/div>\n                <\/div>\n                <div data-colibri-id=\"310-c6\" class=\"h-global-transition-all h-heading style-1699 style-local-310-c6 position-relative h-element\">\n                  <!---->\n                  <div class=\"h-heading__outer style-1699 style-local-310-c6\">\n                    <!---->\n                    <!---->\n                    <h2 class=\"\">Unidades de Apoio ao Alto Rendimento na Escola &#8211;&nbsp;&nbsp;<em style=\"color: rgb(247, 144, 7); font-family: &quot;Playfair Display&quot;;\">UAARE<\/em><\/h2>\n                  <\/div>\n                <\/div>\n                <div data-colibri-id=\"310-c7\" class=\"h-text h-text-component style-1700 style-local-310-c7 position-relative h-element\">\n                  <!---->\n                  <!---->\n                  <div class=\"\">\n                    <p>As&nbsp;<strong style=\"font-weight: 700; font-size: inherit; font-family: inherit;\">UAARE \u2013 Unidades de Apoio ao Alto Rendimento na Escola<\/strong>, visam uma articula\u00e7\u00e3o eficaz entre os agrupamentos de escola, os encarregados de educa\u00e7\u00e3o,\n                      as federa\u00e7\u00f5es desportivas e seus agentes e os munic\u00edpios, entre outros interessados, tendo por objetivo conciliar, com sucesso, a atividade escolar com a pr\u00e1tica desportiva de alunos\/atletas do ensino secund\u00e1rio enquadrados no regime\n                      de alto rendimento (N\u00edvel I), praticantes de sele\u00e7\u00f5es nacionais (N\u00edvel II) e alunos-atletas que revelem potencial talento desportivo em virtude do seu desempenho numa determinada modalidade desportiva federada (N\u00edvel III).<\/p>\n                    <p>Nestas escolas, foram formadas equipas pedag\u00f3gicas UAARE com objetivo de desenhar, implementar e acompanhar o processo pedag\u00f3gico e de apoio psicol\u00f3gico para cada um dos alunos envolvidos, tendo em considera\u00e7\u00e3o as suas particulares\n                      necessidades (ensino diferenciado). O processo nas escolas \u00e9 centralizado no Professor Acompanhante, em estreita colabora\u00e7\u00e3o com o Respons\u00e1vel Nacional do Projeto e demais agentes implicados. A exist\u00eancia de uma \u201cSala de Estudo Aprender+\u201d,\n                      assegurada por professores das principais \u00e1reas disciplinares (matem\u00e1tica, ingl\u00eas, portugu\u00eas, f\u00edsica e qu\u00edmica, filosofia e psicologia), permite que os alunos reforcem aprendizagens ou recuperem conte\u00fados perdidos em momentos de\n                      aus\u00eancia \u00e0 escola em virtude de competi\u00e7\u00f5es desportivas de relevo.<\/p>\n                    <p>No ano letivo 2018\/2019, frequentam a EB Silva Gaio 5 alunos-atletas de N\u00edvel II e III (nata\u00e7\u00e3o) que fazem parte do Projeto. Na ES Jaime Cortes\u00e3o estudam 19 alunos-atletas de N\u00edvel I, II e III, praticantes de judo, nata\u00e7\u00e3o, futebol,\n                      gin\u00e1stica e vela, espalhados pelos cursos do ensino regular, ensino profissional e ensino noturno (EFA).<\/p>\n                    <p>Saiba mais sobre o Projeto UAARE&nbsp;&nbsp;\n                      <a href=\"https:\/\/desportoescolar.dge.mec.pt\/unidade-de-apoio-ao-alto-rendimento-na-escola\" target=\"_blank\" style=\"color: rgb(41, 145, 214); font-size: 1em; font-weight: 400; font-family: &quot;Didact Gothic&quot;;\">aqui<\/a>.<\/p>\n                    <p>Website UAARE \u2013&nbsp;&nbsp;\n                      <a href=\"https:\/\/uaare.dge.min-educ.pt\/pt\" style=\"color: rgb(41, 145, 214); font-size: 1em; font-weight: 400; font-family: &quot;Didact Gothic&quot;;\">https:\/\/uaare.dge.min-educ.pt\/pt<\/a>\n                    <\/p>\n                    <p><strong style=\"font-weight: 700; font-size: inherit; font-family: inherit;\">Newsletter UAARE<\/strong><\/p>\n                    <p>Consulte a&nbsp;<strong style=\"font-weight: 700; font-size: inherit; font-family: inherit;\">Newsletter&nbsp;<\/strong>dinamizada pela&nbsp;Equipa SEAM ND (Sala de Estudo Aprender Mais Nacional Digital)&nbsp;&nbsp;<\/p>\n                    <p>\n                      <a href=\"https:\/\/uaare.dge.min-educ.pt\/pt\/agenda\/newsletter\" style=\"color: rgb(41, 145, 214); font-size: 1em; font-weight: 400; font-family: &quot;Didact Gothic&quot;;\">https:\/\/uaare.dge.min-educ.pt\/pt\/agenda\/newsletter<\/a>.<\/p>\n                    <p><strong style=\"font-weight: 700; font-size: inherit; font-family: inherit;\">Quanto custa ser atleta?<\/strong><\/p>\n                    <p>Come\u00e7aram ainda crian\u00e7as a praticar modalidades desportivas e, contra ventos e mar\u00e9s, levam o nome de Portugal a patamares elevados. Do judo ao remo, passando pela gin\u00e1stica r\u00edtmica, fomos conhecer os desafios e procurar solu\u00e7\u00f5es para\n                      os nossos atletas.&nbsp;Com o depoimento do professor<strong style=\"font-weight: 700; font-size: inherit; font-family: inherit;\">&nbsp;Lu\u00eds Dias<\/strong>, professor acompanhante&nbsp;<strong style=\"font-weight: 700; font-size: inherit; font-family: inherit;\">UAARE&nbsp;<\/strong>do&nbsp;&nbsp;\n                      <strong\n                        style=\"font-weight: 700; font-size: inherit; font-family: inherit;\">AECC<\/strong>. Leia&nbsp;&nbsp;\n                        <a href=\"https:\/\/coimbracoolectiva.pt\/2022\/04\/01\/quanto-custa-ser-atleta\" style=\"color: rgb(41, 145, 214); font-size: 1em; font-weight: 400; font-family: &quot;Didact Gothic&quot;;\">aqui<\/a>.<\/p>\n                    <p>.<\/p>\n                  <\/div>\n                <\/div>\n                <div data-colibri-id=\"310-c8\" class=\"h-x-container style-1701 style-local-310-c8 position-relative h-element\">\n                  <!---->\n                  <div class=\"h-x-container-inner style-dynamic-310-c8-group style-1701-spacing style-local-310-c8-spacing\"><span class=\"h-button__outer style-1702-outer style-local-310-c9-outer d-inline-flex h-element\"><a h-use-smooth-scroll=\"true\" href=\"https:\/\/www.aecoimbracentro.pt\/on\/?page_id=137\"  data-colibri-id=\"310-c9\" class=\"d-flex w-100 align-items-center h-button justify-content-lg-center justify-content-md-center justify-content-center style-1702 style-local-310-c9 position-relative\"><!----><!----> <span>Voltar aos Clubes e Projetos&#8230;<\/span><\/a>\n                    <\/span>\n                  <\/div>\n                <\/div>\n              <\/div>\n            <\/div>\n          <\/div>\n          <div class=\"h-column h-column-container d-flex h-col-lg-auto h-col-md-auto h-col-auto style-1703-outer style-local-310-c10-outer\">\n            <div data-colibri-id=\"310-c10\" class=\"d-flex h-flex-basis h-column__inner h-px-lg-2 h-px-md-2 h-px-2 v-inner-lg-2 v-inner-md-2 v-inner-2 style-1703 style-local-310-c10 position-relative\">\n              <!---->\n              <!---->\n              <div class=\"w-100 h-y-container h-column__content h-column__v-align flex-basis-100 align-self-lg-start align-self-md-start align-self-start\">\n                <!---->\n                <div data-colibri-id=\"310-c11\" class=\"d-block style-1704 style-local-310-c11 position-relative h-element\">\n                  <!---->\n                  <div class=\"h-image__frame-container-outer\">\n                    <div class=\"h-image__frame-container\">\n                      <!---->\n                      <!---->\n                      <img loading=\"lazy\" decoding=\"async\" width=\"304\" height=\"305\" src=\"https:\/\/www.aecoimbracentro.pt\/on\/wp-content\/uploads\/2025\/10\/imagem_2025-10-23_000812796.png\" class=\"wp-image-1157 style-1704-image style-local-310-c11-image\" alt=\"\" srcset=\"https:\/\/www.aecoimbracentro.pt\/on\/wp-content\/uploads\/2025\/10\/imagem_2025-10-23_000812796.png 304w, https:\/\/www.aecoimbracentro.pt\/on\/wp-content\/uploads\/2025\/10\/imagem_2025-10-23_000812796-300x300.png 300w, https:\/\/www.aecoimbracentro.pt\/on\/wp-content\/uploads\/2025\/10\/imagem_2025-10-23_000812796-150x150.png 150w\" sizes=\"auto, (max-width: 304px) 100vw, 304px\" \/>\n                      <div class=\"h-image__frame h-hide-sm style-1704-frameImage style-local-310-c11-frameImage\"><\/div>\n                    <\/div>\n                  <\/div>\n                <\/div>\n                <div data-colibri-id=\"310-c15\" class=\"h-x-container style-829 style-local-310-c15 position-relative h-element\">\n                  <!---->\n                  <div class=\"h-x-container-inner style-dynamic-310-c15-group style-829-spacing style-local-310-c15-spacing\"><span class=\"h-button__outer style-830-outer style-local-310-c16-outer d-inline-flex h-element\"><a h-use-smooth-scroll=\"true\" href=\"https:\/\/www.aecoimbracentro.pt\/on\/?s=UAARE\"  data-colibri-id=\"310-c16\" class=\"d-flex w-100 align-items-center h-button justify-content-lg-center justify-content-md-center justify-content-center style-830 style-local-310-c16 position-relative\"><!----><!----> <span>Not\u00edcias UAARE [aqui]<\/span><\/a>\n                    <\/span>\n                  <\/div>\n                <\/div>\n                <div data-colibri-id=\"310-c27\" class=\"d-block style-821 style-local-310-c27 position-relative h-element\">\n                  <!---->\n                  <div class=\"h-image__frame-container-outer\">\n                    <div class=\"h-image__frame-container\">\n                      <!---->\n                      <!---->\n                      <img loading=\"lazy\" decoding=\"async\" width=\"393\" height=\"274\" src=\"https:\/\/www.aecoimbracentro.pt\/on\/wp-content\/uploads\/2025\/10\/imagem_2025-10-23_005046548.png\" class=\"wp-image-1244 style-821-image style-local-310-c27-image\" alt=\"\" srcset=\"https:\/\/www.aecoimbracentro.pt\/on\/wp-content\/uploads\/2025\/10\/imagem_2025-10-23_005046548.png 393w, https:\/\/www.aecoimbracentro.pt\/on\/wp-content\/uploads\/2025\/10\/imagem_2025-10-23_005046548-300x209.png 300w\" sizes=\"auto, (max-width: 393px) 100vw, 393px\" \/>\n                      <div class=\"h-image__frame h-hide-lg h-hide-md h-hide-sm style-821-frameImage style-local-310-c27-frameImage\"><\/div>\n                    <\/div>\n                  <\/div>\n                <\/div>\n                <div data-colibri-id=\"310-c18\" class=\"h-x-container style-822 style-local-310-c18 position-relative h-element\">\n                  <!---->\n                  <div class=\"h-x-container-inner style-dynamic-310-c18-group style-822-spacing style-local-310-c18-spacing\"><span class=\"h-link__outer style-823-outer style-local-310-c19-outer d-inline-flex h-element\"><a h-use-smooth-scroll=\"true\" href=\"https:\/\/www.youtube.com\/watch?v=O5kvSqcbZ7M&amp;list=PL6fNLrduRfBCKJiRbQyviCWA2M6gWM3-M\"  data-colibri-id=\"310-c19\" class=\"d-flex w-100 align-items-center h-link style-823 style-local-310-c19 position-relative\"><!----><!----> <span> Clicar aqui! V\u00eddeos de Desporto AECC<\/span><\/a>\n                    <\/span>\n                  <\/div>\n                <\/div>\n              <\/div>\n            <\/div>\n          <\/div>\n        <\/div>\n      <\/div>\n    <\/div>\n  <\/div>\n<\/div>","protected":false},"excerpt":{"rendered":"<p>AECC Unidades de Apoio ao Alto Rendimento na Escola &#8211;&nbsp;&nbsp;UAARE As&nbsp;UAARE \u2013 Unidades [&hellip;]<\/p>\n","protected":false},"author":21,"featured_media":0,"parent":0,"menu_order":0,"comment_status":"closed","ping_status":"closed","template":"page-templates\/full-width-page.php","meta":{"footnotes":""},"class_list":["post-310","page","type-page","status-publish","hentry"],"_links":{"self":[{"href":"https:\/\/www.aecoimbracentro.pt\/on\/index.php?rest_route=\/wp\/v2\/pages\/310","targetHints":{"allow":["GET"]}}],"collection":[{"href":"https:\/\/www.aecoimbracentro.pt\/on\/index.php?rest_route=\/wp\/v2\/pages"}],"about":[{"href":"https:\/\/www.aecoimbracentro.pt\/on\/index.php?rest_route=\/wp\/v2\/types\/page"}],"author":[{"embeddable":true,"href":"https:\/\/www.aecoimbracentro.pt\/on\/index.php?rest_route=\/wp\/v2\/users\/21"}],"replies":[{"embeddable":true,"href":"https:\/\/www.aecoimbracentro.pt\/on\/index.php?rest_route=%2Fwp%2Fv2%2Fcomments&post=310"}],"version-history":[{"count":5,"href":"https:\/\/www.aecoimbracentro.pt\/on\/index.php?rest_route=\/wp\/v2\/pages\/310\/revisions"}],"predecessor-version":[{"id":4289,"href":"https:\/\/www.aecoimbracentro.pt\/on\/index.php?rest_route=\/wp\/v2\/pages\/310\/revisions\/4289"}],"wp:attachment":[{"href":"https:\/\/www.aecoimbracentro.pt\/on\/index.php?rest_route=%2Fwp%2Fv2%2Fmedia&parent=310"}],"curies":[{"name":"wp","href":"https:\/\/api.w.org\/{rel}","templated":true}]}}