{"id":313,"date":"2025-10-02T16:49:29","date_gmt":"2025-10-02T16:49:29","guid":{"rendered":"https:\/\/www.aecoimbracentro.pt\/on\/?page_id=313"},"modified":"2026-02-11T12:37:47","modified_gmt":"2026-02-11T12:37:47","slug":"clube-ciencia-viva-na-escola","status":"publish","type":"page","link":"https:\/\/www.aecoimbracentro.pt\/on\/?page_id=313","title":{"rendered":"Clube Ci\u00eancia Viva na Escola"},"content":{"rendered":"<div data-colibri-id=\"313-c1\" class=\"style-1580 style-local-313-c1 position-relative\">\n  <!---->\n  <div data-colibri-component=\"section\" data-colibri-id=\"313-c6\" id=\"about\" class=\"h-section h-section-global-spacing d-flex align-items-lg-center align-items-md-center align-items-center style-1585 style-local-313-c6 position-relative\">\n    <!---->\n    <!---->\n    <div class=\"h-section-grid-container h-section-boxed-container\">\n      <!---->\n      <div data-colibri-id=\"313-c7\" class=\"h-row-container gutters-row-lg-2 gutters-row-md-2 gutters-row-2 gutters-row-v-lg-2 gutters-row-v-md-2 gutters-row-v-2 style-1586 style-local-313-c7 position-relative\">\n        <!---->\n        <div class=\"h-row justify-content-lg-center justify-content-md-center justify-content-center align-items-lg-stretch align-items-md-stretch align-items-stretch gutters-col-lg-2 gutters-col-md-2 gutters-col-2 gutters-col-v-lg-2 gutters-col-v-md-2 gutters-col-v-2\">\n          <!---->\n          <div class=\"h-column h-column-container d-flex h-col-lg-auto h-col-md-auto h-col-auto style-1587-outer style-local-313-c8-outer\">\n            <div data-colibri-id=\"313-c8\" class=\"d-flex h-flex-basis h-column__inner h-px-lg-2 h-px-md-2 h-px-2 v-inner-lg-2 v-inner-md-2 v-inner-2 style-1587 style-local-313-c8 position-relative\">\n              <!---->\n              <!---->\n              <div class=\"w-100 h-y-container h-column__content h-column__v-align flex-basis-100 align-self-lg-center align-self-md-center align-self-center\">\n                <!---->\n                <div data-colibri-id=\"313-c9\" class=\"h-global-transition-all h-heading style-1588 style-local-313-c9 position-relative h-element\">\n                  <!---->\n                  <div class=\"h-heading__outer style-1588 style-local-313-c9\">\n                    <!---->\n                    <!---->\n                    <h5 class=\"\">AECC<\/h5>\n                  <\/div>\n                <\/div>\n                <div data-colibri-id=\"313-c10\" class=\"h-global-transition-all h-heading style-1589 style-local-313-c10 position-relative h-element\">\n                  <!---->\n                  <div class=\"h-heading__outer style-1589 style-local-313-c10\">\n                    <!---->\n                    <!---->\n                    <h2 class=\"\">Clube Ci\u00eancia&nbsp;<em style=\"color: rgb(247, 144, 7); font-family: &quot;Playfair Display&quot;;\">Viva<\/em><\/h2>\n                  <\/div>\n                <\/div>\n                <div data-colibri-id=\"313-c11\" class=\"h-text h-text-component style-1590 style-local-313-c11 position-relative h-element\">\n                  <!---->\n                  <!---->\n                  <div class=\"\">\n                    <p>Os&nbsp;<strong>Clubes Ci\u00eancia Viva<\/strong>&nbsp;funcionam nas escolas como espa\u00e7os abertos de contacto com a ci\u00eancia e a tecnologia, para a educa\u00e7\u00e3o e para o acesso generalizado dos alunos a pr\u00e1ticas cient\u00edficas, promovendo o ensino\n                      experimental das ci\u00eancias.&nbsp;<\/p>\n                    <p>Os Clubes espalhados pelo territ\u00f3rio nacional s\u00e3o o resultado de parcerias s\u00f3lidas com Universidades, Centros de Investiga\u00e7\u00e3o, Museus e Centros de Ci\u00eancia, Empresas, Associa\u00e7\u00f5es e ONG\u00b4S que fomenta a interdisciplinaridade e a abertura\n                      das escolas \u00e0 comunidade.<\/p>\n                    <p>O&nbsp;<strong>AECC&nbsp;<\/strong>foi contemplado com um destes Clubes.<\/p>\n                    <p>Mais informa\u00e7\u00f5es&nbsp;\n                      <a href=\"https:\/\/clubes.cienciaviva.pt\" style=\"color: rgb(3, 169, 244); font-size: 1em; font-weight: 400; font-family: &quot;Didact Gothic&quot;;\">aqui<\/a>.<\/p>\n                    <p>A aluna Cl\u00e1udia Rafaela Gon\u00e7alves Pinto do 12\u00ba\/3\u00ba ano do Curso Profissional&nbsp;T\u00e9cnico de Organiza\u00e7\u00e3o de Eventos,&nbsp;venceu o concurso do log\u00f3tipo do Clube da Ci\u00eancia do Agrupamento tendo recebido, como pr\u00e9mio, materiais de desenho\n                      e pintura. O trabalho foi escolhido por um j\u00fari de tr\u00eas professores, entre outros trabalhos realizados por v\u00e1rios alunos do Agrupamento.<\/p>\n                    <h5>Documentos associados:<\/h5>\n                    <p>\n                      <a href=\"https:\/\/www.aecoimbracentro.pt\/documento\/3\/22\/logotipo-vencedor\" style=\"color: rgb(3, 169, 244); font-size: 1em; font-weight: 400; font-family: &quot;Didact Gothic&quot;;\"><strong>Log\u00f3tipo vencedor<\/strong><\/a>\n                    <\/p>\n                    <p>\n                      <a href=\"https:\/\/www.aecoimbracentro.pt\/documento\/3\/18\/regulamento-do-concurso-para-logotipo-do-clube-ciencia-viva-na-escola\" style=\"color: rgb(3, 169, 244); font-size: 1em; font-weight: 400; font-family: &quot;Didact Gothic&quot;;\"><strong>Regulamento do Concurso para Log\u00f3tipo do Clube Ci\u00eancia Viva na Escola<\/strong><\/a>\n                    <\/p>\n                    <p>\n                      <br>\n                    <\/p>\n                  <\/div>\n                <\/div>\n                <div data-colibri-id=\"313-c12\" class=\"h-x-container style-1591 style-local-313-c12 position-relative h-element\">\n                  <!---->\n                  <div class=\"h-x-container-inner style-dynamic-313-c12-group style-1591-spacing style-local-313-c12-spacing\"><span class=\"h-button__outer style-1592-outer style-local-313-c13-outer d-inline-flex h-element\"><a h-use-smooth-scroll=\"true\" href=\"https:\/\/www.aecoimbracentro.pt\/on\/?page_id=137\"  data-colibri-id=\"313-c13\" class=\"d-flex w-100 align-items-center h-button justify-content-lg-center justify-content-md-center justify-content-center style-1592 style-local-313-c13 position-relative\"><!----><!----> <span>Voltar aos projetos e clubes&#8230;<\/span><\/a>\n                    <\/span>\n                  <\/div>\n                <\/div>\n              <\/div>\n            <\/div>\n          <\/div>\n          <div class=\"h-column h-column-container d-flex h-col-lg-auto h-col-md-auto h-col-auto style-1593-outer style-local-313-c14-outer\">\n            <div data-colibri-id=\"313-c14\" class=\"d-flex h-flex-basis h-column__inner h-px-lg-2 h-px-md-2 h-px-2 v-inner-lg-2 v-inner-md-2 v-inner-2 style-1593 style-local-313-c14 position-relative\">\n              <!---->\n              <!---->\n              <div class=\"w-100 h-y-container h-column__content h-column__v-align flex-basis-100 align-self-lg-start align-self-md-start align-self-start\">\n                <!---->\n                <div data-colibri-id=\"313-c15\" class=\"d-block style-1594 style-local-313-c15 position-relative h-element\">\n                  <!---->\n                  <div class=\"h-image__frame-container-outer\">\n                    <div class=\"h-image__frame-container\">\n                      <!---->\n                      <!---->\n                      <img loading=\"lazy\" decoding=\"async\" width=\"411\" height=\"294\" src=\"https:\/\/www.aecoimbracentro.pt\/on\/wp-content\/uploads\/2025\/12\/imagem_2025-12-24_020224757.png\" class=\"wp-image-2755 style-1594-image style-local-313-c15-image\" alt=\"\" srcset=\"https:\/\/www.aecoimbracentro.pt\/on\/wp-content\/uploads\/2025\/12\/imagem_2025-12-24_020224757.png 411w, https:\/\/www.aecoimbracentro.pt\/on\/wp-content\/uploads\/2025\/12\/imagem_2025-12-24_020224757-300x215.png 300w\" sizes=\"auto, (max-width: 411px) 100vw, 411px\" \/>\n                      <div class=\"h-image__frame h-hide-sm style-1594-frameImage style-local-313-c15-frameImage\"><\/div>\n                    <\/div>\n                  <\/div>\n                <\/div>\n              <\/div>\n            <\/div>\n          <\/div>\n        <\/div>\n      <\/div>\n    <\/div>\n  <\/div>\n<\/div>","protected":false},"excerpt":{"rendered":"<p>AECC Clube Ci\u00eancia&nbsp;Viva Os&nbsp;Clubes Ci\u00eancia Viva&nbsp;funcionam nas escolas como espa\u00e7os abertos de contacto [&hellip;]<\/p>\n","protected":false},"author":21,"featured_media":0,"parent":0,"menu_order":0,"comment_status":"closed","ping_status":"closed","template":"page-templates\/full-width-page.php","meta":{"footnotes":""},"class_list":["post-313","page","type-page","status-publish","hentry"],"_links":{"self":[{"href":"https:\/\/www.aecoimbracentro.pt\/on\/index.php?rest_route=\/wp\/v2\/pages\/313","targetHints":{"allow":["GET"]}}],"collection":[{"href":"https:\/\/www.aecoimbracentro.pt\/on\/index.php?rest_route=\/wp\/v2\/pages"}],"about":[{"href":"https:\/\/www.aecoimbracentro.pt\/on\/index.php?rest_route=\/wp\/v2\/types\/page"}],"author":[{"embeddable":true,"href":"https:\/\/www.aecoimbracentro.pt\/on\/index.php?rest_route=\/wp\/v2\/users\/21"}],"replies":[{"embeddable":true,"href":"https:\/\/www.aecoimbracentro.pt\/on\/index.php?rest_route=%2Fwp%2Fv2%2Fcomments&post=313"}],"version-history":[{"count":3,"href":"https:\/\/www.aecoimbracentro.pt\/on\/index.php?rest_route=\/wp\/v2\/pages\/313\/revisions"}],"predecessor-version":[{"id":2757,"href":"https:\/\/www.aecoimbracentro.pt\/on\/index.php?rest_route=\/wp\/v2\/pages\/313\/revisions\/2757"}],"wp:attachment":[{"href":"https:\/\/www.aecoimbracentro.pt\/on\/index.php?rest_route=%2Fwp%2Fv2%2Fmedia&parent=313"}],"curies":[{"name":"wp","href":"https:\/\/api.w.org\/{rel}","templated":true}]}}