{"id":317,"date":"2025-10-02T16:56:33","date_gmt":"2025-10-02T16:56:33","guid":{"rendered":"https:\/\/www.aecoimbracentro.pt\/on\/?page_id=317"},"modified":"2026-02-11T12:39:50","modified_gmt":"2026-02-11T12:39:50","slug":"desporto-escolar","status":"publish","type":"page","link":"https:\/\/www.aecoimbracentro.pt\/on\/?page_id=317","title":{"rendered":"Desporto Escolar"},"content":{"rendered":"<div data-colibri-id=\"317-c1\" class=\"style-751 style-local-317-c1 position-relative\">\n  <!---->\n  <div data-colibri-component=\"section\" data-colibri-id=\"317-c2\" id=\"about\" class=\"h-section h-section-global-spacing d-flex align-items-lg-center align-items-md-center align-items-center style-1595 style-local-317-c2 position-relative\">\n    <!---->\n    <!---->\n    <div class=\"h-section-grid-container h-section-boxed-container\">\n      <!---->\n      <div data-colibri-id=\"317-c3\" class=\"h-row-container gutters-row-lg-2 gutters-row-md-2 gutters-row-2 gutters-row-v-lg-2 gutters-row-v-md-2 gutters-row-v-2 style-1596 style-local-317-c3 position-relative\">\n        <!---->\n        <div class=\"h-row justify-content-lg-center justify-content-md-center justify-content-center align-items-lg-stretch align-items-md-stretch align-items-stretch gutters-col-lg-2 gutters-col-md-2 gutters-col-2 gutters-col-v-lg-2 gutters-col-v-md-2 gutters-col-v-2\">\n          <!---->\n          <div class=\"h-column h-column-container d-flex h-col-lg-auto h-col-md-auto h-col-auto style-1597-outer style-local-317-c4-outer\">\n            <div data-colibri-id=\"317-c4\" class=\"d-flex h-flex-basis h-column__inner h-px-lg-2 h-px-md-2 h-px-2 v-inner-lg-2 v-inner-md-2 v-inner-2 style-1597 style-local-317-c4 position-relative\">\n              <!---->\n              <!---->\n              <div class=\"w-100 h-y-container h-column__content h-column__v-align flex-basis-100 align-self-lg-center align-self-md-center align-self-center\">\n                <!---->\n                <div data-colibri-id=\"317-c5\" class=\"h-global-transition-all h-heading style-1598 style-local-317-c5 position-relative h-element\">\n                  <!---->\n                  <div class=\"h-heading__outer style-1598 style-local-317-c5\">\n                    <!---->\n                    <!---->\n                    <h5 class=\"\">AECC<\/h5>\n                  <\/div>\n                <\/div>\n                <div data-colibri-id=\"317-c6\" class=\"h-global-transition-all h-heading style-1599 style-local-317-c6 position-relative h-element\">\n                  <!---->\n                  <div class=\"h-heading__outer style-1599 style-local-317-c6\">\n                    <!---->\n                    <!---->\n                    <h2 class=\"\">Desporto&nbsp;<em style=\"color: rgb(247, 144, 7); font-family: &quot;Playfair Display&quot;;\">Escolar<\/em><\/h2>\n                  <\/div>\n                <\/div>\n                <div data-colibri-id=\"317-c7\" class=\"h-text h-text-component style-1600 style-local-317-c7 position-relative h-element\">\n                  <!---->\n                  <!---->\n                  <div class=\"\">\n                    <p><strong>O Clube do Desporto Escolar&nbsp;<\/strong>do Agrupamento de Escolas Coimbra Centro (AECC) oferece v\u00e1rias modalidades desportivas, estimulando a pr\u00e1tica da atividade f\u00edsica e da forma\u00e7\u00e3o desportiva como meio de promo\u00e7\u00e3o do sucesso\n                      dos alunos, de estilos de vida saud\u00e1veis, de valores e princ\u00edpios associados a uma cidadania ativa.<\/p>\n                    <p>A atividade desportiva desenvolvida ao n\u00edvel do Desporto Escolar p\u00f5e em jogo potencialidades f\u00edsicas, sociais e psicol\u00f3gicas, que contribuem para o desenvolvimento global dos jovens, sendo um espa\u00e7o privilegiado para fomentar h\u00e1bitos\n                      saud\u00e1veis, compet\u00eancias sociais e valores morais, de entre os quais se destacam: a responsabilidade, o esp\u00edrito de equipa, a disciplina, a toler\u00e2ncia, a perseveran\u00e7a, o respeito, a dedica\u00e7\u00e3o e a coragem.<\/p>\n                    <p>Os grupos-equipa existentes e respetivos escal\u00e3o\/g\u00e9nero, s\u00e3o:<\/p>\n                    <p><strong>EB n\u00ba2 de S\u00e3o Silvestre<\/strong>&nbsp;\u2013 Badminton (V\u00e1rios\/Misto) e Escola Ativa<\/p>\n                    <p><strong>EB Poeta Silva Gaio<\/strong>&nbsp;\u2013 Boccia (V\u00e1rios\/Misto), Futsal (Infantis B\/Masculino), Escola Ativa, Basquetebol e T\u00e9nis de Mesa (V\u00e1rios\/Misto)<\/p>\n                    <p><strong>ES Jaime Cortes\u00e3o<\/strong>&nbsp;\u2013 T\u00e9nis de Mesa (V\u00e1rios\/Misto)<\/p>\n                    <p>Inscreve-te e participa, representando a tua escola num dos grupos-equipa.<\/p>\n                    <p><strong>O Desporto Escolar\u2026 \u00e9 para ti!<\/strong><\/p>\n                  <\/div>\n                <\/div>\n              <\/div>\n            <\/div>\n          <\/div>\n          <div class=\"h-column h-column-container d-flex h-col-lg-auto h-col-md-auto h-col-auto style-1603-outer style-local-317-c10-outer\">\n            <div data-colibri-id=\"317-c10\" class=\"d-flex h-flex-basis h-column__inner h-px-lg-2 h-px-md-2 h-px-2 v-inner-lg-2 v-inner-md-2 v-inner-2 style-1603 style-local-317-c10 position-relative\">\n              <!---->\n              <!---->\n              <div class=\"w-100 h-y-container h-column__content h-column__v-align flex-basis-100 align-self-lg-start align-self-md-start align-self-start\">\n                <!---->\n                <div data-colibri-id=\"317-c11\" class=\"d-block style-1604 style-local-317-c11 position-relative h-element\">\n                  <!---->\n                  <div class=\"h-image__frame-container-outer\">\n                    <div class=\"h-image__frame-container\">\n                      <!---->\n                      <!---->\n                      <img loading=\"lazy\" decoding=\"async\" width=\"305\" height=\"300\" src=\"https:\/\/www.aecoimbracentro.pt\/on\/wp-content\/uploads\/2025\/10\/imagem_2025-10-23_001656268.png\" class=\"wp-image-1182 style-1604-image style-local-317-c11-image\" alt=\"\" srcset=\"https:\/\/www.aecoimbracentro.pt\/on\/wp-content\/uploads\/2025\/10\/imagem_2025-10-23_001656268.png 305w, https:\/\/www.aecoimbracentro.pt\/on\/wp-content\/uploads\/2025\/10\/imagem_2025-10-23_001656268-300x295.png 300w\" sizes=\"auto, (max-width: 305px) 100vw, 305px\" \/>\n                      <div class=\"h-image__frame h-hide-sm style-1604-frameImage style-local-317-c11-frameImage\"><\/div>\n                    <\/div>\n                  <\/div>\n                <\/div>\n                <div data-colibri-id=\"317-c27\" class=\"d-block style-766 style-local-317-c27 position-relative h-element\">\n                  <!---->\n                  <div class=\"h-image__frame-container-outer\">\n                    <a href=\"https:\/\/www.youtube.com\/watch?v=O5kvSqcbZ7M&amp;list=PL6fNLrduRfBCKJiRbQyviCWA2M6gWM3-M\" target=\"_blank\" h-use-smooth-scroll=\"true\" class=\"image-link\">\n                      <div class=\"h-image__frame-container\">\n                        <!---->\n                        <!---->\n                        <img loading=\"lazy\" decoding=\"async\" width=\"393\" height=\"274\" src=\"https:\/\/www.aecoimbracentro.pt\/on\/wp-content\/uploads\/2025\/10\/imagem_2025-10-23_005046548.png\" class=\"wp-image-1244 style-766-image style-local-317-c27-image\" alt=\"\" srcset=\"https:\/\/www.aecoimbracentro.pt\/on\/wp-content\/uploads\/2025\/10\/imagem_2025-10-23_005046548.png 393w, https:\/\/www.aecoimbracentro.pt\/on\/wp-content\/uploads\/2025\/10\/imagem_2025-10-23_005046548-300x209.png 300w\" sizes=\"auto, (max-width: 393px) 100vw, 393px\" \/>\n                        <div class=\"h-image__frame h-hide-lg h-hide-md h-hide-sm style-766-frameImage style-local-317-c27-frameImage\"><\/div>\n                      <\/div>\n                    <\/a>\n                  <\/div>\n                <\/div>\n                <div data-colibri-id=\"317-c30\" class=\"h-x-container style-767 style-local-317-c30 position-relative h-element\">\n                  <!---->\n                  <div class=\"h-x-container-inner style-dynamic-317-c30-group style-767-spacing style-local-317-c30-spacing\"><span class=\"h-link__outer style-768-outer style-local-317-c31-outer d-inline-flex h-element\"><a h-use-smooth-scroll=\"true\" href=\"https:\/\/www.youtube.com\/watch?v=O5kvSqcbZ7M&amp;list=PL6fNLrduRfBCKJiRbQyviCWA2M6gWM3-M\"  data-colibri-id=\"317-c31\" class=\"d-flex w-100 align-items-center h-link style-768 style-local-317-c31 position-relative\"><!----><span  class=\"h-svg-icon h-link__icon style-768-icon style-local-317-c31-icon\"><!--Icon by Font Awesome (https:\/\/fontawesome.com)-->\n    <svg version=\"1.1\" xmlns=\"http:\/\/www.w3.org\/2000\/svg\" xmlns:xlink=\"http:\/\/www.w3.org\/1999\/xlink\" id=\"link\" viewBox=\"0 0 1664 1896.0833\">\n      <path d=\"M1456 1216q0-40-28-68l-208-208q-28-28-68-28-42 0-72 32 3 3 19 18.5t21.5 21.5 15 19 13 25.5 3.5 27.5q0 40-28 68t-68 28q-15 0-27.5-3.5t-25.5-13-19-15-21.5-21.5-18.5-19q-33 31-33 73 0 40 28 68l206 207q27 27 68 27 40 0 68-26l147-146q28-28 28-67zM753 511q0-40-28-68L519 236q-28-28-68-28-39 0-68 27L236 381q-28 28-28 67 0 40 28 68l208 208q27 27 68 27 42 0 72-31-3-3-19-18.5T543.5 680t-15-19-13-25.5T512 608q0-40 28-68t68-28q15 0 27.5 3.5t25.5 13 19 15 21.5 21.5 18.5 19q33-31 33-73zm895 705q0 120-85 203l-147 146q-83 83-203 83-121 0-204-85l-206-207q-83-83-83-203 0-123 88-209l-88-88q-86 88-208 88-120 0-204-84L100 652q-84-84-84-204t85-203L248 99q83-83 203-83 121 0 204 85l206 207q83 83 83 203 0 123-88 209l88 88q86-88 208-88 120 0 204 84l208 208q84 84 84 204z\"><\/path>\n    <\/svg><\/span> <span>Clicar aqui! V\u00eddeos de Desporto AECC<\/span><\/a>\n                    <\/span>\n                  <\/div>\n                <\/div>\n              <\/div>\n            <\/div>\n          <\/div>\n        <\/div>\n      <\/div>\n    <\/div>\n  <\/div>\n  <div data-colibri-component=\"section\" data-colibri-id=\"317-c19\" id=\"custom\" class=\"h-section h-section-global-spacing d-flex align-items-lg-center align-items-md-center align-items-center style-2169 style-local-317-c19 position-relative\">\n    <!---->\n    <!---->\n    <div class=\"h-section-grid-container h-section-boxed-container\">\n      <!---->\n      <div data-colibri-id=\"317-c20\" class=\"h-row-container gutters-row-lg-2 gutters-row-md-2 gutters-row-0 gutters-row-v-lg-2 gutters-row-v-md-2 gutters-row-v-2 style-2170 style-local-317-c20 position-relative\">\n        <!---->\n        <div class=\"h-row justify-content-lg-center justify-content-md-center justify-content-center align-items-lg-stretch align-items-md-stretch align-items-stretch gutters-col-lg-2 gutters-col-md-2 gutters-col-0 gutters-col-v-lg-2 gutters-col-v-md-2 gutters-col-v-2\">\n          <!---->\n          <div class=\"h-column h-column-container d-flex h-col-lg-auto h-col-md-auto h-col-auto style-2171-outer style-local-317-c21-outer\">\n            <div data-colibri-id=\"317-c21\" class=\"d-flex h-flex-basis h-column__inner h-px-lg-2 h-px-md-2 h-px-2 v-inner-lg-2 v-inner-md-2 v-inner-2 style-2171 style-local-317-c21 position-relative\">\n              <!---->\n              <!---->\n              <div class=\"w-100 h-y-container h-column__content h-column__v-align flex-basis-100 align-self-lg-start align-self-md-start align-self-start\">\n                <!---->\n                <div data-colibri-id=\"317-c8\" class=\"h-x-container style-1601 style-local-317-c8 position-relative h-element\">\n                  <!---->\n                  <div class=\"h-x-container-inner style-dynamic-317-c8-group style-1601-spacing style-local-317-c8-spacing\"><span class=\"h-button__outer style-1602-outer style-local-317-c9-outer d-inline-flex h-element\"><a h-use-smooth-scroll=\"true\" href=\"https:\/\/www.aecoimbracentro.pt\/on\/?page_id=137\"  data-colibri-id=\"317-c9\" class=\"d-flex w-100 align-items-center h-button justify-content-lg-center justify-content-md-center justify-content-center style-1602 style-local-317-c9 position-relative\"><!----><!----> <span>voltar aos projetos e clubes&#8230;<\/span><\/a>\n                    <\/span>\n                  <\/div>\n                <\/div>\n              <\/div>\n            <\/div>\n          <\/div>\n        <\/div>\n      <\/div>\n    <\/div>\n  <\/div>\n<\/div>","protected":false},"excerpt":{"rendered":"<p>AECC Desporto&nbsp;Escolar O Clube do Desporto Escolar&nbsp;do Agrupamento de Escolas Coimbra Centro (AECC) [&hellip;]<\/p>\n","protected":false},"author":21,"featured_media":0,"parent":0,"menu_order":0,"comment_status":"closed","ping_status":"closed","template":"page-templates\/full-width-page.php","meta":{"footnotes":""},"class_list":["post-317","page","type-page","status-publish","hentry"],"_links":{"self":[{"href":"https:\/\/www.aecoimbracentro.pt\/on\/index.php?rest_route=\/wp\/v2\/pages\/317","targetHints":{"allow":["GET"]}}],"collection":[{"href":"https:\/\/www.aecoimbracentro.pt\/on\/index.php?rest_route=\/wp\/v2\/pages"}],"about":[{"href":"https:\/\/www.aecoimbracentro.pt\/on\/index.php?rest_route=\/wp\/v2\/types\/page"}],"author":[{"embeddable":true,"href":"https:\/\/www.aecoimbracentro.pt\/on\/index.php?rest_route=\/wp\/v2\/users\/21"}],"replies":[{"embeddable":true,"href":"https:\/\/www.aecoimbracentro.pt\/on\/index.php?rest_route=%2Fwp%2Fv2%2Fcomments&post=317"}],"version-history":[{"count":5,"href":"https:\/\/www.aecoimbracentro.pt\/on\/index.php?rest_route=\/wp\/v2\/pages\/317\/revisions"}],"predecessor-version":[{"id":4013,"href":"https:\/\/www.aecoimbracentro.pt\/on\/index.php?rest_route=\/wp\/v2\/pages\/317\/revisions\/4013"}],"wp:attachment":[{"href":"https:\/\/www.aecoimbracentro.pt\/on\/index.php?rest_route=%2Fwp%2Fv2%2Fmedia&parent=317"}],"curies":[{"name":"wp","href":"https:\/\/api.w.org\/{rel}","templated":true}]}}