{"id":3971,"date":"2026-02-07T12:23:24","date_gmt":"2026-02-07T12:23:24","guid":{"rendered":"https:\/\/www.aecoimbracentro.pt\/on\/?page_id=3971"},"modified":"2026-03-09T11:26:58","modified_gmt":"2026-03-09T11:26:58","slug":"unidades-de-referencia","status":"publish","type":"page","link":"https:\/\/www.aecoimbracentro.pt\/on\/?page_id=3971","title":{"rendered":"Unidades de Refer\u00eancia"},"content":{"rendered":"<div data-colibri-id=\"3971-c1\" class=\"style-2148 style-local-3971-c1 position-relative\">\n  <!---->\n  <div data-colibri-component=\"section\" data-colibri-id=\"3971-c2\" id=\"overlappable\" class=\"h-section h-section-global-spacing d-flex align-items-lg-center align-items-md-center align-items-center style-2153 style-local-3971-c2 position-relative\">\n    <!---->\n    <!---->\n    <div class=\"h-section-grid-container h-section-boxed-container\">\n      <!---->\n      <div data-colibri-id=\"3971-c3\" class=\"h-row-container gutters-row-lg-0 gutters-row-md-0 gutters-row-2 gutters-row-v-lg-0 gutters-row-v-md-0 gutters-row-v-2 style-2154 style-local-3971-c3 position-relative\">\n        <!---->\n        <div class=\"h-row justify-content-lg-center justify-content-md-center justify-content-center align-items-lg-stretch align-items-md-stretch align-items-stretch gutters-col-lg-0 gutters-col-md-0 gutters-col-2 gutters-col-v-lg-0 gutters-col-v-md-0 gutters-col-v-2\">\n          <!---->\n          <div class=\"h-column h-column-container d-flex h-col-lg-4 h-col-md-4 h-col-12 style-2155-outer style-local-3971-c4-outer\">\n            <div data-colibri-id=\"3971-c4\" class=\"d-flex h-flex-basis h-column__inner h-px-lg-3 h-px-md-3 h-px-2 v-inner-lg-3 v-inner-md-3 v-inner-2 style-2155 style-local-3971-c4 position-relative\">\n              <!---->\n              <!---->\n              <div class=\"w-100 h-y-container h-column__content h-column__v-align flex-basis-100 align-self-lg-start align-self-md-start align-self-start\">\n                <!---->\n                <div data-colibri-id=\"3971-c5\" class=\"h-icon style-2156 style-local-3971-c5 position-relative h-element\">\n                  <!----><span class=\"h-svg-icon h-icon__icon style-2156-icon style-local-3971-c5-icon\"><!--Icon by Font Awesome (https:\/\/fontawesome.com)-->\n    <svg version=\"1.1\" xmlns=\"http:\/\/www.w3.org\/2000\/svg\" xmlns:xlink=\"http:\/\/www.w3.org\/1999\/xlink\" id=\"eye-slash\" viewBox=\"0 0 1792 1896.0833\">\n      <path d=\"M555 1335l78-141q-87-63-136-159t-49-203q0-121 61-225-229 117-381 353 167 258 427 375zm389-759q0-20-14-34t-34-14q-125 0-214.5 89.5T592 832q0 20 14 34t34 14 34-14 14-34q0-86 61-147t147-61q20 0 34-14t14-34zm363-191q0 7-1 9-106 189-316 567t-315 566l-49 89q-10 16-28 16-12 0-134-70-16-10-16-28 0-12 44-87-143-65-263.5-173T20 1029Q0 998 0 960t20-69q153-235 380-371t496-136q89 0 180 17l54-97q10-16 28-16 5 0 18 6t31 15.5 33 18.5 31.5 18.5T1291 358q16 10 16 27zm37 447q0 139-79 253.5T1056 1250l280-502q8 45 8 84zm448 128q0 35-20 69-39 64-109 145-150 172-347.5 267T896 1536l74-132q212-18 392.5-137T1664 960q-115-179-282-294l63-112q95 64 182.5 153T1772 891q20 34 20 69z\"><\/path>\n    <\/svg><\/span><\/div>\n                <div data-colibri-id=\"3971-c6\" class=\"h-global-transition-all h-heading style-2157 style-local-3971-c6 position-relative h-element\">\n                  <!---->\n                  <div class=\"h-heading__outer style-2157 style-local-3971-c6\">\n                    <!---->\n                    <!---->\n                    <h5 class=\"\">Baixa vis\u00e3o<\/h5>\n                  <\/div>\n                <\/div>\n                <div data-colibri-id=\"3971-c7\" class=\"h-text h-text-component style-2158 style-local-3971-c7 position-relative h-element\">\n                  <!---->\n                  <!---->\n                  <div class=\"\">\n                    <h5>Jos\u00e9 Fernando<\/h5>\n                    <p><span style=\"font-weight: 400; font-size: 16px; font-family: &quot;Didact Gothic&quot;; color: rgb(9, 33, 42);\">O Decreto-Lei n.\u00ba 54, parte do princ\u00edpio em que todos os alunos, incluindo os alunos cegos e com baixa vis\u00e3o, t\u00eam direito a frequentar a escola regular, sendo a resposta educativa organizada em fun\u00e7\u00e3o das suas necessidades espec\u00edficas.<\/span><\/p>\n                  <\/div>\n                <\/div>\n                <div data-colibri-id=\"3971-c8\" class=\"h-x-container style-2159 style-local-3971-c8 position-relative h-element\">\n                  <!---->\n                  <div class=\"h-x-container-inner style-dynamic-3971-c8-group style-2159-spacing style-local-3971-c8-spacing\"><span class=\"h-link__outer style-2160-outer style-local-3971-c9-outer d-inline-flex h-element\"><a h-use-smooth-scroll=\"true\" href=\"https:\/\/www.aecoimbracentro.pt\/on\/?page_id=286\"  data-colibri-id=\"3971-c9\" class=\"d-flex w-100 align-items-center h-link style-2160 style-local-3971-c9 position-relative\"><!----><!----> <span>Saber mais&#8230;<\/span>                    <span class=\"h-svg-icon h-link__icon style-2160-icon style-local-3971-c9-icon\"><!--Icon by Icons8 Line Awesome (https:\/\/icons8.com\/line-awesome)--><svg version=\"1.1\" xmlns=\"http:\/\/www.w3.org\/2000\/svg\" xmlns:xlink=\"http:\/\/www.w3.org\/1999\/xlink\" id=\"angle-double-right\" viewBox=\"0 0 512 545.5\"><path d=\"M145.5 108.5l168 168L325 288l-11.5 11.5-168 168-22.5-23L279.5 288 123 131.5zm112 0l168 168L437 288l-11.5 11.5-168 168-22.5-23L391.5 288 235 131.5z\"><\/path><\/svg><\/span><\/a>\n                    <\/span>\n                  <\/div>\n                <\/div>\n              <\/div>\n            <\/div>\n          <\/div>\n          <div class=\"h-column h-column-container d-flex h-col-lg-4 h-col-md-4 h-col-12 style-2155-outer style-local-3971-c10-outer\">\n            <div data-colibri-id=\"3971-c10\" class=\"d-flex h-flex-basis h-column__inner h-px-lg-3 h-px-md-3 h-px-2 v-inner-lg-3 v-inner-md-3 v-inner-2 style-2155 style-local-3971-c10 position-relative\">\n              <!---->\n              <!---->\n              <div class=\"w-100 h-y-container h-column__content h-column__v-align flex-basis-100 align-self-lg-start align-self-md-start align-self-start\">\n                <!---->\n                <div data-colibri-id=\"3971-c11\" class=\"h-icon style-2156 style-local-3971-c11 position-relative h-element\">\n                  <!----><span class=\"h-svg-icon h-icon__icon style-2156-icon style-local-3971-c11-icon\"><!--Icon by Font Awesome (https:\/\/fontawesome.com)-->\n    <svg version=\"1.1\" xmlns=\"http:\/\/www.w3.org\/2000\/svg\" xmlns:xlink=\"http:\/\/www.w3.org\/1999\/xlink\" id=\"volume-off\" viewBox=\"0 0 1068.8174 1896.0833\">\n      <path d=\"M768 352v1088q0 26-19 45t-45 19-45-19l-333-333H64q-26 0-45-19t-19-45V704q0-26 19-45t45-19h262l333-333q19-19 45-19t45 19 19 45z\"><\/path>\n    <\/svg><\/span><\/div>\n                <div data-colibri-id=\"3971-c12\" class=\"h-global-transition-all h-heading style-2157 style-local-3971-c12 position-relative h-element\">\n                  <!---->\n                  <div class=\"h-heading__outer style-2157 style-local-3971-c12\">\n                    <!---->\n                    <!---->\n                    <h5 class=\"\">Educa\u00e7\u00e3o bilingue &#8211; EREB<\/h5>\n                  <\/div>\n                <\/div>\n                <div data-colibri-id=\"3971-c13\" class=\"h-text h-text-component style-2158 style-local-3971-c13 position-relative h-element\">\n                  <!---->\n                  <!---->\n                  <div class=\"\">\n                    <p><span style=\"font-weight: 400; font-size: 16px; font-family: &quot;Didact Gothic&quot;; color: rgb(9, 33, 42);\">\ufeffBr\u00edgida Ferreira<\/span><\/p>\n                    <p><span style=\"font-weight: 400; font-size: 16px; font-family: &quot;Didact Gothic&quot;; color: rgb(23, 37, 42);\">O Agrupamento de Escolas de Coimbra Centro integra a Escola de Refer\u00eancia para a Educa\u00e7\u00e3o Bilingue (EREB) como estrutura educativa especializada para alunos surdos. <\/span><\/p>\n                  <\/div>\n                <\/div>\n                <div data-colibri-id=\"3971-c14\" class=\"h-x-container style-2159 style-local-3971-c14 position-relative h-element\">\n                  <!---->\n                  <div class=\"h-x-container-inner style-dynamic-3971-c14-group style-2159-spacing style-local-3971-c14-spacing\"><span class=\"h-link__outer style-2160-outer style-local-3971-c15-outer d-inline-flex h-element\"><a h-use-smooth-scroll=\"true\" href=\"https:\/\/www.aecoimbracentro.pt\/on\/?page_id=283\"  data-colibri-id=\"3971-c15\" class=\"d-flex w-100 align-items-center h-link style-2160 style-local-3971-c15 position-relative\"><!----><!----> <span>Saber mais&#8230;<\/span>                    <span class=\"h-svg-icon h-link__icon style-2160-icon style-local-3971-c15-icon\"><!--Icon by Icons8 Line Awesome (https:\/\/icons8.com\/line-awesome)--><svg version=\"1.1\" xmlns=\"http:\/\/www.w3.org\/2000\/svg\" xmlns:xlink=\"http:\/\/www.w3.org\/1999\/xlink\" id=\"angle-double-right\" viewBox=\"0 0 512 545.5\"><path d=\"M145.5 108.5l168 168L325 288l-11.5 11.5-168 168-22.5-23L279.5 288 123 131.5zm112 0l168 168L437 288l-11.5 11.5-168 168-22.5-23L391.5 288 235 131.5z\"><\/path><\/svg><\/span><\/a>\n                    <\/span>\n                  <\/div>\n                <\/div>\n              <\/div>\n            <\/div>\n          <\/div>\n          <div class=\"h-column h-column-container d-flex h-col-lg-4 h-col-md-4 h-col-12 style-2155-outer style-local-3971-c16-outer\">\n            <div data-colibri-id=\"3971-c16\" class=\"d-flex h-flex-basis h-column__inner h-px-lg-3 h-px-md-3 h-px-2 v-inner-lg-3 v-inner-md-3 v-inner-2 style-2155 style-local-3971-c16 position-relative\">\n              <!---->\n              <!---->\n              <div class=\"w-100 h-y-container h-column__content h-column__v-align flex-basis-100 align-self-lg-start align-self-md-start align-self-start\">\n                <!---->\n                <div data-colibri-id=\"3971-c17\" class=\"h-icon style-2156 style-local-3971-c17 position-relative h-element\">\n                  <!----><span class=\"h-svg-icon h-icon__icon style-2156-icon style-local-3971-c17-icon\"><!--Icon by Font Awesome (https:\/\/fontawesome.com)-->\n    <svg version=\"1.1\" xmlns=\"http:\/\/www.w3.org\/2000\/svg\" xmlns:xlink=\"http:\/\/www.w3.org\/1999\/xlink\" id=\"spinner\" viewBox=\"0 0 1792 1896.0833\">\n      <path d=\"M526 1394q0 53-37.5 90.5T398 1522q-52 0-90-38t-38-90q0-53 37.5-90.5T398 1266t90.5 37.5T526 1394zm498 206q0 53-37.5 90.5T896 1728t-90.5-37.5T768 1600t37.5-90.5T896 1472t90.5 37.5 37.5 90.5zM320 896q0 53-37.5 90.5T192 1024t-90.5-37.5T64 896t37.5-90.5T192 768t90.5 37.5T320 896zm1202 498q0 52-38 90t-90 38q-53 0-90.5-37.5T1266 1394t37.5-90.5 90.5-37.5 90.5 37.5 37.5 90.5zM558 398q0 66-47 113t-113 47-113-47-47-113 47-113 113-47 113 47 47 113zm1170 498q0 53-37.5 90.5T1600 1024t-90.5-37.5T1472 896t37.5-90.5T1600 768t90.5 37.5T1728 896zm-640-704q0 80-56 136t-136 56-136-56-56-136 56-136T896 0t136 56 56 136zm530 206q0 93-66 158.5T1394 622q-93 0-158.5-65.5T1170 398q0-92 65.5-158t158.5-66q92 0 158 66t66 158z\"><\/path>\n    <\/svg><\/span><\/div>\n                <div data-colibri-id=\"3971-c18\" class=\"h-global-transition-all h-heading style-2157 style-local-3971-c18 position-relative h-element\">\n                  <!---->\n                  <div class=\"h-heading__outer style-2157 style-local-3971-c18\">\n                    <!---->\n                    <!---->\n                    <h5 class=\"\">AUTONOMIA PESSOAL E SOCIAL-\n                      <br>salas de apoio a alunos de Medidas adicionais<\/h5>\n                  <\/div>\n                <\/div>\n                <div data-colibri-id=\"3971-c19\" class=\"h-text h-text-component style-2158 style-local-3971-c19 position-relative h-element\">\n                  <!---->\n                  <!---->\n                  <div class=\"\">\n                    <h5>Angelina Camarinha, Gorete P\u00eago e Susana Oliveira\n                      <br>\n                    <\/h5>\n                    <p>No \u00e2mbito do CAA, as <strong>salas de apoio a alunos que usufruem de Medidas Adicionais<\/strong>, visam colmatar dificuldades acentuadas e persistentes ao n\u00edvel da aprendizagem, que n\u00e3o foram supridas pela aplica\u00e7\u00e3o das medidas universais\n                      e seletivas e que exigem recursos especializados de apoio<\/p>\n                  <\/div>\n                <\/div>\n                <div data-colibri-id=\"3971-c20\" class=\"h-x-container style-2159 style-local-3971-c20 position-relative h-element\">\n                  <!---->\n                  <div class=\"h-x-container-inner style-dynamic-3971-c20-group style-2159-spacing style-local-3971-c20-spacing\"><span class=\"h-link__outer style-2160-outer style-local-3971-c21-outer d-inline-flex h-element\"><a h-use-smooth-scroll=\"true\" href=\"https:\/\/www.aecoimbracentro.pt\/on\/?page_id=4903\"  data-colibri-id=\"3971-c21\" class=\"d-flex w-100 align-items-center h-link style-2160 style-local-3971-c21 position-relative\"><!----><!----> <span>Saber mais&#8230;<\/span>                    <span class=\"h-svg-icon h-link__icon style-2160-icon style-local-3971-c21-icon\"><!--Icon by Icons8 Line Awesome (https:\/\/icons8.com\/line-awesome)--><svg version=\"1.1\" xmlns=\"http:\/\/www.w3.org\/2000\/svg\" xmlns:xlink=\"http:\/\/www.w3.org\/1999\/xlink\" id=\"angle-double-right\" viewBox=\"0 0 512 545.5\"><path d=\"M145.5 108.5l168 168L325 288l-11.5 11.5-168 168-22.5-23L279.5 288 123 131.5zm112 0l168 168L437 288l-11.5 11.5-168 168-22.5-23L391.5 288 235 131.5z\"><\/path><\/svg><\/span><\/a>\n                    <\/span>\n                  <\/div>\n                <\/div>\n              <\/div>\n            <\/div>\n          <\/div>\n        <\/div>\n      <\/div>\n    <\/div>\n  <\/div>\n  <div data-colibri-component=\"section\" data-colibri-id=\"3971-c22\" id=\"overlappable-2\" class=\"h-section h-section-global-spacing d-flex align-items-lg-center align-items-md-center align-items-center style-2161 style-local-3971-c22 position-relative\">\n    <!---->\n    <!---->\n    <div class=\"h-section-grid-container h-section-boxed-container\">\n      <!---->\n      <div data-colibri-id=\"3971-c23\" class=\"h-row-container gutters-row-lg-0 gutters-row-md-0 gutters-row-2 gutters-row-v-lg-0 gutters-row-v-md-0 gutters-row-v-2 style-2162 style-local-3971-c23 position-relative\">\n        <!---->\n        <div class=\"h-row justify-content-lg-center justify-content-md-center justify-content-center align-items-lg-stretch align-items-md-stretch align-items-stretch gutters-col-lg-0 gutters-col-md-0 gutters-col-2 gutters-col-v-lg-0 gutters-col-v-md-0 gutters-col-v-2\">\n          <!---->\n          <div class=\"h-column h-column-container d-flex h-col-lg-4 h-col-md-4 h-col-12 style-2163-outer style-local-3971-c24-outer\">\n            <div data-colibri-id=\"3971-c24\" class=\"d-flex h-flex-basis h-column__inner h-px-lg-3 h-px-md-3 h-px-2 v-inner-lg-3 v-inner-md-3 v-inner-2 style-2163 style-local-3971-c24 position-relative\">\n              <!---->\n              <!---->\n              <div class=\"w-100 h-y-container h-column__content h-column__v-align flex-basis-100 align-self-lg-start align-self-md-start align-self-start\">\n                <!---->\n                <div data-colibri-id=\"3971-c25\" class=\"h-icon style-2164 style-local-3971-c25 position-relative h-element\">\n                  <!----><span class=\"h-svg-icon h-icon__icon style-2164-icon style-local-3971-c25-icon\"><!--Icon by Font Awesome (https:\/\/fontawesome.com)-->\n    <svg version=\"1.1\" xmlns=\"http:\/\/www.w3.org\/2000\/svg\" xmlns:xlink=\"http:\/\/www.w3.org\/1999\/xlink\" id=\"bullseye\" viewBox=\"0 0 1536 1896.0833\">\n      <path d=\"M1024 896q0 106-75 181t-181 75-181-75-75-181 75-181 181-75 181 75 75 181zm128 0q0-159-112.5-271.5T768 512 496.5 624.5 384 896t112.5 271.5T768 1280t271.5-112.5T1152 896zm128 0q0 212-150 362t-362 150-362-150-150-362 150-362 362-150 362 150 150 362zm128 0q0-130-51-248.5t-136.5-204-204-136.5T768 256t-248.5 51-204 136.5-136.5 204T128 896t51 248.5 136.5 204 204 136.5 248.5 51 248.5-51 204-136.5 136.5-204 51-248.5zm128 0q0 209-103 385.5T1153.5 1561 768 1664t-385.5-103T103 1281.5 0 896t103-385.5T382.5 231 768 128t385.5 103T1433 510.5 1536 896z\"><\/path>\n    <\/svg><\/span><\/div>\n                <div data-colibri-id=\"3971-c26\" class=\"h-global-transition-all h-heading style-2165 style-local-3971-c26 position-relative h-element\">\n                  <!---->\n                  <div class=\"h-heading__outer style-2165 style-local-3971-c26\">\n                    <!---->\n                    <!---->\n                    <h5 class=\"\">UAEM-Unidade de Apoio Especializado em Multidefici\u00eancia<\/h5>\n                  <\/div>\n                <\/div>\n                <div data-colibri-id=\"3971-c27\" class=\"h-text h-text-component style-2166 style-local-3971-c27 position-relative h-element\">\n                  <!---->\n                  <!---->\n                  <div class=\"\">\n                    <h5>Angelina Camarinha<\/h5>\n                    <p>A <strong>Unidade de Multidefici\u00eancia<\/strong> constitui uma das respostas educativas especializadas, no \u00e2mbito da educa\u00e7\u00e3o inclusiva, enquadrada pelo Decreto-Lei 54\/2008, que estabelece o regime jur\u00eddico da educa\u00e7\u00e3o inclusiva em Portugal.<\/p>\n                  <\/div>\n                <\/div>\n                <div data-colibri-id=\"3971-c28\" class=\"h-x-container style-2167 style-local-3971-c28 position-relative h-element\">\n                  <!---->\n                  <div class=\"h-x-container-inner style-dynamic-3971-c28-group style-2167-spacing style-local-3971-c28-spacing\"><span class=\"h-link__outer style-2168-outer style-local-3971-c29-outer d-inline-flex h-element\"><a h-use-smooth-scroll=\"true\" href=\"https:\/\/www.aecoimbracentro.pt\/on\/?page_id=4920\"  data-colibri-id=\"3971-c29\" class=\"d-flex w-100 align-items-center h-link style-2168 style-local-3971-c29 position-relative\"><!----><!----> <span>Saber mais&#8230;<\/span>                    <span class=\"h-svg-icon h-link__icon style-2168-icon style-local-3971-c29-icon\"><!--Icon by Icons8 Line Awesome (https:\/\/icons8.com\/line-awesome)--><svg version=\"1.1\" xmlns=\"http:\/\/www.w3.org\/2000\/svg\" xmlns:xlink=\"http:\/\/www.w3.org\/1999\/xlink\" id=\"angle-double-right\" viewBox=\"0 0 512 545.5\"><path d=\"M145.5 108.5l168 168L325 288l-11.5 11.5-168 168-22.5-23L279.5 288 123 131.5zm112 0l168 168L437 288l-11.5 11.5-168 168-22.5-23L391.5 288 235 131.5z\"><\/path><\/svg><\/span><\/a>\n                    <\/span>\n                  <\/div>\n                <\/div>\n              <\/div>\n            <\/div>\n          <\/div>\n          <div class=\"h-column h-column-container d-flex h-col-lg-4 h-col-md-4 h-col-12 style-2163-outer style-local-3971-c30-outer\">\n            <div data-colibri-id=\"3971-c30\" class=\"d-flex h-flex-basis h-column__inner h-px-lg-3 h-px-md-3 h-px-2 v-inner-lg-3 v-inner-md-3 v-inner-2 style-2163 style-local-3971-c30 position-relative\">\n              <!---->\n              <!---->\n              <div class=\"w-100 h-y-container h-column__content h-column__v-align flex-basis-100 align-self-lg-start align-self-md-start align-self-start\">\n                <!---->\n                <div data-colibri-id=\"3971-c31\" class=\"h-icon style-2769 style-local-3971-c31 position-relative h-element\">\n                  <!----><span class=\"h-svg-icon h-icon__icon style-2769-icon style-local-3971-c31-icon\"><!--Icon by Font Awesome (https:\/\/fontawesome.com)-->\n    <svg version=\"1.1\" xmlns=\"http:\/\/www.w3.org\/2000\/svg\" xmlns:xlink=\"http:\/\/www.w3.org\/1999\/xlink\" id=\"puzzle-piece\" viewBox=\"0 0 1664 1896.0833\">\n      <path d=\"M1664 1098q0 81-44.5 135t-123.5 54q-41 0-77.5-17.5t-59-38-56.5-38-71-17.5q-110 0-110 124 0 39 16 115t15 115v5q-22 0-33 1-34 3-97.5 11.5T907 1561t-98 5q-61 0-103-26.5t-42-83.5q0-37 17.5-71t38-56.5 38-59T775 1192q0-79-54-123.5T586 1024q-84 0-143 45.5T384 1197q0 43 15 83t33.5 64.5 33.5 53 15 50.5q0 45-46 89-37 35-117 35-95 0-245-24-9-2-27.5-4t-27.5-4l-13-2q-1 0-3-1-2 0-2-1V512q2 1 17.5 3.5t34 5T73 524q150 24 245 24 80 0 117-35 46-44 46-89 0-22-15-50.5t-33.5-53T399 256t-15-83q0-82 59-127.5T587 0q80 0 134 44.5T775 168q0 41-17.5 77.5t-38 59-38 56.5-17.5 71q0 57 42 83.5T809 542q64 0 180-15t163-17v2q-1 2-3.5 17.5t-5 34-3.5 21.5q-24 150-24 245 0 80 35 117 44 46 89 46 22 0 50.5-15t53-33.5T1408 911t83-15q82 0 127.5 59t45.5 143z\"><\/path>\n    <\/svg><\/span><\/div>\n                <div data-colibri-id=\"3971-c32\" class=\"h-global-transition-all h-heading style-2770 style-local-3971-c32 position-relative h-element\">\n                  <!---->\n                  <div class=\"h-heading__outer style-2770 style-local-3971-c32\">\n                    <!---->\n                    <!---->\n                    <h5 class=\"\">UEE-Unidade de Ensino Estruturado<\/h5>\n                  <\/div>\n                <\/div>\n                <div data-colibri-id=\"3971-c33\" class=\"h-text h-text-component style-2771 style-local-3971-c33 position-relative h-element\">\n                  <!---->\n                  <!---->\n                  <div class=\"\">\n                    <p>Jo\u00e3o Mar\u00e7al e Filipe Fernandes<\/p>\n                    <p>No \u00e2mbito do Decreto-Lei n.\u00ba 54\/2018, de 6 de julho a escola p\u00fablica assume-se como um lugar de todos e para todos. Neste contexto, o Centro de Apoio \u00e0 Aprendizagem (CAA) n\u00e3o \u00e9 um espa\u00e7o fechado, mas sim uma estrutura din\u00e2mica de apoio\n                      \u00e0 inclus\u00e3o. Do CAA emergem diferentes val\u00eancias, que se autonomizam e articulam entre si na procura da resposta mais adequada para o potencial de cada aluno em particular. Enquanto val\u00eancia do CAA, a Unidade de Ensino Estruturado\n                      (UEE) desempenha um papel fundamental na promo\u00e7\u00e3o da equidade e no sucesso educativo.<\/p>\n                  <\/div>\n                <\/div>\n                <div data-colibri-id=\"3971-c34\" class=\"h-x-container style-2772 style-local-3971-c34 position-relative h-element\">\n                  <!---->\n                  <div class=\"h-x-container-inner style-dynamic-3971-c34-group style-2772-spacing style-local-3971-c34-spacing\"><span class=\"h-link__outer style-2773-outer style-local-3971-c35-outer d-inline-flex h-element\"><a h-use-smooth-scroll=\"true\" href=\"https:\/\/www.aecoimbracentro.pt\/on\/?page_id=5422\"  data-colibri-id=\"3971-c35\" class=\"d-flex w-100 align-items-center h-link style-2773 style-local-3971-c35 position-relative\"><!----><!----> <span>Saber mais&#8230;<\/span>                    <span class=\"h-svg-icon h-link__icon style-2773-icon style-local-3971-c35-icon\"><!--Icon by Icons8 Line Awesome (https:\/\/icons8.com\/line-awesome)--><svg version=\"1.1\" xmlns=\"http:\/\/www.w3.org\/2000\/svg\" xmlns:xlink=\"http:\/\/www.w3.org\/1999\/xlink\" id=\"angle-double-right\" viewBox=\"0 0 512 545.5\"><path d=\"M145.5 108.5l168 168L325 288l-11.5 11.5-168 168-22.5-23L279.5 288 123 131.5zm112 0l168 168L437 288l-11.5 11.5-168 168-22.5-23L391.5 288 235 131.5z\"><\/path><\/svg><\/span><\/a>\n                    <\/span>\n                  <\/div>\n                <\/div>\n              <\/div>\n            <\/div>\n          <\/div>\n          <div class=\"h-column h-column-container d-flex h-col-lg-4 h-col-md-4 h-col-12 style-2163-outer style-local-3971-c36-outer\">\n            <div data-colibri-id=\"3971-c36\" class=\"d-flex h-flex-basis h-column__inner h-ui-empty-state-container h-px-lg-3 h-px-md-3 h-px-2 v-inner-lg-3 v-inner-md-3 v-inner-2 style-2163 style-local-3971-c36 position-relative\">\n              <!---->\n              <!---->\n              <div class=\"w-100 h-y-container h-column__content h-column__v-align flex-basis-100\">\n                <!---->\n              <\/div>\n            <\/div>\n          <\/div>\n        <\/div>\n      <\/div>\n    <\/div>\n  <\/div>\n<\/div>","protected":false},"excerpt":{"rendered":"<p>Baixa vis\u00e3o Jos\u00e9 Fernando O Decreto-Lei n.\u00ba 54, parte do princ\u00edpio em que [&hellip;]<\/p>\n","protected":false},"author":21,"featured_media":0,"parent":0,"menu_order":0,"comment_status":"closed","ping_status":"closed","template":"page-templates\/full-width-page.php","meta":{"footnotes":""},"class_list":["post-3971","page","type-page","status-publish","hentry"],"_links":{"self":[{"href":"https:\/\/www.aecoimbracentro.pt\/on\/index.php?rest_route=\/wp\/v2\/pages\/3971","targetHints":{"allow":["GET"]}}],"collection":[{"href":"https:\/\/www.aecoimbracentro.pt\/on\/index.php?rest_route=\/wp\/v2\/pages"}],"about":[{"href":"https:\/\/www.aecoimbracentro.pt\/on\/index.php?rest_route=\/wp\/v2\/types\/page"}],"author":[{"embeddable":true,"href":"https:\/\/www.aecoimbracentro.pt\/on\/index.php?rest_route=\/wp\/v2\/users\/21"}],"replies":[{"embeddable":true,"href":"https:\/\/www.aecoimbracentro.pt\/on\/index.php?rest_route=%2Fwp%2Fv2%2Fcomments&post=3971"}],"version-history":[{"count":20,"href":"https:\/\/www.aecoimbracentro.pt\/on\/index.php?rest_route=\/wp\/v2\/pages\/3971\/revisions"}],"predecessor-version":[{"id":5434,"href":"https:\/\/www.aecoimbracentro.pt\/on\/index.php?rest_route=\/wp\/v2\/pages\/3971\/revisions\/5434"}],"wp:attachment":[{"href":"https:\/\/www.aecoimbracentro.pt\/on\/index.php?rest_route=%2Fwp%2Fv2%2Fmedia&parent=3971"}],"curies":[{"name":"wp","href":"https:\/\/api.w.org\/{rel}","templated":true}]}}