{"id":4119,"date":"2026-02-10T11:25:16","date_gmt":"2026-02-10T11:25:16","guid":{"rendered":"https:\/\/www.aecoimbracentro.pt\/on\/?page_id=4119"},"modified":"2026-02-18T20:00:49","modified_gmt":"2026-02-18T20:00:49","slug":"quadro-eqavet-2","status":"publish","type":"page","link":"https:\/\/www.aecoimbracentro.pt\/on\/?page_id=4119","title":{"rendered":"EQAVET"},"content":{"rendered":"<div data-colibri-id=\"4119-c1\" class=\"style-2213 style-local-4119-c1 position-relative\">\n  <!---->\n  <div data-colibri-component=\"section\" data-colibri-id=\"4119-c2\" id=\"about\" class=\"h-section h-section-global-spacing d-flex align-items-lg-center align-items-md-center align-items-center style-2236 style-local-4119-c2 position-relative\">\n    <!---->\n    <!---->\n    <div class=\"h-section-grid-container h-section-boxed-container\">\n      <!---->\n      <div data-colibri-id=\"4119-c3\" class=\"h-row-container gutters-row-lg-2 gutters-row-md-2 gutters-row-2 gutters-row-v-lg-2 gutters-row-v-md-2 gutters-row-v-2 style-2237 style-local-4119-c3 position-relative\">\n        <!---->\n        <div class=\"h-row justify-content-lg-center justify-content-md-center justify-content-center align-items-lg-stretch align-items-md-stretch align-items-stretch gutters-col-lg-2 gutters-col-md-2 gutters-col-2 gutters-col-v-lg-2 gutters-col-v-md-2 gutters-col-v-2\">\n          <!---->\n          <div class=\"h-column h-column-container d-flex h-col-lg-auto h-col-md-auto h-col-auto style-2238-outer style-local-4119-c4-outer\">\n            <div data-colibri-id=\"4119-c4\" class=\"d-flex h-flex-basis h-column__inner h-px-lg-2 h-px-md-2 h-px-2 v-inner-lg-2 v-inner-md-2 v-inner-2 style-2238 style-local-4119-c4 position-relative\">\n              <!---->\n              <!---->\n              <div class=\"w-100 h-y-container h-column__content h-column__v-align flex-basis-100 align-self-lg-center align-self-md-center align-self-center\">\n                <!---->\n                <div data-colibri-id=\"4119-c5\" class=\"h-global-transition-all h-heading style-2239 style-local-4119-c5 position-relative h-element\">\n                  <!---->\n                  <div class=\"h-heading__outer style-2239 style-local-4119-c5\">\n                    <!---->\n                    <!---->\n                    <h5 class=\"\">AECC<\/h5>\n                  <\/div>\n                <\/div>\n                <div data-colibri-id=\"4119-c6\" class=\"h-global-transition-all h-heading style-2240 style-local-4119-c6 position-relative h-element\">\n                  <!---->\n                  <div class=\"h-heading__outer style-2240 style-local-4119-c6\">\n                    <!---->\n                    <!---->\n                    <h2 class=\"\">EQAVET <em style=\"color: rgb(247, 144, 7); font-family: &quot;Playfair Display&quot;;\">selo de conformidade<\/em><\/h2>\n                  <\/div>\n                <\/div>\n                <div data-colibri-id=\"4119-c7\" class=\"h-text h-text-component style-2241 style-local-4119-c7 position-relative h-element\">\n                  <!---->\n                  <!---->\n                  <div class=\"\">\n                    <p>O EQAVET (Quadro de Refer\u00eancia Europeu de Garantia da Qualidade para o Ensino e a Forma\u00e7\u00e3o Profissionais)&nbsp;\u00e9 um instrumento volunt\u00e1rio que apoia a melhoria cont\u00ednua da qualidade no ensino profissional. Baseia-se num ciclo de quatro\n                      fases\u2014planear, implementar, avaliar e rever\u2014para monitorizar e aumentar a efic\u00e1cia da EFP, promovendo a empregabilidade, mobilidade e o alinhamento de compet\u00eancias.&nbsp;<\/p>\n                    <p><strong>Principais Aspetos do EQAVET:<\/strong><\/p>\n                    <ul>\n                      <li><strong>Ciclo de Qualidade:<\/strong>&nbsp;Envolve o planeamento de metas, implementa\u00e7\u00e3o de procedimentos, avalia\u00e7\u00e3o de resultados e revis\u00e3o para melhoria.<\/li>\n                      <li><strong>Objetivos:<\/strong>&nbsp;Visa refor\u00e7ar a confian\u00e7a m\u00fatua entre sistemas de EFP, facilitar a mobilidade de jovens e adultos e assegurar a qualidade da oferta formativa.<\/li>\n                      <li><strong>Indicadores:<\/strong>&nbsp;Utiliza indicadores de qualidade (como taxa de empregabilidade, participa\u00e7\u00e3o e conclus\u00e3o) para monitorizar o desempenho.<\/li>\n                      <li><strong>Certifica\u00e7\u00e3o:<\/strong>&nbsp;Em Portugal, a ANQEP \u00e9 respons\u00e1vel pela verifica\u00e7\u00e3o de conformidade e atribui\u00e7\u00e3o do Selo de Conformidade EQAVET aos operadores de EFP.<\/li>\n                      <li><strong>Melhoria Cont\u00ednua:<\/strong>&nbsp;Promove a autoavalia\u00e7\u00e3o sistem\u00e1tica e avalia\u00e7\u00f5es externas, envolvendo stakeholders internos e externos para aumentar a efici\u00eancia da gest\u00e3o escolar.&nbsp;<\/li>\n                    <\/ul>\n                    <p>O EQAVET assegura que a forma\u00e7\u00e3o profissional responde \u00e0s necessidades do mercado de trabalho, com foco na justi\u00e7a social e na sustentabilidade.&nbsp;<\/p>\n                    <p>\n                      <br>\n                    <\/p>\n                    <p>\n                      <br>\n                    <\/p>\n                    <p>\n                      <br>\n                    <\/p>\n                    <p>\n                      <br>\n                    <\/p>\n                  <\/div>\n                <\/div>\n              <\/div>\n            <\/div>\n          <\/div>\n          <div class=\"h-column h-column-container d-flex h-col-lg-auto h-col-md-auto h-col-auto style-2244-outer style-local-4119-c8-outer\">\n            <div data-colibri-id=\"4119-c8\" class=\"d-flex h-flex-basis h-column__inner h-px-lg-2 h-px-md-2 h-px-2 v-inner-lg-2 v-inner-md-2 v-inner-2 style-2244 style-local-4119-c8 position-relative\">\n              <!---->\n              <!---->\n              <div class=\"w-100 h-y-container h-column__content h-column__v-align flex-basis-100 align-self-lg-start align-self-md-start align-self-start\">\n                <!---->\n                <div data-colibri-id=\"4119-c9\" class=\"d-block style-2245 style-local-4119-c9 position-relative h-element\">\n                  <!---->\n                  <div class=\"h-image__frame-container-outer\">\n                    <div class=\"h-image__frame-container\">\n                      <!---->\n                      <!---->\n                      <img loading=\"lazy\" decoding=\"async\" width=\"600\" height=\"600\" src=\"https:\/\/www.aecoimbracentro.pt\/on\/wp-content\/uploads\/2026\/02\/Imagem_EQAVET.png\" class=\"wp-image-4155 style-2245-image style-local-4119-c9-image\" alt=\"\" srcset=\"https:\/\/www.aecoimbracentro.pt\/on\/wp-content\/uploads\/2026\/02\/Imagem_EQAVET.png 600w, https:\/\/www.aecoimbracentro.pt\/on\/wp-content\/uploads\/2026\/02\/Imagem_EQAVET-300x300.png 300w, https:\/\/www.aecoimbracentro.pt\/on\/wp-content\/uploads\/2026\/02\/Imagem_EQAVET-150x150.png 150w\" sizes=\"auto, (max-width: 600px) 100vw, 600px\" \/>\n                      <div class=\"h-image__frame h-hide-sm style-2245-frameImage style-local-4119-c9-frameImage\"><\/div>\n                    <\/div>\n                  <\/div>\n                <\/div>\n                <div data-colibri-id=\"4119-c10\" class=\"d-block style-2399 style-local-4119-c10 position-relative h-element\">\n                  <!---->\n                  <div class=\"h-image__frame-container-outer\">\n                    <div class=\"h-image__frame-container\">\n                      <!---->\n                      <!---->\n                      <img loading=\"lazy\" decoding=\"async\" width=\"718\" height=\"538\" src=\"https:\/\/www.aecoimbracentro.pt\/on\/wp-content\/uploads\/2026\/02\/EQAVET_SELO.jpg\" class=\"wp-image-4460 style-2399-image style-local-4119-c10-image\" alt=\"\" srcset=\"https:\/\/www.aecoimbracentro.pt\/on\/wp-content\/uploads\/2026\/02\/EQAVET_SELO.jpg 718w, https:\/\/www.aecoimbracentro.pt\/on\/wp-content\/uploads\/2026\/02\/EQAVET_SELO-300x225.jpg 300w\" sizes=\"auto, (max-width: 718px) 100vw, 718px\" \/>\n                      <div class=\"h-image__frame h-hide-lg h-hide-md h-hide-sm style-2399-frameImage style-local-4119-c10-frameImage\"><\/div>\n                    <\/div>\n                  <\/div>\n                <\/div>\n              <\/div>\n            <\/div>\n          <\/div>\n        <\/div>\n      <\/div>\n    <\/div>\n  <\/div>\n  <div data-colibri-component=\"section\" data-colibri-id=\"4119-c11\" id=\"custom-3\" class=\"h-section h-section-global-spacing d-flex align-items-lg-center align-items-md-center align-items-center style-2568 style-local-4119-c11 position-relative\">\n    <!---->\n    <!---->\n    <div class=\"h-section-grid-container h-section-boxed-container\">\n      <!---->\n      <div data-colibri-id=\"4119-c12\" class=\"h-row-container gutters-row-lg-2 gutters-row-md-2 gutters-row-0 gutters-row-v-lg-2 gutters-row-v-md-2 gutters-row-v-2 style-2569 style-local-4119-c12 position-relative\">\n        <!---->\n        <div class=\"h-row justify-content-lg-center justify-content-md-center justify-content-center align-items-lg-stretch align-items-md-stretch align-items-stretch gutters-col-lg-2 gutters-col-md-2 gutters-col-0 gutters-col-v-lg-2 gutters-col-v-md-2 gutters-col-v-2\">\n          <!---->\n          <div class=\"h-column h-column-container d-flex h-col-lg-auto h-col-md-auto h-col-auto style-2570-outer style-local-4119-c13-outer\">\n            <div data-colibri-id=\"4119-c13\" class=\"d-flex h-flex-basis h-column__inner h-px-lg-2 h-px-md-2 h-px-2 v-inner-lg-2 v-inner-md-2 v-inner-2 style-2570 style-local-4119-c13 position-relative\">\n              <!---->\n              <!---->\n              <div class=\"w-100 h-y-container h-column__content h-column__v-align flex-basis-100 align-self-lg-start align-self-md-start align-self-start\">\n                <!---->\n                <div data-colibri-id=\"4119-c14\" class=\"h-x-container style-2395 style-local-4119-c14 position-relative h-element\">\n                  <!---->\n                  <div class=\"h-x-container-inner style-dynamic-4119-c14-group style-2395-spacing style-local-4119-c14-spacing\"><span class=\"h-button__outer style-2396-outer style-local-4119-c15-outer d-inline-flex h-element\"><a h-use-smooth-scroll=\"true\" href=\"https:\/\/www.youtube.com\/playlist?list=PL6fNLrduRfBBQePb6WZOzHwkDtdUk-kx5\" target=\"_blank\"  data-colibri-id=\"4119-c15\" class=\"d-flex w-100 align-items-center h-button justify-content-lg-center justify-content-md-center justify-content-center style-2396 style-local-4119-c15 position-relative\"><!----><!----> <span>EQAVET Play List<\/span><\/a>\n                    <\/span>\n                  <\/div>\n                <\/div>\n              <\/div>\n            <\/div>\n          <\/div>\n          <div class=\"h-column h-column-container d-flex h-col-lg-auto h-col-md-auto h-col-auto style-2571-outer style-local-4119-c16-outer\">\n            <div data-colibri-id=\"4119-c16\" class=\"d-flex h-flex-basis h-column__inner h-px-lg-2 h-px-md-2 h-px-2 v-inner-lg-2 v-inner-md-2 v-inner-2 style-2571 style-local-4119-c16 position-relative\">\n              <!---->\n              <!---->\n              <div class=\"w-100 h-y-container h-column__content h-column__v-align flex-basis-100 align-self-lg-start align-self-md-start align-self-start\">\n                <!---->\n                <div data-colibri-id=\"4119-c17\" class=\"h-x-container style-2242 style-local-4119-c17 position-relative h-element\">\n                  <!---->\n                  <div class=\"h-x-container-inner style-dynamic-4119-c17-group style-2242-spacing style-local-4119-c17-spacing\"><span class=\"h-button__outer style-2243-outer style-local-4119-c18-outer d-inline-flex h-element\"><a h-use-smooth-scroll=\"true\" href=\"https:\/\/agecoimbracentro-my.sharepoint.com\/:f:\/g\/personal\/webaecc_aecoimbracentro_pt\/IgB0mRB7qWBdSZJWhM_3-U_qATndrOXqdTo7YyGY5jjFLpg?e=C0tDJ9\" target=\"_blank\"  data-colibri-id=\"4119-c18\" class=\"d-flex w-100 align-items-center h-button justify-content-lg-center justify-content-md-center justify-content-center style-2243 style-local-4119-c18 position-relative\"><!----><!----> <span>Drive EQAVET (clicar aqui)<\/span><\/a>\n                    <\/span>\n                  <\/div>\n                <\/div>\n              <\/div>\n            <\/div>\n          <\/div>\n          <div class=\"h-column h-column-container d-flex h-col-lg-auto h-col-md-auto h-col-auto style-2572-outer style-local-4119-c19-outer\">\n            <div data-colibri-id=\"4119-c19\" class=\"d-flex h-flex-basis h-column__inner h-px-lg-2 h-px-md-2 h-px-2 v-inner-lg-2 v-inner-md-2 v-inner-2 style-2572 style-local-4119-c19 position-relative\">\n              <!---->\n              <!---->\n              <div class=\"w-100 h-y-container h-column__content h-column__v-align flex-basis-100 align-self-lg-start align-self-md-start align-self-start\">\n                <!---->\n                <div data-colibri-id=\"4119-c20\" class=\"d-block style-2559 style-local-4119-c20 position-relative h-element\">\n                  <!---->\n                  <div class=\"h-image__frame-container-outer\">\n                    <div class=\"h-image__frame-container\">\n                      <!---->\n                      <!---->\n                      <img loading=\"lazy\" decoding=\"async\" width=\"157\" height=\"157\" src=\"https:\/\/www.aecoimbracentro.pt\/on\/wp-content\/uploads\/2026\/02\/cropped-imagem_2026-02-14_122650792.png\" class=\"wp-image-4603 style-2559-image style-local-4119-c20-image\" alt=\"\" srcset=\"https:\/\/www.aecoimbracentro.pt\/on\/wp-content\/uploads\/2026\/02\/cropped-imagem_2026-02-14_122650792.png 157w, https:\/\/www.aecoimbracentro.pt\/on\/wp-content\/uploads\/2026\/02\/cropped-imagem_2026-02-14_122650792-150x150.png 150w\" sizes=\"auto, (max-width: 157px) 100vw, 157px\" \/>\n                      <div class=\"h-image__frame h-hide-lg h-hide-md h-hide-sm style-2559-frameImage style-local-4119-c20-frameImage\"><\/div>\n                    <\/div>\n                  <\/div>\n                <\/div>\n                <div data-colibri-id=\"4119-c21\" class=\"h-x-container style-2579 style-local-4119-c21 position-relative h-element\">\n                  <!---->\n                  <div class=\"h-x-container-inner style-dynamic-4119-c21-group style-2579-spacing style-local-4119-c21-spacing\"><span class=\"h-link__outer style-2580-outer style-local-4119-c22-outer d-inline-flex h-element\"><a h-use-smooth-scroll=\"true\" href=\"https:\/\/padlet.com\/padlets\/qp9wugp15ikxu6f4\"  data-colibri-id=\"4119-c22\" class=\"d-flex w-100 align-items-center h-link style-2580 style-local-4119-c22 position-relative\"><!----><!----> <span>link Padlet AECC Cursos Profissionais<\/span><\/a>\n                    <\/span>\n                  <\/div>\n                <\/div>\n              <\/div>\n            <\/div>\n          <\/div>\n          <div class=\"h-column h-column-container d-flex h-col-lg-auto h-col-md-auto h-col-auto style-2573-outer style-local-4119-c23-outer\">\n            <div data-colibri-id=\"4119-c23\" class=\"d-flex h-flex-basis h-column__inner h-px-lg-2 h-px-md-2 h-px-2 v-inner-lg-2 v-inner-md-2 v-inner-2 style-2573 style-local-4119-c23 position-relative\">\n              <!---->\n              <!---->\n              <div class=\"w-100 h-y-container h-column__content h-column__v-align flex-basis-100 align-self-lg-start align-self-md-start align-self-start\">\n                <!---->\n                <div data-colibri-id=\"4119-c24\" class=\"h-x-container style-2557 style-local-4119-c24 position-relative h-element\">\n                  <!---->\n                  <div class=\"h-x-container-inner style-dynamic-4119-c24-group style-2557-spacing style-local-4119-c24-spacing\"><span class=\"h-button__outer style-2558-outer style-local-4119-c25-outer d-inline-flex h-element\"><a h-use-smooth-scroll=\"true\" href=\"https:\/\/www.aecoimbracentro.pt\/on\/?page_id=236\" target=\"_blank\"  data-colibri-id=\"4119-c25\" class=\"d-flex w-100 align-items-center h-button justify-content-lg-center justify-content-md-center justify-content-center style-2558 style-local-4119-c25 position-relative\"><!----><!----> <span>Oferta Formativa<\/span><\/a>\n                    <\/span>\n                  <\/div>\n                <\/div>\n              <\/div>\n            <\/div>\n          <\/div>\n        <\/div>\n      <\/div>\n    <\/div>\n  <\/div>\n  <div data-colibri-component=\"section\" data-colibri-id=\"4119-c31\" id=\"custom\" class=\"h-section h-section-global-spacing d-flex align-items-lg-center align-items-md-center align-items-center style-2622 style-local-4119-c31 position-relative\">\n    <!---->\n    <!---->\n    <div class=\"h-section-grid-container h-section-boxed-container\">\n      <!---->\n      <div data-colibri-id=\"4119-c32\" class=\"h-row-container gutters-row-lg-2 gutters-row-md-2 gutters-row-0 gutters-row-v-lg-2 gutters-row-v-md-2 gutters-row-v-2 style-2623 style-local-4119-c32 position-relative\">\n        <!---->\n        <div class=\"h-row justify-content-lg-center justify-content-md-center justify-content-center align-items-lg-stretch align-items-md-stretch align-items-stretch gutters-col-lg-2 gutters-col-md-2 gutters-col-0 gutters-col-v-lg-2 gutters-col-v-md-2 gutters-col-v-2\">\n          <!---->\n          <div class=\"h-column h-column-container d-flex h-col-lg-auto h-col-md-auto h-col-auto style-2624-outer style-local-4119-c33-outer\">\n            <div data-colibri-id=\"4119-c33\" class=\"d-flex h-flex-basis h-column__inner h-px-lg-2 h-px-md-2 h-px-2 v-inner-lg-2 v-inner-md-2 v-inner-2 style-2624 style-local-4119-c33 position-relative\">\n              <!---->\n              <!---->\n              <div class=\"w-100 h-y-container h-column__content h-column__v-align flex-basis-100 align-self-lg-start align-self-md-start align-self-start\">\n                <!---->\n                <div data-colibri-id=\"4119-c37\" class=\"h-x-container style-2628 style-local-4119-c37 position-relative h-element\">\n                  <!---->\n                  <div class=\"h-x-container-inner style-dynamic-4119-c37-group style-2628-spacing style-local-4119-c37-spacing\"><span class=\"h-button__outer style-2629-outer style-local-4119-c38-outer d-inline-flex h-element\"><a h-use-smooth-scroll=\"true\" href=\"https:\/\/www.aecoimbracentro.pt\/on\/?tag=eqavet\"  data-colibri-id=\"4119-c38\" class=\"d-flex w-100 align-items-center h-button justify-content-lg-center justify-content-md-center justify-content-center style-2629 style-local-4119-c38 position-relative\"><!----><!----> <span>Post EQAVET<\/span><\/a>\n                    <\/span>\n                  <\/div>\n                <\/div>\n              <\/div>\n            <\/div>\n          <\/div>\n          <div class=\"h-column h-column-container d-flex h-col-lg-auto h-col-md-auto h-col-auto style-2625-outer style-local-4119-c34-outer\">\n            <div data-colibri-id=\"4119-c34\" class=\"d-flex h-flex-basis h-column__inner h-ui-empty-state-container h-px-lg-2 h-px-md-2 h-px-2 v-inner-lg-2 v-inner-md-2 v-inner-2 style-2625 style-local-4119-c34 position-relative\">\n              <!---->\n              <!---->\n              <div class=\"w-100 h-y-container h-column__content h-column__v-align flex-basis-100\">\n                <!---->\n              <\/div>\n            <\/div>\n          <\/div>\n          <div class=\"h-column h-column-container d-flex h-col-lg-auto h-col-md-auto h-col-auto style-2626-outer style-local-4119-c35-outer\">\n            <div data-colibri-id=\"4119-c35\" class=\"d-flex h-flex-basis h-column__inner h-ui-empty-state-container h-px-lg-2 h-px-md-2 h-px-2 v-inner-lg-2 v-inner-md-2 v-inner-2 style-2626 style-local-4119-c35 position-relative\">\n              <!---->\n              <!---->\n              <div class=\"w-100 h-y-container h-column__content h-column__v-align flex-basis-100\">\n                <!---->\n              <\/div>\n            <\/div>\n          <\/div>\n          <div class=\"h-column h-column-container d-flex h-col-lg-auto h-col-md-auto h-col-auto style-2627-outer style-local-4119-c36-outer\">\n            <div data-colibri-id=\"4119-c36\" class=\"d-flex h-flex-basis h-column__inner h-ui-empty-state-container h-px-lg-2 h-px-md-2 h-px-2 v-inner-lg-2 v-inner-md-2 v-inner-2 style-2627 style-local-4119-c36 position-relative\">\n              <!---->\n              <!---->\n              <div class=\"w-100 h-y-container h-column__content h-column__v-align flex-basis-100\">\n                <!---->\n              <\/div>\n            <\/div>\n          <\/div>\n        <\/div>\n      <\/div>\n    <\/div>\n  <\/div>\n<\/div>","protected":false},"excerpt":{"rendered":"<p>AECC EQAVET selo de conformidade O EQAVET (Quadro de Refer\u00eancia Europeu de Garantia [&hellip;]<\/p>\n","protected":false},"author":21,"featured_media":0,"parent":0,"menu_order":0,"comment_status":"closed","ping_status":"closed","template":"page-templates\/full-width-page.php","meta":{"footnotes":""},"class_list":["post-4119","page","type-page","status-publish","hentry"],"_links":{"self":[{"href":"https:\/\/www.aecoimbracentro.pt\/on\/index.php?rest_route=\/wp\/v2\/pages\/4119","targetHints":{"allow":["GET"]}}],"collection":[{"href":"https:\/\/www.aecoimbracentro.pt\/on\/index.php?rest_route=\/wp\/v2\/pages"}],"about":[{"href":"https:\/\/www.aecoimbracentro.pt\/on\/index.php?rest_route=\/wp\/v2\/types\/page"}],"author":[{"embeddable":true,"href":"https:\/\/www.aecoimbracentro.pt\/on\/index.php?rest_route=\/wp\/v2\/users\/21"}],"replies":[{"embeddable":true,"href":"https:\/\/www.aecoimbracentro.pt\/on\/index.php?rest_route=%2Fwp%2Fv2%2Fcomments&post=4119"}],"version-history":[{"count":14,"href":"https:\/\/www.aecoimbracentro.pt\/on\/index.php?rest_route=\/wp\/v2\/pages\/4119\/revisions"}],"predecessor-version":[{"id":4819,"href":"https:\/\/www.aecoimbracentro.pt\/on\/index.php?rest_route=\/wp\/v2\/pages\/4119\/revisions\/4819"}],"wp:attachment":[{"href":"https:\/\/www.aecoimbracentro.pt\/on\/index.php?rest_route=%2Fwp%2Fv2%2Fmedia&parent=4119"}],"curies":[{"name":"wp","href":"https:\/\/api.w.org\/{rel}","templated":true}]}}