{"id":4920,"date":"2026-02-21T15:53:57","date_gmt":"2026-02-21T15:53:57","guid":{"rendered":"https:\/\/www.aecoimbracentro.pt\/on\/?page_id=4920"},"modified":"2026-02-21T15:59:14","modified_gmt":"2026-02-21T15:59:14","slug":"uaem-unidade-de-apoio-especializado-em-multideficiencia","status":"publish","type":"page","link":"https:\/\/www.aecoimbracentro.pt\/on\/?page_id=4920","title":{"rendered":"UAEM &#8211; Unidade de Apoio Especializado em Multidefici\u00eancia"},"content":{"rendered":"<div data-colibri-id=\"4920-c1\" class=\"style-2651 style-local-4920-c1 position-relative\">\n  <!---->\n  <div data-colibri-component=\"section\" data-colibri-id=\"4920-c2\" id=\"about\" class=\"h-section h-section-global-spacing d-flex align-items-lg-center align-items-md-center align-items-center style-2652 style-local-4920-c2 position-relative\">\n    <!---->\n    <!---->\n    <div class=\"h-section-grid-container h-section-boxed-container\">\n      <!---->\n      <div data-colibri-id=\"4920-c3\" class=\"h-row-container gutters-row-lg-2 gutters-row-md-2 gutters-row-2 gutters-row-v-lg-2 gutters-row-v-md-2 gutters-row-v-2 style-2653 style-local-4920-c3 position-relative\">\n        <!---->\n        <div class=\"h-row justify-content-lg-center justify-content-md-center justify-content-center align-items-lg-stretch align-items-md-stretch align-items-stretch gutters-col-lg-2 gutters-col-md-2 gutters-col-2 gutters-col-v-lg-2 gutters-col-v-md-2 gutters-col-v-2\">\n          <!---->\n          <div class=\"h-column h-column-container d-flex h-col-lg-auto h-col-md-auto h-col-auto style-2654-outer style-local-4920-c4-outer\">\n            <div data-colibri-id=\"4920-c4\" class=\"d-flex h-flex-basis h-column__inner h-px-lg-2 h-px-md-2 h-px-2 v-inner-lg-2 v-inner-md-2 v-inner-2 style-2654 style-local-4920-c4 position-relative\">\n              <!---->\n              <!---->\n              <div class=\"w-100 h-y-container h-column__content h-column__v-align flex-basis-100 align-self-lg-center align-self-md-center align-self-center\">\n                <!---->\n                <div data-colibri-id=\"4920-c5\" class=\"h-global-transition-all h-heading style-2655 style-local-4920-c5 position-relative h-element\">\n                  <!---->\n                  <div class=\"h-heading__outer style-2655 style-local-4920-c5\">\n                    <!---->\n                    <!---->\n                    <h5 class=\"\">AECC<\/h5>\n                  <\/div>\n                <\/div>\n                <div data-colibri-id=\"4920-c6\" class=\"h-global-transition-all h-heading style-2656 style-local-4920-c6 position-relative h-element\">\n                  <!---->\n                  <div class=\"h-heading__outer style-2656 style-local-4920-c6\">\n                    <!---->\n                    <!---->\n                    <h2 class=\"\">UAEM &#8211;&nbsp;&nbsp;<em style=\"color: rgb(247, 144, 7); font-family: &quot;Playfair Display&quot;;\">Unidade de Apoio Especializado<\/em> em&nbsp;<em style=\"color: rgb(247, 144, 7); font-family: &quot;Playfair Display&quot;;\">Multidefici\u00eancia<\/em><\/h2>\n                  <\/div>\n                <\/div>\n                <div data-colibri-id=\"4920-c7\" class=\"h-text h-text-component style-2657 style-local-4920-c7 position-relative h-element\">\n                  <!---->\n                  <!---->\n                  <div class=\"\">\n                    <p>A <strong>Unidade de Multidefici\u00eancia<\/strong> constitui uma das respostas educativas especializadas, no \u00e2mbito da educa\u00e7\u00e3o inclusiva, enquadrada pelo Decreto-Lei 54\/2008, que estabelece o regime jur\u00eddico da educa\u00e7\u00e3o inclusiva em Portugal.\n                      Esta val\u00eancia, em funcionamento desde outubro de 2005, na escola B\u00e1sica Poeta Manuel da Silva Gaio, tem constitu\u00eddo uma resposta educativa especializada para alunos cujo desenvolvimento e acesso \u00e0 aprendizagem se encontram gravemente\n                      comprometidos ao n\u00edvel da atividade e participa\u00e7\u00e3o, resultantes da associa\u00e7\u00e3o de limita\u00e7\u00f5es graves ao n\u00edvel cognitivo, motor e\/ou sensorial.<\/p>\n                    <p>O principal objetivo da Unidade de Multidefici\u00eancia \u00e9 promover a participa\u00e7\u00e3o ativa dos alunos no contexto escolar, garantindo o acesso ao curr\u00edculo, o desenvolvimento de compet\u00eancias funcionais e a melhoria da qualidade de vida. <\/p>\n                    <p>A interven\u00e7\u00e3o centra-se no aluno, respeitando o seu ritmo de aprendizagem, as suas capacidades e necessidades espec\u00edficas, numa perspetiva de inclus\u00e3o, equidade e valoriza\u00e7\u00e3o da diversidade. \u00c9 dada \u00eanfase aos aspetos contextuais, fornecendo\n                      o suporte necess\u00e1rio para diminuir a discrep\u00e2ncia existente entre as suas capacidades e as exig\u00eancias do ambiente. A interven\u00e7\u00e3o pedag\u00f3gica desenvolvida na Unidade de Multidefici\u00eancia privilegia a aprendizagem funcional. S\u00e3o implementadas\n                      atividades adaptadas que visam desenvolver compet\u00eancias nas \u00e1reas da comunica\u00e7\u00e3o, motricidade, cogni\u00e7\u00e3o, intera\u00e7\u00e3o social e autonomia pessoal, recorrendo a metodologias diferenciadas, materiais estruturados e recursos educativos\n                      adaptados.<\/p>\n                    <p>O funcionamento da Unidade, integrada no Centro de Apoio \u00e0 Aprendizagem da escola, implica uma forte articula\u00e7\u00e3o entre os diferentes profissionais da equipa multidisciplinar, sendo o trabalho colaborativo essencial para assegurar uma\n                      interven\u00e7\u00e3o coerente, integrada e ajustada \u00e0s necessidades de cada aluno, respeitando as suas rotinas. A Unidade disp\u00f5e de um ambiente educativo seguro, acess\u00edvel e estimulante, que inclui \u00e1reas espec\u00edficas como uma sala sensorial,\n                      espa\u00e7os de trabalho individual e zonas de descanso, de forma a promover o conforto, a regula\u00e7\u00e3o emocional e a aprendizagem.<\/p>\n                  <\/div>\n                <\/div>\n                <div data-colibri-id=\"4920-c8\" class=\"h-x-container style-2658 style-local-4920-c8 position-relative h-element\">\n                  <!---->\n                  <div class=\"h-x-container-inner style-dynamic-4920-c8-group style-2658-spacing style-local-4920-c8-spacing\"><span class=\"h-button__outer style-2659-outer style-local-4920-c9-outer d-inline-flex h-element\"><a h-use-smooth-scroll=\"true\" href=\"https:\/\/www.aecoimbracentro.pt\/on\/?page_id=3971\"  data-colibri-id=\"4920-c9\" class=\"d-flex w-100 align-items-center h-button justify-content-lg-center justify-content-md-center justify-content-center style-2659 style-local-4920-c9 position-relative\"><!----><!----> <span>Voltar&#8230;<\/span><\/a>\n                    <\/span>\n                  <\/div>\n                <\/div>\n              <\/div>\n            <\/div>\n          <\/div>\n          <div class=\"h-column h-column-container d-flex h-col-lg-auto h-col-md-auto h-col-auto style-2660-outer style-local-4920-c10-outer\">\n            <div data-colibri-id=\"4920-c10\" class=\"d-flex h-flex-basis h-column__inner h-px-lg-2 h-px-md-2 h-px-2 v-inner-lg-2 v-inner-md-2 v-inner-2 style-2660 style-local-4920-c10 position-relative\">\n              <!---->\n              <!---->\n              <div class=\"w-100 h-y-container h-column__content h-column__v-align flex-basis-100 align-self-lg-start align-self-md-start align-self-start\">\n                <!---->\n                <div data-colibri-id=\"4920-c11\" class=\"d-block style-2661 style-local-4920-c11 position-relative h-element\">\n                  <!---->\n                  <div class=\"h-image__frame-container-outer\">\n                    <div class=\"h-image__frame-container\">\n                      <!---->\n                      <!---->\n                      <img loading=\"lazy\" decoding=\"async\" width=\"750\" height=\"496\" src=\"https:\/\/www.aecoimbracentro.pt\/on\/wp-content\/uploads\/2026\/02\/autismo.jpg\" class=\"wp-image-4930 style-2661-image style-local-4920-c11-image\" alt=\"\" srcset=\"https:\/\/www.aecoimbracentro.pt\/on\/wp-content\/uploads\/2026\/02\/autismo.jpg 750w, https:\/\/www.aecoimbracentro.pt\/on\/wp-content\/uploads\/2026\/02\/autismo-300x198.jpg 300w\" sizes=\"auto, (max-width: 750px) 100vw, 750px\" \/>\n                      <div class=\"h-image__frame h-hide-sm style-2661-frameImage style-local-4920-c11-frameImage\"><\/div>\n                    <\/div>\n                  <\/div>\n                <\/div>\n              <\/div>\n            <\/div>\n          <\/div>\n        <\/div>\n      <\/div>\n    <\/div>\n  <\/div>\n<\/div>","protected":false},"excerpt":{"rendered":"<p>AECC UAEM &#8211;&nbsp;&nbsp;Unidade de Apoio Especializado em&nbsp;Multidefici\u00eancia A Unidade de Multidefici\u00eancia constitui uma [&hellip;]<\/p>\n","protected":false},"author":1,"featured_media":0,"parent":0,"menu_order":0,"comment_status":"closed","ping_status":"closed","template":"page-templates\/full-width-page.php","meta":{"footnotes":""},"class_list":["post-4920","page","type-page","status-publish","hentry"],"_links":{"self":[{"href":"https:\/\/www.aecoimbracentro.pt\/on\/index.php?rest_route=\/wp\/v2\/pages\/4920","targetHints":{"allow":["GET"]}}],"collection":[{"href":"https:\/\/www.aecoimbracentro.pt\/on\/index.php?rest_route=\/wp\/v2\/pages"}],"about":[{"href":"https:\/\/www.aecoimbracentro.pt\/on\/index.php?rest_route=\/wp\/v2\/types\/page"}],"author":[{"embeddable":true,"href":"https:\/\/www.aecoimbracentro.pt\/on\/index.php?rest_route=\/wp\/v2\/users\/1"}],"replies":[{"embeddable":true,"href":"https:\/\/www.aecoimbracentro.pt\/on\/index.php?rest_route=%2Fwp%2Fv2%2Fcomments&post=4920"}],"version-history":[{"count":3,"href":"https:\/\/www.aecoimbracentro.pt\/on\/index.php?rest_route=\/wp\/v2\/pages\/4920\/revisions"}],"predecessor-version":[{"id":4932,"href":"https:\/\/www.aecoimbracentro.pt\/on\/index.php?rest_route=\/wp\/v2\/pages\/4920\/revisions\/4932"}],"wp:attachment":[{"href":"https:\/\/www.aecoimbracentro.pt\/on\/index.php?rest_route=%2Fwp%2Fv2%2Fmedia&parent=4920"}],"curies":[{"name":"wp","href":"https:\/\/api.w.org\/{rel}","templated":true}]}}