{"id":5061,"date":"2026-02-26T17:41:36","date_gmt":"2026-02-26T17:41:36","guid":{"rendered":"https:\/\/www.aecoimbracentro.pt\/on\/?page_id=5061"},"modified":"2026-02-26T17:47:29","modified_gmt":"2026-02-26T17:47:29","slug":"projeto-brinca-pelo-mundo","status":"publish","type":"page","link":"https:\/\/www.aecoimbracentro.pt\/on\/?page_id=5061","title":{"rendered":"\u201cBRINCA PELO MUNDO\u201d"},"content":{"rendered":"<div data-colibri-id=\"5061-c1\" class=\"style-2702 style-local-5061-c1 position-relative\">\n  <!---->\n  <div data-colibri-component=\"section\" data-colibri-id=\"5061-c16\" id=\"about\" class=\"h-section h-section-global-spacing d-flex align-items-lg-center align-items-md-center align-items-center style-2717 style-local-5061-c16 position-relative\">\n    <!---->\n    <!---->\n    <div class=\"h-section-grid-container h-section-boxed-container\">\n      <!---->\n      <div data-colibri-id=\"5061-c17\" class=\"h-row-container gutters-row-lg-2 gutters-row-md-2 gutters-row-2 gutters-row-v-lg-2 gutters-row-v-md-2 gutters-row-v-2 style-2718 style-local-5061-c17 position-relative\">\n        <!---->\n        <div class=\"h-row justify-content-lg-center justify-content-md-center justify-content-center align-items-lg-stretch align-items-md-stretch align-items-stretch gutters-col-lg-2 gutters-col-md-2 gutters-col-2 gutters-col-v-lg-2 gutters-col-v-md-2 gutters-col-v-2\">\n          <!---->\n          <div class=\"h-column h-column-container d-flex h-col-lg-auto h-col-md-auto h-col-auto style-2719-outer style-local-5061-c18-outer\">\n            <div data-colibri-id=\"5061-c18\" class=\"d-flex h-flex-basis h-column__inner h-px-lg-2 h-px-md-2 h-px-2 v-inner-lg-2 v-inner-md-2 v-inner-2 style-2719 style-local-5061-c18 position-relative\">\n              <!---->\n              <!---->\n              <div class=\"w-100 h-y-container h-column__content h-column__v-align flex-basis-100 align-self-lg-center align-self-md-center align-self-center\">\n                <!---->\n                <div data-colibri-id=\"5061-c19\" class=\"h-global-transition-all h-heading style-2720 style-local-5061-c19 position-relative h-element\">\n                  <!---->\n                  <div class=\"h-heading__outer style-2720 style-local-5061-c19\">\n                    <!---->\n                    <!---->\n                    <h5 class=\"\">AECC<\/h5>\n                  <\/div>\n                <\/div>\n                <div data-colibri-id=\"5061-c20\" class=\"h-global-transition-all h-heading style-2721 style-local-5061-c20 position-relative h-element\">\n                  <!---->\n                  <div class=\"h-heading__outer style-2721 style-local-5061-c20\">\n                    <!---->\n                    <!---->\n                    <h2 class=\"\">Brinca&nbsp;<em style=\"color: rgb(247, 144, 7); font-family: &quot;Playfair Display&quot;;\">pelo<\/em>&nbsp;<em style=\"color: rgb(247, 144, 7); font-family: &quot;Playfair Display&quot;;\">Mundo<\/em>\n                      <br> Escola B\u00e1sica 1.\u00ba Ciclo de Almedina<\/h2>\n                  <\/div>\n                <\/div>\n                <div data-colibri-id=\"5061-c21\" class=\"h-text h-text-component style-2722 style-local-5061-c21 position-relative h-element\">\n                  <!---->\n                  <!---->\n                  <div class=\"\">\n                    <p>O Projeto Brinca pelo Mundo assenta na constru\u00e7\u00e3o e implementa\u00e7\u00e3o de um conjunto de jogos educativos, pedag\u00f3gicos e l\u00fadicos baseados em princ\u00edpios da inclus\u00e3o, interculturalidade e tradi\u00e7\u00f5es de diferentes pa\u00edses representados no agrupamento.\n                      <\/p>\n                    <p>Os jogos, que podem ser de tabuleiro, tradicionais, jogados no exterior e\/ou jogos eletr\u00f3nicos, s\u00e3o um excelente mote para dramatiza\u00e7\u00f5es e reflex\u00f5es, sobre temas concretos e ve\u00edculos de socializa\u00e7\u00e3o e inclus\u00e3o. <\/p>\n                    <p>Sabemos todos que brincar nestas idades, s\u00f3 por si, contribui para unir crian\u00e7as, criar la\u00e7os e partilhar interesses, estimular alegrias e sorrisos e promover a discuss\u00e3o saud\u00e1vel em torno das regras, desafios e resultados dos jogos.\n                      A competi\u00e7\u00e3o \u00e9 saud\u00e1vel desde que se respeitem todos os intervenientes, os resultados obtidos e que os vencedores honrem os vencidos. <\/p>\n                    <p>\n                      <br>\n                    <\/p>\n                    <p>A equipa do projeto Brinca pelo Mundo,<\/p>\n                    <p>Cl\u00e1udia Dias, Jos\u00e9 Fernando Rodrigues e Norberta Canha.<\/p>\n                  <\/div>\n                <\/div>\n                <div data-colibri-id=\"5061-c22\" class=\"h-x-container style-2723 style-local-5061-c22 position-relative h-element\">\n                  <!---->\n                  <div class=\"h-x-container-inner style-dynamic-5061-c22-group style-2723-spacing style-local-5061-c22-spacing\"><span class=\"h-button__outer style-2724-outer style-local-5061-c23-outer d-inline-flex h-element\"><a h-use-smooth-scroll=\"true\" href=\"https:\/\/www.aecoimbracentro.pt\/on\/?page_id=137\"  data-colibri-id=\"5061-c23\" class=\"d-flex w-100 align-items-center h-button justify-content-lg-center justify-content-md-center justify-content-center style-2724 style-local-5061-c23 position-relative\"><!----><!----> <span>Voltar&#8230;<\/span><\/a>\n                    <\/span>\n                  <\/div>\n                <\/div>\n              <\/div>\n            <\/div>\n          <\/div>\n          <div class=\"h-column h-column-container d-flex h-col-lg-auto h-col-md-auto h-col-auto style-2725-outer style-local-5061-c24-outer\">\n            <div data-colibri-id=\"5061-c24\" class=\"d-flex h-flex-basis h-column__inner h-px-lg-2 h-px-md-2 h-px-2 v-inner-lg-2 v-inner-md-2 v-inner-2 style-2725 style-local-5061-c24 position-relative\">\n              <!---->\n              <!---->\n              <div class=\"w-100 h-y-container h-column__content h-column__v-align flex-basis-100 align-self-lg-start align-self-md-start align-self-start\">\n                <!---->\n                <div data-colibri-id=\"5061-c25\" class=\"d-block style-2726 style-local-5061-c25 position-relative h-element\">\n                  <!---->\n                  <div class=\"h-image__frame-container-outer\">\n                    <div class=\"h-image__frame-container\">\n                      <!---->\n                      <!---->\n                      <img loading=\"lazy\" decoding=\"async\" width=\"618\" height=\"348\" src=\"https:\/\/www.aecoimbracentro.pt\/on\/wp-content\/uploads\/2026\/02\/PBrinca.jpg\" class=\"wp-image-5064 style-2726-image style-local-5061-c25-image\" alt=\"\" srcset=\"https:\/\/www.aecoimbracentro.pt\/on\/wp-content\/uploads\/2026\/02\/PBrinca.jpg 618w, https:\/\/www.aecoimbracentro.pt\/on\/wp-content\/uploads\/2026\/02\/PBrinca-300x169.jpg 300w\" sizes=\"auto, (max-width: 618px) 100vw, 618px\" \/>\n                      <div class=\"h-image__frame h-hide-sm style-2726-frameImage style-local-5061-c25-frameImage\"><\/div>\n                    <\/div>\n                  <\/div>\n                <\/div>\n              <\/div>\n            <\/div>\n          <\/div>\n        <\/div>\n      <\/div>\n    <\/div>\n  <\/div>\n<\/div>","protected":false},"excerpt":{"rendered":"<p>AECC Brinca&nbsp;pelo&nbsp;Mundo Escola B\u00e1sica 1.\u00ba Ciclo de Almedina O Projeto Brinca pelo Mundo [&hellip;]<\/p>\n","protected":false},"author":21,"featured_media":0,"parent":0,"menu_order":0,"comment_status":"closed","ping_status":"closed","template":"page-templates\/full-width-page.php","meta":{"footnotes":""},"class_list":["post-5061","page","type-page","status-publish","hentry"],"_links":{"self":[{"href":"https:\/\/www.aecoimbracentro.pt\/on\/index.php?rest_route=\/wp\/v2\/pages\/5061","targetHints":{"allow":["GET"]}}],"collection":[{"href":"https:\/\/www.aecoimbracentro.pt\/on\/index.php?rest_route=\/wp\/v2\/pages"}],"about":[{"href":"https:\/\/www.aecoimbracentro.pt\/on\/index.php?rest_route=\/wp\/v2\/types\/page"}],"author":[{"embeddable":true,"href":"https:\/\/www.aecoimbracentro.pt\/on\/index.php?rest_route=\/wp\/v2\/users\/21"}],"replies":[{"embeddable":true,"href":"https:\/\/www.aecoimbracentro.pt\/on\/index.php?rest_route=%2Fwp%2Fv2%2Fcomments&post=5061"}],"version-history":[{"count":3,"href":"https:\/\/www.aecoimbracentro.pt\/on\/index.php?rest_route=\/wp\/v2\/pages\/5061\/revisions"}],"predecessor-version":[{"id":5071,"href":"https:\/\/www.aecoimbracentro.pt\/on\/index.php?rest_route=\/wp\/v2\/pages\/5061\/revisions\/5071"}],"wp:attachment":[{"href":"https:\/\/www.aecoimbracentro.pt\/on\/index.php?rest_route=%2Fwp%2Fv2%2Fmedia&parent=5061"}],"curies":[{"name":"wp","href":"https:\/\/api.w.org\/{rel}","templated":true}]}}