{"id":5154,"date":"2026-03-04T16:30:19","date_gmt":"2026-03-04T16:30:19","guid":{"rendered":"https:\/\/www.aecoimbracentro.pt\/on\/?page_id=5154"},"modified":"2026-03-19T10:11:06","modified_gmt":"2026-03-19T10:11:06","slug":"exames-nacionais-2026","status":"publish","type":"page","link":"https:\/\/www.aecoimbracentro.pt\/on\/?page_id=5154","title":{"rendered":"Exames Nacionais 2026"},"content":{"rendered":"\n<p><strong>Inscri\u00e7\u00f5es Exames Nacionais&nbsp;<\/strong>&#8211; <strong>Despacho Normativo n.\u00ba 3\/2026<\/strong><\/p>\n\n\n\n<p><strong>Sum\u00e1rio:<\/strong>&nbsp;Aprova o Regulamento das Provas de Avalia\u00e7\u00e3o Externa e das Provas de Equival\u00eancia \u00e0 Frequ\u00eancia dos Ensinos B\u00e1sico e Secund\u00e1rio para os anos letivos de 2025-2026 a 2027-2028 e revoga o Despacho Normativo n.\u00ba 2-A\/2025, de 3 de mar\u00e7o. [<strong><a href=\"https:\/\/www.dge.mec.pt\/sites\/default\/files\/JNE\/despacho_3_2026_de_23_de_fev_2026_regulamento.pdf\" target=\"_blank\" rel=\"noreferrer noopener\">Saber Mais<\/a><\/strong>]<\/p>\n\n\n\n<ul class=\"wp-block-list\">\n<li>Calend\u00e1rio dos Exames Nacionais do Ensino Secund\u00e1rio:<br><img decoding=\"async\" src=\"https:\/\/www.aecoimbracentro.pt\/on\/wp-content\/uploads\/2026\/03\/Calendario-Exames-Ensino-Secundario.png\" alt=\"\"><br><\/li>\n\n\n\n<li>Email dos exames &#8211; &nbsp;<a href=\"mailto:exames2026@aecoimbracentro.pt\">exames2026@aecoimbracentro.pt<\/a><br><\/li>\n\n\n\n<li>Prazos de inscri\u00e7\u00e3o:<\/li>\n<\/ul>\n\n\n\n<figure class=\"wp-block-image size-full\"><img loading=\"lazy\" decoding=\"async\" width=\"467\" height=\"239\" src=\"https:\/\/www.aecoimbracentro.pt\/on\/wp-content\/uploads\/2026\/03\/ExamesPrazos2026.jpg\" alt=\"\" class=\"wp-image-5333\" srcset=\"https:\/\/www.aecoimbracentro.pt\/on\/wp-content\/uploads\/2026\/03\/ExamesPrazos2026.jpg 467w, https:\/\/www.aecoimbracentro.pt\/on\/wp-content\/uploads\/2026\/03\/ExamesPrazos2026-300x154.jpg 300w\" sizes=\"auto, (max-width: 467px) 100vw, 467px\" \/><\/figure>\n\n\n\n<ul class=\"wp-block-list\">\n<li>Link do&nbsp;<strong>PIEPE<\/strong>&nbsp;e seu&nbsp;<strong>Manuel de Instru\u00e7\u00f5es<\/strong>&nbsp;e&nbsp;<strong>v\u00eddeos de Ajuda<\/strong><br><a href=\"https:\/\/jnepiepe.dge.mec.pt\/site\/login\" target=\"_blank\" rel=\"noreferrer noopener\">https:\/\/jnepiepe.dge.mec.pt\/site\/login<\/a> <br><br><a href=\"https:\/\/jnepiepe.dge.mec.pt\/files\/Manual_PIEPE_2026.pdf\">https:\/\/jnepiepe.dge.mec.pt\/files\/Manual_PIEPE_2026.pdf<\/a><br><br><a href=\"https:\/\/jnepiepe.dge.mec.pt\/ajudas\/\" target=\"_blank\" rel=\"noreferrer noopener\">https:\/\/jnepiepe.dge.mec.pt\/ajudas\/<\/a><br><\/li>\n\n\n\n<li>Guia Geral de Exames 2026 [<a href=\"https:\/\/www.dges.gov.pt\/guias\/pdfs\/GuiaGeralExames2026.pdf\" target=\"_blank\" rel=\"noreferrer noopener\">Clicar Aqui<\/a>]<br><\/li>\n\n\n\n<li>NORMAS:&nbsp;&nbsp;<strong>Norma 01\/JNE\/2026&nbsp;<\/strong>[<a href=\"https:\/\/www.dge.mec.pt\/sites\/default\/files\/JNE\/norma_01_2026_inscricoes.pdf\" target=\"_blank\" rel=\"noreferrer noopener\">Clicar Aqui<\/a>];<\/li>\n\n\n\n<li>IBAN para os alunos externos fazerem o pagamento das inscri\u00e7\u00f5es dos exames:<br><strong>IBAN<\/strong>:&nbsp;<strong>PT50 0045 3032 40270666467 59<\/strong>&nbsp;(Agrupamento de Escolas Coimbra Centro)<br><\/li>\n\n\n\n<li>Encargos da inscri\u00e7\u00e3o &#8211; Artigo 52\u00ba- Despacho Normativo n\u00ba3\/2026<br><\/li>\n\n\n\n<li>Acesso ao ensino superior 2026 &#8211; Indice de cursos [<a href=\"https:\/\/www.dges.gov.pt\/guias\/?plid=593\" target=\"_blank\" rel=\"noreferrer noopener\">Clicar Aqui<\/a>]<\/li>\n<\/ul>\n\n\n\n<hr class=\"wp-block-separator has-alpha-channel-opacity\"\/>\n\n\n\n<p>Secretariado de Exames [<strong><a href=\"https:\/\/www.aecoimbracentro.pt\/on\/?page_id=5198\" target=\"_blank\" rel=\"noreferrer noopener\">\u00c1rea Reservada<\/a><\/strong>]<\/p>\n\n\n\n<p><\/p>\n","protected":false},"excerpt":{"rendered":"<p>Inscri\u00e7\u00f5es Exames Nacionais&nbsp;&#8211; Despacho Normativo n.\u00ba 3\/2026 Sum\u00e1rio:&nbsp;Aprova o Regulamento das Provas de [&hellip;]<\/p>\n","protected":false},"author":18,"featured_media":0,"parent":0,"menu_order":0,"comment_status":"closed","ping_status":"closed","template":"","meta":{"footnotes":""},"class_list":["post-5154","page","type-page","status-publish","hentry"],"_links":{"self":[{"href":"https:\/\/www.aecoimbracentro.pt\/on\/index.php?rest_route=\/wp\/v2\/pages\/5154","targetHints":{"allow":["GET"]}}],"collection":[{"href":"https:\/\/www.aecoimbracentro.pt\/on\/index.php?rest_route=\/wp\/v2\/pages"}],"about":[{"href":"https:\/\/www.aecoimbracentro.pt\/on\/index.php?rest_route=\/wp\/v2\/types\/page"}],"author":[{"embeddable":true,"href":"https:\/\/www.aecoimbracentro.pt\/on\/index.php?rest_route=\/wp\/v2\/users\/18"}],"replies":[{"embeddable":true,"href":"https:\/\/www.aecoimbracentro.pt\/on\/index.php?rest_route=%2Fwp%2Fv2%2Fcomments&post=5154"}],"version-history":[{"count":8,"href":"https:\/\/www.aecoimbracentro.pt\/on\/index.php?rest_route=\/wp\/v2\/pages\/5154\/revisions"}],"predecessor-version":[{"id":5558,"href":"https:\/\/www.aecoimbracentro.pt\/on\/index.php?rest_route=\/wp\/v2\/pages\/5154\/revisions\/5558"}],"wp:attachment":[{"href":"https:\/\/www.aecoimbracentro.pt\/on\/index.php?rest_route=%2Fwp%2Fv2%2Fmedia&parent=5154"}],"curies":[{"name":"wp","href":"https:\/\/api.w.org\/{rel}","templated":true}]}}