{"id":5422,"date":"2026-03-09T11:22:57","date_gmt":"2026-03-09T11:22:57","guid":{"rendered":"https:\/\/www.aecoimbracentro.pt\/on\/?page_id=5422"},"modified":"2026-03-09T11:25:24","modified_gmt":"2026-03-09T11:25:24","slug":"uee-unidade-de-ensino-estruturado","status":"publish","type":"page","link":"https:\/\/www.aecoimbracentro.pt\/on\/?page_id=5422","title":{"rendered":"UEE-Unidade de Ensino Estruturado"},"content":{"rendered":"<div data-colibri-id=\"5422-c1\" class=\"style-2778 style-local-5422-c1 position-relative\">\n  <!---->\n  <div data-colibri-component=\"section\" data-colibri-id=\"5422-c2\" id=\"about\" class=\"h-section h-section-global-spacing d-flex align-items-lg-center align-items-md-center align-items-center style-2779 style-local-5422-c2 position-relative\">\n    <!---->\n    <!---->\n    <div class=\"h-section-grid-container h-section-boxed-container\">\n      <!---->\n      <div data-colibri-id=\"5422-c3\" class=\"h-row-container gutters-row-lg-2 gutters-row-md-2 gutters-row-2 gutters-row-v-lg-2 gutters-row-v-md-2 gutters-row-v-2 style-2780 style-local-5422-c3 position-relative\">\n        <!---->\n        <div class=\"h-row justify-content-lg-center justify-content-md-center justify-content-center align-items-lg-stretch align-items-md-stretch align-items-stretch gutters-col-lg-2 gutters-col-md-2 gutters-col-2 gutters-col-v-lg-2 gutters-col-v-md-2 gutters-col-v-2\">\n          <!---->\n          <div class=\"h-column h-column-container d-flex h-col-lg-auto h-col-md-auto h-col-auto style-2781-outer style-local-5422-c4-outer\">\n            <div data-colibri-id=\"5422-c4\" class=\"d-flex h-flex-basis h-column__inner h-px-lg-2 h-px-md-2 h-px-2 v-inner-lg-2 v-inner-md-2 v-inner-2 style-2781 style-local-5422-c4 position-relative\">\n              <!---->\n              <!---->\n              <div class=\"w-100 h-y-container h-column__content h-column__v-align flex-basis-100 align-self-lg-center align-self-md-center align-self-center\">\n                <!---->\n                <div data-colibri-id=\"5422-c5\" class=\"h-global-transition-all h-heading style-2782 style-local-5422-c5 position-relative h-element\">\n                  <!---->\n                  <div class=\"h-heading__outer style-2782 style-local-5422-c5\">\n                    <!---->\n                    <!---->\n                    <h5 class=\"\">AECC<\/h5>\n                  <\/div>\n                <\/div>\n                <div data-colibri-id=\"5422-c6\" class=\"h-global-transition-all h-heading style-2783 style-local-5422-c6 position-relative h-element\">\n                  <!---->\n                  <div class=\"h-heading__outer style-2783 style-local-5422-c6\">\n                    <!---->\n                    <!---->\n                    <h2 class=\"\">UEE &#8211;&nbsp;&nbsp;<em style=\"color: rgb(247, 144, 7); font-family: &quot;Playfair Display&quot;;\">Unidade de Ensino Estruturado<\/em><\/h2>\n                  <\/div>\n                <\/div>\n                <div data-colibri-id=\"5422-c7\" class=\"h-text h-text-component style-2784 style-local-5422-c7 position-relative h-element\">\n                  <!---->\n                  <!---->\n                  <div class=\"\">\n                    <p>No \u00e2mbito do Decreto-Lei n.\u00ba 54\/2018, de 6 de julho a escola p\u00fablica assume-se como um lugar de todos e para todos. Neste contexto, o Centro de Apoio \u00e0 Aprendizagem (CAA) n\u00e3o \u00e9 um espa\u00e7o fechado, mas sim uma estrutura din\u00e2mica de apoio\n                      \u00e0 inclus\u00e3o. Do CAA emergem diferentes val\u00eancias, que se autonomizam e articulam entre si na procura da resposta mais adequada para o potencial de cada aluno em particular. Enquanto val\u00eancia do CAA, a Unidade de Ensino Estruturado\n                      (UEE) desempenha um papel fundamental na promo\u00e7\u00e3o da equidade e no sucesso educativo.<\/p>\n                    <p><strong>Em que consiste o trabalho pedag\u00f3gico na UEE?<\/strong><\/p>\n                    <p>A Unidade de Ensino Estruturado \u00e9 uma resposta educativa especializada, desenhada para alunos que beneficiam de uma organiza\u00e7\u00e3o muito espec\u00edfica do espa\u00e7o, do tempo e das atividades (frequentemente, mas n\u00e3o exclusivamente, para alunos\n                      com Perturba\u00e7\u00f5es do Espetro do Autismo).<\/p>\n                    <p>A pedagogia e a did\u00e1tica implementadas na UEE n\u00e3o isolam o aluno; pelo contr\u00e1rio, capacitam-no para uma participa\u00e7\u00e3o equitativa, de acordo com o seu potencial, e para a aquisi\u00e7\u00e3o das compet\u00eancias b\u00e1sicas previstas no Perfil do Aluno\n                      \u00e0 Sa\u00edda da Escolaridade Obrigat\u00f3ria (PASEO).<\/p>\n                    <p>\n                      <u>A metodologia que implementamos<\/u> na nossa UEE baseia-se em:<\/p>\n                    <p>\u00fc&nbsp;Previsibilidade e Rotina: o uso de hor\u00e1rios visuais e rotinas claras reduz a ansiedade, permitindo que o aluno esteja dispon\u00edvel para aprender.<\/p>\n                    <p>\u00fc&nbsp;Organiza\u00e7\u00e3o do Espa\u00e7o: ambientes com poucos elementos distratores e \u00e1reas de trabalho bem definidas facilitam a concentra\u00e7\u00e3o e a autonomia.<\/p>\n                    <p>\u00fc&nbsp;Ensino de Compet\u00eancias Sociais: \u00e9 fundamental o treino de compet\u00eancias para interagir positivamente com os colegas e adultos.<\/p>\n                    <p>\n                      <u>Inclus\u00e3o, Equidade e Participa\u00e7\u00e3o<\/u>\n                    <\/p>\n                    <p>Tal como o CAA, a UEE n\u00e3o \u00e9 um lugar\/sala, mas sim um recurso destinado a secundarizar as dificuldades e a priorizar a promo\u00e7\u00e3o do potencial de cada aluno. A meta \u00e9 sempre a inclus\u00e3o na turma de refer\u00eancia. A estrat\u00e9gia pedag\u00f3gica\n                      de refer\u00eancia sustenta-se nos seguintes princ\u00edpios:<\/p>\n                    <p>\u00fc&nbsp;Equidade: fornecer a cada aluno as ferramentas que ele precisa para atingir o mesmo objetivo que os outros. Para alguns, isso significa aprender matem\u00e1tica com materiais manipul\u00e1veis numa sala tranquila antes de aplicar o conhecimento\n                      adquirido na sala da turma e perante os seus pares.<\/p>\n                    <p>\u00fc&nbsp;Participa\u00e7\u00e3o: o aluno faz parte da comunidade escolar. A UEE serve de &#8220;porto de abrigo&#8221; ou de &#8220;laborat\u00f3rio de aprendizagem&#8221;, onde se adquirem ferramentas para poder estar e participar ativamente na vida da escola (recreios,\n                      refeit\u00f3rio, biblioteca e sala da turma).<\/p>\n                    <p>\n                      <u>O Perfil do Aluno (PASEO) e o Futuro\/Transi\u00e7\u00e3o<\/u>\n                      <u>para a Vida P\u00f3s-escolar<\/u>\n                    <\/p>\n                    <p>A nossa estrat\u00e9gia pedag\u00f3gica, o nosso compromisso para com os nossos alunos vai al\u00e9m dos conte\u00fados curriculares formais. Alinhados com o Perfil do Aluno \u00e0 Sa\u00edda da Escolaridade Obrigat\u00f3ria (PASEO), procuramos formar cidad\u00e3os completos.\n                      Na UEE, o foco est\u00e1 em aproveitar o potencial de cada aluno para que este adquira as compet\u00eancias transversais essenciais:<\/p>\n                    <p>\u00fc&nbsp;Autonomia e Desenvolvimento Pessoal: aprender a gerir sozinho as tarefas de que \u00e9 respons\u00e1vel e os respetivos materiais, a limpeza dos espa\u00e7os e a sua higiene pessoal.<\/p>\n                    <p>\u00fc&nbsp;Pensamento Cr\u00edtico e Resolu\u00e7\u00e3o de Problemas: encontrar formas de superar barreiras do quotidiano.<\/p>\n                    <p>\u00fc&nbsp;Relacionamento Interpessoal: saber estar com o outro, respeitar e ser respeitado.<\/p>\n                    <p><strong><u>Em suma<\/u><\/strong>, integrada no CAA, a Unidade de Ensino Estruturado constitui-se como um espa\u00e7o\/tempo de oportunidade. \u00c9 a prova de que, com o apoio certo, com equidade, diferencia\u00e7\u00e3o pedag\u00f3gica e um ambiente acolhedor,\n                      todos os alunos podem participar ativamente, aprender, progredir e pertencer plenamente \u00e0 nossa comunidade educativa.<\/p>\n                  <\/div>\n                <\/div>\n                <div data-colibri-id=\"5422-c8\" class=\"h-x-container style-2785 style-local-5422-c8 position-relative h-element\">\n                  <!---->\n                  <div class=\"h-x-container-inner style-dynamic-5422-c8-group style-2785-spacing style-local-5422-c8-spacing\"><span class=\"h-button__outer style-2786-outer style-local-5422-c9-outer d-inline-flex h-element\"><a h-use-smooth-scroll=\"true\" href=\"https:\/\/www.aecoimbracentro.pt\/on\/?page_id=3971\"  data-colibri-id=\"5422-c9\" class=\"d-flex w-100 align-items-center h-button justify-content-lg-center justify-content-md-center justify-content-center style-2786 style-local-5422-c9 position-relative\"><!----><!----> <span>Voltar&#8230;<\/span><\/a>\n                    <\/span>\n                  <\/div>\n                <\/div>\n              <\/div>\n            <\/div>\n          <\/div>\n          <div class=\"h-column h-column-container d-flex h-col-lg-auto h-col-md-auto h-col-auto style-2787-outer style-local-5422-c10-outer\">\n            <div data-colibri-id=\"5422-c10\" class=\"d-flex h-flex-basis h-column__inner h-px-lg-2 h-px-md-2 h-px-2 v-inner-lg-2 v-inner-md-2 v-inner-2 style-2787 style-local-5422-c10 position-relative\">\n              <!---->\n              <!---->\n              <div class=\"w-100 h-y-container h-column__content h-column__v-align flex-basis-100 align-self-lg-start align-self-md-start align-self-start\">\n                <!---->\n                <div data-colibri-id=\"5422-c11\" class=\"d-block style-2788 style-local-5422-c11 position-relative h-element\">\n                  <!---->\n                  <div class=\"h-image__frame-container-outer\">\n                    <div class=\"h-image__frame-container\">\n                      <!---->\n                      <!---->\n                      <img loading=\"lazy\" decoding=\"async\" width=\"750\" height=\"496\" src=\"https:\/\/www.aecoimbracentro.pt\/on\/wp-content\/uploads\/2026\/02\/autismo.jpg\" class=\"wp-image-4930 style-2788-image style-local-5422-c11-image\" alt=\"\" srcset=\"https:\/\/www.aecoimbracentro.pt\/on\/wp-content\/uploads\/2026\/02\/autismo.jpg 750w, https:\/\/www.aecoimbracentro.pt\/on\/wp-content\/uploads\/2026\/02\/autismo-300x198.jpg 300w\" sizes=\"auto, (max-width: 750px) 100vw, 750px\" \/>\n                      <div class=\"h-image__frame h-hide-sm style-2788-frameImage style-local-5422-c11-frameImage\"><\/div>\n                    <\/div>\n                  <\/div>\n                <\/div>\n              <\/div>\n            <\/div>\n          <\/div>\n        <\/div>\n      <\/div>\n    <\/div>\n  <\/div>\n<\/div>","protected":false},"excerpt":{"rendered":"<p>AECC UEE &#8211;&nbsp;&nbsp;Unidade de Ensino Estruturado No \u00e2mbito do Decreto-Lei n.\u00ba 54\/2018, de [&hellip;]<\/p>\n","protected":false},"author":21,"featured_media":0,"parent":0,"menu_order":0,"comment_status":"closed","ping_status":"closed","template":"page-templates\/full-width-page.php","meta":{"footnotes":""},"class_list":["post-5422","page","type-page","status-publish","hentry"],"_links":{"self":[{"href":"https:\/\/www.aecoimbracentro.pt\/on\/index.php?rest_route=\/wp\/v2\/pages\/5422","targetHints":{"allow":["GET"]}}],"collection":[{"href":"https:\/\/www.aecoimbracentro.pt\/on\/index.php?rest_route=\/wp\/v2\/pages"}],"about":[{"href":"https:\/\/www.aecoimbracentro.pt\/on\/index.php?rest_route=\/wp\/v2\/types\/page"}],"author":[{"embeddable":true,"href":"https:\/\/www.aecoimbracentro.pt\/on\/index.php?rest_route=\/wp\/v2\/users\/21"}],"replies":[{"embeddable":true,"href":"https:\/\/www.aecoimbracentro.pt\/on\/index.php?rest_route=%2Fwp%2Fv2%2Fcomments&post=5422"}],"version-history":[{"count":2,"href":"https:\/\/www.aecoimbracentro.pt\/on\/index.php?rest_route=\/wp\/v2\/pages\/5422\/revisions"}],"predecessor-version":[{"id":5427,"href":"https:\/\/www.aecoimbracentro.pt\/on\/index.php?rest_route=\/wp\/v2\/pages\/5422\/revisions\/5427"}],"wp:attachment":[{"href":"https:\/\/www.aecoimbracentro.pt\/on\/index.php?rest_route=%2Fwp%2Fv2%2Fmedia&parent=5422"}],"curies":[{"name":"wp","href":"https:\/\/api.w.org\/{rel}","templated":true}]}}